{"id":1089,"date":"2017-01-11T19:28:01","date_gmt":"2017-01-11T19:28:01","guid":{"rendered":"http:\/\/anuies-tic.anuies.mx\/web\/encuentro2016\/?page_id=1089"},"modified":"2017-01-11T21:09:50","modified_gmt":"2017-01-11T21:09:50","slug":"videos","status":"publish","type":"page","link":"https:\/\/anuies-tic.anuies.mx\/web\/encuentro2016\/videos\/","title":{"rendered":"Videos"},"content":{"rendered":"<div id=\"pl-1089\"  class=\"panel-layout\" ><div id=\"pg-1089-0\"  class=\"panel-grid panel-no-style\" ><div id=\"pgc-1089-0-0\"  class=\"panel-grid-cell\" ><div id=\"panel-1089-0-0-0\" class=\"so-panel widget widget_sow-editor panel-first-child panel-last-child\" data-index=\"0\" ><div\n\t\t\t\n\t\t\tclass=\"so-widget-sow-editor so-widget-sow-editor-base\"\n\t\t\t\n\t\t>\n<div class=\"siteorigin-widget-tinymce textwidget\">\n\t<p style=\"text-align: center;\"><strong>Acto Inaugural - Primer Encuentro ANUIES-TIC 2016\u00a0<\/strong><\/p>\n<p style=\"text-align: center;\"><strong>Mtro. Jaime Valls Esponda, <\/strong><br \/><strong>Secretario General Ejecutivo de la ANUIES<\/strong><\/p>\n<\/div>\n<\/div><\/div><\/div><\/div><div id=\"pg-1089-1\"  class=\"panel-grid panel-no-style\" ><div id=\"pgc-1089-1-0\"  class=\"panel-grid-cell\" ><div id=\"panel-1089-1-0-0\" class=\"so-panel widget widget_sow-editor panel-first-child panel-last-child\" data-index=\"1\" ><div\n\t\t\t\n\t\t\tclass=\"so-widget-sow-editor so-widget-sow-editor-base\"\n\t\t\t\n\t\t>\n<div class=\"siteorigin-widget-tinymce textwidget\">\n\t<div align=\"center\"><iframe loading=\"lazy\" src=\"https:\/\/www.youtube.com\/embed\/8FgTqnK-TJU\" width=\"560\" height=\"315\" frameborder=\"0\" allowfullscreen=\"allowfullscreen\"><\/iframe><\/div>\n<hr \/>\n<\/div>\n<\/div><\/div><\/div><\/div><div id=\"pg-1089-2\"  class=\"panel-grid panel-no-style\" ><div id=\"pgc-1089-2-0\"  class=\"panel-grid-cell\" ><div id=\"panel-1089-2-0-0\" class=\"so-panel widget widget_sow-editor panel-first-child panel-last-child\" data-index=\"2\" ><div\n\t\t\t\n\t\t\tclass=\"so-widget-sow-editor so-widget-sow-editor-base\"\n\t\t\t\n\t\t>\n<div class=\"siteorigin-widget-tinymce textwidget\">\n\t<p><strong>Experiencias y colaboraci\u00f3n CRUE-TIC Espa\u00f1a -\u00a0Ing. Tom\u00e1s Jim\u00e9nez<\/strong><\/p>\n<\/div>\n<\/div><\/div><\/div><div id=\"pgc-1089-2-1\"  class=\"panel-grid-cell\" ><div id=\"panel-1089-2-1-0\" class=\"so-panel widget widget_sow-editor panel-first-child panel-last-child\" data-index=\"3\" ><div\n\t\t\t\n\t\t\tclass=\"so-widget-sow-editor so-widget-sow-editor-base\"\n\t\t\t\n\t\t>\n<div class=\"siteorigin-widget-tinymce textwidget\">\n\t<p><strong>Situaci\u00f3n actual y retos de las TIC en las universidades: Perspectiva de un rector sobre el uso y aprovechamiento de las TIC - Dra. Carmen E. Rodr\u00edguez Armenta<\/strong><\/p>\n<\/div>\n<\/div><\/div><\/div><div id=\"pgc-1089-2-2\"  class=\"panel-grid-cell\" ><div id=\"panel-1089-2-2-0\" class=\"so-panel widget widget_sow-editor panel-first-child panel-last-child\" data-index=\"4\" ><div\n\t\t\t\n\t\t\tclass=\"so-widget-sow-editor so-widget-sow-editor-base\"\n\t\t\t\n\t\t>\n<div class=\"siteorigin-widget-tinymce textwidget\">\n\t<p><strong>Seguridad inform\u00e1tica en las universidades - Dr. Chema Alonso<\/strong><\/p>\n<\/div>\n<\/div><\/div><\/div><\/div><div id=\"pg-1089-3\"  class=\"panel-grid panel-no-style\" ><div id=\"pgc-1089-3-0\"  class=\"panel-grid-cell\" ><div id=\"panel-1089-3-0-0\" class=\"so-panel widget widget_sow-editor panel-first-child panel-last-child\" data-index=\"5\" ><div\n\t\t\t\n\t\t\tclass=\"so-widget-sow-editor so-widget-sow-editor-base\"\n\t\t\t\n\t\t>\n<div class=\"siteorigin-widget-tinymce textwidget\">\n\t<p><iframe loading=\"lazy\" src=\"https:\/\/www.youtube.com\/embed\/Y2DE6wf1ktk\" width=\"460\" height=\"280\" frameborder=\"0\" allowfullscreen=\"allowfullscreen\"><\/iframe><\/p>\n<hr \/>\n<\/div>\n<\/div><\/div><\/div><div id=\"pgc-1089-3-1\"  class=\"panel-grid-cell\" ><div id=\"panel-1089-3-1-0\" class=\"so-panel widget widget_sow-editor panel-first-child panel-last-child\" data-index=\"6\" ><div\n\t\t\t\n\t\t\tclass=\"so-widget-sow-editor so-widget-sow-editor-base\"\n\t\t\t\n\t\t>\n<div class=\"siteorigin-widget-tinymce textwidget\">\n\t<p><iframe loading=\"lazy\" src=\"https:\/\/www.youtube.com\/embed\/K9-tGZftogY\" width=\"460\" height=\"280\" frameborder=\"0\" allowfullscreen=\"allowfullscreen\"><\/iframe><\/p>\n<hr \/>\n<\/div>\n<\/div><\/div><\/div><div id=\"pgc-1089-3-2\"  class=\"panel-grid-cell\" ><div id=\"panel-1089-3-2-0\" class=\"so-panel widget widget_sow-editor panel-first-child panel-last-child\" data-index=\"7\" ><div\n\t\t\t\n\t\t\tclass=\"so-widget-sow-editor so-widget-sow-editor-base\"\n\t\t\t\n\t\t>\n<div class=\"siteorigin-widget-tinymce textwidget\">\n\t<p><iframe loading=\"lazy\" src=\"https:\/\/www.youtube.com\/embed\/UarvYy711FM\" width=\"460\" height=\"280\" frameborder=\"0\" allowfullscreen=\"allowfullscreen\"><\/iframe><\/p>\n<hr \/>\n<\/div>\n<\/div><\/div><\/div><\/div><div id=\"pg-1089-4\"  class=\"panel-grid panel-no-style\" ><div id=\"pgc-1089-4-0\"  class=\"panel-grid-cell\" ><div id=\"panel-1089-4-0-0\" class=\"so-panel widget widget_sow-editor panel-first-child panel-last-child\" data-index=\"8\" ><div\n\t\t\t\n\t\t\tclass=\"so-widget-sow-editor so-widget-sow-editor-base\"\n\t\t\t\n\t\t>\n<div class=\"siteorigin-widget-tinymce textwidget\">\n\t<p><strong>Mejores pr\u00e1cticas TIC y casos de \u00e9xito en las universidades -\u00a0Dr. Edwin Craft<\/strong><\/p>\n<\/div>\n<\/div><\/div><\/div><div id=\"pgc-1089-4-1\"  class=\"panel-grid-cell\" ><div id=\"panel-1089-4-1-0\" class=\"so-panel widget widget_sow-editor panel-first-child panel-last-child\" data-index=\"9\" ><div\n\t\t\t\n\t\t\tclass=\"so-widget-sow-editor so-widget-sow-editor-base\"\n\t\t\t\n\t\t>\n<div class=\"siteorigin-widget-tinymce textwidget\">\n\t<p><strong>Las TI y la Transformaci\u00f3n de las Instituciones de Educaci\u00f3n Superior -\u00a0Jorge H. Guti\u00e9rrez<\/strong><\/p>\n<\/div>\n<\/div><\/div><\/div><div id=\"pgc-1089-4-2\"  class=\"panel-grid-cell\" ><div id=\"panel-1089-4-2-0\" class=\"so-panel widget widget_sow-editor panel-first-child panel-last-child\" data-index=\"10\" ><div\n\t\t\t\n\t\t\tclass=\"so-widget-sow-editor so-widget-sow-editor-base\"\n\t\t\t\n\t\t>\n<div class=\"siteorigin-widget-tinymce textwidget\">\n\t<p><strong>Megatendencias Tecnol\u00f3gicas y su impacto en la Educaci\u00f3n Superior - Francisco J. Mois\u00e9s , M. en C. Carlos Alberto Estrada Pinto<\/strong><\/p>\n<\/div>\n<\/div><\/div><\/div><\/div><div id=\"pg-1089-5\"  class=\"panel-grid panel-no-style\" ><div id=\"pgc-1089-5-0\"  class=\"panel-grid-cell\" ><div id=\"panel-1089-5-0-0\" class=\"so-panel widget widget_sow-editor panel-first-child panel-last-child\" data-index=\"11\" ><div\n\t\t\t\n\t\t\tclass=\"so-widget-sow-editor so-widget-sow-editor-base\"\n\t\t\t\n\t\t>\n<div class=\"siteorigin-widget-tinymce textwidget\">\n\t<p><iframe loading=\"lazy\" src=\"https:\/\/www.youtube.com\/embed\/TRfPl4VbV7Y\" width=\"460\" height=\"280\" frameborder=\"0\" allowfullscreen=\"allowfullscreen\"><\/iframe><\/p>\n<hr \/>\n<\/div>\n<\/div><\/div><\/div><div id=\"pgc-1089-5-1\"  class=\"panel-grid-cell\" ><div id=\"panel-1089-5-1-0\" class=\"so-panel widget widget_sow-editor panel-first-child panel-last-child\" data-index=\"12\" ><div\n\t\t\t\n\t\t\tclass=\"so-widget-sow-editor so-widget-sow-editor-base\"\n\t\t\t\n\t\t>\n<div class=\"siteorigin-widget-tinymce textwidget\">\n\t<p><iframe loading=\"lazy\" src=\"https:\/\/www.youtube.com\/embed\/5V9qcammQYo\" width=\"460\" height=\"280\" frameborder=\"0\" allowfullscreen=\"allowfullscreen\"><\/iframe><\/p>\n<hr \/>\n<\/div>\n<\/div><\/div><\/div><div id=\"pgc-1089-5-2\"  class=\"panel-grid-cell\" ><div id=\"panel-1089-5-2-0\" class=\"so-panel widget widget_sow-editor panel-first-child panel-last-child\" data-index=\"13\" ><div\n\t\t\t\n\t\t\tclass=\"so-widget-sow-editor so-widget-sow-editor-base\"\n\t\t\t\n\t\t>\n<div class=\"siteorigin-widget-tinymce textwidget\">\n\t<p><iframe loading=\"lazy\" src=\"https:\/\/www.youtube.com\/embed\/uo-7Pavz-kk\" width=\"460\" height=\"280\" frameborder=\"0\" allowfullscreen=\"allowfullscreen\"><\/iframe><\/p>\n<hr \/>\n<\/div>\n<\/div><\/div><\/div><\/div><div id=\"pg-1089-6\"  class=\"panel-grid panel-no-style\" ><div id=\"pgc-1089-6-0\"  class=\"panel-grid-cell\" ><div id=\"panel-1089-6-0-0\" class=\"so-panel widget widget_sow-editor panel-first-child panel-last-child\" data-index=\"14\" ><div\n\t\t\t\n\t\t\tclass=\"so-widget-sow-editor so-widget-sow-editor-base\"\n\t\t\t\n\t\t>\n<div class=\"siteorigin-widget-tinymce textwidget\">\n\t<p><strong>Panel: Perspectiva de est\u00e1ndares y mejores pr\u00e1cticas en TIC en las Universidades - Mtra. Carmen D\u00edaz Novelo<\/strong><\/p>\n<\/div>\n<\/div><\/div><\/div><div id=\"pgc-1089-6-1\"  class=\"panel-grid-cell\" ><div id=\"panel-1089-6-1-0\" class=\"so-panel widget widget_sow-editor panel-first-child panel-last-child\" data-index=\"15\" ><div\n\t\t\t\n\t\t\tclass=\"so-widget-sow-editor so-widget-sow-editor-base\"\n\t\t\t\n\t\t>\n<div class=\"siteorigin-widget-tinymce textwidget\">\n\t<p><strong>Cierre de actividades del primer d\u00eda - Mtro. Jos\u00e9 Luis Ponce L\u00f3pez<\/strong><\/p>\n<\/div>\n<\/div><\/div><\/div><div id=\"pgc-1089-6-2\"  class=\"panel-grid-cell\" ><div id=\"panel-1089-6-2-0\" class=\"so-panel widget widget_sow-editor panel-first-child panel-last-child\" data-index=\"16\" ><div\n\t\t\t\n\t\t\tclass=\"so-widget-sow-editor so-widget-sow-editor-base\"\n\t\t\t\n\t\t>\n<div class=\"siteorigin-widget-tinymce textwidget\">\n\t<p><strong>\u00bfEst\u00e1s preparado para enfrentar las amenazas a tu vida digital? - Mtro. Hugo L\u00f3pez Alvarez<\/strong><\/p>\n<\/div>\n<\/div><\/div><\/div><\/div><div id=\"pg-1089-7\"  class=\"panel-grid panel-no-style\" ><div id=\"pgc-1089-7-0\"  class=\"panel-grid-cell\" ><div id=\"panel-1089-7-0-0\" class=\"so-panel widget widget_sow-editor panel-first-child panel-last-child\" data-index=\"17\" ><div\n\t\t\t\n\t\t\tclass=\"so-widget-sow-editor so-widget-sow-editor-base\"\n\t\t\t\n\t\t>\n<div class=\"siteorigin-widget-tinymce textwidget\">\n\t<p><iframe loading=\"lazy\" src=\"https:\/\/www.youtube.com\/embed\/xi4HToEGrNk\" width=\"460\" height=\"280\" frameborder=\"0\" allowfullscreen=\"allowfullscreen\"><\/iframe><\/p>\n<hr \/>\n<\/div>\n<\/div><\/div><\/div><div id=\"pgc-1089-7-1\"  class=\"panel-grid-cell\" ><div id=\"panel-1089-7-1-0\" class=\"so-panel widget widget_sow-editor panel-first-child panel-last-child\" data-index=\"18\" ><div\n\t\t\t\n\t\t\tclass=\"so-widget-sow-editor so-widget-sow-editor-base\"\n\t\t\t\n\t\t>\n<div class=\"siteorigin-widget-tinymce textwidget\">\n\t<p><iframe loading=\"lazy\" src=\"https:\/\/www.youtube.com\/embed\/0tK9zkKHrkc\" width=\"460\" height=\"280\" frameborder=\"0\" allowfullscreen=\"allowfullscreen\"><\/iframe><\/p>\n<hr \/>\n<\/div>\n<\/div><\/div><\/div><div id=\"pgc-1089-7-2\"  class=\"panel-grid-cell\" ><div id=\"panel-1089-7-2-0\" class=\"so-panel widget widget_sow-editor panel-first-child panel-last-child\" data-index=\"19\" ><div\n\t\t\t\n\t\t\tclass=\"so-widget-sow-editor so-widget-sow-editor-base\"\n\t\t\t\n\t\t>\n<div class=\"siteorigin-widget-tinymce textwidget\">\n\t<p><iframe loading=\"lazy\" width=\"460\" height=\"280\" src=\"https:\/\/www.youtube.com\/embed\/_Wf4GUQP5XI\" frameborder=\"0\" allowfullscreen><\/iframe><\/p>\n<hr \/>\n<\/div>\n<\/div><\/div><\/div><\/div><div id=\"pg-1089-8\"  class=\"panel-grid panel-no-style\" ><div id=\"pgc-1089-8-0\"  class=\"panel-grid-cell\" ><div id=\"panel-1089-8-0-0\" class=\"so-panel widget widget_sow-editor panel-first-child panel-last-child\" data-index=\"20\" ><div\n\t\t\t\n\t\t\tclass=\"so-widget-sow-editor so-widget-sow-editor-base\"\n\t\t\t\n\t\t>\n<div class=\"siteorigin-widget-tinymce textwidget\">\n\t<p><strong>Panel: C\u00f3mo implementar buenas pr\u00e1cticas en TIC en las Universidades - Mtro. Jorge Palacios<\/strong><\/p>\n<\/div>\n<\/div><\/div><\/div><div id=\"pgc-1089-8-1\"  class=\"panel-grid-cell\" ><div id=\"panel-1089-8-1-0\" class=\"so-panel widget widget_sow-editor panel-first-child panel-last-child\" data-index=\"21\" ><div\n\t\t\t\n\t\t\tclass=\"so-widget-sow-editor so-widget-sow-editor-base\"\n\t\t\t\n\t\t>\n<div class=\"siteorigin-widget-tinymce textwidget\">\n\t<p><strong>Gesti\u00f3n y gobierno de las TIC en las Universidades - Dr. Faraon Llorens\u00a0<\/strong><\/p>\n<\/div>\n<\/div><\/div><\/div><div id=\"pgc-1089-8-2\"  class=\"panel-grid-cell\" ><div id=\"panel-1089-8-2-0\" class=\"so-panel widget widget_sow-editor panel-first-child panel-last-child\" data-index=\"22\" ><div\n\t\t\t\n\t\t\tclass=\"so-widget-sow-editor so-widget-sow-editor-base\"\n\t\t\t\n\t\t>\n<div class=\"siteorigin-widget-tinymce textwidget\">\n\t<p><strong>\u00a0Resultados de la encuesta ANUIES-TIC 2016 - Mtro. Carlos Franco, Mtro. Tom\u00e1s Rodr\u00edguez<\/strong><\/p>\n<\/div>\n<\/div><\/div><\/div><\/div><div id=\"pg-1089-9\"  class=\"panel-grid panel-no-style\" ><div id=\"pgc-1089-9-0\"  class=\"panel-grid-cell\" ><div id=\"panel-1089-9-0-0\" class=\"so-panel widget widget_sow-editor panel-first-child panel-last-child\" data-index=\"23\" ><div\n\t\t\t\n\t\t\tclass=\"so-widget-sow-editor so-widget-sow-editor-base\"\n\t\t\t\n\t\t>\n<div class=\"siteorigin-widget-tinymce textwidget\">\n\t<p><iframe loading=\"lazy\" src=\"https:\/\/www.youtube.com\/embed\/YDcNQ36dKW0\" width=\"460\" height=\"280\" frameborder=\"0\" allowfullscreen=\"allowfullscreen\"><\/iframe><\/p>\n<hr \/>\n<\/div>\n<\/div><\/div><\/div><div id=\"pgc-1089-9-1\"  class=\"panel-grid-cell\" ><div id=\"panel-1089-9-1-0\" class=\"so-panel widget widget_sow-editor panel-first-child panel-last-child\" data-index=\"24\" ><div\n\t\t\t\n\t\t\tclass=\"so-widget-sow-editor so-widget-sow-editor-base\"\n\t\t\t\n\t\t>\n<div class=\"siteorigin-widget-tinymce textwidget\">\n\t<p><iframe loading=\"lazy\" width=\"460\" height=\"280\" src=\"https:\/\/www.youtube.com\/embed\/-jtMFhPzfHY\" frameborder=\"0\" allowfullscreen><\/iframe><\/p>\n<hr \/>\n<\/div>\n<\/div><\/div><\/div><div id=\"pgc-1089-9-2\"  class=\"panel-grid-cell\" ><div id=\"panel-1089-9-2-0\" class=\"so-panel widget widget_sow-editor panel-first-child panel-last-child\" data-index=\"25\" ><div\n\t\t\t\n\t\t\tclass=\"so-widget-sow-editor so-widget-sow-editor-base\"\n\t\t\t\n\t\t>\n<div class=\"siteorigin-widget-tinymce textwidget\">\n\t<p><iframe loading=\"lazy\" src=\"https:\/\/www.youtube.com\/embed\/gx_IhH6s1w8\" width=\"460\" height=\"280\" frameborder=\"0\" allowfullscreen=\"allowfullscreen\"><\/iframe><\/p>\n<hr \/>\n<\/div>\n<\/div><\/div><\/div><\/div><div id=\"pg-1089-10\"  class=\"panel-grid panel-no-style\" ><div id=\"pgc-1089-10-0\"  class=\"panel-grid-cell\" ><div id=\"panel-1089-10-0-0\" class=\"so-panel widget widget_sow-editor panel-first-child panel-last-child\" data-index=\"26\" ><div\n\t\t\t\n\t\t\tclass=\"so-widget-sow-editor so-widget-sow-editor-base\"\n\t\t\t\n\t\t>\n<div class=\"siteorigin-widget-tinymce textwidget\">\n\t<p><strong>Cibercrimen vs Ciberseguridad: Los retos presentes y futuros de la seguridad integrada - Wilmer Prieto G\u00f3mez<\/strong><\/p>\n<\/div>\n<\/div><\/div><\/div><div id=\"pgc-1089-10-1\"  class=\"panel-grid-cell\" ><div id=\"panel-1089-10-1-0\" class=\"so-panel widget widget_sow-editor panel-first-child panel-last-child\" data-index=\"27\" ><div\n\t\t\t\n\t\t\tclass=\"so-widget-sow-editor so-widget-sow-editor-base\"\n\t\t\t\n\t\t>\n<div class=\"siteorigin-widget-tinymce textwidget\">\n\t<p><strong>Tendencias en Seguridad Global y Perspectivas de Tecnolog\u00eda - Eduardo Lopez<\/strong><\/p>\n<\/div>\n<\/div><\/div><\/div><div id=\"pgc-1089-10-2\"  class=\"panel-grid-cell\" ><div id=\"panel-1089-10-2-0\" class=\"so-panel widget widget_sow-editor panel-first-child panel-last-child\" data-index=\"28\" ><div\n\t\t\t\n\t\t\tclass=\"so-widget-sow-editor so-widget-sow-editor-base\"\n\t\t\t\n\t\t>\n<div class=\"siteorigin-widget-tinymce textwidget\">\n\t<p><strong>Panel: Perspectiva de las telecomunicaciones en las Universidades<\/strong><\/p>\n<\/div>\n<\/div><\/div><\/div><\/div><div id=\"pg-1089-11\"  class=\"panel-grid panel-no-style\" ><div id=\"pgc-1089-11-0\"  class=\"panel-grid-cell\" ><div id=\"panel-1089-11-0-0\" class=\"so-panel widget widget_sow-editor panel-first-child panel-last-child\" data-index=\"29\" ><div\n\t\t\t\n\t\t\tclass=\"so-widget-sow-editor so-widget-sow-editor-base\"\n\t\t\t\n\t\t>\n<div class=\"siteorigin-widget-tinymce textwidget\">\n\t<p><iframe loading=\"lazy\" src=\"https:\/\/www.youtube.com\/embed\/r_XIQmG72Yk\" width=\"460\" height=\"280\" frameborder=\"0\" allowfullscreen=\"allowfullscreen\"><\/iframe><\/p>\n<hr \/>\n<\/div>\n<\/div><\/div><\/div><div id=\"pgc-1089-11-1\"  class=\"panel-grid-cell\" ><div id=\"panel-1089-11-1-0\" class=\"so-panel widget widget_sow-editor panel-first-child panel-last-child\" data-index=\"30\" ><div\n\t\t\t\n\t\t\tclass=\"so-widget-sow-editor so-widget-sow-editor-base\"\n\t\t\t\n\t\t>\n<div class=\"siteorigin-widget-tinymce textwidget\">\n\t<p><iframe loading=\"lazy\" src=\"https:\/\/www.youtube.com\/embed\/EF6Zsb4byyk\" width=\"460\" height=\"280\" frameborder=\"0\" allowfullscreen=\"allowfullscreen\"><\/iframe><\/p>\n<hr \/>\n<\/div>\n<\/div><\/div><\/div><div id=\"pgc-1089-11-2\"  class=\"panel-grid-cell\" ><div id=\"panel-1089-11-2-0\" class=\"so-panel widget widget_sow-editor panel-first-child panel-last-child\" data-index=\"31\" ><div\n\t\t\t\n\t\t\tclass=\"so-widget-sow-editor so-widget-sow-editor-base\"\n\t\t\t\n\t\t>\n<div class=\"siteorigin-widget-tinymce textwidget\">\n\t<p><iframe loading=\"lazy\" src=\"https:\/\/www.youtube.com\/embed\/xXVBTaNKHho\" width=\"460\" height=\"280\" frameborder=\"0\" allowfullscreen=\"allowfullscreen\"><\/iframe><\/p>\n<hr \/>\n<\/div>\n<\/div><\/div><\/div><\/div><div id=\"pg-1089-12\"  class=\"panel-grid panel-no-style\" ><div id=\"pgc-1089-12-0\"  class=\"panel-grid-cell\" ><div id=\"panel-1089-12-0-0\" class=\"so-panel widget widget_sow-editor panel-first-child panel-last-child\" data-index=\"32\" ><div\n\t\t\t\n\t\t\tclass=\"so-widget-sow-editor so-widget-sow-editor-base\"\n\t\t\t\n\t\t>\n<div class=\"siteorigin-widget-tinymce textwidget\">\n\t<p><strong>Cierre y conclusiones. Primer Encuentro ANUIES-TIC 2016. - Mtro. Jos\u00e9 Luis Ponce L\u00f3pez<\/strong><\/p>\n<\/div>\n<\/div><\/div><\/div><div id=\"pgc-1089-12-1\"  class=\"panel-grid-cell panel-grid-cell-mobile-last\" ><div id=\"panel-1089-12-1-0\" class=\"so-panel widget widget_sow-editor panel-first-child panel-last-child\" data-index=\"33\" ><div\n\t\t\t\n\t\t\tclass=\"so-widget-sow-editor so-widget-sow-editor-base\"\n\t\t\t\n\t\t>\n<div class=\"siteorigin-widget-tinymce textwidget\">\n\t<p><strong>Promocional del Primer Encuentro ANUIES-TIC 2016<\/strong><\/p>\n<\/div>\n<\/div><\/div><\/div><div id=\"pgc-1089-12-2\"  class=\"panel-grid-cell panel-grid-cell-empty\" ><\/div><\/div><div id=\"pg-1089-13\"  class=\"panel-grid panel-no-style\" ><div id=\"pgc-1089-13-0\"  class=\"panel-grid-cell\" ><div id=\"panel-1089-13-0-0\" class=\"so-panel widget widget_sow-editor panel-first-child panel-last-child\" data-index=\"34\" ><div\n\t\t\t\n\t\t\tclass=\"so-widget-sow-editor so-widget-sow-editor-base\"\n\t\t\t\n\t\t>\n<div class=\"siteorigin-widget-tinymce textwidget\">\n\t<p><iframe loading=\"lazy\" src=\"https:\/\/www.youtube.com\/embed\/M1nB8LGf11c\" width=\"460\" height=\"280\" frameborder=\"0\" allowfullscreen=\"allowfullscreen\"><\/iframe><\/p>\n<\/div>\n<\/div><\/div><\/div><div id=\"pgc-1089-13-1\"  class=\"panel-grid-cell panel-grid-cell-mobile-last\" ><div id=\"panel-1089-13-1-0\" class=\"so-panel widget widget_sow-editor panel-first-child panel-last-child\" data-index=\"35\" ><div\n\t\t\t\n\t\t\tclass=\"so-widget-sow-editor so-widget-sow-editor-base\"\n\t\t\t\n\t\t>\n<div class=\"siteorigin-widget-tinymce textwidget\">\n\t<p><iframe loading=\"lazy\" src=\"https:\/\/www.youtube.com\/embed\/YX1u275Q5vw\" width=\"460\" height=\"280\" frameborder=\"0\" allowfullscreen=\"allowfullscreen\"><\/iframe><\/p>\n<\/div>\n<\/div><\/div><\/div><div id=\"pgc-1089-13-2\"  class=\"panel-grid-cell panel-grid-cell-empty\" ><\/div><\/div><\/div>","protected":false},"excerpt":{"rendered":"<p>Acto Inaugural &#8211; Primer Encuentro ANUIES-TIC 2016\u00a0Mtro. Jaime Valls Esponda, Secretario General Ejecutivo de la ANUIES<\/p>\n","protected":false},"author":1,"featured_media":0,"parent":0,"menu_order":0,"comment_status":"closed","ping_status":"closed","template":"","meta":{"footnotes":""},"class_list":["post-1089","page","type-page","status-publish","hentry"],"rttpg_featured_image_url":null,"rttpg_author":{"display_name":"ctrlweb","author_link":"https:\/\/anuies-tic.anuies.mx\/web\/encuentro2016\/author\/ctrldcsctrlweb\/"},"rttpg_comment":0,"rttpg_category":null,"rttpg_excerpt":"Acto Inaugural - Primer Encuentro ANUIES-TIC 2016\u00a0Mtro. Jaime Valls Esponda, Secretario General Ejecutivo de la ANUIES","_links":{"self":[{"href":"https:\/\/anuies-tic.anuies.mx\/web\/encuentro2016\/wp-json\/wp\/v2\/pages\/1089","targetHints":{"allow":["GET"]}}],"collection":[{"href":"https:\/\/anuies-tic.anuies.mx\/web\/encuentro2016\/wp-json\/wp\/v2\/pages"}],"about":[{"href":"https:\/\/anuies-tic.anuies.mx\/web\/encuentro2016\/wp-json\/wp\/v2\/types\/page"}],"author":[{"embeddable":true,"href":"https:\/\/anuies-tic.anuies.mx\/web\/encuentro2016\/wp-json\/wp\/v2\/users\/1"}],"replies":[{"embeddable":true,"href":"https:\/\/anuies-tic.anuies.mx\/web\/encuentro2016\/wp-json\/wp\/v2\/comments?post=1089"}],"version-history":[{"count":37,"href":"https:\/\/anuies-tic.anuies.mx\/web\/encuentro2016\/wp-json\/wp\/v2\/pages\/1089\/revisions"}],"predecessor-version":[{"id":1126,"href":"https:\/\/anuies-tic.anuies.mx\/web\/encuentro2016\/wp-json\/wp\/v2\/pages\/1089\/revisions\/1126"}],"wp:attachment":[{"href":"https:\/\/anuies-tic.anuies.mx\/web\/encuentro2016\/wp-json\/wp\/v2\/media?parent=1089"}],"curies":[{"name":"wp","href":"https:\/\/api.w.org\/{rel}","templated":true}]}}