{"id":132,"date":"2016-07-15T15:32:41","date_gmt":"2016-07-15T15:32:41","guid":{"rendered":"http:\/\/anuies-tic.anuies.mx\/web\/encuentro2016\/?page_id=132"},"modified":"2021-05-27T18:38:13","modified_gmt":"2021-05-27T18:38:13","slug":"generalidades-de-la-cdmx","status":"publish","type":"page","link":"https:\/\/anuies-tic.anuies.mx\/web\/encuentro2016\/generalidades-de-la-cdmx\/","title":{"rendered":"Generalidades de la CDMX"},"content":{"rendered":"<div id=\"tabs\">\n<div id=\"tabs-1\">\n<div id=\"tabs-1\">\n<table id=\"tablepress-15\" class=\"tablepress tablepress-id-15\">\n<tbody class=\"row-striping row-hover\">\n<tr class=\"row-1\">\n\t<td class=\"column-1\"><br><p style=\"text-align: justify;\">La Ciudad de M\u00e9xico, como escenario de diversos cambios, ha sido testigo fiel del establecimiento de distintas culturas, a la vez que ha sufrido sus guerras y ha gozado de sus victorias. Cuna del M\u00e9xico\u2013Tenochtitlan, cuyo nombre significa \u201cen el ombligo de la Luna\u201d, fue fundada el 13 de marzo de 1356.Tras aprovechar varias oportunidades t\u00e1cticas en medio de una serie de conflictos militares entre las ciudades ribere\u00f1as del Lago de Texcoco, Tenochtitlan r\u00e1pidamente se convirti\u00f3 en centro de un imperio que tras una intensa campa\u00f1a de expansi\u00f3n ampli\u00f3 sus dominios, a lo largo de dos siglos, a tierras tan lejanas como Chiapas y Centroam\u00e9rica, controlando as\u00ed gran parte del territorio de Mesoam\u00e9rica desde las costas del Golfo de M\u00e9xico al este hasta el Oc\u00e9ano Pac\u00edfico al oeste. Tras una era de apogeo y constituci\u00f3n de diversos grupos prehisp\u00e1nicos, fue tiempo de la Conquista, punto nodal en la formaci\u00f3n de la Ciudad de M\u00e9xico. <br><br \/>\nEl intercambio cultural durante la etapa Virreinal fue extenso y decisivo, dejando rastro incluso despu\u00e9s de la Independencia y la Revoluci\u00f3n. Gracias a su ubicaci\u00f3n, la Ciudad de M\u00e9xico ha sido, desde sus or\u00edgenes prehisp\u00e1nicos, sede de los poderes pol\u00edticos del pa\u00eds, conservando esta caracter\u00edstica con el pasar de los a\u00f1os y el advenimientos de sus distintas formas de gobierno, y de las transformaciones identitarias y culturales. La Ciudad de M\u00e9xico contiene en todos y cada uno de sus rincones vivencias de artistas que han transitado sus calles; los caf\u00e9s de Madero encierran en sus paredes pl\u00e1ticas de poetas, pintores y fil\u00f3sofos. Las calles del Centro Hist\u00f3rico y de Coyoac\u00e1n han sido el paso de personajes como Hern\u00e1n Cort\u00e9s y Moctezuma.<br><br \/>\nHoy en d\u00eda la Ciudad de M\u00e9xico es la suma de todos esos esfuerzos por constituirnos como un mejor pa\u00eds; es la suma de todos sus habitantes que han transitado por ella y han hecho de esta una ciudad \u00fanica e inigualable.<br><br \/>\nLa Ciudad de M\u00e9xico, tambi\u00e9n conocida como Distrito Federal, y ahora otra vez con la denominaci\u00f3n oficial de CDMX, ofrece, tanto a los visitantes que vienen a hacer negocios como aquellos que se acercan por placer, ilimitadas opciones de actividades por realizar, de lugares por conocer, de sabores que degustar. Al recorrer sus calles y avenidas, sus edificios coloniales y vestigios arqueol\u00f3gicos \u2013sitios reconocidos por la UNESCO\u2013, as\u00ed como hoteles tradicionales y de gran turismo, pueden admirar adem\u00e1s de una moderna arquitectura que convive arm\u00f3nicamente con la tradicional, dentro de sus 16 delegaciones y 300 colonias.<br><br \/>\nSuperficie territorial: 1,495 kil\u00f3metros cuadrados.<br><br \/>\nPoblaci\u00f3n: 8,851,080 habitantes<br><br \/>\nMoneda: Peso mexicano<br><br \/>\nClave lada: + 52 (55)<br><br \/>\n<\/p><br><br \/>\n<\/td>\n<\/tr>\n<tr class=\"row-2\">\n\t<td class=\"column-1\"><div align=\"center\"><img loading=\"lazy\" decoding=\"async\" src=\"http:\/\/conferencia.anuies.mx\/web\/wp-content\/uploads\/2016\/06\/generalidades_general.png\" alt=\"generalidades_general\" width=\"992\" height=\"277\" class=\"alignnone size-full wp-image-427\" \/><\/div><\/td>\n<\/tr>\n<\/tbody>\n<\/table>\n<!-- #tablepress-15 from cache --><\/div>\n<\/div>\n<div id=\"tabs-2\">\n<p><!--cultura --><\/p>\n<table border=\"0\" width=\"100%\">\n<tbody>\n<tr>\n<td>\n<p style=\"text-align: justify;\">La Ciudad de M\u00e9xico es tambi\u00e9n la capital de la diversi\u00f3n. Con m\u00faltiples espect\u00e1culos en su amplia y variada oferta, es imposible dejar de pasar una buena estancia en esta urbe llena de vida. Desde obras de teatro que destacan por sus m\u00faltiples matices hasta representaciones populares como lo es nuestra caracter\u00edstica Lucha Libre, es posible disfrutar aqu\u00ed de igual modo de conciertos de m\u00fasica cl\u00e1sica, representaciones oper\u00edsticas o grandes eventos comerciales. El Palacio de Bellas Artes es un prodigio de arquitectura y su oferta es extraordinaria.<\/p>\n<p style=\"text-align: justify;\">La Ciudad de M\u00e9xico es una de las capitales con mayor n\u00famero de museos en el mundo, de distintas tem\u00e1ticas, por lo que se puede hacer la elecci\u00f3n perfecta para armar un muy buen itinerario cultural.<\/p>\n<p style=\"text-align: justify;\">Como la CDMX lleva la cultura en las venas, a quien la visita no debe sorprenderle que en sus avenidas y sitios emblem\u00e1ticos se encuentren exposiciones al aire libre que incrementan su singular belleza.<\/p>\n<\/td>\n<\/tr>\n<tr>\n<td>\n<table border=\"0\" width=\"100%\">\n<tbody>\n<tr>\n<td width=\"38%\"><img loading=\"lazy\" decoding=\"async\" src=\"http:\/\/conferencia.anuies.mx\/web\/wp-content\/uploads\/2016\/06\/cultura1.png\" alt=\"\" width=\"317\" height=\"303\" \/><\/td>\n<td width=\"62%\"><img loading=\"lazy\" decoding=\"async\" src=\"http:\/\/conferencia.anuies.mx\/web\/wp-content\/uploads\/2016\/06\/cultura2.png\" alt=\"\" width=\"598\" height=\"264\" \/><\/td>\n<\/tr>\n<\/tbody>\n<\/table>\n<\/td>\n<\/tr>\n<tr>\n<td><\/td>\n<\/tr>\n<tr>\n<td>\n<div align=\"center\">\n<table border=\"0\" width=\"90%\" align=\"center\">\n<tbody>\n<tr>\n<td><img loading=\"lazy\" decoding=\"async\" src=\"http:\/\/conferencia.anuies.mx\/web\/wp-content\/uploads\/2016\/06\/cultura3.png\" alt=\"\" width=\"143\" height=\"177\" \/><\/td>\n<td><img loading=\"lazy\" decoding=\"async\" src=\"http:\/\/conferencia.anuies.mx\/web\/wp-content\/uploads\/2016\/06\/cultura4.png\" alt=\"\" width=\"143\" height=\"180\" \/><\/td>\n<td><img loading=\"lazy\" decoding=\"async\" src=\"http:\/\/conferencia.anuies.mx\/web\/wp-content\/uploads\/2016\/06\/cultura5.png\" alt=\"\" width=\"143\" height=\"177\" \/><\/td>\n<td><img loading=\"lazy\" decoding=\"async\" src=\"http:\/\/conferencia.anuies.mx\/web\/wp-content\/uploads\/2016\/06\/cultura6.png\" alt=\"\" width=\"143\" height=\"177\" \/><\/td>\n<td><img loading=\"lazy\" decoding=\"async\" src=\"http:\/\/conferencia.anuies.mx\/web\/wp-content\/uploads\/2016\/06\/cultura7.png\" alt=\"\" width=\"143\" height=\"180\" \/><\/td>\n<td><img loading=\"lazy\" decoding=\"async\" src=\"http:\/\/conferencia.anuies.mx\/web\/wp-content\/uploads\/2016\/06\/cultura8.png\" alt=\"\" width=\"143\" height=\"177\" \/><\/td>\n<\/tr>\n<\/tbody>\n<\/table>\n<\/div>\n<\/td>\n<\/tr>\n<\/tbody>\n<\/table>\n<\/div>\n<div id=\"tabs-3\">\n<p><!--gastronomia--><\/p>\n<table border=\"0\" width=\"100%\">\n<tbody>\n<tr>\n<td width=\"35%\">\n<div align=\"center\">\n<p>&nbsp;<\/p>\n<p><img loading=\"lazy\" decoding=\"async\" class=\"aligncenter size-medium wp-image-912\" src=\"http:\/\/conferencia.anuies.mx\/web\/wp-content\/uploads\/2016\/06\/mercadosanjuan-300x200.jpg\" alt=\"mercadosanjuan\" width=\"300\" height=\"200\" \/><\/p>\n<p>&nbsp;<\/p>\n<p>&nbsp;<\/p>\n<p><img loading=\"lazy\" decoding=\"async\" class=\"aligncenter size-medium wp-image-911\" src=\"http:\/\/conferencia.anuies.mx\/web\/wp-content\/uploads\/2016\/06\/mercadoroma-300x225.jpg\" alt=\"mercadoroma\" width=\"300\" height=\"225\" \/><\/p>\n<\/div>\n<\/td>\n<td width=\"62%\">\n<p style=\"text-align: justify;\">La Ciudad de M\u00e9xico es la capital de los sabores, los olores, las texturas, con una oferta gastron\u00f3mica exquisita e inigualable, que enamora a todo aquel que la degusta.<\/p>\n<p style=\"text-align: justify;\">En la Ciudad de M\u00e9xico coexisten las expresiones culinarias de todos los rincones del pa\u00eds, que por su diversidad y su esquisitez ha sido denominada como Patrimonio Cultural Inmaterial de la Humanidad por la UNESCO.<\/p>\n<p style=\"text-align: justify;\">Pero la Ciudad de M\u00e9xico es tambi\u00e9n una vasta ventana gastron\u00f3mica internacional. Su extensa variedad de restaurantes compone una oferta universal, destacando platillos de todos los colores y sabores, propios de otras atractivas cocinas del mundo. En este sentido, est\u00e1 de igual modo ya muy bien posicionada nuestra cocina de autor.<\/p>\n<p style=\"text-align: justify;\">La CDMX es casa de los tres mejores restaurantes del mundo, de acuerdo con la lista World\u2019s 50 Best Restaurants, ubicados en la zona de mayor <em>glamour<\/em> de la ciudad: Polanco.<\/p>\n<p style=\"text-align: justify;\">Caf\u00e9s con ambiente de primer mundo, o restaurantes exclusivos para quien gusta de entornos privados, c\u00e1lidos y elegantes, as\u00ed como escenarios amigables en donde es posible sentir el calor de la gente de la ciudad, la CDMX ofrece propuestas para todos los gustos.<\/p>\n<p style=\"text-align: justify;\">Ya sea Paseo de la Reforma, Chapultepec, Polanco, Santa Fe, el corredor Roma-Condesa, el siempre tradicional Coyoac\u00e1n, en cada una de estas zonas se puede acceder a un festival gastron\u00f3mico de primer nivel.<\/p>\n<p style=\"text-align: justify;\">Esta experiencia culinaria inmemorable debe completarse tras visitar tres de los mercados m\u00e1s sobresalientes de la capital. Existen de todo tipo:<\/p>\n<ul>\n<li style=\"text-align: justify;\">Mercado de San Juan, el preferido de los <em>chefs<\/em>, donde se pueden encontrar productos <em>gourmet <\/em>de primera calidad.<\/li>\n<li style=\"text-align: justify;\">Mercado La Ciudadela, que oferta artesan\u00edas representativas de la distintas culturas y regiones de nuestro pa\u00eds, as\u00ed como trajes t\u00edpicos de los diferentes estados que lo componen.<\/li>\n<li style=\"text-align: justify;\">Mercado de Medell\u00edn, situado en la tradicional Colonia Roma, donde se pueden encontrar tambi\u00e9n productos de otros pa\u00edses latinoamericanos como Colombia, Argentina, Cuba, Venezuela, Per\u00fa y Brasil.<\/li>\n<\/ul>\n<p style=\"text-align: justify;\">Si de mercados <em>gourmet<\/em> se trata, la Ciudad de M\u00e9xico cuenta con tres que implican una visita obligada:<\/p>\n<ul>\n<li style=\"text-align: justify;\">March\u00e9 Dumas en Polanco<\/li>\n<li style=\"text-align: justify;\">Mercado del Carmen en San \u00c1ngel<\/li>\n<li style=\"text-align: justify;\">Mercado Roma en Colonia Roma<\/li>\n<\/ul>\n<\/td>\n<\/tr>\n<\/tbody>\n<\/table>\n<\/div>\n<div id=\"tabs-4\">\n<p><!--lujo--><\/p>\n<table border=\"0\" width=\"100%\">\n<tbody>\n<tr>\n<td>\n<p style=\"text-align: justify;\">La Ciudad de M\u00e9xico cuenta con flamante arquitectura, por lo que pasear por sus calles representa un aut\u00e9ntico disfrute a los sentidos. M\u00faltiples son sus calles plagadas de lujo extremo, en donde se encuentran restaurantes Premium, tiendas de marcas internacionales as\u00ed como boutiques de dise\u00f1o mexicano.<\/p>\n<p style=\"text-align: justify;\">Las zonas principales para quien prefiere los ambientes exclusivos son Polanco, Santa Fe y San \u00c1ngel.<\/p>\n<\/td>\n<\/tr>\n<tr>\n<td>\n<table border=\"0\" width=\"100%\">\n<tbody>\n<tr>\n<td>\n<p style=\"text-align: justify;\"><strong>Polanco<\/strong><br \/>\nM\u00e1ximo representante de elegancia en la ciudad, esta zona contiene una amplia oferta gastron\u00f3mica y los tres restaurantes mexicanos mejor calificados a nivel mundial.<br \/>\nSu principal avenida, Presidente Masaryk, es un corredor recientemente renovado cuyo ambiente se caracteriza por ser sumamente tranquilo y acogedor. Por \u00e9l desfilan las m\u00e1s reconocidas tiendas de dise\u00f1o.<br \/>\nSi lo que se busca es un momento de relajaci\u00f3n, sus jardines son la opci\u00f3n perfecta.<\/p>\n<\/td>\n<\/tr>\n<\/tbody>\n<\/table>\n<\/td>\n<\/tr>\n<tr>\n<td>\n<table border=\"0\" width=\"100%\">\n<tbody>\n<tr>\n<td><strong>Santa Fe<\/strong><\/p>\n<p style=\"text-align: justify;\"><span style=\"color: #000000; font-family: Calibri;\">A pesar de ser un espacio mayormente corporativo, esta parte de la ciudad es un buen ejemplo de c\u00f3moda modernidad.<\/span><\/p>\n<p style=\"text-align: justify;\"><span style=\"color: #000000; font-family: Calibri;\">\u00a0<\/span><span style=\"color: #000000; font-family: Calibri;\">Espacio cosmopolita que alberga hoteles de gran turismo, restaurantes de calidad y tiendas de marcas de prestigio.<\/span><\/p>\n<p style=\"text-align: justify;\"><span style=\"color: #000000; font-family: Calibri;\">Los centros comerciales son su estandarte, de arquitectura actual y dise\u00f1o atractivo. Tal es el caso de Saks Fith Avenue.<\/span><\/p>\n<\/td>\n<\/tr>\n<\/tbody>\n<\/table>\n<\/td>\n<\/tr>\n<tr>\n<td>\n<table border=\"0\" width=\"100%\">\n<tbody>\n<tr>\n<td><strong>San \u00c1ngel<\/strong><\/p>\n<p style=\"text-align: justify;\">Cl\u00e1sico a la vez que vanguardista, San \u00c1ngel es un aut\u00e9ntico traslado a diferentes etapas hist\u00f3ricas y estilos arquitect\u00f3nicos.Este lugar destila sofisticaci\u00f3n en todos y cada uno de sus rincones.<\/p>\n<p style=\"text-align: justify;\">Cuenta con plazas en donde se encuentran firmas internacionales as\u00ed como filiales de dise\u00f1adores. Los restaurantes <em>Premium<\/em> no faltan, por lo que la oferta es amplia.<\/p>\n<\/td>\n<\/tr>\n<\/tbody>\n<\/table>\n<table border=\"0\" width=\"100%\">\n<tbody>\n<tr>\n<td width=\"30%\">\n<div align=\"center\"><img loading=\"lazy\" decoding=\"async\" class=\"aligncenter size-medium wp-image-915\" src=\"http:\/\/conferencia.anuies.mx\/web\/wp-content\/uploads\/2016\/06\/polanco-300x169.jpg\" alt=\"polanco\" width=\"300\" height=\"174\" \/><\/div>\n<\/td>\n<td width=\"30%\">\n<div align=\"center\"><img loading=\"lazy\" decoding=\"async\" class=\"aligncenter size-medium wp-image-915\" src=\"http:\/\/conferencia.anuies.mx\/web\/wp-content\/uploads\/2016\/06\/santafe-300x201.jpg\" alt=\"santafe\" width=\"300\" height=\"174\" \/><\/div>\n<\/td>\n<td width=\"30%\">\n<div align=\"center\"><img loading=\"lazy\" decoding=\"async\" class=\"aligncenter size-medium wp-image-915\" src=\"http:\/\/conferencia.anuies.mx\/web\/wp-content\/uploads\/2016\/06\/sanangel-300x174.jpg\" alt=\"sanangel\" width=\"300\" height=\"174\" \/><\/div>\n<\/td>\n<\/tr>\n<\/tbody>\n<\/table>\n<\/td>\n<\/tr>\n<\/tbody>\n<\/table>\n<\/div>\n<div id=\"tabs-5\">\n<p><!--Naturaleza--><\/p>\n<table border=\"0\" width=\"100%\">\n<tbody>\n<tr>\n<td>\n<p style=\"text-align: justify;\">La capital tambi\u00e9n goza de ambientes naturales en donde es posible relajarse en medio de un entorno natural. El Bosque de Chapultepec es el parque urbano m\u00e1s grande de Am\u00e9rica Latina, cuenta con 686.05 hect\u00e1rea y es visitado por 15 millones de personas al a\u00f1o. Se encuentra dividido en tres majestuosas secciones. En el Bosque pueden realizarse m\u00faltiples y \u00fanicas actividades tales como: paseo en lancha, paseos nocturnos en bicicleta, observar un filme en el lago, paseos en tren, disfrutar de obras en la Casa del Lago y visitar los importantes museos all\u00ed ubicados, como el de Antropolog\u00eda, el Nacional de Historia (el majestuoso Castillo de Chapultepec, hasta antes del General L\u00e1zaro C\u00e1rdenas, morada de los presidentes), el de Arte Moderno, el de Arte Contempor\u00e1neo.<\/p>\n<\/td>\n<\/tr>\n<tr>\n<td>\n<div align=\"center\"><img loading=\"lazy\" decoding=\"async\" src=\"http:\/\/conferencia.anuies.mx\/web\/wp-content\/uploads\/2016\/06\/naturaleza1.png\" alt=\"\" width=\"945\" height=\"233\" \/><\/div>\n<\/td>\n<\/tr>\n<tr>\n<td>\n<table border=\"0\" width=\"100%\">\n<tbody>\n<tr>\n<td>\n<p style=\"text-align: justify;\">El <strong>Parque Nacional Desierto de los Leones<\/strong> es emblem\u00e1tico de la ciudad, cuenta con mil 866 hect\u00e1reas de bosque y una gran variedad de especies de plantas y animales. Entre su extensa variedad de \u00e1rboles se pueden encontrar el oyamel, el fresno, el encino, as\u00ed como cien variedades de hongos. En este sitio es posible practicar yoga, equitaci\u00f3n, andar en bicicleta de monta\u00f1a o simplemente dar una caminata.<\/p>\n<\/td>\n<\/tr>\n<\/tbody>\n<\/table>\n<\/td>\n<\/tr>\n<tr>\n<td>\n<table border=\"0\" width=\"100%\">\n<tbody>\n<tr>\n<td>\n<p style=\"text-align: justify;\"><strong>Xochimilco<\/strong> es, sin lugar a dudas, una de las zonas naturales m\u00e1s populares en la capital. Quien visita la Ciudad de M\u00e9xico y no pasa por este singular sitio, es como si se fuera sin conocerla de lleno. Ubicado en el sur, posee un clima subh\u00famedo con lluvias en verano y oto\u00f1o. La vegetaci\u00f3n propia de la zona est\u00e1 formada principalmente por ahuejotes, t\u00edpicos de la regi\u00f3n, que producen gran cantidad de ox\u00edgeno y son sembrados para fijar las chinampas al fondo del lago. Xochimilco es una visita obligada para quienes visitan la ciudad, en donde es posible navegar en una chinampa al tiempo que se escucha la m\u00fasica del mariachi y se degusta rica comida mexicana. \u00bfPor qu\u00e9 no visitar sus rincones m\u00e1s misteriosos, como la Isla de las mu\u00f1ecas, o su asombrosa Parroquia de San Bernardino de Siena o al \u201cNi\u00f1o Pa\u201d?<\/p>\n<\/td>\n<\/tr>\n<\/tbody>\n<\/table>\n<table border=\"0\" width=\"100%\">\n<tbody>\n<tr>\n<td width=\"50%\"><img loading=\"lazy\" decoding=\"async\" class=\"aligncenter\" src=\"http:\/\/conferencia.anuies.mx\/web\/wp-content\/uploads\/2016\/06\/dleones-300x199.jpg\" alt=\"dleones\" width=\"300\" height=\"225\" \/><\/td>\n<td width=\"50%\"><img loading=\"lazy\" decoding=\"async\" class=\"aligncenter\" src=\"http:\/\/conferencia.anuies.mx\/web\/wp-content\/uploads\/2016\/06\/xochi-300x225.jpg\" alt=\"xochi\" width=\"300\" height=\"225\" \/><\/td>\n<\/tr>\n<\/tbody>\n<\/table>\n<\/td>\n<\/tr>\n<\/tbody>\n<\/table>\n<\/div>\n<div id=\"tabs-6\">\n<p><!--otros--><\/p>\n<table border=\"0\" width=\"100%\">\n<tbody>\n<tr>\n<td width=\"50%\"><strong>Wi Fi<\/strong><\/p>\n<p><strong>CIUDAD QUE TE MANTIENE CONECTADO<\/strong><\/p>\n<p>La CDMX ofrece Wi \u2013 Fi gratuito en:<\/p>\n<p>&nbsp;<\/p>\n<div>\n<ul>\n<li>Alameda Central<\/li>\n<li>Z\u00f3calo Capitalino<\/li>\n<li>Parque M\u00e9xico<\/li>\n<li>Parque Espa\u00f1a<\/li>\n<li>Bosque de Chapultepec<\/li>\n<li>Plaza Garibaldi<\/li>\n<li>Bosque de Tlalpan<\/li>\n<li>Bosque de Arag\u00f3n<\/li>\n<\/ul>\n<\/div>\n<\/td>\n<\/tr>\n<\/tbody>\n<\/table>\n<\/div>\n<\/div>\n","protected":false},"excerpt":{"rendered":"<p>La Ciudad de M\u00e9xico es tambi\u00e9n la capital de la diversi\u00f3n. Con m\u00faltiples espect\u00e1culos en su amplia y variada oferta, es imposible dejar de pasar una buena estancia en esta urbe llena de vida. Desde obras de teatro que destacan<\/p>\n","protected":false},"author":1,"featured_media":0,"parent":0,"menu_order":0,"comment_status":"closed","ping_status":"closed","template":"","meta":{"footnotes":""},"class_list":["post-132","page","type-page","status-publish","hentry"],"rttpg_featured_image_url":null,"rttpg_author":{"display_name":"ctrlweb","author_link":"https:\/\/anuies-tic.anuies.mx\/web\/encuentro2016\/author\/ctrldcsctrlweb\/"},"rttpg_comment":0,"rttpg_category":null,"rttpg_excerpt":"La Ciudad de M\u00e9xico es tambi\u00e9n la capital de la diversi\u00f3n. Con m\u00faltiples espect\u00e1culos en su amplia y variada oferta, es imposible dejar de pasar una buena estancia en esta urbe llena de vida. Desde obras de teatro que destacan","_links":{"self":[{"href":"https:\/\/anuies-tic.anuies.mx\/web\/encuentro2016\/wp-json\/wp\/v2\/pages\/132","targetHints":{"allow":["GET"]}}],"collection":[{"href":"https:\/\/anuies-tic.anuies.mx\/web\/encuentro2016\/wp-json\/wp\/v2\/pages"}],"about":[{"href":"https:\/\/anuies-tic.anuies.mx\/web\/encuentro2016\/wp-json\/wp\/v2\/types\/page"}],"author":[{"embeddable":true,"href":"https:\/\/anuies-tic.anuies.mx\/web\/encuentro2016\/wp-json\/wp\/v2\/users\/1"}],"replies":[{"embeddable":true,"href":"https:\/\/anuies-tic.anuies.mx\/web\/encuentro2016\/wp-json\/wp\/v2\/comments?post=132"}],"version-history":[{"count":13,"href":"https:\/\/anuies-tic.anuies.mx\/web\/encuentro2016\/wp-json\/wp\/v2\/pages\/132\/revisions"}],"predecessor-version":[{"id":1150,"href":"https:\/\/anuies-tic.anuies.mx\/web\/encuentro2016\/wp-json\/wp\/v2\/pages\/132\/revisions\/1150"}],"wp:attachment":[{"href":"https:\/\/anuies-tic.anuies.mx\/web\/encuentro2016\/wp-json\/wp\/v2\/media?parent=132"}],"curies":[{"name":"wp","href":"https:\/\/api.w.org\/{rel}","templated":true}]}}