{"id":65,"date":"2016-05-18T17:58:11","date_gmt":"2016-05-18T17:58:11","guid":{"rendered":"http:\/\/anuies-tic.anuies.mx\/web\/encuentro2016\/?page_id=65"},"modified":"2016-09-27T17:06:19","modified_gmt":"2016-09-27T17:06:19","slug":"registro","status":"publish","type":"page","link":"https:\/\/anuies-tic.anuies.mx\/web\/encuentro2016\/registro\/","title":{"rendered":"Registro"},"content":{"rendered":"<p style=\"text-align: justify;\">Bienvenidos al sistema de registro del Primer Encuentro ANUIES-TIC, el cual esta dirigido a Coordinadores y Directores Generales, as\u00ed como administradores, todos en el \u00e1mbito de las Tecnolog\u00edas de la Informaci\u00f3n y Comunicaciones (TIC).<\/p>\n<p style=\"text-align: justify;\">En el registro podr\u00e1 encontrar\u00a0tres modalidades de participaci\u00f3n. La primera, para los responsables de TIC de las IES asociadas, en donde podr\u00e1 inscribirse al programa de conferencias (sin costo), as\u00ed como opcionalmente, a los talleres especializados (con cuota de recuperaci\u00f3n).<\/p>\n<p style=\"text-align: justify;\">La segunda, para los responsables de TIC de las IES no asociadas y p\u00fablico en general, en donde podr\u00e1 inscribirse al programa de conferencias (sin costo), as\u00ed como opcionalmente, a los talleres especializados (con cuota de recuperaci\u00f3n).<\/p>\n<p style=\"text-align: justify;\">Por otra parte, para aquellos que s\u00f3lo deseen inscribirse a los talleres especializados, podr\u00e1n hacerlo en la\u00a0tercera opci\u00f3n de registro, en la que podr\u00e1n participar integrantes de IES asociadas y no asociadas, as\u00ed tambi\u00e9n, p\u00fablico en general. La inscripci\u00f3n a los talleres especializados tienen una cuota de recuperaci\u00f3n.<\/p>\n<p style=\"text-align: center;\"><a href=\"http:\/\/anuies-tic.anuies.mx\/registro\/public\/index.php\" target=\"_blank\">Ir al registro<\/a><\/p>\n","protected":false},"excerpt":{"rendered":"<p>Bienvenidos al sistema de registro del Primer Encuentro ANUIES-TIC, el cual esta dirigido a Coordinadores y Directores Generales, as\u00ed como administradores, todos en el \u00e1mbito de las Tecnolog\u00edas de la Informaci\u00f3n y Comunicaciones (TIC). En el registro podr\u00e1 encontrar\u00a0tres modalidades<\/p>\n","protected":false},"author":1,"featured_media":0,"parent":0,"menu_order":0,"comment_status":"closed","ping_status":"closed","template":"","meta":{"footnotes":""},"class_list":["post-65","page","type-page","status-publish","hentry"],"rttpg_featured_image_url":null,"rttpg_author":{"display_name":"ctrlweb","author_link":"https:\/\/anuies-tic.anuies.mx\/web\/encuentro2016\/author\/ctrldcsctrlweb\/"},"rttpg_comment":0,"rttpg_category":null,"rttpg_excerpt":"Bienvenidos al sistema de registro del Primer Encuentro ANUIES-TIC, el cual esta dirigido a Coordinadores y Directores Generales, as\u00ed como administradores, todos en el \u00e1mbito de las Tecnolog\u00edas de la Informaci\u00f3n y Comunicaciones (TIC). En el registro podr\u00e1 encontrar\u00a0tres modalidades","_links":{"self":[{"href":"https:\/\/anuies-tic.anuies.mx\/web\/encuentro2016\/wp-json\/wp\/v2\/pages\/65","targetHints":{"allow":["GET"]}}],"collection":[{"href":"https:\/\/anuies-tic.anuies.mx\/web\/encuentro2016\/wp-json\/wp\/v2\/pages"}],"about":[{"href":"https:\/\/anuies-tic.anuies.mx\/web\/encuentro2016\/wp-json\/wp\/v2\/types\/page"}],"author":[{"embeddable":true,"href":"https:\/\/anuies-tic.anuies.mx\/web\/encuentro2016\/wp-json\/wp\/v2\/users\/1"}],"replies":[{"embeddable":true,"href":"https:\/\/anuies-tic.anuies.mx\/web\/encuentro2016\/wp-json\/wp\/v2\/comments?post=65"}],"version-history":[{"count":13,"href":"https:\/\/anuies-tic.anuies.mx\/web\/encuentro2016\/wp-json\/wp\/v2\/pages\/65\/revisions"}],"predecessor-version":[{"id":520,"href":"https:\/\/anuies-tic.anuies.mx\/web\/encuentro2016\/wp-json\/wp\/v2\/pages\/65\/revisions\/520"}],"wp:attachment":[{"href":"https:\/\/anuies-tic.anuies.mx\/web\/encuentro2016\/wp-json\/wp\/v2\/media?parent=65"}],"curies":[{"name":"wp","href":"https:\/\/api.w.org\/{rel}","templated":true}]}}