{"id":9,"date":"2016-05-18T17:03:25","date_gmt":"2016-05-18T17:03:25","guid":{"rendered":"http:\/\/anuies-tic.anuies.mx\/web\/encuentro2016\/?page_id=9"},"modified":"2021-05-27T17:48:35","modified_gmt":"2021-05-27T17:48:35","slug":"organizadores","status":"publish","type":"page","link":"https:\/\/anuies-tic.anuies.mx\/web\/encuentro2016\/organizadores\/","title":{"rendered":"Organizador"},"content":{"rendered":"<div id=\"tabs\">\n<div id=\"tabs-4\">\n\t\t\t\t\t\t<style>\r\n\t\t\t\t\r\n\t\t\t\t\t#tab_container_1141 {\r\n\toverflow:hidden;\r\n\tdisplay:block;\r\n\twidth:100%;\r\n\tborder:0px solid #ddd;\r\n\tmargin-bottom:30px;\r\n\t}\r\n\r\n#tab_container_1141 .tab-content{\r\n\tpadding:20px;\r\n\tborder: 1px solid 000000 !important;\r\n\tmargin-top: 0px;\r\n\tbackground-color: !important;\r\n\tcolor:  !important;\r\n\tfont-size:12px !important;\r\n\tfont-family: Arial !important;\r\n\t\r\n\t\tborder: 1px solid 000000 !important;\r\n\t}\r\n#tab_container_1141 .wpsm_nav-tabs {\r\n    border-bottom: 0px solid #ddd;\r\n}\r\n#tab_container_1141 .wpsm_nav-tabs > li.active > a, #tab_container_1141 .wpsm_nav-tabs > li.active > a:hover, #tab_container_1141 .wpsm_nav-tabs > li.active > a:focus {\r\n\tcolor:  !important;\r\n\tcursor: default;\r\n\tbackground-color:  !important;\r\n\tborder: 1px solid 000000 !important;\r\n}\r\n\r\n#tab_container_1141 .wpsm_nav-tabs > li > a {\r\n    margin-right: 0px !important; \r\n    line-height: 1.42857143 !important;\r\n    border: 1px solid 000000 !important;\r\n    border-radius: 0px 0px 0 0 !important; \r\n\tbackground-color:  !important;\r\n\tcolor:  !important;\r\n\tpadding: 15px 18px 15px 18px !important;\r\n\ttext-decoration: none !important;\r\n\tfont-size: 14px !important;\r\n\ttext-align:center !important;\r\n\tfont-family: Arial !important;\r\n}\r\n#tab_container_1141 .wpsm_nav-tabs > li > a:focus {\r\noutline: 0px !important;\r\n}\r\n\r\n#tab_container_1141 .wpsm_nav-tabs > li > a:before {\r\n\tdisplay:none !important;\r\n}\r\n#tab_container_1141 .wpsm_nav-tabs > li > a:after {\r\n\tdisplay:none !important ;\r\n}\r\n#tab_container_1141 .wpsm_nav-tabs > li{\r\npadding:0px !important ;\r\nmargin:0px;\r\n}\r\n\r\n#tab_container_1141 .wpsm_nav-tabs > li > a:hover , #tab_container_1141 .wpsm_nav-tabs > li > a:focus {\r\n    color:  !important;\r\n    background-color:  !important;\r\n\tborder: 1px solid 000000 !important;\r\n\t\r\n}\r\n#tab_container_1141 .wpsm_nav-tabs > li > a .fa{\r\n\r\nmargin-right:5px !important;\r\n\r\nmargin-left:5px !important;\r\n\r\n\r\n}\r\n\r\n\t\t#tab_container_1141 .wpsm_nav-tabs a{\r\n\t\t\tbackground-image: none;\r\n\t\t\tbackground-position: 0 0;\r\n\t\t\tbackground-repeat: repeat-x;\r\n\t\t}\r\n\t\t\t\r\n\r\n\r\n#tab_container_1141 .wpsm_nav-tabs > li {\r\n    float: left;\r\n    margin-bottom: -1px !important;\r\n\tmargin-right:0px !important; \r\n}\r\n\r\n\r\n#tab_container_1141 .tab-content{\r\noverflow:hidden !important;\r\n}\r\n\r\n\r\n@media (min-width: 769px) {\r\n\r\n\t#tab_container_1141 .wpsm_nav-tabs > li{\r\n\t\tfloat:left !important ;\r\n\t\t\t\tmargin-right:-1px !important;\r\n\t\t\t\t\t}\r\n\t#tab_container_1141 .wpsm_nav-tabs{\r\n\t\tfloat:none !important;\r\n\t\tmargin:0px !important;\r\n\t}\r\n\r\n\t#tab_container_1141 .wpsm_nav-tabs > li {\r\n\t\t\t\t\r\n\t}\r\n\t#tab_container_1141 .wpsm_nav{\r\n\t\t\t}\r\n\r\n}\r\n\r\n\r\n\r\n@media (max-width: 768px) {\r\n\t#tab_container_1141 .wpsm_nav-tabs > li {\r\n\t\t\t\t\r\n\t}\r\n\t#tab_container_1141 .wpsm_nav{\r\n\t\t\t}\r\n}\r\n\r\n\r\n\t.wpsm_nav-tabs li:before{\r\n\t\tdisplay:none !important;\r\n\t}\r\n\r\n\t@media (max-width: 768px) {\r\n\t\t\t\t\r\n\t\t\t\t.wpsm_nav-tabs{\r\n\t\t\tmargin-left:0px !important;\r\n\t\t\tmargin-right:0px !important; \r\n\t\t\t\r\n\t\t}\r\n\t\t\t\t#tab_container_1141 .wpsm_nav-tabs > li{\r\n\t\t\tfloat:none !important;\r\n\t\t}\r\n\t\t\t\r\n\t}\t\t\t\t<\/style>\r\n\t\t\t\t<div id=\"tab_container_1141\" >\r\n\t \r\n\t\t\t\t\t<ul class=\"wpsm_nav wpsm_nav-tabs\" role=\"tablist\" id=\"myTab_1141\">\r\n\t\t\t\t\t\t\t\r\n\t\t\t\t\t\t\t<li role=\"presentation\"  class=\"active\"  onclick=\"do_resize()\">\r\n\t\t\t\t\t\t\t\t<a href=\"#tabs_desc_1141_1\" aria-controls=\"tabs_desc_1141_1\" role=\"tab\" data-toggle=\"tab\">\r\n\t\t\t\t\t\t\t\t\t\r\n\t\t\t\t\t\t\t\t\t\t\t\t\t\t\t\t\t\t\t\t\t\t\t\t\t\t\t\t\r\n\t\t\t\t\t\t\t\t\t\t\t\t\t\t\t\t\t\t\r\n\t\t\t\t\t\t\t\t\t<span>ANUIES<\/span>\r\n\t\t\t\t\t\t\t\t\t\r\n\t\t\t\t\t\t\t\t\t\t\t\t\t\t\t\t\t\t\r\n\t\t\t\t\t\t\t\t\t\t\t\t\t\t\t\t\t\t\t\t\r\n\t\t\t\t\t\t\t\t\t\r\n\t\t\t\t\t\t\t\t<\/a>\r\n\t\t\t\t\t\t\t<\/li>\r\n\t\t\t\t\t\t\t\r\n\t\t\t\t\t\t\t<li role=\"presentation\"  onclick=\"do_resize()\">\r\n\t\t\t\t\t\t\t\t<a href=\"#tabs_desc_1141_2\" aria-controls=\"tabs_desc_1141_2\" role=\"tab\" data-toggle=\"tab\">\r\n\t\t\t\t\t\t\t\t\t\r\n\t\t\t\t\t\t\t\t\t\t\t\t\t\t\t\t\t\t\t\t\t\t\t\t\t\t\t\t\r\n\t\t\t\t\t\t\t\t\t\t\t\t\t\t\t\t\t\t\r\n\t\t\t\t\t\t\t\t\t<span>Rese\u00f1a hist\u00f3rica<\/span>\r\n\t\t\t\t\t\t\t\t\t\r\n\t\t\t\t\t\t\t\t\t\t\t\t\t\t\t\t\t\t\r\n\t\t\t\t\t\t\t\t\t\t\t\t\t\t\t\t\t\t\t\t\r\n\t\t\t\t\t\t\t\t\t\r\n\t\t\t\t\t\t\t\t<\/a>\r\n\t\t\t\t\t\t\t<\/li>\r\n\t\t\t\t\t\t\t\r\n\t\t\t\t\t\t\t<li role=\"presentation\"  onclick=\"do_resize()\">\r\n\t\t\t\t\t\t\t\t<a href=\"#tabs_desc_1141_3\" aria-controls=\"tabs_desc_1141_3\" role=\"tab\" data-toggle=\"tab\">\r\n\t\t\t\t\t\t\t\t\t\r\n\t\t\t\t\t\t\t\t\t\t\t\t\t\t\t\t\t\t\t\t\t\t\t\t\t\t\t\t\r\n\t\t\t\t\t\t\t\t\t\t\t\t\t\t\t\t\t\t\r\n\t\t\t\t\t\t\t\t\t<span>\u00bfQu\u00e9 es ANUIES-TIC?<\/span>\r\n\t\t\t\t\t\t\t\t\t\r\n\t\t\t\t\t\t\t\t\t\t\t\t\t\t\t\t\t\t\r\n\t\t\t\t\t\t\t\t\t\t\t\t\t\t\t\t\t\t\t\t\r\n\t\t\t\t\t\t\t\t\t\r\n\t\t\t\t\t\t\t\t<\/a>\r\n\t\t\t\t\t\t\t<\/li>\r\n\t\t\t\t\t\t\t\t\t\t\t <\/ul>\r\n\r\n\t\t\t\t\t  <!-- Tab panes -->\r\n\t\t\t\t\t  <div class=\"tab-content\" id=\"tab-content_1141\">\r\n\t\t\t\t\t\t\t\t\t\t\t\t <div role=\"tabpanel\" class=\"tab-pane  in active \" id=\"tabs_desc_1141_1\">\r\n\t\t\t\t\t\t\t\t<p style=\"text-align: justify;\">La Asociaci\u00f3n Nacional de Universidades e Instituciones de Educaci\u00f3n Superior es una asociaci\u00f3n no gubernamental, de car\u00e1cter plural, que congrega a las principales instituciones de educaci\u00f3n superior del pa\u00eds, cuyo com\u00fan denominador es su voluntad para promover el mejoramiento integral en los campos de la docencia, la investigaci\u00f3n y la extensi\u00f3n de la cultura y los servicios.<\/p>\r\n<p style=\"text-align: justify;\">Se cre\u00f3 formalmente el 25 de marzo de 1950 en la ciudad de Hermosillo, Sonora, con la participaci\u00f3n de 26 universidades e institutos p\u00fablicos de educaci\u00f3n superior de diversas entidades federativas. Actualmente est\u00e1 conformada por 179 universidades e instituciones de educaci\u00f3n superior, de las cuales 150 son p\u00fablicas y 29 particulares.<\/p>\r\n<p style=\"text-align: justify;\">La ANUIES coordina, de manera propositiva y participativa con respeto a la autonom\u00eda y la pluralidad de las instituciones asociadas, el desarrollo de la educaci\u00f3n superior; contribuye a su fortalecimiento con declaraciones, aportaciones y directrices; participa con las autoridades educativas en la formulaci\u00f3n de planes y programas nacionales de educaci\u00f3n superior; impulsa la creaci\u00f3n de organismos especializados para el mejoramiento de la calidad educativa.<\/p>\t\t\t\t\t\t <\/div>\r\n\t\t\t\t\t\t\t\t\t\t\t\t <div role=\"tabpanel\" class=\"tab-pane \" id=\"tabs_desc_1141_2\">\r\n\t\t\t\t\t\t\t\t<strong>L\u00ednea del tiempo<\/strong>\r\n<p style=\"text-align: justify;\"><strong>1950.<\/strong> Nacimiento de la Asociaci\u00f3n Nacional de Universidades e Institutos de Ense\u00f1anza Superior de la Rep\u00fablica Mexicana<br>\r\n<strong>1966.<\/strong> Creaci\u00f3n del Anuario Estad\u00edstico de la Educaci\u00f3n Superior<br>\r\n<strong>1968.<\/strong> Creaci\u00f3n del Centro de Planeaci\u00f3n Nacional de Educaci\u00f3n Superior 1<br>\r\n<strong>1971.<\/strong> Promoci\u00f3n de la Declaraci\u00f3n de Villahermosa sobre la Reforma de la Educaci\u00f3n Superior<br>\r\n<strong>1972.<\/strong> Propuesta de la implementaci\u00f3n del Programa Nacional de Formaci\u00f3n de Profesores<br>\r\n<strong>1972.<\/strong> Creaci\u00f3n de la Revista de la Educaci\u00f3n Superior (RESU)<br>\r\n<strong>1973.<\/strong> Contribuci\u00f3n a la Creaci\u00f3n de la Universidad Aut\u00f3noma Metropolitana y del Colegio de Bachilleres<br>\r\n<strong>1978.<\/strong> Promoci\u00f3n del Sistema Nacional de Planeaci\u00f3n Permanente de la Educaci\u00f3n Superior (SINAPPES) 2<br>\r\n<strong>1978.<\/strong> Impulso de la Coordinaci\u00f3n Nacional para la Planeaci\u00f3n de la Educaci\u00f3n Superior (CONPES)<br>\r\n<strong>1978.<\/strong> Promoci\u00f3n de los Consejos Regionales para la Planeaci\u00f3n de la Educaci\u00f3n Superior (CORPES)<br>\r\n<strong>1978.<\/strong> Promoci\u00f3n de las Comisiones Estatales para la Planeaci\u00f3n de la Educaci\u00f3n Superior (COEPES)<br>\r\n<strong>1978.<\/strong> Promoci\u00f3n de las Unidades Institucionales de Planeaci\u00f3n (UIP)\r\n<strong>1980.<\/strong> Propuesta de la adici\u00f3n de la autonom\u00eda universitaria a rango constitucional 4<br>\r\n<strong>1984.<\/strong> Promoci\u00f3n del Programa Nacional de Educaci\u00f3n Superior<br>\r\n<strong>1986.<\/strong> Promoci\u00f3n del Programa Integral para el Desarrollo de la Educaci\u00f3n Superior<br>\r\n<strong>1989.<\/strong> Impulso a la creaci\u00f3n de la Comisi\u00f3n Nacional de Evaluaci\u00f3n (CONAEVA)<br>\r\n<strong>1991.<\/strong> Reforma de los estatutos y cambio en la denominaci\u00f3n a: Asociaci\u00f3n Nacional de Universidades e Instituciones de Superior de la Rep\u00fablica Mexicana<br>\r\n<strong>1991.<\/strong> Impulso de los Comit\u00e9s Interinstitucionales para la Evaluaci\u00f3n de la Educaci\u00f3n Superior (CIEES)<br>\r\n<strong>1993.<\/strong> Impulso del Centro Nacional de Evaluaci\u00f3n para la Educaci\u00f3n Superior A.C. (CENEVAL)<br>\r\n<strong>1994.<\/strong> Concertaci\u00f3n del Programa Nacional de Superaci\u00f3n del Personal Acad\u00e9mico (SUPERA)<br>\r\n<strong>1996.<\/strong> Contribuci\u00f3n a la creaci\u00f3n del Programa de Mejoramiento del profesorado (PROMEP)<br>\r\n<strong>2000.<\/strong>Impulso a la creaci\u00f3n del Consejo para la Acreditaci\u00f3n de la Educaci\u00f3n Superior A.C. (COPAES)<br>\r\n<strong>2000.<\/strong> Publicaci\u00f3n del documento La educaci\u00f3n superior en el siglo XXI<br>\r\n<strong>2006.<\/strong> Publicaci\u00f3n del documento Consolidaci\u00f3n y Avance de la Educaci\u00f3n Superior en M\u00e9xico. Elementos de diagn\u00f3stico y propuestas<br>\r\n<strong>2006.<\/strong> Implementaci\u00f3n del Modelo de asignaci\u00f3n adicional al subsidio federal ordinario, universidades p\u00fablicas estatales 5<br>\r\n<strong>2007.<\/strong> Implementaci\u00f3n del Programa de Apoyo a la Formaci\u00f3n Profesional (PAFP)<br>\r\n<strong>2008.<\/strong> Implementaci\u00f3n del Proceso de Certificaci\u00f3n de Competencias Docentes para la Educaci\u00f3n Media Superior (CERTIDEMS)<br>\r\n<strong>2008.<\/strong> Implementaci\u00f3n del Programa de Formaci\u00f3n Docente de Educaci\u00f3n Media Superior (PROFORDEMS)<br>\r\n<strong>2008.<\/strong> Creaci\u00f3n de la Fundaci\u00f3n Educaci\u00f3n Superior-Empresa A.C. (FESE)<br>\r\n<strong>2009.<\/strong> Creaci\u00f3n del Centro de Capacitaci\u00f3n ANUIES-Valle de Bravo<br>\r\n<strong>2009.<\/strong> Creaci\u00f3n del Sistema Nacional de Educaci\u00f3n a Distancia, A.C. (SINED)<br>\r\n<strong>2010.<\/strong> Creaci\u00f3n del Consejo para la Acreditaci\u00f3n de la Educaci\u00f3n Media Superior, A.C. (COPEEMS)<br>\r\n<strong>2011.<\/strong> Publicaci\u00f3n del Manual de Seguridad para Instituciones de Educaci\u00f3n Superior: Estrategias para la Prevenci\u00f3n y Atenci\u00f3n<br>\r\n<strong>2011.<\/strong> Propuesta al Congreso de la Uni\u00f3n de las Reformas Jur\u00eddicas y de Criterios para una Pol\u00edtica de Financiamiento de las Instituciones P\u00fablicas de Educaci\u00f3n Superior<br>\r\n<strong>2012.<\/strong> Publicaci\u00f3n del documento Inclusi\u00f3n con responsabilidad Social. Elementos de diagn\u00f3stico y propuestas para una nueva generaci\u00f3n de pol\u00edticas de educaci\u00f3n superior<br>\r\n<strong>2014.<\/strong> Contribuci\u00f3n a la implementaci\u00f3n del Nuevo Sistema de Justicia Penal<br>\r\n<strong>2014.<\/strong> Implementaci\u00f3n de la Alianza de Colaboraci\u00f3n ANUIES -Comisi\u00f3n Nacional de Derechos Humanos 6<br>\r\n <strong>2015. <\/strong>Concertaci\u00f3n de la Agenda SEP-ANUIES para el desarrollo de la Educaci\u00f3n Superior<br>\r\n <strong>2015. <\/strong>Instauraci\u00f3n de la Conferencia Internacional de Educaci\u00f3n Superior ANUIES<br>\r\n<strong>2016.<\/strong> Implementaci\u00f3n del Plan de Desarrollo Institucional ANUIES, Visi\u00f3n 2030<br>\r\n<strong>2016.<\/strong> Presentaci\u00f3n del modelo para la ampliaci\u00f3n de la cobertura en reuniones regionales SEP-CONAGO<\/p>\t\t\t\t\t\t <\/div>\r\n\t\t\t\t\t\t\t\t\t\t\t\t <div role=\"tabpanel\" class=\"tab-pane \" id=\"tabs_desc_1141_3\">\r\n\t\t\t\t\t\t\t\t<strong>\u00bfQu\u00e9 es ANUIES-TIC?<\/strong><br><br>\r\n<p style=\"text-align: justify;\">El comit\u00e9 de Tecnolog\u00edas de la Informaci\u00f3n y Comunicaciones (TIC) de la ANUIES, o ANUIES-TIC es un \u00f3rgano para la participaci\u00f3n y coordinaci\u00f3n entre las Instituciones de Educaci\u00f3n Superior asociadas a la ANUIES que asesora y promueve las mejores pr\u00e1cticas para el uso y aprovechamiento de las TIC.<\/p><br><br>\r\n\r\n<strong>Ejes estrat\u00e9gicos<\/strong><br><br>\r\n\r\n<p style=\"text-align: justify;\">El Comit\u00e9 ANUIES-TIC ha priorizado como ejes principales las siguientes tem\u00e1ticas como \u00e1reas de oportunidad:<br><br>\r\n\r\n1. Gobierno de Tecnolog\u00edas de la Informaci\u00f3n y Comunicaciones<br>\r\n2. Seguridad de la Informaci\u00f3n<br>\r\n3. Gesti\u00f3n Interinstitucional con proveedores y prestadores de servicios de TI<\/p>\r\n\t\t\t\t\t\t <\/div>\r\n\t\t\t\t\t\t\t\r\n\t\t\t\t\t <\/div>\r\n\t\t\t\t\t \r\n\t\t\t\t <\/div>\r\n <script>\r\n\t\tjQuery(function () {\r\n\t\t\tjQuery('#myTab_1141 a:first').tab('show')\r\n\t\t});\r\n\t\t\r\n\t\t\t\tjQuery(function(){\r\n\t\t\tvar b=\"fadeIn\";\r\n\t\t\tvar c;\r\n\t\t\tvar a;\r\n\t\t\td(jQuery(\"#myTab_1141 a\"),jQuery(\"#tab-content_1141\"));function d(e,f,g){\r\n\t\t\t\te.click(function(i){\r\n\t\t\t\t\ti.preventDefault();\r\n\t\t\t\t\tjQuery(this).tab(\"show\");\r\n\t\t\t\t\tvar h=jQuery(this).data(\"easein\");\r\n\t\t\t\t\tif(c){c.removeClass(a);}\r\n\t\t\t\t\tif(h){f.find(\"div.active\").addClass(\"animated \"+h);a=h;}\r\n\t\t\t\t\telse{if(g){f.find(\"div.active\").addClass(\"animated \"+g);a=g;}else{f.find(\"div.active\").addClass(\"animated \"+b);a=b;}}c=f.find(\"div.active\");\r\n\t\t\t\t});\r\n\t\t\t}\r\n\t\t});\r\n\t\t\r\n\r\n\t\tfunction do_resize(){\r\n\r\n\t\t\tvar width=jQuery( '.tab-content .tab-pane iframe' ).width();\r\n\t\t\tvar height=jQuery( '.tab-content .tab-pane iframe' ).height();\r\n\r\n\t\t\tvar toggleSize = true;\r\n\t\t\tjQuery('iframe').animate({\r\n\t\t\t    width: toggleSize ? width : 640,\r\n\t\t\t    height: toggleSize ? height : 360\r\n\t\t\t  }, 250);\r\n\r\n\t\t\t  toggleSize = !toggleSize;\r\n\t\t}\r\n\r\n\r\n\t<\/script>\r\n\t\t\t\t\r\n\t\t\t\n<\/div>\n<\/div>\n","protected":false},"excerpt":{"rendered":"","protected":false},"author":1,"featured_media":0,"parent":0,"menu_order":0,"comment_status":"closed","ping_status":"closed","template":"","meta":{"footnotes":""},"class_list":["post-9","page","type-page","status-publish","hentry"],"rttpg_featured_image_url":null,"rttpg_author":{"display_name":"ctrlweb","author_link":"https:\/\/anuies-tic.anuies.mx\/web\/encuentro2016\/author\/ctrldcsctrlweb\/"},"rttpg_comment":0,"rttpg_category":null,"rttpg_excerpt":null,"_links":{"self":[{"href":"https:\/\/anuies-tic.anuies.mx\/web\/encuentro2016\/wp-json\/wp\/v2\/pages\/9","targetHints":{"allow":["GET"]}}],"collection":[{"href":"https:\/\/anuies-tic.anuies.mx\/web\/encuentro2016\/wp-json\/wp\/v2\/pages"}],"about":[{"href":"https:\/\/anuies-tic.anuies.mx\/web\/encuentro2016\/wp-json\/wp\/v2\/types\/page"}],"author":[{"embeddable":true,"href":"https:\/\/anuies-tic.anuies.mx\/web\/encuentro2016\/wp-json\/wp\/v2\/users\/1"}],"replies":[{"embeddable":true,"href":"https:\/\/anuies-tic.anuies.mx\/web\/encuentro2016\/wp-json\/wp\/v2\/comments?post=9"}],"version-history":[{"count":17,"href":"https:\/\/anuies-tic.anuies.mx\/web\/encuentro2016\/wp-json\/wp\/v2\/pages\/9\/revisions"}],"predecessor-version":[{"id":1143,"href":"https:\/\/anuies-tic.anuies.mx\/web\/encuentro2016\/wp-json\/wp\/v2\/pages\/9\/revisions\/1143"}],"wp:attachment":[{"href":"https:\/\/anuies-tic.anuies.mx\/web\/encuentro2016\/wp-json\/wp\/v2\/media?parent=9"}],"curies":[{"name":"wp","href":"https:\/\/api.w.org\/{rel}","templated":true}]}}