{"id":2897,"date":"2021-05-27T19:00:17","date_gmt":"2021-05-27T19:00:17","guid":{"rendered":"https:\/\/anuies-tic.anuies.mx\/web\/encuentro2017\/?page_id=2897"},"modified":"2021-05-27T19:01:32","modified_gmt":"2021-05-27T19:01:32","slug":"inicio","status":"publish","type":"page","link":"https:\/\/anuies-tic.anuies.mx\/web\/encuentro2017\/","title":{"rendered":"Inicio"},"content":{"rendered":"<div class=\"blog-lg-box\"><a class=\"img-responsive\" title=\"2a. Edici\u00f3n del Encuentro ANUIES-TIC\" href=\"https:\/\/anuies-tic.anuies.mx\/web\/encuentro2017\/2017\/10\/02\/encuentro-anuies-tic\/\"><img loading=\"lazy\" decoding=\"async\" class=\"img-responsive wp-post-image\" src=\"https:\/\/anuies-tic.anuies.mx\/web\/encuentro2017\/wp-content\/uploads\/sites\/15\/2017\/06\/Auditorio-compressor.jpg\" sizes=\"auto, (max-width: 1986px) 100vw, 1986px\" srcset=\"https:\/\/anuies-tic.anuies.mx\/web\/encuentro2017\/wp-content\/uploads\/sites\/15\/2017\/06\/Auditorio-compressor.jpg 1986w, https:\/\/anuies-tic.anuies.mx\/web\/encuentro2017\/wp-content\/uploads\/sites\/15\/2017\/06\/Auditorio-compressor-300x105.jpg 300w, https:\/\/anuies-tic.anuies.mx\/web\/encuentro2017\/wp-content\/uploads\/sites\/15\/2017\/06\/Auditorio-compressor-768x269.jpg 768w, https:\/\/anuies-tic.anuies.mx\/web\/encuentro2017\/wp-content\/uploads\/sites\/15\/2017\/06\/Auditorio-compressor-1024x359.jpg 1024w\" alt=\"\" width=\"1986\" height=\"696\"><\/a><\/div>\n<h3 class=\"blog-title\" style=\"text-align: center;\"><a href=\"https:\/\/anuies-tic.anuies.mx\/web\/encuentro2017\/2017\/10\/02\/encuentro-anuies-tic\/\">2a. Edici\u00f3n del Encuentro ANUIES-TIC<\/a><\/h3>\n<div class=\"blog-content\">\n<h3 style=\"text-align: center;\"><em><b>\u201c<strong>Los Retos &nbsp;de las TIC en las Instituciones de Educaci\u00f3n Superior<\/strong>\u201c<\/b><\/em><\/h3>\n<p>&nbsp;<\/p>\n<hr>\n<h4 style=\"text-align: center;\"><b><\/b><strong>\u00bfQu\u00e9 es?<\/strong><\/h4>\n<p style=\"text-align: justify;\">La \u201c<strong>2a. Edici\u00f3n del<\/strong><b>&nbsp;Encuentro ANUIES-TIC<\/b>\u201d es un espacio de contacto, convivencia e intercambio de experiencias entre los responsables de TIC de las universidades e instituciones de educaci\u00f3n superior con especialistas en el \u00e1mbito, y con proveedores que puedan potencializar el uso y aprovechamiento de las TIC.<\/p>\n<h4 style=\"text-align: center;\"><b>Eje tem\u00e1tico<\/b><\/h4>\n<p style=\"text-align: justify;\">El eje tem\u00e1tico del evento ser\u00e1 \u201c<b><i>Los Retos de las&nbsp;&nbsp;<\/i><\/b><b><i>TIC&nbsp;<\/i><\/b><b><i>en las Instituciones de Educaci\u00f3n Superior<\/i><\/b>\u201d desde dos perspectivas: el gobierno de TI, la seguridad de la informaci\u00f3n y las adquisiciones en TI en las universidades e instituciones de educaci\u00f3n superior.<\/p>\n<h4 style=\"text-align: center;\"><b>\u00bfA qui\u00e9nes&nbsp;<\/b><b>va&nbsp;<\/b><b>dirigido?<\/b><\/h4>\n<p>Responsables TIC de las universidades:<\/p>\n<ul>\n<li><b>Coordinadores y Directores Generales TIC<\/b><\/li>\n<li><b>Gestores TIC<\/b><\/li>\n<\/ul>\n<h4 style=\"text-align: center;\"><strong>\u00bfD\u00f3nde y cu\u00e1ndo se llevar\u00e1 a cabo?<\/strong><\/h4>\n<p><img loading=\"lazy\" decoding=\"async\" class=\" wp-image-653 alignleft\" src=\"https:\/\/anuies-tic.anuies.mx\/web\/encuentro2017\/wp-content\/uploads\/sites\/15\/2017\/05\/cucea.jpg\" sizes=\"auto, (max-width: 395px) 100vw, 395px\" srcset=\"https:\/\/anuies-tic.anuies.mx\/web\/encuentro2017\/wp-content\/uploads\/sites\/15\/2017\/05\/cucea.jpg 600w, https:\/\/anuies-tic.anuies.mx\/web\/encuentro2017\/wp-content\/uploads\/sites\/15\/2017\/05\/cucea-300x200.jpg 300w, https:\/\/anuies-tic.anuies.mx\/web\/encuentro2017\/wp-content\/uploads\/sites\/15\/2017\/05\/cucea-272x182.jpg 272w\" alt=\"\" width=\"395\" height=\"263\">La&nbsp;<strong>2a. Edici\u00f3n del<\/strong><b>&nbsp;<\/b><strong>&nbsp;Encuentro ANUIES-TIC<\/strong>&nbsp;se llevar\u00e1 a cabo los d\u00edas 4, 5 y 6 de octubre de 2017 &nbsp;en&nbsp;Centro Universitario de Ciencias &nbsp;Econ\u00f3mico Administrativas (CUCEA) de la&nbsp;Universidad de Guadalajara , &nbsp;Guadalajara,&nbsp;<\/p>\n<\/div>\n","protected":false},"excerpt":{"rendered":"<p>2a. Edici\u00f3n del Encuentro ANUIES-TIC \u201cLos Retos &nbsp;de las TIC en las Instituciones de Educaci\u00f3n Superior\u201c &nbsp; \u00bfQu\u00e9 es? La \u201c2a. Edici\u00f3n del&nbsp;Encuentro ANUIES-TIC\u201d es un espacio de contacto, convivencia e intercambio de experiencias entre los responsables de TIC de las universidades e instituciones de educaci\u00f3n superior con especialistas en el \u00e1mbito, y con proveedores [&hellip;]<\/p>\n","protected":false},"author":1,"featured_media":0,"parent":0,"menu_order":0,"comment_status":"closed","ping_status":"closed","template":"","meta":{"_exactmetrics_skip_tracking":false,"_exactmetrics_sitenote_active":false,"_exactmetrics_sitenote_note":"","_exactmetrics_sitenote_category":0,"ngg_post_thumbnail":0,"footnotes":""},"class_list":["post-2897","page","type-page","status-publish","hentry"],"rttpg_featured_image_url":null,"rttpg_author":{"display_name":"ctrlweb","author_link":"https:\/\/anuies-tic.anuies.mx\/web\/encuentro2017\/author\/ctrldcsctrlweb\/"},"rttpg_comment":0,"rttpg_category":null,"rttpg_excerpt":"2a. Edici\u00f3n del Encuentro ANUIES-TIC \u201cLos Retos &nbsp;de las TIC en las Instituciones de Educaci\u00f3n Superior\u201c &nbsp; \u00bfQu\u00e9 es? La \u201c2a. Edici\u00f3n del&nbsp;Encuentro ANUIES-TIC\u201d es un espacio de contacto, convivencia e intercambio de experiencias entre los responsables de TIC de las universidades e instituciones de educaci\u00f3n superior con especialistas en el \u00e1mbito, y con proveedores&hellip;","_links":{"self":[{"href":"https:\/\/anuies-tic.anuies.mx\/web\/encuentro2017\/wp-json\/wp\/v2\/pages\/2897","targetHints":{"allow":["GET"]}}],"collection":[{"href":"https:\/\/anuies-tic.anuies.mx\/web\/encuentro2017\/wp-json\/wp\/v2\/pages"}],"about":[{"href":"https:\/\/anuies-tic.anuies.mx\/web\/encuentro2017\/wp-json\/wp\/v2\/types\/page"}],"author":[{"embeddable":true,"href":"https:\/\/anuies-tic.anuies.mx\/web\/encuentro2017\/wp-json\/wp\/v2\/users\/1"}],"replies":[{"embeddable":true,"href":"https:\/\/anuies-tic.anuies.mx\/web\/encuentro2017\/wp-json\/wp\/v2\/comments?post=2897"}],"version-history":[{"count":3,"href":"https:\/\/anuies-tic.anuies.mx\/web\/encuentro2017\/wp-json\/wp\/v2\/pages\/2897\/revisions"}],"predecessor-version":[{"id":2900,"href":"https:\/\/anuies-tic.anuies.mx\/web\/encuentro2017\/wp-json\/wp\/v2\/pages\/2897\/revisions\/2900"}],"wp:attachment":[{"href":"https:\/\/anuies-tic.anuies.mx\/web\/encuentro2017\/wp-json\/wp\/v2\/media?parent=2897"}],"curies":[{"name":"wp","href":"https:\/\/api.w.org\/{rel}","templated":true}]}}