{"id":333,"date":"2017-04-25T18:24:56","date_gmt":"2017-04-25T18:24:56","guid":{"rendered":"http:\/\/anuies-tic.anuies.mx\/web\/encuentro2017\/?page_id=333"},"modified":"2017-08-18T16:06:33","modified_gmt":"2017-08-18T16:06:33","slug":"udg","status":"publish","type":"page","link":"https:\/\/anuies-tic.anuies.mx\/web\/encuentro2017\/udg\/","title":{"rendered":"Universidad de Guadalajara"},"content":{"rendered":"\t\t\t\t\t\t\t<h3 style=\"margin-bottom:20px ;display:block;width:100%;margin-top:10px\"> <\/h3>\r\n\t\t\t\t\t\t\t\t<style>\r\n\t\t\t\t\r\n\t\t\t\t\t#tab_container_1604 {\r\n\toverflow:hidden;\r\n\tdisplay:block;\r\n\twidth:100%;\r\n\tborder:0px solid #ddd;\r\n\tmargin-bottom:30px;\r\n\t}\r\n\r\n#tab_container_1604 .tab-content{\r\n\tpadding:20px;\r\n\tborder: 1px solid #e6e6e6 !important;\r\n\tmargin-top: 0px;\r\n\tbackground-color:#ffffff !important;\r\n\tcolor: #000000 !important;\r\n\tfont-size:16px !important;\r\n\tfont-family: Open Sans !important;\r\n\t\r\n\t\tborder: 1px solid #e6e6e6 !important;\r\n\t}\r\n#tab_container_1604 .wpsm_nav-tabs {\r\n    border-bottom: 0px solid #ddd;\r\n}\r\n#tab_container_1604 .wpsm_nav-tabs > li.active > a, #tab_container_1604 .wpsm_nav-tabs > li.active > a:hover, #tab_container_1604 .wpsm_nav-tabs > li.active > a:focus {\r\n\tcolor: #ffffff !important;\r\n\tcursor: default;\r\n\tbackground-color: #1e73be !important;\r\n\tborder: 1px solid #055aa5 !important;\r\n}\r\n\r\n#tab_container_1604 .wpsm_nav-tabs > li > a {\r\n    margin-right: 0px !important; \r\n    line-height: 1.42857143 !important;\r\n    border: 1px solid #722135 !important;\r\n    border-radius: 0px 0px 0 0 !important; \r\n\tbackground-color: #853448 !important;\r\n\tcolor: #ffffff !important;\r\n\tpadding: 15px 18px 15px 18px !important;\r\n\ttext-decoration: none !important;\r\n\tfont-size: 17px !important;\r\n\ttext-align:center !important;\r\n\tfont-family: Open Sans !important;\r\n}\r\n#tab_container_1604 .wpsm_nav-tabs > li > a:focus {\r\noutline: 0px !important;\r\n}\r\n\r\n#tab_container_1604 .wpsm_nav-tabs > li > a:before {\r\n\tdisplay:none !important;\r\n}\r\n#tab_container_1604 .wpsm_nav-tabs > li > a:after {\r\n\tdisplay:none !important ;\r\n}\r\n#tab_container_1604 .wpsm_nav-tabs > li{\r\npadding:0px !important ;\r\nmargin:0px;\r\n}\r\n\r\n#tab_container_1604 .wpsm_nav-tabs > li > a:hover , #tab_container_1604 .wpsm_nav-tabs > li > a:focus {\r\n    color: #ffffff !important;\r\n    background-color: #853448 !important;\r\n\tborder: 1px solid #722135 !important;\r\n\t\r\n}\r\n#tab_container_1604 .wpsm_nav-tabs > li > a .fa{\r\n\r\nmargin-right:5px !important;\r\n\r\nmargin-left:5px !important;\r\n\r\n\r\n}\r\n\r\n\t\t#tab_container_1604 .wpsm_nav-tabs a{\r\n\t\t\tbackground-image: none;\r\n\t\t\tbackground-position: 0 0;\r\n\t\t\tbackground-repeat: repeat-x;\r\n\t\t}\r\n\t\t\t\r\n\r\n\r\n#tab_container_1604 .wpsm_nav-tabs > li {\r\n    float: left;\r\n    margin-bottom: -1px !important;\r\n\tmargin-right:0px !important; \r\n}\r\n\r\n\r\n#tab_container_1604 .tab-content{\r\noverflow:hidden !important;\r\n}\r\n\r\n\r\n@media (min-width: 769px) {\r\n\r\n\t#tab_container_1604 .wpsm_nav-tabs > li{\r\n\t\tfloat:left !important ;\r\n\t\t\t\tmargin-right:-1px !important;\r\n\t\t\t\t\t}\r\n\t#tab_container_1604 .wpsm_nav-tabs{\r\n\t\tfloat:none !important;\r\n\t\tmargin:0px !important;\r\n\t}\r\n\r\n\t#tab_container_1604 .wpsm_nav-tabs > li {\r\n\t\t\t\t\r\n\t}\r\n\t#tab_container_1604 .wpsm_nav{\r\n\t\t\t}\r\n\r\n}\r\n\r\n\r\n\r\n@media (max-width: 768px) {\r\n\t#tab_container_1604 .wpsm_nav-tabs > li {\r\n\t\t\t\t\r\n\t}\r\n\t#tab_container_1604 .wpsm_nav{\r\n\t\t\t}\r\n}\r\n\r\n\r\n\t.wpsm_nav-tabs li:before{\r\n\t\tdisplay:none !important;\r\n\t}\r\n\r\n\t@media (max-width: 768px) {\r\n\t\t\t\t\r\n\t\t\t\t.wpsm_nav-tabs{\r\n\t\t\tmargin-left:0px !important;\r\n\t\t\tmargin-right:0px !important; \r\n\t\t\t\r\n\t\t}\r\n\t\t\t\t#tab_container_1604 .wpsm_nav-tabs > li{\r\n\t\t\tfloat:none !important;\r\n\t\t}\r\n\t\t\t\r\n\t}\t\t\t\t<\/style>\r\n\t\t\t\t<div id=\"tab_container_1604\" >\r\n\t \r\n\t\t\t\t\t<ul class=\"wpsm_nav wpsm_nav-tabs\" role=\"tablist\" id=\"myTab_1604\">\r\n\t\t\t\t\t\t\t\r\n\t\t\t\t\t\t\t<li role=\"presentation\"  class=\"active\"  onclick=\"do_resize()\">\r\n\t\t\t\t\t\t\t\t<a href=\"#tabs_desc_1604_1\" aria-controls=\"tabs_desc_1604_1\" role=\"tab\" data-toggle=\"tab\">\r\n\t\t\t\t\t\t\t\t\t\r\n\t\t\t\t\t\t\t\t\t\t\t\t\t\t\t\t\t\t\t\t\t\t\t\t\t\t\t\t\t\t\t<i class=\"fa fa-bookmark-o\"><\/i> \t\t\t\t\t\t\t\t\t\t\t\t\t\t\t\t\t\t\t\r\n\t\t\t\t\t\t\t\t\t\t\t\t\t\t\t\t\t\t\r\n\t\t\t\t\t\t\t\t\t<span>UDG<\/span>\r\n\t\t\t\t\t\t\t\t\t\r\n\t\t\t\t\t\t\t\t\t\t\t\t\t\t\t\t\t\t\r\n\t\t\t\t\t\t\t\t\t\t\t\t\t\t\t\t\t\t\t\t\r\n\t\t\t\t\t\t\t\t\t\r\n\t\t\t\t\t\t\t\t<\/a>\r\n\t\t\t\t\t\t\t<\/li>\r\n\t\t\t\t\t\t\t\r\n\t\t\t\t\t\t\t<li role=\"presentation\"  onclick=\"do_resize()\">\r\n\t\t\t\t\t\t\t\t<a href=\"#tabs_desc_1604_2\" aria-controls=\"tabs_desc_1604_2\" role=\"tab\" data-toggle=\"tab\">\r\n\t\t\t\t\t\t\t\t\t\r\n\t\t\t\t\t\t\t\t\t\t\t\t\t\t\t\t\t\t\t\t\t\t\t\t\t\t\t\t\t\t\t<i class=\"fa fa-bookmark-o\"><\/i> \t\t\t\t\t\t\t\t\t\t\t\t\t\t\t\t\t\t\t\r\n\t\t\t\t\t\t\t\t\t\t\t\t\t\t\t\t\t\t\r\n\t\t\t\t\t\t\t\t\t<span>RESE\u00d1A HIST\u00d3RICA<\/span>\r\n\t\t\t\t\t\t\t\t\t\r\n\t\t\t\t\t\t\t\t\t\t\t\t\t\t\t\t\t\t\r\n\t\t\t\t\t\t\t\t\t\t\t\t\t\t\t\t\t\t\t\t\r\n\t\t\t\t\t\t\t\t\t\r\n\t\t\t\t\t\t\t\t<\/a>\r\n\t\t\t\t\t\t\t<\/li>\r\n\t\t\t\t\t\t\t\r\n\t\t\t\t\t\t\t<li role=\"presentation\"  onclick=\"do_resize()\">\r\n\t\t\t\t\t\t\t\t<a href=\"#tabs_desc_1604_3\" aria-controls=\"tabs_desc_1604_3\" role=\"tab\" data-toggle=\"tab\">\r\n\t\t\t\t\t\t\t\t\t\r\n\t\t\t\t\t\t\t\t\t\t\t\t\t\t\t\t\t\t\t\t\t\t\t\t\t\t\t\t\t\t\t<i class=\"fa fa-bookmark-o\"><\/i> \t\t\t\t\t\t\t\t\t\t\t\t\t\t\t\t\t\t\t\r\n\t\t\t\t\t\t\t\t\t\t\t\t\t\t\t\t\t\t\r\n\t\t\t\t\t\t\t\t\t<span>PLAN DE DESARROLLO INSTITUCIONAL<\/span>\r\n\t\t\t\t\t\t\t\t\t\r\n\t\t\t\t\t\t\t\t\t\t\t\t\t\t\t\t\t\t\r\n\t\t\t\t\t\t\t\t\t\t\t\t\t\t\t\t\t\t\t\t\r\n\t\t\t\t\t\t\t\t\t\r\n\t\t\t\t\t\t\t\t<\/a>\r\n\t\t\t\t\t\t\t<\/li>\r\n\t\t\t\t\t\t\t\t\t\t\t <\/ul>\r\n\r\n\t\t\t\t\t  <!-- Tab panes -->\r\n\t\t\t\t\t  <div class=\"tab-content\" id=\"tab-content_1604\">\r\n\t\t\t\t\t\t\t\t\t\t\t\t <div role=\"tabpanel\" class=\"tab-pane  in active \" id=\"tabs_desc_1604_1\">\r\n\t\t\t\t\t\t\t\t<p style=\"text-align: justify;\"><img loading=\"lazy\" decoding=\"async\" class=\"alignleft wp-image-389\" src=\"http:\/\/anuies-tic.anuies.mx\/web\/encuentro2017\/wp-content\/uploads\/sites\/15\/2017\/04\/udg.jpg\" alt=\"\" width=\"409\" height=\"286\"><span style=\"font-size: 14pt;\">En los inicios de un nuevo milenio, la Universidad de Guadalajara es una vigorosa comunidad heredera de una tradici\u00f3n educativa forjada a lo largo de m\u00e1s de doscientos a\u00f1os de historia. Para julio de 2013, nuestra instituci\u00f3n atiende a m\u00e1s de 235 mil estudiantes (103 mil de nivel superior y 132 mil de nivel medio superior), distribuidos en seis centros universitarios metropolitanos, nueve centros universitarios regionales, 55 escuelas preparatorias, 71 m\u00f3dulos, 30 extensiones y un Sistema de Universidad Virtual.<\/span><\/p>\r\n<p style=\"text-align: justify;\"><span style=\"font-size: 14pt;\">Su comunidad acad\u00e9mica se distingue por ser una de las m\u00e1s importantes de M\u00e9xico. Es una instituci\u00f3n fundamental para la formaci\u00f3n de los recursos humanos de alto nivel y la producci\u00f3n de conocimientos cient\u00edficos y tecnol\u00f3gicos, sobre los que se sustenta el desarrollo de Jalisco. La vida cultural y la riqueza art\u00edstica del occidente de M\u00e9xico no se explican sin la pionera y \u00fanica contribuci\u00f3n de la Universidad de Guadalajara.<\/span><\/p>\t\t\t\t\t\t <\/div>\r\n\t\t\t\t\t\t\t\t\t\t\t\t <div role=\"tabpanel\" class=\"tab-pane \" id=\"tabs_desc_1604_2\">\r\n\t\t\t\t\t\t\t\t<p style=\"text-align: justify;\"><span style=\"font-size: 14pt;\"><img loading=\"lazy\" decoding=\"async\" class=\"alignleft\" src=\"http:\/\/anuies-tic.anuies.mx\/web\/encuentro2017\/wp-content\/uploads\/sites\/15\/2017\/04\/udg_escudo.png\" alt=\"resenahist\" width=\"227\" height=\"308\">La historia de la Universidad de Guadalajara hunde sus ra\u00edces en la \u00e9poca virreinal de la regi\u00f3n occidente de M\u00e9xico.<\/span><\/p>\r\n<p style=\"text-align: justify;\"><span style=\"font-size: 14pt;\">Tras casi cien a\u00f1os de gestiones ante la corona real espa\u00f1ola y con la decisiva intervenci\u00f3n de Fray Antonio Alcalde y Barriga, obispo de Guadalajara, el 3 de noviembre de 1792 se inaugura la Real Universidad de Guadalajara, que cronol\u00f3gicamente se convierte en la segunda de la Nueva Espa\u00f1a. La instituci\u00f3n adopta el modelo de la Universidad de Salamanca e inicia con las c\u00e1tedras de Medicina, Derecho, Teolog\u00eda y Filosof\u00eda.<\/span><\/p>\r\n<p style=\"text-align: justify;\"><span style=\"font-size: 14pt;\">Desde entonces, el devenir de la Universidad se encuentra relacionado con la historia de la naci\u00f3n mexicana; as\u00ed, entre 1826 y 1860, y como consecuencia de las pugnas entre gobiernos conservadores y liberales que se suscitaron despu\u00e9s de la guerra de Independencia, la Universidad sufre cierres y rupturas, que originaron cambios de denominaci\u00f3n alternos entre Instituto de Ciencias del Estado, Universidad de Guadalajara y Universidad Nacional de Guadalajara, de acuerdo al grupo en el poder.<\/span><\/p>\r\n<p style=\"text-align: justify;\"><span style=\"font-size: 14pt;\">Al llegar al siglo XX, con el triunfo de la Revoluci\u00f3n se busca establecer un proyecto educativo nacionalista en el pa\u00eds. En 1914, el gobernador de Jalisco Manuel M. Di\u00e9guez funda la Escuela Preparatoria de Jalisco como una instituci\u00f3n precursora. Una d\u00e9cada despu\u00e9s, en 1925, el gobernador Jos\u00e9 Guadalupe Zuno instaura nuevamente la Universidad de Guadalajara, luego de 65 a\u00f1os de prolongada ausencia.<\/span><\/p>\r\n<p style=\"text-align: justify;\"><span style=\"font-size: 14pt;\">Hacia las \u00faltimas d\u00e9cadas del siglo XX y ante los nuevos retos que planteaba el acontecer internacional, la Universidad inicia un proceso de reforma que culmina con nuevas estructuras acad\u00e9micas y administrativas y se integra la Red Universitaria; a partir de su creaci\u00f3n, la Universidad expande sus servicios de nivel medio superior y superior a todo el territorio del Estado de Jalisco y fortalece su vocaci\u00f3n cient\u00edfica y de difusi\u00f3n de la cultura.<\/span><\/p>\r\n<p style=\"text-align: justify;\"><span style=\"font-size: 14pt;\">Cruzar el umbral de la historia de la Universidad de Guadalajara significa introducirse en sus m\u00e1s de 200 a\u00f1os de acontecimientos que han impactado definitivamente el desarrollo de una ciudad y del Estado de Jalisco en su conjunto. Mediante sus egresados, la Universidad ha influido no s\u00f3lo en los espacios acad\u00e9micos, sino tambi\u00e9n en los aconteceres pol\u00edticos, la sanaci\u00f3n del dolor humano, las innovaciones tecnol\u00f3gicas, la creaci\u00f3n art\u00edstica, el pensamiento y la pr\u00e1ctica del derecho, la promoci\u00f3n de los derechos humanos y la construcci\u00f3n permanente de una sociedad m\u00e1s justa y democr\u00e1tica.<\/span><\/p>\t\t\t\t\t\t <\/div>\r\n\t\t\t\t\t\t\t\t\t\t\t\t <div role=\"tabpanel\" class=\"tab-pane \" id=\"tabs_desc_1604_3\">\r\n\t\t\t\t\t\t\t\t<p style=\"text-align: justify;\"><span style=\"font-size: 14pt;\">La gran misi\u00f3n articuladora del presente Plan de Desarrollo Institucional 2014-2030 es colocar al aprendizaje del estudiante y a la investigaci\u00f3n como pilares fundamentales para el desarrollo de nuestra Universidad. En este documento, la Universidad de Guadalajara refrenda su compromiso con la excelencia acad\u00e9mica y la pertinencia social de sus actividades.<\/span><\/p>\r\n<p style=\"text-align: justify;\"><span style=\"font-size: 14pt;\">En este marco, con base en el an\u00e1lisis del contexto internacional y nacional de la educaci\u00f3n superior, los avances y retos de la Universidad de Guadalajara en los \u00faltimos a\u00f1os, as\u00ed como la participaci\u00f3n de la comunidad universitaria y la sociedad en la identificaci\u00f3n de problemas y la propuesta de soluciones, se presenta la Misi\u00f3n y Visi\u00f3n de nuestra Casa de Estudio para los pr\u00f3ximos a\u00f1os, as\u00ed como las directrices, objetivos y estrategias generales que la instituci\u00f3n habr\u00e1 de seguir para posicionarse como una universidad global con excelencia acad\u00e9mica.<\/span><\/p>\r\n<p style=\"text-align: justify;\"><span style=\"font-size: 14pt;\"><strong>Directrices estrat\u00e9gicas<\/strong><\/span><\/p>\r\n<p style=\"text-align: justify;\"><span style=\"font-size: 14pt;\">Con la Misi\u00f3n y Visi\u00f3n institucionales, la Universidad de Guadalajara asume el compromiso de guiarse en todo momento por seis grandes directrices estrat\u00e9gicas que se articulan y operan a trav\u00e9s de los respectivos Ejes Tem\u00e1ticos. Los objetivos y estrategias presentadas de este Plan parten de visualizar a nuestra Casa de Estudio como una:<\/span><\/p>\r\n<p><span style=\"font-size: 14pt;\"> Universidad con excelencia acad\u00e9mica en la sociedad del conocimiento<\/span><\/p>\r\n<p><span style=\"font-size: 14pt;\"> Universidad incluyente, equitativa e impulsora de la movilidad social<\/span><\/p>\r\n<p><span style=\"font-size: 14pt;\"> Universidad como polo de desarrollo cient\u00edfico y tecnol\u00f3gico<\/span><\/p>\r\n<p><span style=\"font-size: 14pt;\"> Universidad sustentable y socialmente responsable<\/span><\/p>\r\n<p><span style=\"font-size: 14pt;\"> Universidad con visi\u00f3n global y compromiso local<\/span><\/p>\r\n<p><span style=\"font-size: 14pt;\"> Universidad transparente y financieramente responsable<\/span><\/p>\r\n<p style=\"text-align: justify;\"><span style=\"font-size: 14pt;\"><strong>Ejes tem\u00e1ticos<\/strong><\/span><\/p>\r\n<p style=\"text-align: justify;\"><span style=\"font-size: 14pt;\">DOCENCIA Y APRENDIZAJE<\/span><\/p>\r\n<p style=\"text-align: justify;\"><span style=\"font-size: 14pt;\">Como instituci\u00f3n p\u00fablica, la Universidad de Guadalajara tiene el compromiso social de atender el incremento de la matr\u00edcula, cuidando que la masificaci\u00f3n no demerite la calidad. Por tanto, es preciso mantener actualizados los contenidos curriculares, garantizar las condiciones para la formaci\u00f3n y la actualizaci\u00f3n de la planta docente y los investigadores, fortalecer el enfoque centrado en el aprendizaje y, como consecuencia, implementar un conjunto de programas para que la instituci\u00f3n pueda garantizar una formaci\u00f3n integral para el estudiante, con condiciones \u00f3ptimas para concluir sus estudios.<\/span><\/p>\r\n<p style=\"text-align: justify;\"><span style=\"font-size: 14pt;\">INVESTIGACI\u00d3N Y POSGRADO<\/span><\/p>\r\n<p style=\"text-align: justify;\"><span style=\"font-size: 14pt;\">La Universidad de Guadalajara est\u00e1 comprometida con el desarrollo de la investigaci\u00f3n y el posgrado, por su relevancia en la formaci\u00f3n de recursos humanos de alto nivel y en la generaci\u00f3n de conocimientos que contribuyan al desarrollo econ\u00f3mico y al bienestar social. Durante los \u00faltimos diez a\u00f1os la Universidad ha mejorado significativamente sus capacidades para la investigaci\u00f3n y la formaci\u00f3n de posgrado, logrando colocarse como l\u00edder entre las universidades de los estados de la Rep\u00fablica por sus acad\u00e9micos reconocidos por los SNI y SNCA e integrantes de cuerpos acad\u00e9micos consolidados del PROMEP.<\/span><\/p>\r\n<p style=\"text-align: justify;\"><span style=\"font-size: 14pt;\">VINCULACI\u00d3N<\/span><\/p>\r\n<p style=\"text-align: justify;\"><span style=\"font-size: 14pt;\">Uno de los principales compromisos de las universidades p\u00fablicas es contribuir al desarrollo social y econ\u00f3mico de las regiones y los pa\u00edses. La vinculaci\u00f3n es una funci\u00f3n que posibilita conocer las necesidades del entorno y, en consecuencia, incidir en la formaci\u00f3n de ciudadanos y profesionales de alto nivel.<\/span><\/p>\r\n<p style=\"text-align: justify;\"><span style=\"font-size: 14pt;\">EXTENSI\u00d3N Y DIFUSI\u00d3N<\/span><\/p>\r\n<p style=\"text-align: justify;\"><span style=\"font-size: 14pt;\">La extensi\u00f3n se reconoce como el conjunto de servicios de car\u00e1cter acad\u00e9mico-profesional que ofrecen las instituciones de educaci\u00f3n superior, tanto al interior como al exterior de los centros universitarios y las escuelas.<\/span>\r\n<span style=\"font-size: 14pt;\"> Por su parte, la difusi\u00f3n se entiende como el conjunto de programas y acciones que contribuyen al desarrollo cultural y a la formaci\u00f3n integral de la comunidad acad\u00e9mica y de la sociedad.<\/span><\/p>\r\n<p style=\"text-align: justify;\"><span style=\"font-size: 14pt;\">INTERNACIONALIZACI\u00d3N<\/span><\/p>\r\n<p style=\"text-align: justify;\"><span style=\"font-size: 14pt;\">Como proyecto educativo, la internacionalizaci\u00f3n desarrolla un conjunto de habilidades cognitivas y multiculturales, a las que se les denomina competencias globales, que habilitan a los estudiantes para desempe\u00f1arse en contextos laborales, sociales y culturales distintos a los suyos, y fomentan la adquisici\u00f3n de valores como la pluralidad, el respeto y la tolerancia.<\/span><\/p>\r\n<p style=\"text-align: justify;\"><span style=\"font-size: 14pt;\">GESTI\u00d3N Y GOBIERNO<\/span><\/p>\r\n<p style=\"text-align: justify;\"><span style=\"font-size: 14pt;\">El papel de la universidad en estos escenarios coloca a los procesos de gesti\u00f3n y gobierno en el centro de las decisiones institucionales, el fortalecimiento de la gobernabilidad y la gobernanza, el aseguramiento de la sustentabilidad financiera, la capacidad de planeaci\u00f3n y prospectiva institucional, la flexibilidad y calidad de la organizaci\u00f3n y administraci\u00f3n del gobierno universitario, son los cuatro grandes desaf\u00edos en \u00e9ste \u00e1mbito que nuestra universidad enfrenta.<\/span>\r\n.<\/p>\t\t\t\t\t\t <\/div>\r\n\t\t\t\t\t\t\t\r\n\t\t\t\t\t <\/div>\r\n\t\t\t\t\t \r\n\t\t\t\t <\/div>\r\n <script>\r\n\t\tjQuery(function () {\r\n\t\t\tjQuery('#myTab_1604 a:first').tab('show')\r\n\t\t});\r\n\t\t\r\n\t\t\t\tjQuery(function(){\r\n\t\t\tvar b=\"fadeInDown\";\r\n\t\t\tvar c;\r\n\t\t\tvar a;\r\n\t\t\td(jQuery(\"#myTab_1604 a\"),jQuery(\"#tab-content_1604\"));function d(e,f,g){\r\n\t\t\t\te.click(function(i){\r\n\t\t\t\t\ti.preventDefault();\r\n\t\t\t\t\tjQuery(this).tab(\"show\");\r\n\t\t\t\t\tvar h=jQuery(this).data(\"easein\");\r\n\t\t\t\t\tif(c){c.removeClass(a);}\r\n\t\t\t\t\tif(h){f.find(\"div.active\").addClass(\"animated \"+h);a=h;}\r\n\t\t\t\t\telse{if(g){f.find(\"div.active\").addClass(\"animated \"+g);a=g;}else{f.find(\"div.active\").addClass(\"animated \"+b);a=b;}}c=f.find(\"div.active\");\r\n\t\t\t\t});\r\n\t\t\t}\r\n\t\t});\r\n\t\t\r\n\r\n\t\tfunction do_resize(){\r\n\r\n\t\t\tvar width=jQuery( '.tab-content .tab-pane iframe' ).width();\r\n\t\t\tvar height=jQuery( '.tab-content .tab-pane iframe' ).height();\r\n\r\n\t\t\tvar toggleSize = true;\r\n\t\t\tjQuery('iframe').animate({\r\n\t\t\t    width: toggleSize ? width : 640,\r\n\t\t\t    height: toggleSize ? height : 360\r\n\t\t\t  }, 250);\r\n\r\n\t\t\t  toggleSize = !toggleSize;\r\n\t\t}\r\n\r\n\r\n\t<\/script>\r\n\t\t\t\t\r\n\t\t\t\n","protected":false},"excerpt":{"rendered":"","protected":false},"author":1,"featured_media":0,"parent":0,"menu_order":0,"comment_status":"closed","ping_status":"closed","template":"","meta":{"_exactmetrics_skip_tracking":false,"_exactmetrics_sitenote_active":false,"_exactmetrics_sitenote_note":"","_exactmetrics_sitenote_category":0,"ngg_post_thumbnail":0,"footnotes":""},"class_list":["post-333","page","type-page","status-publish","hentry"],"rttpg_featured_image_url":null,"rttpg_author":{"display_name":"ctrlweb","author_link":"https:\/\/anuies-tic.anuies.mx\/web\/encuentro2017\/author\/ctrldcsctrlweb\/"},"rttpg_comment":0,"rttpg_category":null,"rttpg_excerpt":null,"_links":{"self":[{"href":"https:\/\/anuies-tic.anuies.mx\/web\/encuentro2017\/wp-json\/wp\/v2\/pages\/333","targetHints":{"allow":["GET"]}}],"collection":[{"href":"https:\/\/anuies-tic.anuies.mx\/web\/encuentro2017\/wp-json\/wp\/v2\/pages"}],"about":[{"href":"https:\/\/anuies-tic.anuies.mx\/web\/encuentro2017\/wp-json\/wp\/v2\/types\/page"}],"author":[{"embeddable":true,"href":"https:\/\/anuies-tic.anuies.mx\/web\/encuentro2017\/wp-json\/wp\/v2\/users\/1"}],"replies":[{"embeddable":true,"href":"https:\/\/anuies-tic.anuies.mx\/web\/encuentro2017\/wp-json\/wp\/v2\/comments?post=333"}],"version-history":[{"count":14,"href":"https:\/\/anuies-tic.anuies.mx\/web\/encuentro2017\/wp-json\/wp\/v2\/pages\/333\/revisions"}],"predecessor-version":[{"id":1605,"href":"https:\/\/anuies-tic.anuies.mx\/web\/encuentro2017\/wp-json\/wp\/v2\/pages\/333\/revisions\/1605"}],"wp:attachment":[{"href":"https:\/\/anuies-tic.anuies.mx\/web\/encuentro2017\/wp-json\/wp\/v2\/media?parent=333"}],"curies":[{"name":"wp","href":"https:\/\/api.w.org\/{rel}","templated":true}]}}