{"id":846,"date":"2017-05-03T19:38:09","date_gmt":"2017-05-03T19:38:09","guid":{"rendered":"http:\/\/anuies-tic.anuies.mx\/web\/encuentro2017\/?page_id=846"},"modified":"2017-07-04T14:54:54","modified_gmt":"2017-07-04T14:54:54","slug":"reserva-tu-stand","status":"publish","type":"page","link":"https:\/\/anuies-tic.anuies.mx\/web\/encuentro2017\/reserva-tu-stand\/","title":{"rendered":"Reserva tu stand"},"content":{"rendered":"<p style=\"text-align: center;\"><span style=\"font-size: 14pt;\">Para m\u00e1s informaci\u00f3n sobre como participar como patrocinador favor de escribir al siguiente correo electr\u00f3nico<\/span><\/p>\n<h4 style=\"text-align: center;\"><span style=\"font-size: 14pt;\"><a href=\"mailto:encuentro.anuies-tic@anuies.mx\" target=\"_blank\" rel=\"noopener noreferrer\"><img loading=\"lazy\" decoding=\"async\" class=\"aligncenter wp-image-721\" src=\"http:\/\/anuies-tic.anuies.mx\/web\/encuentro2016\/wp-content\/uploads\/sites\/9\/2016\/10\/correo.png\" alt=\"twitter\" width=\"46\" height=\"36\" align=\"middle\"><\/a>&nbsp;&nbsp;<a href=\"mailto:encuentro.anuies-tic@anuies.mx\"><strong>encuentro-tic<span class=\"grey\">@anuies.mx<\/span><\/strong><\/a><\/span><\/h4>\n<p>&nbsp;<\/p>\n","protected":false},"excerpt":{"rendered":"<p>Para m\u00e1s informaci\u00f3n sobre como participar como patrocinador favor de escribir al siguiente correo electr\u00f3nico &nbsp;&nbsp;encuentro-tic@anuies.mx &nbsp;<\/p>\n","protected":false},"author":1,"featured_media":0,"parent":0,"menu_order":0,"comment_status":"closed","ping_status":"closed","template":"","meta":{"_exactmetrics_skip_tracking":false,"_exactmetrics_sitenote_active":false,"_exactmetrics_sitenote_note":"","_exactmetrics_sitenote_category":0,"ngg_post_thumbnail":0,"footnotes":""},"class_list":["post-846","page","type-page","status-publish","hentry"],"rttpg_featured_image_url":null,"rttpg_author":{"display_name":"ctrlweb","author_link":"https:\/\/anuies-tic.anuies.mx\/web\/encuentro2017\/author\/ctrldcsctrlweb\/"},"rttpg_comment":0,"rttpg_category":null,"rttpg_excerpt":"Para m\u00e1s informaci\u00f3n sobre como participar como patrocinador favor de escribir al siguiente correo electr\u00f3nico &nbsp;&nbsp;encuentro-tic@anuies.mx &nbsp;","_links":{"self":[{"href":"https:\/\/anuies-tic.anuies.mx\/web\/encuentro2017\/wp-json\/wp\/v2\/pages\/846","targetHints":{"allow":["GET"]}}],"collection":[{"href":"https:\/\/anuies-tic.anuies.mx\/web\/encuentro2017\/wp-json\/wp\/v2\/pages"}],"about":[{"href":"https:\/\/anuies-tic.anuies.mx\/web\/encuentro2017\/wp-json\/wp\/v2\/types\/page"}],"author":[{"embeddable":true,"href":"https:\/\/anuies-tic.anuies.mx\/web\/encuentro2017\/wp-json\/wp\/v2\/users\/1"}],"replies":[{"embeddable":true,"href":"https:\/\/anuies-tic.anuies.mx\/web\/encuentro2017\/wp-json\/wp\/v2\/comments?post=846"}],"version-history":[{"count":6,"href":"https:\/\/anuies-tic.anuies.mx\/web\/encuentro2017\/wp-json\/wp\/v2\/pages\/846\/revisions"}],"predecessor-version":[{"id":1462,"href":"https:\/\/anuies-tic.anuies.mx\/web\/encuentro2017\/wp-json\/wp\/v2\/pages\/846\/revisions\/1462"}],"wp:attachment":[{"href":"https:\/\/anuies-tic.anuies.mx\/web\/encuentro2017\/wp-json\/wp\/v2\/media?parent=846"}],"curies":[{"name":"wp","href":"https:\/\/api.w.org\/{rel}","templated":true}]}}