{"id":553,"date":"2019-04-01T20:18:54","date_gmt":"2019-04-01T20:18:54","guid":{"rendered":"https:\/\/anuies-tic.anuies.mx\/web\/encuesta-tic\/?page_id=553"},"modified":"2025-02-14T19:22:51","modified_gmt":"2025-02-14T19:22:51","slug":"inicio","status":"publish","type":"page","link":"https:\/\/anuies-tic.anuies.mx\/web\/encuesta-tic\/","title":{"rendered":""},"content":{"rendered":"<div id=\"pl-553\"  class=\"panel-layout\" ><div id=\"pg-553-0\"  class=\"panel-grid panel-no-style\" ><div id=\"pgc-553-0-0\"  class=\"panel-grid-cell\" ><div id=\"panel-553-0-0-0\" class=\"so-panel widget widget_sow-editor panel-first-child panel-last-child\" data-index=\"0\" ><div class=\"panel-widget-style panel-widget-style-for-553-0-0-0\" ><div\n\t\t\t\n\t\t\tclass=\"so-widget-sow-editor so-widget-sow-editor-base\"\n\t\t\t\n\t\t>\n<div class=\"siteorigin-widget-tinymce textwidget\">\n\t<p><!--\n\n\n<\/p>\n\n\n\n<p style=\"text-align: center;\"><strong><span style=\"font-size: 24px; color: #800000;\">Finaliz\u00f3 el periodo de participaci\u00f3n en las encuestas, gracias por su participaci\u00f3n.<\/span><\/strong><\/p>\n\n\n\n\n--><\/p>\n<div class=\"\" data-block=\"true\" data-editor=\"anbi\" data-offset-key=\"bgvci-0-0\">\n<div class=\"public-DraftStyleDefault-block public-DraftStyleDefault-ltr\" style=\"text-align: justify;\" data-offset-key=\"bgvci-0-0\"><span data-offset-key=\"bgvci-0-0\">La <\/span><strong><span class=\"sc-gBwwDl clmIUO CompleteMention\">ANUIES de la RM<\/span><\/strong><span data-offset-key=\"bgvci-2-0\"><strong>,<\/strong> a trav\u00e9s de su comit\u00e9 <\/span><strong><span class=\"sc-gBwwDl clmIUO CompleteMention\">ANUIES TIC<\/span><\/strong><span data-offset-key=\"bgvci-4-0\">, te invita a participar en las encuestas \"<strong>Estado actual de las tecnolog\u00edas educativas en las Instituciones de Educaci\u00f3n Superior en M\u00e9xico<\/strong>\" y \"<strong>Tecnolog\u00eda de la Informaci\u00f3n y Comunicaci\u00f3n en las Instituciones de Educaci\u00f3n Superior en M\u00e9xico<\/strong>\" en su edici\u00f3n 2025.<\/span><\/div>\n<\/div>\n<div class=\"\" data-block=\"true\" data-editor=\"anbi\" data-offset-key=\"6msng-0-0\">\n<div class=\"public-DraftStyleDefault-block public-DraftStyleDefault-ltr\" style=\"text-align: justify;\" data-offset-key=\"6msng-0-0\"><span data-offset-key=\"6msng-0-0\">Las encuestas van dirigidas a los responsables de TIC&nbsp; y Tecnolog\u00eda Educativa de las Instituciones de Educaci\u00f3n Superior afiliadas a la ANUIES, para participar, simplemente env\u00ede un correo electr\u00f3nico a&nbsp; <a href=\"mailto:encuesta-tic@anuies.mx\">encuesta-tic@anuies.mx <\/a><\/span><span data-offset-key=\"6msng-2-0\">&nbsp;solicitando acceso a la encuesta.<\/span><\/div>\n<div data-offset-key=\"6msng-0-0\">\n<hr \/>\n<\/div>\n<\/div>\n<\/div>\n<\/div><\/div><\/div><\/div><\/div><div id=\"pg-553-1\"  class=\"panel-grid panel-no-style\" ><div id=\"pgc-553-1-0\"  class=\"panel-grid-cell\" ><div id=\"panel-553-1-0-0\" class=\"so-panel widget widget_sow-editor panel-first-child panel-last-child\" data-index=\"1\" ><div\n\t\t\t\n\t\t\tclass=\"so-widget-sow-editor so-widget-sow-editor-base\"\n\t\t\t\n\t\t>\n<div class=\"siteorigin-widget-tinymce textwidget\">\n\t<p><img loading=\"lazy\" decoding=\"async\" class=\"aligncenter size-full wp-image-870\" src=\"https:\/\/anuies-tic.anuies.mx\/web\/encuesta-tic\/wp-content\/uploads\/sites\/34\/2025\/02\/EdTech-post-scaled.jpg\" alt=\"\" width=\"2560\" height=\"2560\" srcset=\"https:\/\/anuies-tic.anuies.mx\/web\/encuesta-tic\/wp-content\/uploads\/sites\/34\/2025\/02\/EdTech-post-scaled.jpg 2560w, https:\/\/anuies-tic.anuies.mx\/web\/encuesta-tic\/wp-content\/uploads\/sites\/34\/2025\/02\/EdTech-post-300x300.jpg 300w, https:\/\/anuies-tic.anuies.mx\/web\/encuesta-tic\/wp-content\/uploads\/sites\/34\/2025\/02\/EdTech-post-1024x1024.jpg 1024w, https:\/\/anuies-tic.anuies.mx\/web\/encuesta-tic\/wp-content\/uploads\/sites\/34\/2025\/02\/EdTech-post-150x150.jpg 150w, https:\/\/anuies-tic.anuies.mx\/web\/encuesta-tic\/wp-content\/uploads\/sites\/34\/2025\/02\/EdTech-post-768x768.jpg 768w, https:\/\/anuies-tic.anuies.mx\/web\/encuesta-tic\/wp-content\/uploads\/sites\/34\/2025\/02\/EdTech-post-1536x1536.jpg 1536w, https:\/\/anuies-tic.anuies.mx\/web\/encuesta-tic\/wp-content\/uploads\/sites\/34\/2025\/02\/EdTech-post-2048x2048.jpg 2048w\" sizes=\"auto, (max-width: 2560px) 100vw, 2560px\" \/><\/p>\n<\/div>\n<\/div><\/div><\/div><div id=\"pgc-553-1-1\"  class=\"panel-grid-cell\" ><div id=\"panel-553-1-1-0\" class=\"so-panel widget widget_sow-editor panel-first-child panel-last-child\" data-index=\"2\" ><div\n\t\t\t\n\t\t\tclass=\"so-widget-sow-editor so-widget-sow-editor-base\"\n\t\t\t\n\t\t>\n<div class=\"siteorigin-widget-tinymce textwidget\">\n\t<p><img loading=\"lazy\" decoding=\"async\" class=\"aligncenter size-full wp-image-871\" src=\"https:\/\/anuies-tic.anuies.mx\/web\/encuesta-tic\/wp-content\/uploads\/sites\/34\/2025\/02\/TIC-Post-scaled.jpg\" alt=\"\" width=\"2560\" height=\"2560\" srcset=\"https:\/\/anuies-tic.anuies.mx\/web\/encuesta-tic\/wp-content\/uploads\/sites\/34\/2025\/02\/TIC-Post-scaled.jpg 2560w, https:\/\/anuies-tic.anuies.mx\/web\/encuesta-tic\/wp-content\/uploads\/sites\/34\/2025\/02\/TIC-Post-300x300.jpg 300w, https:\/\/anuies-tic.anuies.mx\/web\/encuesta-tic\/wp-content\/uploads\/sites\/34\/2025\/02\/TIC-Post-1024x1024.jpg 1024w, https:\/\/anuies-tic.anuies.mx\/web\/encuesta-tic\/wp-content\/uploads\/sites\/34\/2025\/02\/TIC-Post-150x150.jpg 150w, https:\/\/anuies-tic.anuies.mx\/web\/encuesta-tic\/wp-content\/uploads\/sites\/34\/2025\/02\/TIC-Post-768x768.jpg 768w, https:\/\/anuies-tic.anuies.mx\/web\/encuesta-tic\/wp-content\/uploads\/sites\/34\/2025\/02\/TIC-Post-1536x1536.jpg 1536w, https:\/\/anuies-tic.anuies.mx\/web\/encuesta-tic\/wp-content\/uploads\/sites\/34\/2025\/02\/TIC-Post-2048x2048.jpg 2048w\" sizes=\"auto, (max-width: 2560px) 100vw, 2560px\" \/><\/p>\n<\/div>\n<\/div><\/div><\/div><\/div><div id=\"pg-553-2\"  class=\"panel-grid panel-no-style\" ><div id=\"pgc-553-2-0\"  class=\"panel-grid-cell\" ><div id=\"panel-553-2-0-0\" class=\"so-panel widget widget_siteorigin-panels-builder panel-first-child panel-last-child\" data-index=\"3\" ><div id=\"pl-w67aebd56b1e1c\"  class=\"panel-layout\" ><div id=\"pg-w67aebd56b1e1c-0\"  class=\"panel-grid panel-no-style\" ><div id=\"pgc-w67aebd56b1e1c-0-0\"  class=\"panel-grid-cell\" ><div id=\"panel-w67aebd56b1e1c-0-0-0\" class=\"so-panel widget widget_sow-editor panel-first-child panel-last-child\" data-index=\"0\" ><div\n\t\t\t\n\t\t\tclass=\"so-widget-sow-editor so-widget-sow-editor-base\"\n\t\t\t\n\t\t>\n<div class=\"siteorigin-widget-tinymce textwidget\">\n\t<h2 style=\"text-align: center;\">Te invitamos a participar en otras actividades de&nbsp; ANUIES-TIC<\/h2>\n<\/div>\n<\/div><\/div><\/div><\/div><div id=\"pg-w67aebd56b1e1c-1\"  class=\"panel-grid panel-no-style\" ><div id=\"pgc-w67aebd56b1e1c-1-0\"  class=\"panel-grid-cell\" ><div id=\"panel-w67aebd56b1e1c-1-0-0\" class=\"so-panel widget widget_sow-image panel-first-child panel-last-child\" data-index=\"1\" ><div\n\t\t\t\n\t\t\tclass=\"so-widget-sow-image so-widget-sow-image-default-c4f6304fc136\"\n\t\t\t\n\t\t>\n<div class=\"sow-image-container\">\n\t\t\t<a href=\"https:\/\/encuentro-tic.anuies.mx\/\"\n\t\t\ttarget=\"_blank\" rel=\"noopener noreferrer\" \t\t>\n\t\t\t<img \n\tsrc=\"https:\/\/anuies-tic.anuies.mx\/web\/encuesta-tic\/wp-content\/uploads\/sites\/34\/2019\/05\/bannerss_encuentro-01.jpg\" width=\"1667\" height=\"1667\" srcset=\"https:\/\/anuies-tic.anuies.mx\/web\/encuesta-tic\/wp-content\/uploads\/sites\/34\/2019\/05\/bannerss_encuentro-01.jpg 1667w, https:\/\/anuies-tic.anuies.mx\/web\/encuesta-tic\/wp-content\/uploads\/sites\/34\/2019\/05\/bannerss_encuentro-01-150x150.jpg 150w, https:\/\/anuies-tic.anuies.mx\/web\/encuesta-tic\/wp-content\/uploads\/sites\/34\/2019\/05\/bannerss_encuentro-01-300x300.jpg 300w, https:\/\/anuies-tic.anuies.mx\/web\/encuesta-tic\/wp-content\/uploads\/sites\/34\/2019\/05\/bannerss_encuentro-01-768x768.jpg 768w, https:\/\/anuies-tic.anuies.mx\/web\/encuesta-tic\/wp-content\/uploads\/sites\/34\/2019\/05\/bannerss_encuentro-01-1024x1024.jpg 1024w\" sizes=\"(max-width: 1667px) 100vw, 1667px\" alt=\"\" \t\tclass=\"so-widget-image\"\/>\n\t\t\t<\/a><\/div>\n\n<\/div><\/div><\/div><div id=\"pgc-w67aebd56b1e1c-1-1\"  class=\"panel-grid-cell\" ><div id=\"panel-w67aebd56b1e1c-1-1-0\" class=\"so-panel widget widget_sow-image panel-first-child panel-last-child\" data-index=\"2\" ><div\n\t\t\t\n\t\t\tclass=\"so-widget-sow-image so-widget-sow-image-default-c4f6304fc136\"\n\t\t\t\n\t\t>\n<div class=\"sow-image-container\">\n\t\t\t<a href=\"https:\/\/estudio-tic.anuies.mx\/\"\n\t\t\ttarget=\"_blank\" rel=\"noopener noreferrer\" \t\t>\n\t\t\t<img \n\tsrc=\"https:\/\/anuies-tic.anuies.mx\/web\/encuesta-tic\/wp-content\/uploads\/sites\/34\/2019\/05\/bannerss_encuentro-02.jpg\" width=\"1667\" height=\"1667\" srcset=\"https:\/\/anuies-tic.anuies.mx\/web\/encuesta-tic\/wp-content\/uploads\/sites\/34\/2019\/05\/bannerss_encuentro-02.jpg 1667w, https:\/\/anuies-tic.anuies.mx\/web\/encuesta-tic\/wp-content\/uploads\/sites\/34\/2019\/05\/bannerss_encuentro-02-150x150.jpg 150w, https:\/\/anuies-tic.anuies.mx\/web\/encuesta-tic\/wp-content\/uploads\/sites\/34\/2019\/05\/bannerss_encuentro-02-300x300.jpg 300w, https:\/\/anuies-tic.anuies.mx\/web\/encuesta-tic\/wp-content\/uploads\/sites\/34\/2019\/05\/bannerss_encuentro-02-768x768.jpg 768w, https:\/\/anuies-tic.anuies.mx\/web\/encuesta-tic\/wp-content\/uploads\/sites\/34\/2019\/05\/bannerss_encuentro-02-1024x1024.jpg 1024w\" sizes=\"(max-width: 1667px) 100vw, 1667px\" alt=\"\" \t\tclass=\"so-widget-image\"\/>\n\t\t\t<\/a><\/div>\n\n<\/div><\/div><\/div><div id=\"pgc-w67aebd56b1e1c-1-2\"  class=\"panel-grid-cell\" ><div id=\"panel-w67aebd56b1e1c-1-2-0\" class=\"so-panel widget widget_sow-image panel-first-child panel-last-child\" data-index=\"3\" ><div\n\t\t\t\n\t\t\tclass=\"so-widget-sow-image so-widget-sow-image-default-c4f6304fc136\"\n\t\t\t\n\t\t>\n<div class=\"sow-image-container\">\n\t\t\t<a href=\"https:\/\/anuies-tic.anuies.mx\/web\/reconocimientos-anuies-tic\/\"\n\t\t\ttarget=\"_blank\" rel=\"noopener noreferrer\" \t\t>\n\t\t\t<img \n\tsrc=\"https:\/\/anuies-tic.anuies.mx\/web\/encuesta-tic\/wp-content\/uploads\/sites\/34\/2019\/05\/bannerss_encuentro-04.jpg\" width=\"1667\" height=\"1667\" srcset=\"https:\/\/anuies-tic.anuies.mx\/web\/encuesta-tic\/wp-content\/uploads\/sites\/34\/2019\/05\/bannerss_encuentro-04.jpg 1667w, https:\/\/anuies-tic.anuies.mx\/web\/encuesta-tic\/wp-content\/uploads\/sites\/34\/2019\/05\/bannerss_encuentro-04-150x150.jpg 150w, https:\/\/anuies-tic.anuies.mx\/web\/encuesta-tic\/wp-content\/uploads\/sites\/34\/2019\/05\/bannerss_encuentro-04-300x300.jpg 300w, https:\/\/anuies-tic.anuies.mx\/web\/encuesta-tic\/wp-content\/uploads\/sites\/34\/2019\/05\/bannerss_encuentro-04-768x768.jpg 768w, https:\/\/anuies-tic.anuies.mx\/web\/encuesta-tic\/wp-content\/uploads\/sites\/34\/2019\/05\/bannerss_encuentro-04-1024x1024.jpg 1024w\" sizes=\"(max-width: 1667px) 100vw, 1667px\" alt=\"\" \t\tclass=\"so-widget-image\"\/>\n\t\t\t<\/a><\/div>\n\n<\/div><\/div><\/div><\/div><\/div><\/div><\/div><\/div><\/div>","protected":false},"excerpt":{"rendered":"<p>La ANUIES de la RM, a trav\u00e9s de su comit\u00e9 ANUIES TIC, te invita a participar en las encuestas \u00abEstado<\/p>\n","protected":false},"author":1,"featured_media":0,"parent":0,"menu_order":0,"comment_status":"closed","ping_status":"closed","template":"","meta":{"colormag_page_container_layout":"no_sidebar_full_width","colormag_page_sidebar_layout":"no_sidebar","ngg_post_thumbnail":0,"footnotes":""},"class_list":["post-553","page","type-page","status-publish","hentry"],"rttpg_featured_image_url":null,"rttpg_author":{"display_name":"ctrlweb","author_link":"https:\/\/anuies-tic.anuies.mx\/web\/encuesta-tic\/author\/ctrldcsctrlweb\/"},"rttpg_comment":0,"rttpg_category":null,"rttpg_excerpt":"La ANUIES de la RM, a trav\u00e9s de su comit\u00e9 ANUIES TIC, te invita a participar en las encuestas \"Estado","_links":{"self":[{"href":"https:\/\/anuies-tic.anuies.mx\/web\/encuesta-tic\/wp-json\/wp\/v2\/pages\/553","targetHints":{"allow":["GET"]}}],"collection":[{"href":"https:\/\/anuies-tic.anuies.mx\/web\/encuesta-tic\/wp-json\/wp\/v2\/pages"}],"about":[{"href":"https:\/\/anuies-tic.anuies.mx\/web\/encuesta-tic\/wp-json\/wp\/v2\/types\/page"}],"author":[{"embeddable":true,"href":"https:\/\/anuies-tic.anuies.mx\/web\/encuesta-tic\/wp-json\/wp\/v2\/users\/1"}],"replies":[{"embeddable":true,"href":"https:\/\/anuies-tic.anuies.mx\/web\/encuesta-tic\/wp-json\/wp\/v2\/comments?post=553"}],"version-history":[{"count":218,"href":"https:\/\/anuies-tic.anuies.mx\/web\/encuesta-tic\/wp-json\/wp\/v2\/pages\/553\/revisions"}],"predecessor-version":[{"id":880,"href":"https:\/\/anuies-tic.anuies.mx\/web\/encuesta-tic\/wp-json\/wp\/v2\/pages\/553\/revisions\/880"}],"wp:attachment":[{"href":"https:\/\/anuies-tic.anuies.mx\/web\/encuesta-tic\/wp-json\/wp\/v2\/media?parent=553"}],"curies":[{"name":"wp","href":"https:\/\/api.w.org\/{rel}","templated":true}]}}