{"id":42,"date":"2017-05-29T16:21:41","date_gmt":"2017-05-29T16:21:41","guid":{"rendered":"http:\/\/anuies-tic.anuies.mx\/web\/encuesta-tic2018\/?page_id=42"},"modified":"2018-06-18T19:51:11","modified_gmt":"2018-06-18T19:51:11","slug":"beneficios","status":"publish","type":"page","link":"https:\/\/anuies-tic.anuies.mx\/web\/encuesta-tic2018\/beneficios\/","title":{"rendered":"Justificaci\u00f3n"},"content":{"rendered":"<p><strong>Justificaci\u00f3n<\/strong><\/p>\n<p style=\"text-align: justify;\">En el mundo, las Tecnolog\u00edas de la Informaci\u00f3n y de las Comunicaciones (TIC) han crecido de forma acelerada afectando positivamente a todas las \u00e1reas de actividad de las organizaciones, tales como el sector empresarial y el gobierno; no obstante, en el marco de las Instituciones de Educaci\u00f3n Superior (IES),&nbsp; tambi\u00e9n tienen un alto grado de uso en sus diversas \u00e1reas, tales como los servicios acad\u00e9micos, la docencia (presencial y a distancia), la innovaci\u00f3n e investigaci\u00f3n, y la administraci\u00f3n interna de las infraestructuras TIC, entre otras.<\/p>\n<p style=\"text-align: justify;\">En M\u00e9xico, las TIC se han implementado en las IES de forma de no homogenizada, siendo las instituciones m\u00e1s grandes y consolidadas quienes mayor avance han mostrado en este \u00e1mbito, y quedando muy rezagadas la gran mayor\u00eda de las instituciones. Por otra parte, la tendencia a la implementaci\u00f3n de las TIC suele estar orientada solo a la gesti\u00f3n y operaci\u00f3n de las mismas, teniendo en la gran mayor\u00eda de los casos, una omisi\u00f3n hacia la visi\u00f3n y perspectiva estrat\u00e9gicas de las TIC, quedando en muchas ocasiones, al margen y no alineadas, con la estrategia institucional de las IES.<\/p>\n<p style=\"text-align: justify;\">Ante la necesidad de facilitar el concepto de Gobierno de las Tecnolog\u00edas de la Informaci\u00f3n (GTI) con el correspondiente establecimiento de criterios, y adopci\u00f3n de mejores pr\u00e1cticas TIC que est\u00e9n alineadas a las estrategias institucionales en las IES, la ANUIES promover\u00e1 la conformaci\u00f3n de un Grupo de Trabajo sobre Gobierno de las TIC en las Universidades e&nbsp; Instituciones de Educaci\u00f3n Superior asociadas, lo que conllevar\u00e1 a la generaci\u00f3n de acciones, primordialmente orientadas a la inducci\u00f3n y concientizaci\u00f3n de la tem\u00e1tica.<\/p>\n<p style=\"text-align: justify;\">Para tal efecto, la ANUIES ha conformado de manera inicial, un equipo de especialistas de las IES, quienes est\u00e1n trabajando sobre un <strong>diagn\u00f3stico<\/strong> que permitir\u00e1 identificar el <strong>\u201c<em>Estado Actual de las TIC en las Instituciones de Educaci\u00f3n Superior en M\u00e9xico<\/em>\u201d<\/strong>, desde la perspectiva de las asociadas, es decir, desde la perspectiva de <strong>191 instituciones<\/strong> con distintas caracter\u00edsticas y necesidades; siendo instituciones p\u00fablicas o privadas, universidades o institutos tecnol\u00f3gicos o universidades tecnol\u00f3gicas, escuelas, colegios o centros de investigaci\u00f3n; a fin de cuentas todas, instituciones educativas que <em><u>atienden al 80% de la matr\u00edcula<\/u><\/em> de alumnos que cursan estudios de licenciatura y de posgrado en M\u00e9xico.<\/p>\n","protected":false},"excerpt":{"rendered":"<div class=\"slide-text-bg2\"><span>Justificaci\u00f3n En el mundo, las Tecnolog\u00edas de la Informaci\u00f3n y de las Comunicaciones (TIC) han crecido de forma acelerada afectando positivamente a toda<\/span><\/div>\n<div class=\"slide-btn-area-sm\"><a href=\"https:\/\/anuies-tic.anuies.mx\/web\/encuesta-tic2018\/beneficios\/\" class=\"slide-btn-sm\">Leer m\u00e1s<\/a><\/div>\n","protected":false},"author":1,"featured_media":0,"parent":0,"menu_order":0,"comment_status":"closed","ping_status":"closed","template":"fullwidth.php","meta":{"ngg_post_thumbnail":0,"footnotes":""},"class_list":["post-42","page","type-page","status-publish","hentry"],"rttpg_featured_image_url":null,"rttpg_author":{"display_name":"ctrlweb","author_link":"https:\/\/anuies-tic.anuies.mx\/web\/encuesta-tic2018\/author\/ctrldcsctrlweb\/"},"rttpg_comment":0,"rttpg_category":null,"rttpg_excerpt":"Justificaci\u00f3n En el mundo, las Tecnolog\u00edas de la Informaci\u00f3n y de las Comunicaciones (TIC) han crecido de forma acelerada afectando positivamente a todaLeer m\u00e1s","_links":{"self":[{"href":"https:\/\/anuies-tic.anuies.mx\/web\/encuesta-tic2018\/wp-json\/wp\/v2\/pages\/42","targetHints":{"allow":["GET"]}}],"collection":[{"href":"https:\/\/anuies-tic.anuies.mx\/web\/encuesta-tic2018\/wp-json\/wp\/v2\/pages"}],"about":[{"href":"https:\/\/anuies-tic.anuies.mx\/web\/encuesta-tic2018\/wp-json\/wp\/v2\/types\/page"}],"author":[{"embeddable":true,"href":"https:\/\/anuies-tic.anuies.mx\/web\/encuesta-tic2018\/wp-json\/wp\/v2\/users\/1"}],"replies":[{"embeddable":true,"href":"https:\/\/anuies-tic.anuies.mx\/web\/encuesta-tic2018\/wp-json\/wp\/v2\/comments?post=42"}],"version-history":[{"count":10,"href":"https:\/\/anuies-tic.anuies.mx\/web\/encuesta-tic2018\/wp-json\/wp\/v2\/pages\/42\/revisions"}],"predecessor-version":[{"id":488,"href":"https:\/\/anuies-tic.anuies.mx\/web\/encuesta-tic2018\/wp-json\/wp\/v2\/pages\/42\/revisions\/488"}],"wp:attachment":[{"href":"https:\/\/anuies-tic.anuies.mx\/web\/encuesta-tic2018\/wp-json\/wp\/v2\/media?parent=42"}],"curies":[{"name":"wp","href":"https:\/\/api.w.org\/{rel}","templated":true}]}}