{"id":497,"date":"2018-06-19T17:57:57","date_gmt":"2018-06-19T17:57:57","guid":{"rendered":"http:\/\/anuies-tic.anuies.mx\/web\/encuesta-tic2018\/?page_id=497"},"modified":"2018-06-19T18:17:45","modified_gmt":"2018-06-19T18:17:45","slug":"estudio-del-estado-actual-de-las-ti-en-las-instituciones-de-educacion-superior-en-mexico","status":"publish","type":"page","link":"https:\/\/anuies-tic.anuies.mx\/web\/encuesta-tic2018\/estudio-del-estado-actual-de-las-ti-en-las-instituciones-de-educacion-superior-en-mexico\/","title":{"rendered":"Estudio del Estado Actual de las TI en las Instituciones de Educaci\u00f3n Superior en M\u00e9xico"},"content":{"rendered":"<div id=\"pl-497\"  class=\"panel-layout\" ><div id=\"pg-497-0\"  class=\"panel-grid panel-no-style\" ><div id=\"pgc-497-0-0\"  class=\"panel-grid-cell\" ><div id=\"panel-497-0-0-0\" class=\"so-panel widget widget_sow-editor panel-first-child panel-last-child\" data-index=\"0\" ><div\n\t\t\t\n\t\t\tclass=\"so-widget-sow-editor so-widget-sow-editor-base\"\n\t\t\t\n\t\t>\n<div class=\"siteorigin-widget-tinymce textwidget\">\n\t<p style=\"text-align: justify;\"><strong>Estado actual de las tecnolog\u00edas de la informaci\u00f3n y las comunicaciones en las instituciones de educaci\u00f3n superior en M\u00e9xico<\/strong><\/p>\n<p style=\"text-align: justify;\"><span style=\"color: #000000;\">Las Tecnolog\u00edas de la Informaci\u00f3n y las Comunicaciones desempe\u00f1an un papel crucial en el desarrollo de las sociedades generando grandes progresos pero tambi\u00e9n grandes retos en sus sectores productivos, tales como la Industria, la Salud, el Gobierno, y por supuesto, la Educaci\u00f3n.<\/span><\/p>\n<p style=\"text-align: justify;\"><span style=\"color: #000000;\">Estas publicaciones son el resultado de las Encuestas realizadas a la Instituciones de Educaci\u00f3n Superior, son un instrumento que genera una perspectiva para trascender hacia un horizonte que adhiere un gran valor estrat\u00e9gico, y que por ende pretende ser un detonador en una alineaci\u00f3n con el propio sentido de las estrategias institucionales.<\/span><\/p>\n<\/div>\n<\/div><\/div><\/div><\/div><div id=\"pg-497-1\"  class=\"panel-grid panel-no-style\" ><div id=\"pgc-497-1-0\"  class=\"panel-grid-cell\" ><div id=\"panel-497-1-0-0\" class=\"so-panel widget widget_sow-editor panel-first-child panel-last-child\" data-index=\"1\" ><div\n\t\t\t\n\t\t\tclass=\"so-widget-sow-editor so-widget-sow-editor-base\"\n\t\t\t\n\t\t>\n<div class=\"siteorigin-widget-tinymce textwidget\">\n\t<div id=\"panel-w5aa159541ddb0-1-0-0\" class=\"so-panel widget widget_sow-editor panel-first-child\" data-index=\"1\">\n<div class=\"so-widget-sow-editor so-widget-sow-editor-base\">\n<div class=\"siteorigin-widget-tinymce textwidget\">\n<p style=\"text-align: center;\"><strong>ISBN: 978-607-451-122-2<\/strong><\/p>\n<\/div>\n<\/div>\n<\/div>\n<div id=\"panel-w5aa159541ddb0-1-0-1\" class=\"so-panel widget widget_sow-image\" data-index=\"2\">\n<div class=\"so-widget-sow-image so-widget-sow-image-default-b37b538aacbf\">\n<div style=\"width: 310px\" class=\"wp-caption aligncenter\"><a href=\"http:\/\/anuies-tic.anuies.mx\/web\/encuentro2016\/wp-content\/uploads\/pdf\/EstadoActualTIC_en_las_IES.pdf\" target=\"_blank\" rel=\"noopener\"><img loading=\"lazy\" decoding=\"async\" title=\"ISBN: 978-607-451-122-2\" src=\"http:\/\/anuies-tic.anuies.mx\/web\/wp-content\/uploads\/2018\/02\/portada_2016_ejecutivo_3d-1.jpg\" alt=\"\" width=\"300\" height=\"399\" \/><\/a><p class=\"wp-caption-text\">Estado Actual de las Tecnolog\u00edas de la Informaci\u00f3n y las Comunicaciones en las Instituciones de Educaci\u00f3n Superior \/ Estudio Ejecutivo 2016<\/p><\/div>\n<\/div>\n<\/div>\n<\/div>\n<\/div><\/div><\/div><div id=\"pgc-497-1-1\"  class=\"panel-grid-cell\" ><div id=\"panel-497-1-1-0\" class=\"so-panel widget widget_sow-editor panel-first-child panel-last-child\" data-index=\"2\" ><div\n\t\t\t\n\t\t\tclass=\"so-widget-sow-editor so-widget-sow-editor-base\"\n\t\t\t\n\t\t>\n<div class=\"siteorigin-widget-tinymce textwidget\">\n\t<div id=\"panel-w5aa159541ddb0-1-0-0\" class=\"so-panel widget widget_sow-editor panel-first-child\" data-index=\"1\">\n<div class=\"so-widget-sow-editor so-widget-sow-editor-base\">\n<div class=\"siteorigin-widget-tinymce textwidget\">\n<p style=\"text-align: center;\"><strong>ISBN: 978-607-451-128-4<\/strong><\/p>\n<\/div>\n<\/div>\n<\/div>\n<div id=\"panel-w5aa159541ddb0-1-0-1\" class=\"so-panel widget widget_sow-image\" data-index=\"2\">\n<div class=\"so-widget-sow-image so-widget-sow-image-default-b37b538aacbf\">\n<div style=\"width: 310px\" class=\"wp-caption aligncenter\"><a href=\"http:\/\/estudio-tic.anuies.mx\/Estudio_ANUIES_TIC_2016_v2.pdf\" target=\"_blank\" rel=\"noopener\"><img loading=\"lazy\" decoding=\"async\" title=\"ISBN: 978-607-451-122-2\" src=\"http:\/\/anuies-tic.anuies.mx\/web\/wp-content\/uploads\/2018\/02\/portada_2016_extenso_3d-1.jpg\" alt=\"\" width=\"300\" height=\"399\" \/><\/a><p class=\"wp-caption-text\">Estado Actual de las Tecnolog\u00edas de la Informaci\u00f3n y las Comunicaciones en las Instituciones de Educaci\u00f3n Superior \/ Estudio Extenso 2016<\/p><\/div>\n<\/div>\n<\/div>\n<\/div>\n<\/div><\/div><\/div><div id=\"pgc-497-1-2\"  class=\"panel-grid-cell\" ><div id=\"panel-497-1-2-0\" class=\"so-panel widget widget_sow-editor panel-first-child panel-last-child\" data-index=\"3\" ><div\n\t\t\t\n\t\t\tclass=\"so-widget-sow-editor so-widget-sow-editor-base\"\n\t\t\t\n\t\t>\n<div class=\"siteorigin-widget-tinymce textwidget\">\n\t<div id=\"panel-w5aa159541ddb0-1-0-0\" class=\"so-panel widget widget_sow-editor panel-first-child\" data-index=\"1\">\n<div class=\"so-widget-sow-editor so-widget-sow-editor-base\">\n<div class=\"siteorigin-widget-tinymce textwidget\">\n<p style=\"text-align: center;\"><strong>ISBN: 978-607-451-131-4<\/strong><\/p>\n<\/div>\n<\/div>\n<\/div>\n<div id=\"panel-w5aa159541ddb0-1-0-1\" class=\"so-panel widget widget_sow-image\" data-index=\"2\">\n<div class=\"so-widget-sow-image so-widget-sow-image-default-b37b538aacbf\">\n<div style=\"width: 310px\" class=\"wp-caption aligncenter\"><a href=\"http:\/\/estudio-tic.anuies.mx\/ESTUDIO_2017_ANUIES-TIC_v2_2.pdf\" target=\"_blank\" rel=\"noopener\"><img loading=\"lazy\" decoding=\"async\" title=\"ISBN: 978-607-451-122-2\" src=\"http:\/\/anuies-tic.anuies.mx\/web\/wp-content\/uploads\/2018\/02\/portada_2017_3d-1.jpg\" alt=\"\" width=\"300\" height=\"399\" \/><\/a><p class=\"wp-caption-text\">Estado Actual de las Tecnolog\u00edas de la Informaci\u00f3n y las Comunicaciones en las Instituciones de Educaci\u00f3n Superior \/ Estudio 2017<\/p><\/div>\n<\/div>\n<\/div>\n<\/div>\n<\/div><\/div><\/div><\/div><\/div>","protected":false},"excerpt":{"rendered":"<div class=\"slide-text-bg2\"><span>Estado actual de las tecnolog\u00edas de la informaci\u00f3n y las comunicaciones en las instituciones de educaci\u00f3n superior en M\u00e9xico Las Tecnolog\u00edas de la Inf<\/span><\/div>\n<div class=\"slide-btn-area-sm\"><a href=\"https:\/\/anuies-tic.anuies.mx\/web\/encuesta-tic2018\/estudio-del-estado-actual-de-las-ti-en-las-instituciones-de-educacion-superior-en-mexico\/\" class=\"slide-btn-sm\">Leer m\u00e1s<\/a><\/div>\n","protected":false},"author":1,"featured_media":0,"parent":0,"menu_order":0,"comment_status":"closed","ping_status":"closed","template":"fullwidth.php","meta":{"ngg_post_thumbnail":0,"footnotes":""},"class_list":["post-497","page","type-page","status-publish","hentry"],"rttpg_featured_image_url":null,"rttpg_author":{"display_name":"ctrlweb","author_link":"https:\/\/anuies-tic.anuies.mx\/web\/encuesta-tic2018\/author\/ctrldcsctrlweb\/"},"rttpg_comment":0,"rttpg_category":null,"rttpg_excerpt":"Estado actual de las tecnolog\u00edas de la informaci\u00f3n y las comunicaciones en las instituciones de educaci\u00f3n superior en M\u00e9xico Las Tecnolog\u00edas de la InfLeer m\u00e1s","_links":{"self":[{"href":"https:\/\/anuies-tic.anuies.mx\/web\/encuesta-tic2018\/wp-json\/wp\/v2\/pages\/497","targetHints":{"allow":["GET"]}}],"collection":[{"href":"https:\/\/anuies-tic.anuies.mx\/web\/encuesta-tic2018\/wp-json\/wp\/v2\/pages"}],"about":[{"href":"https:\/\/anuies-tic.anuies.mx\/web\/encuesta-tic2018\/wp-json\/wp\/v2\/types\/page"}],"author":[{"embeddable":true,"href":"https:\/\/anuies-tic.anuies.mx\/web\/encuesta-tic2018\/wp-json\/wp\/v2\/users\/1"}],"replies":[{"embeddable":true,"href":"https:\/\/anuies-tic.anuies.mx\/web\/encuesta-tic2018\/wp-json\/wp\/v2\/comments?post=497"}],"version-history":[{"count":13,"href":"https:\/\/anuies-tic.anuies.mx\/web\/encuesta-tic2018\/wp-json\/wp\/v2\/pages\/497\/revisions"}],"predecessor-version":[{"id":514,"href":"https:\/\/anuies-tic.anuies.mx\/web\/encuesta-tic2018\/wp-json\/wp\/v2\/pages\/497\/revisions\/514"}],"wp:attachment":[{"href":"https:\/\/anuies-tic.anuies.mx\/web\/encuesta-tic2018\/wp-json\/wp\/v2\/media?parent=497"}],"curies":[{"name":"wp","href":"https:\/\/api.w.org\/{rel}","templated":true}]}}