{"id":1616,"date":"2018-01-31T13:42:23","date_gmt":"2018-01-31T19:42:23","guid":{"rendered":"http:\/\/anuies-tic.anuies.mx\/web\/innovarparaeducar2018\/?page_id=1616"},"modified":"2018-05-15T09:44:15","modified_gmt":"2018-05-15T15:44:15","slug":"talleres_inadem","status":"publish","type":"page","link":"https:\/\/anuies-tic.anuies.mx\/web\/innovarparaeducar2018\/talleres_inadem\/","title":{"rendered":"Talleres"},"content":{"rendered":"<div id=\"pl-1616\"  class=\"panel-layout\" ><div id=\"pg-1616-0\"  class=\"panel-grid panel-no-style\" ><div id=\"pgc-1616-0-0\"  class=\"panel-grid-cell panel-grid-cell-empty\" ><\/div><div id=\"pgc-1616-0-1\"  class=\"panel-grid-cell\" ><div id=\"panel-1616-0-1-0\" class=\"so-panel widget widget_sow-editor panel-first-child\" data-index=\"0\" ><div\n\t\t\t\n\t\t\tclass=\"so-widget-sow-editor so-widget-sow-editor-base\"\n\t\t\t\n\t\t>\n<div class=\"siteorigin-widget-tinymce textwidget\">\n\t<p><span style=\"font-size: 14pt;\">FECHA DE IMPARTICI\u00d3N: <strong>Viernes 1\u00b0 de junio de 2018<\/strong><\/span><\/p>\n<p><span style=\"font-size: 14pt;\">HORA: <strong>9:30 hrs<\/strong><\/span><\/p>\n<p><span style=\"font-size: 14pt;\">DURACI\u00d3N: <strong>4 horas<\/strong><\/span><\/p>\n<p><span style=\"font-size: 14pt;\">LUGAR: <strong>UAM XOCHIMILCO, Salas Is\u00f3pticas C y D y 3 Salas de Educaci\u00f3n Continua<\/strong><\/span><\/p>\n<p><span style=\"font-size: 14pt;\">COSTO: <strong>Gratuito<\/strong><\/span><\/p>\n<p><span style=\"font-size: 14pt;\">CUPO L\u00cdMITE: <strong>40 personas por taller<\/strong><\/span><\/p>\n<\/div>\n<\/div><\/div><div id=\"panel-1616-0-1-1\" class=\"so-panel widget widget_sow-editor panel-last-child\" data-index=\"1\" ><div\n\t\t\t\n\t\t\tclass=\"so-widget-sow-editor so-widget-sow-editor-base\"\n\t\t\t\n\t\t>\n<div class=\"siteorigin-widget-tinymce textwidget\">\n\t<p style=\"text-align: center;\">\u00a0<\/p>\n<p style=\"text-align: left;\">[accordions id=\"4068\"]<\/p>\n<p>&nbsp;<\/p>\n<p>[accordions id=\"4112\"]<\/p>\n<p>&nbsp;<\/p>\n<p>[accordions id=\"4113\"]<\/p>\n<p>&nbsp;<\/p>\n<p>[accordions id=\"4114\"]<\/p>\n<p>&nbsp;<\/p>\n<p>[accordions id=\"4149\"]<\/p>\n<\/div>\n<\/div><\/div><\/div><div id=\"pgc-1616-0-2\"  class=\"panel-grid-cell panel-grid-cell-empty\" ><\/div><div id=\"pgc-1616-0-3\"  class=\"panel-grid-cell\" ><div id=\"panel-1616-0-3-0\" class=\"so-panel widget widget_sow-editor panel-first-child panel-last-child\" data-index=\"2\" ><div\n\t\t\t\n\t\t\tclass=\"so-widget-sow-editor so-widget-sow-editor-base\"\n\t\t\t\n\t\t>\n<div class=\"siteorigin-widget-tinymce textwidget\">\n\t<p><a class=\"twitter-timeline\" href=\"https:\/\/twitter.com\/Innovar2018?ref_src=twsrc%5Etfw\">Tweets by Innovar2018<\/a> <script async src=\"https:\/\/platform.twitter.com\/widgets.js\" charset=\"utf-8\"><\/script><\/p>\n<\/div>\n<\/div><\/div><\/div><\/div><\/div>","protected":false},"excerpt":{"rendered":"<p>FECHA DE IMPARTICI\u00d3N: Viernes 1\u00b0 de junio de 2018 HORA: 9:30 hrs DURACI\u00d3N: 4 horas LUGAR: UAM XOCHIMILCO, Salas Is\u00f3pticas C y D y 3 Salas de Educaci\u00f3n Continua COSTO: Gratuito CUPO L\u00cdMITE: 40 personas por taller \u00a0 [accordions id=&#8221;4068&#8243;] &nbsp; [accordions id=&#8221;4112&#8243;] &nbsp; [accordions id=&#8221;4113&#8243;] &nbsp; [accordions id=&#8221;4114&#8243;] &nbsp; [accordions id=&#8221;4149&#8243;] Tweets by Innovar2018<\/p>\n","protected":false},"author":1,"featured_media":0,"parent":0,"menu_order":0,"comment_status":"closed","ping_status":"closed","template":"","meta":{"footnotes":""},"class_list":["post-1616","page","type-page","status-publish","hentry","post"],"rttpg_featured_image_url":null,"rttpg_author":{"display_name":"ctrlweb","author_link":"https:\/\/anuies-tic.anuies.mx\/web\/innovarparaeducar2018\/blog\/author\/ctrldcsctrlweb\/"},"rttpg_comment":0,"rttpg_category":null,"rttpg_excerpt":"FECHA DE IMPARTICI\u00d3N: Viernes 1\u00b0 de junio de 2018 HORA: 9:30 hrs DURACI\u00d3N: 4 horas LUGAR: UAM XOCHIMILCO, Salas Is\u00f3pticas C y D y 3 Salas de Educaci\u00f3n Continua COSTO: Gratuito CUPO L\u00cdMITE: 40 personas por taller \u00a0 [accordions id=\"4068\"] &nbsp; [accordions id=\"4112\"] &nbsp; [accordions id=\"4113\"] &nbsp; [accordions id=\"4114\"] &nbsp; [accordions id=\"4149\"] Tweets by Innovar2018","_links":{"self":[{"href":"https:\/\/anuies-tic.anuies.mx\/web\/innovarparaeducar2018\/wp-json\/wp\/v2\/pages\/1616","targetHints":{"allow":["GET"]}}],"collection":[{"href":"https:\/\/anuies-tic.anuies.mx\/web\/innovarparaeducar2018\/wp-json\/wp\/v2\/pages"}],"about":[{"href":"https:\/\/anuies-tic.anuies.mx\/web\/innovarparaeducar2018\/wp-json\/wp\/v2\/types\/page"}],"author":[{"embeddable":true,"href":"https:\/\/anuies-tic.anuies.mx\/web\/innovarparaeducar2018\/wp-json\/wp\/v2\/users\/1"}],"replies":[{"embeddable":true,"href":"https:\/\/anuies-tic.anuies.mx\/web\/innovarparaeducar2018\/wp-json\/wp\/v2\/comments?post=1616"}],"version-history":[{"count":225,"href":"https:\/\/anuies-tic.anuies.mx\/web\/innovarparaeducar2018\/wp-json\/wp\/v2\/pages\/1616\/revisions"}],"predecessor-version":[{"id":4458,"href":"https:\/\/anuies-tic.anuies.mx\/web\/innovarparaeducar2018\/wp-json\/wp\/v2\/pages\/1616\/revisions\/4458"}],"wp:attachment":[{"href":"https:\/\/anuies-tic.anuies.mx\/web\/innovarparaeducar2018\/wp-json\/wp\/v2\/media?parent=1616"}],"curies":[{"name":"wp","href":"https:\/\/api.w.org\/{rel}","templated":true}]}}