{"id":460,"date":"2018-01-25T12:45:29","date_gmt":"2018-01-25T18:45:29","guid":{"rendered":"http:\/\/anuies-tic.anuies.mx\/web\/innovarparaeducar2018\/?page_id=460"},"modified":"2018-05-29T12:27:07","modified_gmt":"2018-05-29T18:27:07","slug":"inicio_2018","status":"publish","type":"page","link":"https:\/\/anuies-tic.anuies.mx\/web\/innovarparaeducar2018\/","title":{"rendered":""},"content":{"rendered":"<div id=\"pl-460\"  class=\"panel-layout\" ><div id=\"pg-460-0\"  class=\"panel-grid panel-no-style\" ><div id=\"pgc-460-0-0\"  class=\"panel-grid-cell\" ><div id=\"panel-460-0-0-0\" class=\"so-panel widget widget_sow-editor panel-first-child\" data-index=\"0\" ><div\n\t\t\t\n\t\t\tclass=\"so-widget-sow-editor so-widget-sow-editor-base\"\n\t\t\t\n\t\t>\n<div class=\"siteorigin-widget-tinymce textwidget\">\n\t<p><img loading=\"lazy\" decoding=\"async\" class=\"wp-image-4265 aligncenter\" src=\"http:\/\/anuies-tic.anuies.mx\/web\/innovarparaeducar2018\/wp-content\/uploads\/sites\/30\/2018\/05\/linea-de-sede.png\" alt=\"\" width=\"993\" height=\"149\" \/><\/p>\n<p>&nbsp;<\/p>\n<p style=\"text-align: justify;\"><span style=\"font-size: 14pt;\">El <strong>3er Encuentro Innovar para Educar<\/strong> <strong>ANUIES 2018<\/strong> que ayuda a los j\u00f3venes a <strong>\u201c<em>aprender a emprender por un cambio social a trav\u00e9s de la educaci\u00f3n\u201d<\/em><\/strong>, es decir que los j\u00f3venes universitarios se inspiren y vean qu\u00e9 es lo que est\u00e1 sucediendo en temas de innovaci\u00f3n y educaci\u00f3n, a desarrollar nuevas ideas y nuevas cosas; a presentar las mejores ideas para cambiar las herramientas educativas, para que a trav\u00e9s de la tecnolog\u00eda se innove y detone el emprendimiento y el desarrollo educativo en el pa\u00eds.<\/span><\/p>\n<p style=\"text-align: justify;\"><span style=\"font-size: 14pt;\"><strong>OBJETIVO<\/strong><\/span><\/p>\n<p style=\"text-align: justify;\"><span style=\"font-size: 14pt;\">Su objetivo principal es promover la innovaci\u00f3n y creatividad en los j\u00f3venes como pilar para el desarrollo sustentable de sus proyectos de vida y su vinculaci\u00f3n con el mundo acad\u00e9mico y laboral.<\/span><\/p>\n<p>&nbsp;<\/p>\n<p>&nbsp;<\/p>\n<\/div>\n<\/div><\/div><div id=\"panel-460-0-0-1\" class=\"so-panel widget widget_sow-features panel-last-child\" data-index=\"1\" ><div\n\t\t\t\n\t\t\tclass=\"so-widget-sow-features so-widget-sow-features-default-f94f2da189bb-460\"\n\t\t\t\n\t\t><ul\n\tclass=\"sow-features-list\n\tsow-features-responsive\">\n\n\t\t\t<li\n\t\t\tclass=\"sow-features-feature sow-icon-container-position-top\"\n\t\t\tstyle=\"display: flex; flex-direction: column; width: calc(33.333% - 25px);\"\n\t\t>\n\t\t\t\n\t\t\t\t\t\t<a\t\t\t\tclass=\"sow-icon-container sow-container-round\"\n\t\t\t\tstyle=\"color: #ffffff; \"\n\t\t\t\t\n\t\t\t\t\t\t\t\t\thref=\"http:\/\/anuies-tic.anuies.mx\/web\/innovarparaeducar2018\/conferencias\/\"\n\t\t\t\t\t\t\t\t>\n\t\t\t\t\t\t\t\t\t\t<div class=\"sow-icon-image\" style=\"background-image: url(https:\/\/anuies-tic.anuies.mx\/web\/innovarparaeducar2018\/wp-content\/uploads\/sites\/30\/2018\/04\/conferencias.png); font-size: 240px\"><\/div>\n\t\t\t\t\t\t\t\t\t<\/a>\n\n\t\t\t<div class=\"textwidget\">\n\t\t\t\t\n\t\t\t\t\t\t\t\t\t<h5 class=\"sow-features-feature-title\">\n\t\t\t\t\t\tConferencias\t\t\t\t\t<\/h5>\n\t\t\t\t\n\t\t\t\t\t\t\t<\/div>\n\t\t\t\t\t\t\t\t<\/li>\n\n\t\t\t<li\n\t\t\tclass=\"sow-features-feature sow-icon-container-position-top\"\n\t\t\tstyle=\"display: flex; flex-direction: column; width: calc(33.333% - 25px);\"\n\t\t>\n\t\t\t\n\t\t\t\t\t\t<a\t\t\t\tclass=\"sow-icon-container sow-container-round\"\n\t\t\t\tstyle=\"color: #ffffff; \"\n\t\t\t\t\n\t\t\t\t\t\t\t\t\thref=\"http:\/\/anuies-tic.anuies.mx\/web\/innovarparaeducar2018\/ponentes_inadem\/\"\n\t\t\t\t\t\t\t\t>\n\t\t\t\t\t\t\t\t\t\t<div class=\"sow-icon-image\" style=\"background-image: url(https:\/\/anuies-tic.anuies.mx\/web\/innovarparaeducar2018\/wp-content\/uploads\/sites\/30\/2018\/04\/ponentes.png); font-size: 240px\"><\/div>\n\t\t\t\t\t\t\t\t\t<\/a>\n\n\t\t\t<div class=\"textwidget\">\n\t\t\t\t\n\t\t\t\t\t\t\t\t\t<h5 class=\"sow-features-feature-title\">\n\t\t\t\t\t\tPonentes\t\t\t\t\t<\/h5>\n\t\t\t\t\n\t\t\t\t\t\t\t<\/div>\n\t\t\t\t\t\t\t\t<\/li>\n\n\t\t\t<li\n\t\t\tclass=\"sow-features-feature sow-icon-container-position-top\"\n\t\t\tstyle=\"display: flex; flex-direction: column; width: calc(33.333% - 25px);\"\n\t\t>\n\t\t\t\n\t\t\t\t\t\t<a\t\t\t\tclass=\"sow-icon-container sow-container-round\"\n\t\t\t\tstyle=\"color: #ffffff; \"\n\t\t\t\t\n\t\t\t\t\t\t\t\t\thref=\"http:\/\/anuies-tic.anuies.mx\/web\/innovarparaeducar2018\/talleres_inadem\/\"\n\t\t\t\t\t\t\t\t>\n\t\t\t\t\t\t\t\t\t\t<div class=\"sow-icon-image\" style=\"background-image: url(https:\/\/anuies-tic.anuies.mx\/web\/innovarparaeducar2018\/wp-content\/uploads\/sites\/30\/2018\/04\/talleres-1.png); font-size: 240px\"><\/div>\n\t\t\t\t\t\t\t\t\t<\/a>\n\n\t\t\t<div class=\"textwidget\">\n\t\t\t\t\n\t\t\t\t\t\t\t\t\t<h5 class=\"sow-features-feature-title\">\n\t\t\t\t\t\tTalleres\t\t\t\t\t<\/h5>\n\t\t\t\t\n\t\t\t\t\t\t\t<\/div>\n\t\t\t\t\t\t\t\t<\/li>\n\n\t<\/ul>\n<\/div><\/div><\/div><div id=\"pgc-460-0-1\"  class=\"panel-grid-cell\" ><div id=\"panel-460-0-1-0\" class=\"so-panel widget widget_sow-social-media-buttons panel-first-child\" data-index=\"2\" ><div\n\t\t\t\n\t\t\tclass=\"so-widget-sow-social-media-buttons so-widget-sow-social-media-buttons-atom-1f4d53bdb35a-460\"\n\t\t\t\n\t\t>\n\n<div class=\"social-media-button-container\">\n\t\n\t\t<a \n\t\tclass=\"ow-button-hover sow-social-media-button-facebook-0 sow-social-media-button\" title=\"3er Encuentro Innovar para Educar ANUIES 2018 en Facebook\" aria-label=\"3er Encuentro Innovar para Educar ANUIES 2018 en Facebook\" target=\"_blank\" rel=\"noopener noreferrer\" href=\"https:\/\/www.facebook.com\/innovarparaeducar2018\/\" \t\t>\n\t\t\t<span>\n\t\t\t\t\t\t\t\t<span class=\"sow-icon-fontawesome sow-fab\" data-sow-icon=\"&#xf39e;\"\n\t\t \n\t\taria-hidden=\"true\"><\/span>\t\t\t\t\t\t\t<\/span>\n\t\t<\/a>\n\t\n\t\t<a \n\t\tclass=\"ow-button-hover sow-social-media-button-x-twitter-0 sow-social-media-button\" title=\"3er Encuentro Innovar para Educar ANUIES 2018 en X Twitter\" aria-label=\"3er Encuentro Innovar para Educar ANUIES 2018 en X Twitter\" target=\"_blank\" rel=\"noopener noreferrer\" href=\"https:\/\/twitter.com\/Innovar2018\" \t\t>\n\t\t\t<span>\n\t\t\t\t\t\t\t\t<span class=\"sow-icon-fontawesome sow-fab\" data-sow-icon=\"&#xe61b;\"\n\t\t \n\t\taria-hidden=\"true\"><\/span>\t\t\t\t\t\t\t<\/span>\n\t\t<\/a>\n\t<\/div>\n<\/div><\/div><div id=\"panel-460-0-1-1\" class=\"so-panel widget widget_sow-editor panel-last-child\" data-index=\"3\" ><div\n\t\t\t\n\t\t\tclass=\"so-widget-sow-editor so-widget-sow-editor-base\"\n\t\t\t\n\t\t>\n<div class=\"siteorigin-widget-tinymce textwidget\">\n\t<p><a class=\"twitter-timeline\" href=\"https:\/\/twitter.com\/Innovar2018?ref_src=twsrc%5Etfw\">Tweets by Innovar2018<\/a> <script async src=\"https:\/\/platform.twitter.com\/widgets.js\" charset=\"utf-8\"><\/script><\/p>\n<\/div>\n<\/div><\/div><\/div><\/div><div id=\"pg-460-1\"  class=\"panel-grid panel-no-style\" ><div id=\"pgc-460-1-0\"  class=\"panel-grid-cell\" ><div id=\"panel-460-1-0-0\" class=\"so-panel widget widget_sow-editor panel-first-child panel-last-child\" data-index=\"4\" ><div\n\t\t\t\n\t\t\tclass=\"so-widget-sow-editor so-widget-sow-editor-base\"\n\t\t\t\n\t\t>\n<div class=\"siteorigin-widget-tinymce textwidget\">\n\t<h2 style=\"text-align: center;\"><\/h2>\n<hr \/>\n<\/div>\n<\/div><\/div><\/div><\/div><div id=\"pg-460-2\"  class=\"panel-grid panel-no-style\" ><div id=\"pgc-460-2-0\"  class=\"panel-grid-cell panel-grid-cell-empty\" ><\/div><div id=\"pgc-460-2-1\"  class=\"panel-grid-cell panel-grid-cell-mobile-last\" ><div id=\"panel-460-2-1-0\" class=\"so-panel widget widget_sow-editor panel-first-child panel-last-child\" data-index=\"5\" ><div\n\t\t\t\n\t\t\tclass=\"so-widget-sow-editor so-widget-sow-editor-base\"\n\t\t\t\n\t\t>\n<div class=\"siteorigin-widget-tinymce textwidget\">\n\t<p><img loading=\"lazy\" decoding=\"async\" class=\"aligncenter size-full wp-image-4438\" src=\"http:\/\/anuies-tic.anuies.mx\/web\/innovarparaeducar2018\/wp-content\/uploads\/sites\/30\/2018\/05\/logos-abalo-1.jpg\" alt=\"\" width=\"1722\" height=\"170\" srcset=\"https:\/\/anuies-tic.anuies.mx\/web\/innovarparaeducar2018\/wp-content\/uploads\/sites\/30\/2018\/05\/logos-abalo-1.jpg 1722w, https:\/\/anuies-tic.anuies.mx\/web\/innovarparaeducar2018\/wp-content\/uploads\/sites\/30\/2018\/05\/logos-abalo-1-300x30.jpg 300w, https:\/\/anuies-tic.anuies.mx\/web\/innovarparaeducar2018\/wp-content\/uploads\/sites\/30\/2018\/05\/logos-abalo-1-768x76.jpg 768w, https:\/\/anuies-tic.anuies.mx\/web\/innovarparaeducar2018\/wp-content\/uploads\/sites\/30\/2018\/05\/logos-abalo-1-1024x101.jpg 1024w\" sizes=\"auto, (max-width: 1722px) 100vw, 1722px\" \/><\/p>\n<p>&nbsp;<\/p>\n<\/div>\n<\/div><\/div><\/div><div id=\"pgc-460-2-2\"  class=\"panel-grid-cell panel-grid-cell-empty\" ><\/div><\/div><\/div>","protected":false},"excerpt":{"rendered":"<p>&nbsp; El 3er Encuentro Innovar para Educar ANUIES 2018 que ayuda a los j\u00f3venes a \u201caprender a emprender por un cambio social a trav\u00e9s de la educaci\u00f3n\u201d, es decir que los j\u00f3venes universitarios se inspiren y vean qu\u00e9 es lo que est\u00e1 sucediendo en temas de innovaci\u00f3n y educaci\u00f3n, a desarrollar nuevas ideas y nuevas [&hellip;]<\/p>\n","protected":false},"author":1,"featured_media":0,"parent":0,"menu_order":0,"comment_status":"closed","ping_status":"closed","template":"","meta":{"footnotes":""},"class_list":["post-460","page","type-page","status-publish","hentry","post"],"rttpg_featured_image_url":null,"rttpg_author":{"display_name":"ctrlweb","author_link":"https:\/\/anuies-tic.anuies.mx\/web\/innovarparaeducar2018\/blog\/author\/ctrldcsctrlweb\/"},"rttpg_comment":0,"rttpg_category":null,"rttpg_excerpt":"&nbsp; El 3er Encuentro Innovar para Educar ANUIES 2018 que ayuda a los j\u00f3venes a \u201caprender a emprender por un cambio social a trav\u00e9s de la educaci\u00f3n\u201d, es decir que los j\u00f3venes universitarios se inspiren y vean qu\u00e9 es lo que est\u00e1 sucediendo en temas de innovaci\u00f3n y educaci\u00f3n, a desarrollar nuevas ideas y nuevas&hellip;","_links":{"self":[{"href":"https:\/\/anuies-tic.anuies.mx\/web\/innovarparaeducar2018\/wp-json\/wp\/v2\/pages\/460","targetHints":{"allow":["GET"]}}],"collection":[{"href":"https:\/\/anuies-tic.anuies.mx\/web\/innovarparaeducar2018\/wp-json\/wp\/v2\/pages"}],"about":[{"href":"https:\/\/anuies-tic.anuies.mx\/web\/innovarparaeducar2018\/wp-json\/wp\/v2\/types\/page"}],"author":[{"embeddable":true,"href":"https:\/\/anuies-tic.anuies.mx\/web\/innovarparaeducar2018\/wp-json\/wp\/v2\/users\/1"}],"replies":[{"embeddable":true,"href":"https:\/\/anuies-tic.anuies.mx\/web\/innovarparaeducar2018\/wp-json\/wp\/v2\/comments?post=460"}],"version-history":[{"count":300,"href":"https:\/\/anuies-tic.anuies.mx\/web\/innovarparaeducar2018\/wp-json\/wp\/v2\/pages\/460\/revisions"}],"predecessor-version":[{"id":4543,"href":"https:\/\/anuies-tic.anuies.mx\/web\/innovarparaeducar2018\/wp-json\/wp\/v2\/pages\/460\/revisions\/4543"}],"wp:attachment":[{"href":"https:\/\/anuies-tic.anuies.mx\/web\/innovarparaeducar2018\/wp-json\/wp\/v2\/media?parent=460"}],"curies":[{"name":"wp","href":"https:\/\/api.w.org\/{rel}","templated":true}]}}