{"id":1616,"date":"2018-01-31T13:42:23","date_gmt":"2018-01-31T19:42:23","guid":{"rendered":"http:\/\/anuies-tic.anuies.mx\/web\/?page_id=1616"},"modified":"2021-09-24T09:55:33","modified_gmt":"2021-09-24T15:55:33","slug":"convenios-2","status":"publish","type":"page","link":"https:\/\/anuies-tic.anuies.mx\/web\/convenios-2\/","title":{"rendered":"Convenios"},"content":{"rendered":"<div id=\"pl-1616\"  class=\"panel-layout\" ><div id=\"pg-1616-0\"  class=\"panel-grid panel-has-style\" ><div class=\"siteorigin-panels-stretch panel-row-style panel-row-style-for-1616-0\" data-stretch-type=\"full-stretched\" ><div id=\"pgc-1616-0-0\"  class=\"panel-grid-cell panel-grid-cell-empty\" ><\/div><div id=\"pgc-1616-0-1\"  class=\"panel-grid-cell\" ><div id=\"panel-1616-0-1-0\" class=\"so-panel widget widget_sow-editor panel-first-child\" data-index=\"0\" ><div class=\"panel-widget-style panel-widget-style-for-1616-0-1-0\" ><div\n\t\t\t\n\t\t\tclass=\"so-widget-sow-editor so-widget-sow-editor-base\"\n\t\t\t\n\t\t>\n<div class=\"siteorigin-widget-tinymce textwidget\">\n\t<div class=\"materializer\">\n<div class=\"card  center-text\">\n<div class=\"card-content\">\n                    <span class=\"card-title black-text\"><br \/>\n                        Convenios institucionales                    <\/span><\/p>\n<p>Alianzas de colaboraci\u00f3n entre la<strong> ANUlES<\/strong> e Instituciones afines, para promover relaciones de cooperaci\u00f3n.<\/p>\n<\/p><\/div>\n<\/p><\/div>\n<\/p><\/div><\/p>\n<\/div>\n<\/div><\/div><\/div><div id=\"panel-1616-0-1-1\" class=\"so-panel widget widget_siteorigin-panels-builder\" data-index=\"1\" ><div id=\"pl-w5e2b414574aec\"  class=\"panel-layout\" ><div id=\"pg-w5e2b414574aec-0\"  class=\"panel-grid panel-no-style\" ><div id=\"pgc-w5e2b414574aec-0-0\"  class=\"panel-grid-cell\" ><div id=\"panel-w5e2b414574aec-0-0-0\" class=\"so-panel widget widget_sow-editor panel-first-child\" data-index=\"0\" ><div class=\"panel-widget-style panel-widget-style-for-w5e2b414574aec-0-0-0\" ><div\n\t\t\t\n\t\t\tclass=\"so-widget-sow-editor so-widget-sow-editor-base\"\n\t\t\t\n\t\t>\n<div class=\"siteorigin-widget-tinymce textwidget\">\n\t<p>&nbsp;<\/p>\n<p><a href=\"http:\/\/anuies-tic.anuies.mx\/web\/wp-content\/uploads\/2018\/01\/MEMORANDUM-ANUIES-INCIBE.pdf\" target=\"_blank\" rel=\"noopener\"><img loading=\"lazy\" decoding=\"async\" class=\"aligncenter wp-image-5545\" src=\"http:\/\/anuies-tic.anuies.mx\/web\/wp-content\/uploads\/2019\/05\/CONVENIOS-01-compressor.jpg\" alt=\"\" width=\"588\" height=\"193\" srcset=\"https:\/\/anuies-tic.anuies.mx\/web\/wp-content\/uploads\/2019\/05\/CONVENIOS-01-compressor.jpg 2083w, https:\/\/anuies-tic.anuies.mx\/web\/wp-content\/uploads\/2019\/05\/CONVENIOS-01-compressor-300x98.jpg 300w, https:\/\/anuies-tic.anuies.mx\/web\/wp-content\/uploads\/2019\/05\/CONVENIOS-01-compressor-768x252.jpg 768w, https:\/\/anuies-tic.anuies.mx\/web\/wp-content\/uploads\/2019\/05\/CONVENIOS-01-compressor-1024x336.jpg 1024w, https:\/\/anuies-tic.anuies.mx\/web\/wp-content\/uploads\/2019\/05\/CONVENIOS-01-compressor-830x272.jpg 830w, https:\/\/anuies-tic.anuies.mx\/web\/wp-content\/uploads\/2019\/05\/CONVENIOS-01-compressor-230x75.jpg 230w, https:\/\/anuies-tic.anuies.mx\/web\/wp-content\/uploads\/2019\/05\/CONVENIOS-01-compressor-350x115.jpg 350w, https:\/\/anuies-tic.anuies.mx\/web\/wp-content\/uploads\/2019\/05\/CONVENIOS-01-compressor-480x157.jpg 480w\" sizes=\"auto, (max-width: 588px) 100vw, 588px\" \/><\/a><\/p>\n<\/div>\n<\/div><\/div><\/div><div id=\"panel-w5e2b414574aec-0-0-1\" class=\"so-panel widget widget_sow-editor\" data-index=\"1\" ><div class=\"panel-widget-style panel-widget-style-for-w5e2b414574aec-0-0-1\" ><div\n\t\t\t\n\t\t\tclass=\"so-widget-sow-editor so-widget-sow-editor-base\"\n\t\t\t\n\t\t>\n<div class=\"siteorigin-widget-tinymce textwidget\">\n\t<p><a href=\"https:\/\/anuies-tic.anuies.mx\/web\/wp-content\/uploads\/2018\/05\/CONVENIOANUIES-MNEMO.pdf\" target=\"_blank\" rel=\"noopener\"><img loading=\"lazy\" decoding=\"async\" class=\"aligncenter wp-image-5561 size-full\" src=\"http:\/\/anuies-tic.anuies.mx\/web\/wp-content\/uploads\/2019\/05\/CONVENIOS-05-compressor.jpg\" alt=\"\" width=\"588\" height=\"193\" srcset=\"https:\/\/anuies-tic.anuies.mx\/web\/wp-content\/uploads\/2019\/05\/CONVENIOS-05-compressor.jpg 2083w, https:\/\/anuies-tic.anuies.mx\/web\/wp-content\/uploads\/2019\/05\/CONVENIOS-05-compressor-300x98.jpg 300w, https:\/\/anuies-tic.anuies.mx\/web\/wp-content\/uploads\/2019\/05\/CONVENIOS-05-compressor-768x252.jpg 768w, https:\/\/anuies-tic.anuies.mx\/web\/wp-content\/uploads\/2019\/05\/CONVENIOS-05-compressor-1024x336.jpg 1024w, https:\/\/anuies-tic.anuies.mx\/web\/wp-content\/uploads\/2019\/05\/CONVENIOS-05-compressor-830x272.jpg 830w, https:\/\/anuies-tic.anuies.mx\/web\/wp-content\/uploads\/2019\/05\/CONVENIOS-05-compressor-230x75.jpg 230w, https:\/\/anuies-tic.anuies.mx\/web\/wp-content\/uploads\/2019\/05\/CONVENIOS-05-compressor-350x115.jpg 350w, https:\/\/anuies-tic.anuies.mx\/web\/wp-content\/uploads\/2019\/05\/CONVENIOS-05-compressor-480x157.jpg 480w\" sizes=\"auto, (max-width: 588px) 100vw, 588px\" \/><\/a><\/p>\n<\/div>\n<\/div><\/div><\/div><div id=\"panel-w5e2b414574aec-0-0-2\" class=\"so-panel widget widget_sow-editor\" data-index=\"2\" ><div class=\"panel-widget-style panel-widget-style-for-w5e2b414574aec-0-0-2\" ><div\n\t\t\t\n\t\t\tclass=\"so-widget-sow-editor so-widget-sow-editor-base\"\n\t\t\t\n\t\t>\n<div class=\"siteorigin-widget-tinymce textwidget\">\n\t<p><a href=\"https:\/\/anuies-tic.anuies.mx\/web\/wp-content\/uploads\/2018\/09\/CONVENIO-DE-COLABORACION-ANUIES-RENIC-2018.pdf\" target=\"_blank\" rel=\"noopener\"><img loading=\"lazy\" decoding=\"async\" class=\"aligncenter size-full wp-image-5562\" src=\"http:\/\/anuies-tic.anuies.mx\/web\/wp-content\/uploads\/2019\/05\/CONVENIOS-06-compressor.jpg\" alt=\"\" width=\"588\" height=\"193\" srcset=\"https:\/\/anuies-tic.anuies.mx\/web\/wp-content\/uploads\/2019\/05\/CONVENIOS-06-compressor.jpg 2083w, https:\/\/anuies-tic.anuies.mx\/web\/wp-content\/uploads\/2019\/05\/CONVENIOS-06-compressor-300x98.jpg 300w, https:\/\/anuies-tic.anuies.mx\/web\/wp-content\/uploads\/2019\/05\/CONVENIOS-06-compressor-768x252.jpg 768w, https:\/\/anuies-tic.anuies.mx\/web\/wp-content\/uploads\/2019\/05\/CONVENIOS-06-compressor-1024x336.jpg 1024w, https:\/\/anuies-tic.anuies.mx\/web\/wp-content\/uploads\/2019\/05\/CONVENIOS-06-compressor-830x272.jpg 830w, https:\/\/anuies-tic.anuies.mx\/web\/wp-content\/uploads\/2019\/05\/CONVENIOS-06-compressor-230x75.jpg 230w, https:\/\/anuies-tic.anuies.mx\/web\/wp-content\/uploads\/2019\/05\/CONVENIOS-06-compressor-350x115.jpg 350w, https:\/\/anuies-tic.anuies.mx\/web\/wp-content\/uploads\/2019\/05\/CONVENIOS-06-compressor-480x157.jpg 480w\" sizes=\"auto, (max-width: 588px) 100vw, 588px\" \/><\/a><\/p>\n<\/div>\n<\/div><\/div><\/div><div id=\"panel-w5e2b414574aec-0-0-3\" class=\"so-panel widget widget_sow-editor panel-last-child\" data-index=\"3\" ><div class=\"panel-widget-style panel-widget-style-for-w5e2b414574aec-0-0-3\" ><div\n\t\t\t\n\t\t\tclass=\"so-widget-sow-editor so-widget-sow-editor-base\"\n\t\t\t\n\t\t>\n<div class=\"siteorigin-widget-tinymce textwidget\">\n\t<p><a href=\"https:\/\/anuies-tic.anuies.mx\/web\/wp-content\/uploads\/2019\/10\/CONVENIO-ESPEC\u00cdFICO-DE-COLABORACI\u00d3N-ANUIES-MES.pdf\" target=\"_blank\" rel=\"noopener\"><img loading=\"lazy\" decoding=\"async\" class=\"aligncenter wp-image-5612\" src=\"https:\/\/anuies-tic.anuies.mx\/web\/wp-content\/uploads\/2019\/10\/49564160_1424463674351482_5855483447560110080_n-850x850-1.png\" alt=\"\" width=\"273\" height=\"122\" srcset=\"https:\/\/anuies-tic.anuies.mx\/web\/wp-content\/uploads\/2019\/10\/49564160_1424463674351482_5855483447560110080_n-850x850-1.png 850w, https:\/\/anuies-tic.anuies.mx\/web\/wp-content\/uploads\/2019\/10\/49564160_1424463674351482_5855483447560110080_n-850x850-1-300x134.png 300w, https:\/\/anuies-tic.anuies.mx\/web\/wp-content\/uploads\/2019\/10\/49564160_1424463674351482_5855483447560110080_n-850x850-1-768x343.png 768w, https:\/\/anuies-tic.anuies.mx\/web\/wp-content\/uploads\/2019\/10\/49564160_1424463674351482_5855483447560110080_n-850x850-1-830x371.png 830w, https:\/\/anuies-tic.anuies.mx\/web\/wp-content\/uploads\/2019\/10\/49564160_1424463674351482_5855483447560110080_n-850x850-1-230x103.png 230w, https:\/\/anuies-tic.anuies.mx\/web\/wp-content\/uploads\/2019\/10\/49564160_1424463674351482_5855483447560110080_n-850x850-1-350x156.png 350w, https:\/\/anuies-tic.anuies.mx\/web\/wp-content\/uploads\/2019\/10\/49564160_1424463674351482_5855483447560110080_n-850x850-1-480x215.png 480w\" sizes=\"auto, (max-width: 273px) 100vw, 273px\" \/><\/a><\/p>\n<\/div>\n<\/div><\/div><\/div><\/div><div id=\"pgc-w5e2b414574aec-0-1\"  class=\"panel-grid-cell\" ><div id=\"panel-w5e2b414574aec-0-1-0\" class=\"so-panel widget widget_sow-editor panel-first-child\" data-index=\"4\" ><div class=\"panel-widget-style panel-widget-style-for-w5e2b414574aec-0-1-0\" ><div\n\t\t\t\n\t\t\tclass=\"so-widget-sow-editor so-widget-sow-editor-base\"\n\t\t\t\n\t\t>\n<div class=\"siteorigin-widget-tinymce textwidget\">\n\t<p>&nbsp;<\/p>\n<p><a href=\"https:\/\/anuies-tic.anuies.mx\/web\/wp-content\/uploads\/2018\/01\/CONVENIO-ANUIES-CRUE-2016.pdf\" target=\"_blank\" rel=\"noopener\"><img loading=\"lazy\" decoding=\"async\" class=\"aligncenter size-full wp-image-5552\" src=\"http:\/\/anuies-tic.anuies.mx\/web\/wp-content\/uploads\/2019\/05\/CONVENIOS-02-compressor.jpg\" alt=\"\" width=\"588\" height=\"193\" srcset=\"https:\/\/anuies-tic.anuies.mx\/web\/wp-content\/uploads\/2019\/05\/CONVENIOS-02-compressor.jpg 2083w, https:\/\/anuies-tic.anuies.mx\/web\/wp-content\/uploads\/2019\/05\/CONVENIOS-02-compressor-300x98.jpg 300w, https:\/\/anuies-tic.anuies.mx\/web\/wp-content\/uploads\/2019\/05\/CONVENIOS-02-compressor-768x252.jpg 768w, https:\/\/anuies-tic.anuies.mx\/web\/wp-content\/uploads\/2019\/05\/CONVENIOS-02-compressor-1024x336.jpg 1024w, https:\/\/anuies-tic.anuies.mx\/web\/wp-content\/uploads\/2019\/05\/CONVENIOS-02-compressor-830x272.jpg 830w, https:\/\/anuies-tic.anuies.mx\/web\/wp-content\/uploads\/2019\/05\/CONVENIOS-02-compressor-230x75.jpg 230w, https:\/\/anuies-tic.anuies.mx\/web\/wp-content\/uploads\/2019\/05\/CONVENIOS-02-compressor-350x115.jpg 350w, https:\/\/anuies-tic.anuies.mx\/web\/wp-content\/uploads\/2019\/05\/CONVENIOS-02-compressor-480x157.jpg 480w\" sizes=\"auto, (max-width: 588px) 100vw, 588px\" \/><\/a><\/p>\n<\/div>\n<\/div><\/div><\/div><div id=\"panel-w5e2b414574aec-0-1-1\" class=\"so-panel widget widget_sow-editor\" data-index=\"5\" ><div class=\"panel-widget-style panel-widget-style-for-w5e2b414574aec-0-1-1\" ><div\n\t\t\t\n\t\t\tclass=\"so-widget-sow-editor so-widget-sow-editor-base\"\n\t\t\t\n\t\t>\n<div class=\"siteorigin-widget-tinymce textwidget\">\n\t<p><a href=\"https:\/\/anuies-tic.anuies.mx\/web\/wp-content\/uploads\/2018\/02\/CONVENIO-MARCO-COLAB-TALENT-NETWORK0001.pdf\" target=\"_blank\" rel=\"noopener\"><img loading=\"lazy\" decoding=\"async\" class=\"aligncenter size-full wp-image-5558\" src=\"http:\/\/anuies-tic.anuies.mx\/web\/wp-content\/uploads\/2019\/05\/CONVENIOS-04-compressor-1.jpg\" alt=\"\" width=\"588\" height=\"193\" srcset=\"https:\/\/anuies-tic.anuies.mx\/web\/wp-content\/uploads\/2019\/05\/CONVENIOS-04-compressor-1.jpg 2083w, https:\/\/anuies-tic.anuies.mx\/web\/wp-content\/uploads\/2019\/05\/CONVENIOS-04-compressor-1-300x98.jpg 300w, https:\/\/anuies-tic.anuies.mx\/web\/wp-content\/uploads\/2019\/05\/CONVENIOS-04-compressor-1-768x252.jpg 768w, https:\/\/anuies-tic.anuies.mx\/web\/wp-content\/uploads\/2019\/05\/CONVENIOS-04-compressor-1-1024x336.jpg 1024w, https:\/\/anuies-tic.anuies.mx\/web\/wp-content\/uploads\/2019\/05\/CONVENIOS-04-compressor-1-830x272.jpg 830w, https:\/\/anuies-tic.anuies.mx\/web\/wp-content\/uploads\/2019\/05\/CONVENIOS-04-compressor-1-230x75.jpg 230w, https:\/\/anuies-tic.anuies.mx\/web\/wp-content\/uploads\/2019\/05\/CONVENIOS-04-compressor-1-350x115.jpg 350w, https:\/\/anuies-tic.anuies.mx\/web\/wp-content\/uploads\/2019\/05\/CONVENIOS-04-compressor-1-480x157.jpg 480w\" sizes=\"auto, (max-width: 588px) 100vw, 588px\" \/><\/a><\/p>\n<\/div>\n<\/div><\/div><\/div><div id=\"panel-w5e2b414574aec-0-1-2\" class=\"so-panel widget widget_sow-editor\" data-index=\"6\" ><div class=\"panel-widget-style panel-widget-style-for-w5e2b414574aec-0-1-2\" ><div\n\t\t\t\n\t\t\tclass=\"so-widget-sow-editor so-widget-sow-editor-base\"\n\t\t\t\n\t\t>\n<div class=\"siteorigin-widget-tinymce textwidget\">\n\t<p><a href=\"https:\/\/anuies-tic.anuies.mx\/web\/wp-content\/uploads\/2018\/01\/CONVENIO-ANUIES-CUDI-2017-CON-FIRMAS0001.pdf\" target=\"_blank\" rel=\"noopener\"><img loading=\"lazy\" decoding=\"async\" class=\"aligncenter size-full wp-image-5554\" src=\"http:\/\/anuies-tic.anuies.mx\/web\/wp-content\/uploads\/2019\/05\/CONVENIOS-03-compressor.jpg\" alt=\"\" width=\"588\" height=\"193\" srcset=\"https:\/\/anuies-tic.anuies.mx\/web\/wp-content\/uploads\/2019\/05\/CONVENIOS-03-compressor.jpg 2083w, https:\/\/anuies-tic.anuies.mx\/web\/wp-content\/uploads\/2019\/05\/CONVENIOS-03-compressor-300x98.jpg 300w, https:\/\/anuies-tic.anuies.mx\/web\/wp-content\/uploads\/2019\/05\/CONVENIOS-03-compressor-768x252.jpg 768w, https:\/\/anuies-tic.anuies.mx\/web\/wp-content\/uploads\/2019\/05\/CONVENIOS-03-compressor-1024x336.jpg 1024w, https:\/\/anuies-tic.anuies.mx\/web\/wp-content\/uploads\/2019\/05\/CONVENIOS-03-compressor-830x272.jpg 830w, https:\/\/anuies-tic.anuies.mx\/web\/wp-content\/uploads\/2019\/05\/CONVENIOS-03-compressor-230x75.jpg 230w, https:\/\/anuies-tic.anuies.mx\/web\/wp-content\/uploads\/2019\/05\/CONVENIOS-03-compressor-350x115.jpg 350w, https:\/\/anuies-tic.anuies.mx\/web\/wp-content\/uploads\/2019\/05\/CONVENIOS-03-compressor-480x157.jpg 480w\" sizes=\"auto, (max-width: 588px) 100vw, 588px\" \/><\/a><\/p>\n<\/div>\n<\/div><\/div><\/div><div id=\"panel-w5e2b414574aec-0-1-3\" class=\"so-panel widget widget_sow-editor panel-last-child\" data-index=\"7\" ><div class=\"panel-widget-style panel-widget-style-for-w5e2b414574aec-0-1-3\" ><div\n\t\t\t\n\t\t\tclass=\"so-widget-sow-editor so-widget-sow-editor-base\"\n\t\t\t\n\t\t>\n<div class=\"siteorigin-widget-tinymce textwidget\">\n\t<p><a href=\"https:\/\/anuies-tic.anuies.mx\/web\/wp-content\/uploads\/2019\/10\/CONVENIO-ANUIES-SCITUM-20SEP19.pdf\" target=\"_blank\" rel=\"noopener\"><img loading=\"lazy\" decoding=\"async\" class=\"aligncenter wp-image-5599\" src=\"https:\/\/anuies-tic.anuies.mx\/web\/wp-content\/uploads\/2019\/10\/Scitum349X175_1441898330.png\" alt=\"\" width=\"221\" height=\"111\" srcset=\"https:\/\/anuies-tic.anuies.mx\/web\/wp-content\/uploads\/2019\/10\/Scitum349X175_1441898330.png 349w, https:\/\/anuies-tic.anuies.mx\/web\/wp-content\/uploads\/2019\/10\/Scitum349X175_1441898330-300x150.png 300w, https:\/\/anuies-tic.anuies.mx\/web\/wp-content\/uploads\/2019\/10\/Scitum349X175_1441898330-230x115.png 230w\" sizes=\"auto, (max-width: 221px) 100vw, 221px\" \/><\/a><\/p>\n<\/div>\n<\/div><\/div><\/div><\/div><\/div><\/div><\/div><div id=\"panel-1616-0-1-2\" class=\"so-panel widget widget_sow-editor\" data-index=\"2\" ><div class=\"panel-widget-style panel-widget-style-for-1616-0-1-2\" ><div\n\t\t\t\n\t\t\tclass=\"so-widget-sow-editor so-widget-sow-editor-base\"\n\t\t\t\n\t\t>\n<div class=\"siteorigin-widget-tinymce textwidget\">\n\t<div class=\"materializer\">\n<div class=\"card  center-text\">\n<div class=\"card-content\">\n                    <span class=\"card-title black-text\"><br \/>\n                        Convenios con proveedores de TIC                    <\/span><\/p>\n<p>Alianzas de colaboraci\u00f3n entre la ANUIES y proveedores de tecnolog\u00eda y comunicaciones que impactan y benefician a las instituciones asociadas.<\/p>\n<\/p><\/div>\n<\/p><\/div>\n<\/p><\/div><\/p>\n<\/div>\n<\/div><\/div><\/div><div id=\"panel-1616-0-1-3\" class=\"so-panel widget widget_siteorigin-panels-builder panel-last-child\" data-index=\"3\" ><div id=\"pl-w614df4f532084\"  class=\"panel-layout\" ><div id=\"pg-w614df4f532084-0\"  class=\"panel-grid panel-no-style\" ><div id=\"pgc-w614df4f532084-0-0\"  class=\"panel-grid-cell\" ><div id=\"panel-w614df4f532084-0-0-0\" class=\"so-panel widget widget_sow-editor panel-first-child panel-last-child\" data-index=\"0\" ><div class=\"panel-widget-style panel-widget-style-for-w614df4f532084-0-0-0\" ><div\n\t\t\t\n\t\t\tclass=\"so-widget-sow-editor so-widget-sow-editor-base\"\n\t\t\t\n\t\t>\n<div class=\"siteorigin-widget-tinymce textwidget\">\n\t<p><a href=\"https:\/\/anuies-tic.anuies.mx\/web\/wp-content\/uploads\/2019\/10\/CONVENIO-ANUIES-TOKAPP-LATAM-SL-9JUL19.pdf\" target=\"_blank\" rel=\"noopener\"><img loading=\"lazy\" decoding=\"async\" class=\"aligncenter wp-image-8458\" src=\"https:\/\/anuies-tic.anuies.mx\/web\/wp-content\/uploads\/2021\/09\/2560px-TokApp.svg_.png\" alt=\"\" width=\"293\" height=\"102\" srcset=\"https:\/\/anuies-tic.anuies.mx\/web\/wp-content\/uploads\/2021\/09\/2560px-TokApp.svg_.png 2560w, https:\/\/anuies-tic.anuies.mx\/web\/wp-content\/uploads\/2021\/09\/2560px-TokApp.svg_-300x105.png 300w, https:\/\/anuies-tic.anuies.mx\/web\/wp-content\/uploads\/2021\/09\/2560px-TokApp.svg_-1024x358.png 1024w, https:\/\/anuies-tic.anuies.mx\/web\/wp-content\/uploads\/2021\/09\/2560px-TokApp.svg_-768x268.png 768w, https:\/\/anuies-tic.anuies.mx\/web\/wp-content\/uploads\/2021\/09\/2560px-TokApp.svg_-1536x536.png 1536w, https:\/\/anuies-tic.anuies.mx\/web\/wp-content\/uploads\/2021\/09\/2560px-TokApp.svg_-2048x715.png 2048w, https:\/\/anuies-tic.anuies.mx\/web\/wp-content\/uploads\/2021\/09\/2560px-TokApp.svg_-1080x380.png 1080w\" sizes=\"auto, (max-width: 293px) 100vw, 293px\" \/><\/a><\/p>\n<\/div>\n<\/div><\/div><\/div><\/div><div id=\"pgc-w614df4f532084-0-1\"  class=\"panel-grid-cell\" ><div id=\"panel-w614df4f532084-0-1-0\" class=\"so-panel widget widget_sow-editor panel-first-child panel-last-child\" data-index=\"1\" ><div class=\"panel-widget-style panel-widget-style-for-w614df4f532084-0-1-0\" ><div\n\t\t\t\n\t\t\tclass=\"so-widget-sow-editor so-widget-sow-editor-base\"\n\t\t\t\n\t\t>\n<div class=\"siteorigin-widget-tinymce textwidget\">\n\t<p><a href=\"https:\/\/anuies-tic.anuies.mx\/web\/wp-content\/uploads\/2020\/10\/Convenio-ANUIES-VASANTA.pdf\" target=\"_blank\" rel=\"noopener noreferrer\"><img loading=\"lazy\" decoding=\"async\" class=\"aligncenter size-full wp-image-7077\" src=\"https:\/\/anuies-tic.anuies.mx\/web\/wp-content\/uploads\/2020\/10\/logo_v2.png\" alt=\"\" width=\"251\" height=\"86\" srcset=\"https:\/\/anuies-tic.anuies.mx\/web\/wp-content\/uploads\/2020\/10\/logo_v2.png 251w, https:\/\/anuies-tic.anuies.mx\/web\/wp-content\/uploads\/2020\/10\/logo_v2-230x79.png 230w\" sizes=\"auto, (max-width: 251px) 100vw, 251px\" \/><\/a><\/p>\n<\/div>\n<\/div><\/div><\/div><\/div><div id=\"pgc-w614df4f532084-0-2\"  class=\"panel-grid-cell\" ><div id=\"panel-w614df4f532084-0-2-0\" class=\"so-panel widget widget_sow-editor panel-first-child panel-last-child\" data-index=\"2\" ><div class=\"panel-widget-style panel-widget-style-for-w614df4f532084-0-2-0\" ><div\n\t\t\t\n\t\t\tclass=\"so-widget-sow-editor so-widget-sow-editor-base\"\n\t\t\t\n\t\t>\n<div class=\"siteorigin-widget-tinymce textwidget\">\n\t<p><a href=\"https:\/\/estudiantesembajadores.com\/\" target=\"_blank\" rel=\"noopener noreferrer\"><img loading=\"lazy\" decoding=\"async\" class=\"aligncenter wp-image-8451\" src=\"https:\/\/anuies-tic.anuies.mx\/web\/wp-content\/uploads\/2021\/09\/ESTUDIANTES-EMBAJADORES-logo.png\" alt=\"\" width=\"263\" height=\"83\" srcset=\"https:\/\/anuies-tic.anuies.mx\/web\/wp-content\/uploads\/2021\/09\/ESTUDIANTES-EMBAJADORES-logo.png 712w, https:\/\/anuies-tic.anuies.mx\/web\/wp-content\/uploads\/2021\/09\/ESTUDIANTES-EMBAJADORES-logo-300x95.png 300w\" sizes=\"auto, (max-width: 263px) 100vw, 263px\" \/><\/a><\/p>\n<\/div>\n<\/div><\/div><\/div><\/div><\/div><div id=\"pg-w614df4f532084-1\"  class=\"panel-grid panel-no-style\" ><div id=\"pgc-w614df4f532084-1-0\"  class=\"panel-grid-cell panel-grid-cell-empty\" ><\/div><div id=\"pgc-w614df4f532084-1-1\"  class=\"panel-grid-cell\" ><div id=\"panel-w614df4f532084-1-1-0\" class=\"so-panel widget widget_sow-editor panel-first-child panel-last-child\" data-index=\"3\" ><div class=\"panel-widget-style panel-widget-style-for-w614df4f532084-1-1-0\" ><div\n\t\t\t\n\t\t\tclass=\"so-widget-sow-editor so-widget-sow-editor-base\"\n\t\t\t\n\t\t>\n<div class=\"siteorigin-widget-tinymce textwidget\">\n\t<p><a href=\"https:\/\/cognosonline.com\/\" target=\"_blank\" rel=\"noopener\"><img loading=\"lazy\" decoding=\"async\" class=\"aligncenter wp-image-8452\" src=\"https:\/\/anuies-tic.anuies.mx\/web\/wp-content\/uploads\/2021\/09\/cognosonline.png\" alt=\"\" width=\"338\" height=\"115\" srcset=\"https:\/\/anuies-tic.anuies.mx\/web\/wp-content\/uploads\/2021\/09\/cognosonline.png 385w, https:\/\/anuies-tic.anuies.mx\/web\/wp-content\/uploads\/2021\/09\/cognosonline-300x102.png 300w\" sizes=\"auto, (max-width: 338px) 100vw, 338px\" \/><\/a><\/p>\n<\/div>\n<\/div><\/div><\/div><\/div><div id=\"pgc-w614df4f532084-1-2\"  class=\"panel-grid-cell panel-grid-cell-mobile-last\" ><div id=\"panel-w614df4f532084-1-2-0\" class=\"so-panel widget widget_sow-editor panel-first-child panel-last-child\" data-index=\"4\" ><div class=\"panel-widget-style panel-widget-style-for-w614df4f532084-1-2-0\" ><div\n\t\t\t\n\t\t\tclass=\"so-widget-sow-editor so-widget-sow-editor-base\"\n\t\t\t\n\t\t>\n<div class=\"siteorigin-widget-tinymce textwidget\">\n\t<p><a href=\"https:\/\/aws.amazon.com\/es\/\" target=\"_blank\" rel=\"noopener\"><img loading=\"lazy\" decoding=\"async\" class=\"aligncenter wp-image-8453\" src=\"https:\/\/anuies-tic.anuies.mx\/web\/wp-content\/uploads\/2021\/09\/aws.png\" alt=\"\" width=\"218\" height=\"131\" \/><\/a><\/p>\n<\/div>\n<\/div><\/div><\/div><\/div><div id=\"pgc-w614df4f532084-1-3\"  class=\"panel-grid-cell panel-grid-cell-empty\" ><\/div><\/div><\/div><\/div><\/div><div id=\"pgc-1616-0-2\"  class=\"panel-grid-cell panel-grid-cell-mobile-last\" ><div id=\"panel-1616-0-2-0\" class=\"so-panel widget widget_nav_menu panel-first-child panel-last-child\" data-index=\"4\" ><div class=\"panel-widget-style panel-widget-style-for-1616-0-2-0\" ><h3 class=\"widget-title\">En esta secci\u00f3n&#8230;<\/h3><div class=\"menu-extension-container\"><ul id=\"menu-extension\" class=\"menu\"><li id=\"menu-item-6429\" class=\"menu-item menu-item-type-post_type menu-item-object-page menu-item-6429\"><a href=\"https:\/\/anuies-tic.anuies.mx\/web\/convenios-2\/\">Convenios<\/a><\/li>\n<li id=\"menu-item-6431\" class=\"menu-item menu-item-type-post_type menu-item-object-page menu-item-6431\"><a href=\"https:\/\/anuies-tic.anuies.mx\/web\/kit\/\">Kit de concientizaci\u00f3n en ciberseguridad<\/a><\/li>\n<li id=\"menu-item-6432\" class=\"menu-item menu-item-type-post_type menu-item-object-page menu-item-6432\"><a href=\"https:\/\/anuies-tic.anuies.mx\/web\/multimedia\/\">Galer\u00eda fotogr\u00e1fica<\/a><\/li>\n<\/ul><\/div><\/div><\/div><\/div><div id=\"pgc-1616-0-3\"  class=\"panel-grid-cell panel-grid-cell-empty\" ><\/div><\/div><\/div><\/div>","protected":false},"excerpt":{"rendered":"<p>Convenios institucionales Alianzas de colaboraci\u00f3n entre la ANUlES e Instituciones afines, para promover relaciones de cooperaci\u00f3n. &nbsp; &nbsp; Convenios con proveedores de TIC Alianzas de colaboraci\u00f3n entre la ANUIES y proveedores de tecnolog\u00eda y comunicaciones que impactan y benefician a las instituciones asociadas. En esta secci\u00f3n&#8230;Convenios Kit de concientizaci\u00f3n en ciberseguridad Galer\u00eda fotogr\u00e1fica<\/p>\n","protected":false},"author":1,"featured_media":0,"parent":0,"menu_order":0,"comment_status":"closed","ping_status":"closed","template":"","meta":{"_mc_calendar":[],"footnotes":""},"class_list":["post-1616","page","type-page","status-publish","hentry","post"],"rttpg_featured_image_url":null,"rttpg_author":{"display_name":"ctrlweb","author_link":"https:\/\/anuies-tic.anuies.mx\/web\/author\/ctrldcsctrlweb\/"},"rttpg_comment":0,"rttpg_category":null,"rttpg_excerpt":"Convenios institucionales Alianzas de colaboraci\u00f3n entre la ANUlES e Instituciones afines, para promover relaciones de cooperaci\u00f3n. &nbsp; &nbsp; Convenios con proveedores de TIC Alianzas de colaboraci\u00f3n entre la ANUIES y proveedores de tecnolog\u00eda y comunicaciones que impactan y benefician a las instituciones asociadas. En esta secci\u00f3n&#8230;Convenios Kit de concientizaci\u00f3n en ciberseguridad Galer\u00eda fotogr\u00e1fica","_links":{"self":[{"href":"https:\/\/anuies-tic.anuies.mx\/web\/wp-json\/wp\/v2\/pages\/1616","targetHints":{"allow":["GET"]}}],"collection":[{"href":"https:\/\/anuies-tic.anuies.mx\/web\/wp-json\/wp\/v2\/pages"}],"about":[{"href":"https:\/\/anuies-tic.anuies.mx\/web\/wp-json\/wp\/v2\/types\/page"}],"author":[{"embeddable":true,"href":"https:\/\/anuies-tic.anuies.mx\/web\/wp-json\/wp\/v2\/users\/1"}],"replies":[{"embeddable":true,"href":"https:\/\/anuies-tic.anuies.mx\/web\/wp-json\/wp\/v2\/comments?post=1616"}],"version-history":[{"count":314,"href":"https:\/\/anuies-tic.anuies.mx\/web\/wp-json\/wp\/v2\/pages\/1616\/revisions"}],"predecessor-version":[{"id":8462,"href":"https:\/\/anuies-tic.anuies.mx\/web\/wp-json\/wp\/v2\/pages\/1616\/revisions\/8462"}],"wp:attachment":[{"href":"https:\/\/anuies-tic.anuies.mx\/web\/wp-json\/wp\/v2\/media?parent=1616"}],"curies":[{"name":"wp","href":"https:\/\/api.w.org\/{rel}","templated":true}]}}