{"id":2589,"date":"2018-02-07T14:34:54","date_gmt":"2018-02-07T20:34:54","guid":{"rendered":"http:\/\/anuies-tic.anuies.mx\/web\/?page_id=2589"},"modified":"2021-12-09T16:55:19","modified_gmt":"2021-12-09T22:55:19","slug":"comisiones-especiales","status":"publish","type":"page","link":"https:\/\/anuies-tic.anuies.mx\/web\/comisiones-especiales\/","title":{"rendered":"Comisiones especiales"},"content":{"rendered":"<div id=\"pl-2589\"  class=\"panel-layout\" ><div id=\"pg-2589-0\"  class=\"panel-grid panel-has-style\" ><div class=\"siteorigin-panels-stretch panel-row-style panel-row-style-for-2589-0\" data-stretch-type=\"full-stretched\" ><div id=\"pgc-2589-0-0\"  class=\"panel-grid-cell panel-grid-cell-empty\" ><\/div><div id=\"pgc-2589-0-1\"  class=\"panel-grid-cell\" ><div id=\"panel-2589-0-1-0\" class=\"so-panel widget widget_sow-editor panel-first-child\" data-index=\"0\" ><div class=\"panel-widget-style panel-widget-style-for-2589-0-1-0\" ><div\n\t\t\t\n\t\t\tclass=\"so-widget-sow-editor so-widget-sow-editor-base\"\n\t\t\t\n\t\t>\n<div class=\"siteorigin-widget-tinymce textwidget\">\n\t<p><img loading=\"lazy\" decoding=\"async\" class=\"wp-image-5912 alignleft\" src=\"https:\/\/anuies-tic.anuies.mx\/web\/wp-content\/uploads\/2020\/01\/rec_1.jpg\" alt=\"\" width=\"362\" height=\"295\" srcset=\"https:\/\/anuies-tic.anuies.mx\/web\/wp-content\/uploads\/2020\/01\/rec_1.jpg 573w, https:\/\/anuies-tic.anuies.mx\/web\/wp-content\/uploads\/2020\/01\/rec_1-300x245.jpg 300w, https:\/\/anuies-tic.anuies.mx\/web\/wp-content\/uploads\/2020\/01\/rec_1-230x187.jpg 230w, https:\/\/anuies-tic.anuies.mx\/web\/wp-content\/uploads\/2020\/01\/rec_1-350x285.jpg 350w, https:\/\/anuies-tic.anuies.mx\/web\/wp-content\/uploads\/2020\/01\/rec_1-480x391.jpg 480w\" sizes=\"auto, (max-width: 362px) 100vw, 362px\" \/><\/p>\n<p>&nbsp;<\/p>\n<p>&nbsp;<\/p>\n<p style=\"text-align: justify;\">Comisi\u00f3n encargada de coordinar y validar la operaci\u00f3n de los Reconocimientos ANUIES-TIC, se otorgar\u00e1 a las buenas\/mejores pr\u00e1cticas de innovaci\u00f3n y mejora tecnol\u00f3gica en el \u00e1mbito de las Instituciones de Educaci\u00f3n Superior asociadas a la ANUIES, que se distingan por la transformaci\u00f3n de servicios innovadores, con un alto valor agregado a la comunidad acad\u00e9mica y que al mismo tiempo fortalecen el desarrollo de la Educaci\u00f3n Superior.<\/p>\n<p>&nbsp;<\/p>\n<\/div>\n<\/div><\/div><\/div><div id=\"panel-2589-0-1-1\" class=\"so-panel widget widget_sow-editor\" data-index=\"1\" ><div class=\"panel-widget-style panel-widget-style-for-2589-0-1-1\" ><div\n\t\t\t\n\t\t\tclass=\"so-widget-sow-editor so-widget-sow-editor-base\"\n\t\t\t\n\t\t>\n<div class=\"siteorigin-widget-tinymce textwidget\">\n\t<p><img loading=\"lazy\" decoding=\"async\" class=\"size-full wp-image-5913 alignleft\" src=\"https:\/\/anuies-tic.anuies.mx\/web\/wp-content\/uploads\/2020\/01\/rec-2.jpg\" alt=\"\" width=\"362\" height=\"295\" srcset=\"https:\/\/anuies-tic.anuies.mx\/web\/wp-content\/uploads\/2020\/01\/rec-2.jpg 572w, https:\/\/anuies-tic.anuies.mx\/web\/wp-content\/uploads\/2020\/01\/rec-2-300x245.jpg 300w, https:\/\/anuies-tic.anuies.mx\/web\/wp-content\/uploads\/2020\/01\/rec-2-230x188.jpg 230w, https:\/\/anuies-tic.anuies.mx\/web\/wp-content\/uploads\/2020\/01\/rec-2-350x286.jpg 350w, https:\/\/anuies-tic.anuies.mx\/web\/wp-content\/uploads\/2020\/01\/rec-2-480x393.jpg 480w\" sizes=\"auto, (max-width: 362px) 100vw, 362px\" \/>Comisi\u00f3n responsable de la coordinaci\u00f3n del evento organizado por la Asociaci\u00f3n Nacional de Universidades e Instituciones de Educaci\u00f3n Superior \u201cEncuentro ANUIES-TIC\u201d. Esta comisi\u00f3n est\u00e1 conformada por la coordinaci\u00f3n del Comit\u00e9 ANUIES-TIC Y la Universidad sede.<\/p>\n<p style=\"text-align: justify;\">El objetivo del evento es generar un espacio de contacto, convivencia e intercambio de experiencias entre los responsables de TIC de las universidades e instituciones de educaci\u00f3n superior con especialistas en el \u00e1mbito, y con proveedores que puedan potencializar el uso y aprovechamiento de las TIC.<\/p>\n<p style=\"text-align: justify;\">Entre las principales actividades del Encuentro ANUIES-TIC se encuentran: <strong><span style=\"color: #800000;\">Conferencias Magistrales y Paneles de Expertos, <\/span><span style=\"color: #800000;\">Talleres, Reuniones colaborativas, <\/span><span style=\"color: #800000;\">Expo ANUIES-TIC.<\/span><\/strong><\/p>\n<p style=\"text-align: justify;\">\n<\/p><\/div>\n<\/div><\/div><\/div><div id=\"panel-2589-0-1-2\" class=\"so-panel widget widget_sow-editor panel-last-child\" data-index=\"2\" ><div class=\"panel-widget-style panel-widget-style-for-2589-0-1-2\" ><div\n\t\t\t\n\t\t\tclass=\"so-widget-sow-editor so-widget-sow-editor-base\"\n\t\t\t\n\t\t>\n<div class=\"siteorigin-widget-tinymce textwidget\">\n\t<img loading=\"lazy\" decoding=\"async\" class=\"size-full wp-image-5911 alignleft\" src=\"https:\/\/anuies-tic.anuies.mx\/web\/wp-content\/uploads\/2020\/01\/rec-3.jpg\" alt=\"\" width=\"362\" height=\"295\" srcset=\"https:\/\/anuies-tic.anuies.mx\/web\/wp-content\/uploads\/2020\/01\/rec-3.jpg 568w, https:\/\/anuies-tic.anuies.mx\/web\/wp-content\/uploads\/2020\/01\/rec-3-300x245.jpg 300w, https:\/\/anuies-tic.anuies.mx\/web\/wp-content\/uploads\/2020\/01\/rec-3-230x187.jpg 230w, https:\/\/anuies-tic.anuies.mx\/web\/wp-content\/uploads\/2020\/01\/rec-3-350x285.jpg 350w, https:\/\/anuies-tic.anuies.mx\/web\/wp-content\/uploads\/2020\/01\/rec-3-480x391.jpg 480w\" sizes=\"auto, (max-width: 362px) 100vw, 362px\" \/>\n<p style=\"text-align: justify;\">Comisi\u00f3n encargada del an\u00e1lisis de indicadores comunes de TIC, de la consolidaci\u00f3n de estrategias y l\u00edneas de acci\u00f3n colaborativas en este tema, as\u00ed como del fortalecimiento del intercambio de experiencias entre los responsables de los estudios de TIC en las Universidades de Espa\u00f1a, Ecuador y M\u00e9xico. Esta comisi\u00f3n es conformada por especialistas en el tema de la Conferencia de Rectores de las Universidades Espa\u00f1olas a trav\u00e9s de su sectorial de TIC (CRUE-TIC), la Red Nacional de Investigaci\u00f3n y Educaci\u00f3n Ecuatoriana (Red CEDIA) y la Asociaci\u00f3n Nacional de Universidades e Instituciones de Educaci\u00f3n Superior a trav\u00e9s de su Comit\u00e9 de tecnolog\u00edas de la Informaci\u00f3n y la Comunicaci\u00f3n (ANUIES-TIC).<\/p>\n&nbsp;\n<\/div>\n<\/div><\/div><\/div><\/div><div id=\"pgc-2589-0-2\"  class=\"panel-grid-cell panel-grid-cell-mobile-last\" ><div id=\"panel-2589-0-2-0\" class=\"so-panel widget widget_nav_menu panel-first-child panel-last-child\" data-index=\"3\" ><div class=\"panel-widget-style panel-widget-style-for-2589-0-2-0\" ><h3 class=\"widget-title\">En esta secci\u00f3n&#8230;<\/h3><div class=\"menu-grupos_trabajo-container\"><ul id=\"menu-grupos_trabajo\" class=\"menu\"><li id=\"menu-item-925\" class=\"menu-item menu-item-type-post_type menu-item-object-page menu-item-925\"><a href=\"https:\/\/anuies-tic.anuies.mx\/web\/gobierno-las-tecnologias-la-informacion\/\">Gobierno de las Tecnolog\u00edas de la Informaci\u00f3n<\/a><\/li>\n<li id=\"menu-item-924\" class=\"menu-item menu-item-type-post_type menu-item-object-page menu-item-924\"><a href=\"https:\/\/anuies-tic.anuies.mx\/web\/seguridad-la-informacion\/\">Seguridad de la Informaci\u00f3n<\/a><\/li>\n<li id=\"menu-item-926\" class=\"menu-item menu-item-type-post_type menu-item-object-page menu-item-926\"><a href=\"https:\/\/anuies-tic.anuies.mx\/web\/gestion-interinstitucional-proveedores-prestadores-servicios-ti\/\">Gesti\u00f3n Interinstitucional y con Proveedores y Prestadores de Servicios de TI<\/a><\/li>\n<li id=\"menu-item-2592\" class=\"menu-item menu-item-type-post_type menu-item-object-page menu-item-2592\"><a href=\"https:\/\/anuies-tic.anuies.mx\/web\/comisiones-especiales\/\">Comisiones especiales<\/a><\/li>\n<\/ul><\/div><\/div><\/div><\/div><div id=\"pgc-2589-0-3\"  class=\"panel-grid-cell panel-grid-cell-empty\" ><\/div><\/div><\/div><\/div>","protected":false},"excerpt":{"rendered":"<p>&nbsp; &nbsp; Comisi\u00f3n encargada de coordinar y validar la operaci\u00f3n de los Reconocimientos ANUIES-TIC, se otorgar\u00e1 a las buenas\/mejores pr\u00e1cticas de innovaci\u00f3n y mejora tecnol\u00f3gica en el \u00e1mbito de las Instituciones de Educaci\u00f3n Superior asociadas a la ANUIES, que se distingan por la transformaci\u00f3n de servicios innovadores, con un alto valor agregado a la comunidad [&hellip;]<\/p>\n","protected":false},"author":1,"featured_media":0,"parent":0,"menu_order":0,"comment_status":"closed","ping_status":"closed","template":"","meta":{"_mc_calendar":[],"footnotes":""},"class_list":["post-2589","page","type-page","status-publish","hentry","post"],"rttpg_featured_image_url":null,"rttpg_author":{"display_name":"ctrlweb","author_link":"https:\/\/anuies-tic.anuies.mx\/web\/author\/ctrldcsctrlweb\/"},"rttpg_comment":0,"rttpg_category":null,"rttpg_excerpt":"&nbsp; &nbsp; Comisi\u00f3n encargada de coordinar y validar la operaci\u00f3n de los Reconocimientos ANUIES-TIC, se otorgar\u00e1 a las buenas\/mejores pr\u00e1cticas de innovaci\u00f3n y mejora tecnol\u00f3gica en el \u00e1mbito de las Instituciones de Educaci\u00f3n Superior asociadas a la ANUIES, que se distingan por la transformaci\u00f3n de servicios innovadores, con un alto valor agregado a la comunidad&hellip;","_links":{"self":[{"href":"https:\/\/anuies-tic.anuies.mx\/web\/wp-json\/wp\/v2\/pages\/2589","targetHints":{"allow":["GET"]}}],"collection":[{"href":"https:\/\/anuies-tic.anuies.mx\/web\/wp-json\/wp\/v2\/pages"}],"about":[{"href":"https:\/\/anuies-tic.anuies.mx\/web\/wp-json\/wp\/v2\/types\/page"}],"author":[{"embeddable":true,"href":"https:\/\/anuies-tic.anuies.mx\/web\/wp-json\/wp\/v2\/users\/1"}],"replies":[{"embeddable":true,"href":"https:\/\/anuies-tic.anuies.mx\/web\/wp-json\/wp\/v2\/comments?post=2589"}],"version-history":[{"count":108,"href":"https:\/\/anuies-tic.anuies.mx\/web\/wp-json\/wp\/v2\/pages\/2589\/revisions"}],"predecessor-version":[{"id":8723,"href":"https:\/\/anuies-tic.anuies.mx\/web\/wp-json\/wp\/v2\/pages\/2589\/revisions\/8723"}],"wp:attachment":[{"href":"https:\/\/anuies-tic.anuies.mx\/web\/wp-json\/wp\/v2\/media?parent=2589"}],"curies":[{"name":"wp","href":"https:\/\/api.w.org\/{rel}","templated":true}]}}