{"id":4035,"date":"2018-05-07T09:30:33","date_gmt":"2018-05-07T15:30:33","guid":{"rendered":"http:\/\/anuies-tic.anuies.mx\/web\/?page_id=4035"},"modified":"2020-01-27T14:58:23","modified_gmt":"2020-01-27T20:58:23","slug":"kit","status":"publish","type":"page","link":"https:\/\/anuies-tic.anuies.mx\/web\/kit\/","title":{"rendered":"Kit de concientizaci\u00f3n en ciberseguridad"},"content":{"rendered":"<div id=\"pl-4035\"  class=\"panel-layout\" ><div id=\"pg-4035-0\"  class=\"panel-grid panel-has-style\" ><div class=\"siteorigin-panels-stretch panel-row-style panel-row-style-for-4035-0\" data-stretch-type=\"full-stretched\" ><div id=\"pgc-4035-0-0\"  class=\"panel-grid-cell panel-grid-cell-empty\" ><\/div><div id=\"pgc-4035-0-1\"  class=\"panel-grid-cell\" ><div id=\"panel-4035-0-1-0\" class=\"so-panel widget widget_sow-editor panel-first-child panel-last-child\" data-index=\"0\" ><div class=\"panel-widget-style panel-widget-style-for-4035-0-1-0\" ><div\n\t\t\t\n\t\t\tclass=\"so-widget-sow-editor so-widget-sow-editor-base\"\n\t\t\t\n\t\t><h3 class=\"widget-title\">\u00bfQui\u00e9n gestiona la informaci\u00f3n en las IES?<\/h3>\n<div class=\"siteorigin-widget-tinymce textwidget\">\n\t<p style=\"text-align: justify;\">Los empleados son los encargados de gestionar, procesar, almacenar, modificar, transmitir y eliminar la informaci\u00f3n en la instituci\u00f3n. Son el engranaje principal para el funcionamiento, pero \u00bfconocen los riesgos en materia de seguridad?<\/p>\n<p style=\"text-align: justify;\">Puede haber riesgos por desconocimiento y desinformaci\u00f3n que coloquen a la instituci\u00f3n en una situaci\u00f3n cr\u00edtica. Se puede formar a los empleados por medio de la concientizaci\u00f3n en materia de Ciberseguridad.<\/p>\n<p style=\"text-align: justify;\">El Comit\u00e9 de Tecnolog\u00edas de la Informaci\u00f3n y Comunicaciones de la ANUIES en convenio de colaboraci\u00f3n con el Instituto Nacional de Ciberseguridad de Espa\u00f1a (INCIBE) pone a disposici\u00f3n el programa: Kit de concientizaci\u00f3n, que incorpora m\u00faltiples recursos gr\u00e1ficos, elementos interactivos y una programaci\u00f3n detallada, para ser implementado en las IES agremiadas a la Asociaci\u00f3n Nacional de Universidades e Instituciones de Educaci\u00f3n Superior en M\u00e9xico.<\/p>\n<p style=\"text-align: center;\"><strong><span style=\"color: #800000; font-size: 18pt;\">Mejore la seguridad desde el coraz\u00f3n de su instituci\u00f3n, las personas.<\/span><\/strong><\/p>\n<p style=\"text-align: center;\"><strong><span style=\"color: #800000; font-size: 18pt;\">\u00a1Realice acciones de concientizaci\u00f3n en ciberseguridad dentro de su instituci\u00f3n!<\/span><\/strong><\/p>\n<p style=\"text-align: center;\"><strong><span style=\"color: #800000; font-size: 18pt;\">Fomente la seguridad, empiece a concientizar al personal.<\/span><\/strong><\/p>\n<p>&nbsp;<\/p>\n<p>Estas son las fases propuestas para la formaci\u00f3n de los integrantes de su instituci\u00f3n, aqu\u00ed comienza el Kit de concientizaci\u00f3n:<\/p>\n<p>&nbsp;<\/p>\n<p><img loading=\"lazy\" decoding=\"async\" class=\"aligncenter wp-image-6710\" src=\"https:\/\/anuies-tic.anuies.mx\/web\/wp-content\/uploads\/2020\/01\/kit2.png\" alt=\"\" width=\"796\" height=\"207\" srcset=\"https:\/\/anuies-tic.anuies.mx\/web\/wp-content\/uploads\/2020\/01\/kit2.png 1115w, https:\/\/anuies-tic.anuies.mx\/web\/wp-content\/uploads\/2020\/01\/kit2-300x78.png 300w, https:\/\/anuies-tic.anuies.mx\/web\/wp-content\/uploads\/2020\/01\/kit2-1024x266.png 1024w, https:\/\/anuies-tic.anuies.mx\/web\/wp-content\/uploads\/2020\/01\/kit2-768x200.png 768w, https:\/\/anuies-tic.anuies.mx\/web\/wp-content\/uploads\/2020\/01\/kit2-830x216.png 830w, https:\/\/anuies-tic.anuies.mx\/web\/wp-content\/uploads\/2020\/01\/kit2-230x60.png 230w, https:\/\/anuies-tic.anuies.mx\/web\/wp-content\/uploads\/2020\/01\/kit2-350x91.png 350w, https:\/\/anuies-tic.anuies.mx\/web\/wp-content\/uploads\/2020\/01\/kit2-480x125.png 480w\" sizes=\"auto, (max-width: 796px) 100vw, 796px\" \/><\/p>\n<p>&nbsp;<\/p>\n<p style=\"padding-left: 40px;\"><img loading=\"lazy\" decoding=\"async\" class=\"size-full wp-image-6175 alignnone\" src=\"https:\/\/anuies-tic.anuies.mx\/web\/wp-content\/uploads\/2020\/01\/VI\u00d1ETA3.png\" alt=\"\" width=\"12\" height=\"20\" \/>\u00a0 <strong><a href=\"https:\/\/anuies-tic.anuies.mx\/web\/wp-content\/uploads\/2018\/05\/Manual_implementacion.zip\" target=\"_blank\" rel=\"noopener\">Manual de implementaci\u00f3n<\/a><\/strong><\/p>\n<p style=\"padding-left: 40px;\"><strong><img loading=\"lazy\" decoding=\"async\" class=\"size-full wp-image-6175 alignnone\" src=\"https:\/\/anuies-tic.anuies.mx\/web\/wp-content\/uploads\/2020\/01\/VI\u00d1ETA3.png\" alt=\"\" width=\"12\" height=\"20\" \/> \u00a0<a href=\"https:\/\/anuies-tic.anuies.mx\/web\/wp-content\/uploads\/2018\/05\/Fase_1_Diagnostico_inicial.rar\" target=\"_blank\" rel=\"noopener\">Fase 1: Diagn\u00f3stico inicial \/ Fase 5: Recordatorio evaluaci\u00f3n final<\/a><\/strong><\/p>\n<p style=\"padding-left: 40px;\"><strong><img loading=\"lazy\" decoding=\"async\" class=\"size-full wp-image-6175 alignnone\" src=\"https:\/\/anuies-tic.anuies.mx\/web\/wp-content\/uploads\/2020\/01\/VI\u00d1ETA3.png\" alt=\"\" width=\"12\" height=\"20\" \/>\u00a0 <a href=\"https:\/\/anuies-tic.anuies.mx\/web\/wp-content\/uploads\/2018\/05\/Fase_2_Distribucion_posters_tripticos.zip\" target=\"_blank\" rel=\"noopener\">Fase 2. Distribuci\u00f3n de p\u00f3steres, tr\u00edpticos<\/a><\/strong><\/p>\n<p style=\"padding-left: 40px;\"><strong><img loading=\"lazy\" decoding=\"async\" class=\"size-full wp-image-6175 alignnone\" src=\"https:\/\/anuies-tic.anuies.mx\/web\/wp-content\/uploads\/2020\/01\/VI\u00d1ETA3.png\" alt=\"\" width=\"12\" height=\"20\" \/>\u00a0 <a href=\"https:\/\/anuies-tic.anuies.mx\/web\/wp-content\/uploads\/2018\/05\/Fase_3_Proceso_formativo.zip\" target=\"_blank\" rel=\"noopener\">Fase 3: Proceso formativo<\/a><\/strong><\/p>\n<p style=\"padding-left: 40px;\"><strong><img loading=\"lazy\" decoding=\"async\" class=\"size-full wp-image-6175 alignnone\" src=\"https:\/\/anuies-tic.anuies.mx\/web\/wp-content\/uploads\/2020\/01\/VI\u00d1ETA3.png\" alt=\"\" width=\"12\" height=\"20\" \/>\u00a0 <a href=\"https:\/\/anuies-tic.anuies.mx\/web\/wp-content\/uploads\/2018\/05\/Fase_4_Consejos_seguridad_mensuales.zip\" target=\"_blank\" rel=\"noopener\">Fase 4: Consejos de seguridad mensuales<\/a><\/strong><\/p>\n<p style=\"padding-left: 40px;\"><img loading=\"lazy\" decoding=\"async\" class=\"size-full wp-image-6175 alignnone\" src=\"https:\/\/anuies-tic.anuies.mx\/web\/wp-content\/uploads\/2020\/01\/VI\u00d1ETA3.png\" alt=\"\" width=\"12\" height=\"20\" \/><strong>\u00a0 <a href=\"https:\/\/anuies-tic.anuies.mx\/web\/wp-content\/uploads\/2018\/05\/Fase_6_Valoracion_Encuesta_satisfaccion.zip\" target=\"_blank\" rel=\"noopener\">Fase 6: Valoraci\u00f3n de encuesta de satisfacci\u00f3n<\/a><\/strong><\/p>\n<p>&nbsp;<\/p>\n<p><img loading=\"lazy\" decoding=\"async\" class=\" wp-image-6212 alignnone\" src=\"https:\/\/anuies-tic.anuies.mx\/web\/wp-content\/uploads\/2020\/01\/libro-1.png\" alt=\"\" width=\"51\" height=\"46\" \/>\u00a0 <span style=\"color: #800000;\"><strong>Manual de implementaci\u00f3n<\/strong><\/span><\/p>\n<p style=\"text-align: justify;\">Es la Gu\u00eda de aplicaci\u00f3n del kit, contiene informaci\u00f3n sobre los materiales adem\u00e1s de una programaci\u00f3n para su distribuci\u00f3n dentro de las IES.<\/p>\n<p>&nbsp;<\/p>\n<p><img loading=\"lazy\" decoding=\"async\" class=\" wp-image-6212 alignnone\" src=\"https:\/\/anuies-tic.anuies.mx\/web\/wp-content\/uploads\/2020\/01\/libro-1.png\" alt=\"\" width=\"51\" height=\"46\" \/>\u00a0 <span style=\"color: #800000;\"><strong>Ataques dirigidos<\/strong><\/span><\/p>\n<p style=\"text-align: justify;\">La conciencia empieza con uno o dos ejercicios que van a permitir evaluar el nivel de concientizaci\u00f3n en seguridad de los empleados de las IES, a la vez que se despierta el inter\u00e9s por aprender m\u00e1s. Estos ejercicios toman la forma de ataques sorpresa.<\/p>\n<p style=\"text-align: justify;\">Se incluyen dos pruebas dirigidas para ser realizadas, una por correo electr\u00f3nico y otra por medio de una USB. Pueden realizarse ambas al inicio o una al inicio y otra al final de la concientizaci\u00f3n. En el manual se explica con detalle c\u00f3mo realizar \u00e9stas pruebas.<\/p>\n<p>&nbsp;<\/p>\n<p><img loading=\"lazy\" decoding=\"async\" class=\" wp-image-6212 alignnone\" src=\"https:\/\/anuies-tic.anuies.mx\/web\/wp-content\/uploads\/2020\/01\/libro-1.png\" alt=\"\" width=\"51\" height=\"46\" \/> \u00a0<span style=\"color: #800000;\"><strong>P\u00f3steres y tr\u00edpticos<\/strong><\/span><\/p>\n<p style=\"text-align: justify;\">Despu\u00e9s de lanzar una prueba dirigida se distribuir\u00e1n en lugares de paso frecuente, dos tipos de materiales: p\u00f3steres y tr\u00edpticos.<\/p>\n<p style=\"text-align: justify;\">El kit incluye p\u00f3steres en dos tama\u00f1os (carta y tabloide), con estos elementos principalmente gr\u00e1ficos se pretende concientizar a las personas para que se consideren una parte activa de la seguridad de su instituci\u00f3n.<\/p>\n<p style=\"text-align: justify;\">Adem\u00e1s de los p\u00f3steres, el kit incluye una serie de tr\u00edpticos que se puedan dejar a disposici\u00f3n del personal. Los tr\u00edpticos combinan gr\u00e1ficos y textos para transmitir aspectos importantes de seguridad relacionados con los cuatro bloques tem\u00e1ticos.<\/p>\n<p>&nbsp;<\/p>\n<p style=\"text-align: justify;\"><img loading=\"lazy\" decoding=\"async\" class=\" wp-image-6212 alignnone\" src=\"https:\/\/anuies-tic.anuies.mx\/web\/wp-content\/uploads\/2020\/01\/libro-1.png\" alt=\"\" width=\"51\" height=\"46\" \/>\u00a0 <span style=\"color: #800000;\"><strong>Proceso formativo<\/strong><\/span><\/p>\n<p style=\"text-align: justify;\">Una vez despertado el inter\u00e9s, se plantea realizar un proceso formativo combinando la distribuci\u00f3n de material para su lectura y visualizaci\u00f3n, de manera opcional la organizaci\u00f3n de cursos de capacitaci\u00f3n. Esta fase consta de cuatro tem\u00e1ticas de formaci\u00f3n: la informaci\u00f3n, almacenamiento de la informaci\u00f3n, el lugar de trabajo y los dispositivos m\u00f3viles.<\/p>\n<p>Cada bloque esta compuesto de los siguientes materiales. video, presentaci\u00f3n, documento informativo, fondos de pantalla y evaluaci\u00f3n del proceso.<\/p>\n<p>&nbsp;<\/p>\n<p style=\"text-align: justify; padding-left: 40px;\"><img loading=\"lazy\" decoding=\"async\" class=\"size-full wp-image-6170 alignnone\" src=\"https:\/\/anuies-tic.anuies.mx\/web\/wp-content\/uploads\/2020\/01\/VI\u00d1ETA2.png\" alt=\"\" width=\"30\" height=\"30\" \/>\u00a0 Para fomentar la participaci\u00f3n, el kit dispone de cuatro videos interactivos asociados a las tem\u00e1ticas de formaci\u00f3n, en ellos se transmiten consejos y buenas pr\u00e1cticas en el lugar de trabajo y entorno laboral. Representan escenas cotidianas en una oficina cualquiera. En las escenas existen iconos sobre los cuales se pueden hacer clic para leer los distintos consejos.<\/p>\n<p style=\"padding-left: 40px;\"><img loading=\"lazy\" decoding=\"async\" class=\"size-full wp-image-6170 alignnone\" src=\"https:\/\/anuies-tic.anuies.mx\/web\/wp-content\/uploads\/2020\/01\/VI\u00d1ETA2.png\" alt=\"\" width=\"30\" height=\"30\" \/>\u00a0 El kit incluye a modo de refuerzo cuatro presentaciones, una para cada una de las tem\u00e1ticas, que pueden ser utilizadas en los cursos de capacitaci\u00f3n. Con ellas se puede repasar los conceptos claves y las medidas de seguridad b\u00e1sicas, as\u00ed como buenas pr\u00e1cticas cuando se trabaja con informaci\u00f3n sensible. La informaci\u00f3n en ella es concisa, ya que un documento de texto acompa\u00f1a a cada una de ellas con la explicaci\u00f3n detallada de los conceptos.<\/p>\n<p style=\"padding-left: 40px;\"><img loading=\"lazy\" decoding=\"async\" class=\"size-full wp-image-6170 alignnone\" src=\"https:\/\/anuies-tic.anuies.mx\/web\/wp-content\/uploads\/2020\/01\/VI\u00d1ETA2.png\" alt=\"\" width=\"30\" height=\"30\" \/>\u00a0 Cada una de las tem\u00e1ticas esta explicada en un documento de texto. Estos documentos contienen informaci\u00f3n sobre los conceptos, medidas y buenas pr\u00e1cticas mencionadas en las presentaciones y los videos interactivos. Las presentaciones y los documentos pueden bien distribuirse para una lectura individual o explicarse en las sesiones de capacitaci\u00f3n.<\/p>\n<p style=\"padding-left: 40px;\"><img loading=\"lazy\" decoding=\"async\" class=\"size-full wp-image-6170 alignnone\" src=\"https:\/\/anuies-tic.anuies.mx\/web\/wp-content\/uploads\/2020\/01\/VI\u00d1ETA2.png\" alt=\"\" width=\"30\" height=\"30\" \/>\u00a0 Una vez que se ha revisado el material, se ofrecen im\u00e1genes con consejos o recordatorios para poner durante varios meses como fondos de pantalla. Se deber\u00e1n de cambiar cada mes para que se visualice todos.<\/p>\n<p style=\"padding-left: 40px;\"><img loading=\"lazy\" decoding=\"async\" class=\"size-full wp-image-6170 alignnone\" src=\"https:\/\/anuies-tic.anuies.mx\/web\/wp-content\/uploads\/2020\/01\/VI\u00d1ETA2.png\" alt=\"\" width=\"30\" height=\"30\" \/>\u00a0 Finalmente, una evaluaci\u00f3n para dada proceso con preguntas sobre cada tem\u00e1tica que permitir\u00e1n comprobar los conocimientos adquiridos.<\/p>\n<p>&nbsp;<\/p>\n<p><img loading=\"lazy\" decoding=\"async\" class=\" wp-image-6212 alignnone\" src=\"https:\/\/anuies-tic.anuies.mx\/web\/wp-content\/uploads\/2020\/01\/libro-1.png\" alt=\"\" width=\"51\" height=\"46\" \/>\u00a0 <span style=\"color: #800000;\"><strong>Consejos de seguridad mensuales<\/strong><\/span><\/p>\n<p style=\"text-align: justify;\">A manera de resumen se incluyen algunos archivos con gr\u00e1ficos que contiene consejos tem\u00e1ticos para reforzar lo aprendido. Estos materiales se pueden enviar por correo electr\u00f3nico, publicar en un blog interno o distribuirse en forma impresa.<\/p>\n<p>&nbsp;<\/p>\n<p><img loading=\"lazy\" decoding=\"async\" class=\" wp-image-6212 alignnone\" src=\"https:\/\/anuies-tic.anuies.mx\/web\/wp-content\/uploads\/2020\/01\/libro-1.png\" alt=\"\" width=\"51\" height=\"46\" \/> <span style=\"color: #800000;\"><strong>Encuesta de satisfacci\u00f3n<\/strong><\/span><\/p>\n<p style=\"text-align: justify;\">Cuando haya terminado la concientizaci\u00f3n en las IES puede hacer llegar su experiencia y opini\u00f3n mediante la encuesta de satisfacci\u00f3n. Su colaboraci\u00f3n es muy importante para mejorar este kit.<\/p>\n<\/div>\n<\/div><\/div><\/div><\/div><div id=\"pgc-4035-0-2\"  class=\"panel-grid-cell panel-grid-cell-mobile-last\" ><div id=\"panel-4035-0-2-0\" class=\"so-panel widget widget_nav_menu panel-first-child panel-last-child\" data-index=\"1\" ><div class=\"panel-widget-style panel-widget-style-for-4035-0-2-0\" ><h3 class=\"widget-title\">En esta secci\u00f3n&#8230;<\/h3><div class=\"menu-extension-container\"><ul id=\"menu-extension\" class=\"menu\"><li id=\"menu-item-6429\" class=\"menu-item menu-item-type-post_type menu-item-object-page menu-item-6429\"><a href=\"https:\/\/anuies-tic.anuies.mx\/web\/convenios-2\/\">Convenios<\/a><\/li>\n<li id=\"menu-item-6431\" class=\"menu-item menu-item-type-post_type menu-item-object-page menu-item-6431\"><a href=\"https:\/\/anuies-tic.anuies.mx\/web\/kit\/\">Kit de concientizaci\u00f3n en ciberseguridad<\/a><\/li>\n<li id=\"menu-item-6432\" class=\"menu-item menu-item-type-post_type menu-item-object-page menu-item-6432\"><a href=\"https:\/\/anuies-tic.anuies.mx\/web\/multimedia\/\">Galer\u00eda fotogr\u00e1fica<\/a><\/li>\n<\/ul><\/div><\/div><\/div><\/div><div id=\"pgc-4035-0-3\"  class=\"panel-grid-cell panel-grid-cell-empty\" ><\/div><\/div><\/div><\/div>","protected":false},"excerpt":{"rendered":"<p>Los empleados son los encargados de gestionar, procesar, almacenar, modificar, transmitir y eliminar la informaci\u00f3n en la instituci\u00f3n. Son el engranaje principal para el funcionamiento, pero \u00bfconocen los riesgos en materia de seguridad? Puede haber riesgos por desconocimiento y desinformaci\u00f3n que coloquen a la instituci\u00f3n en una situaci\u00f3n cr\u00edtica. Se puede formar a los empleados [&hellip;]<\/p>\n","protected":false},"author":1,"featured_media":0,"parent":0,"menu_order":0,"comment_status":"closed","ping_status":"closed","template":"page-templates\/page_fullwidth.php","meta":{"_mc_calendar":[],"footnotes":""},"class_list":["post-4035","page","type-page","status-publish","hentry","post"],"rttpg_featured_image_url":null,"rttpg_author":{"display_name":"ctrlweb","author_link":"https:\/\/anuies-tic.anuies.mx\/web\/author\/ctrldcsctrlweb\/"},"rttpg_comment":0,"rttpg_category":null,"rttpg_excerpt":"Los empleados son los encargados de gestionar, procesar, almacenar, modificar, transmitir y eliminar la informaci\u00f3n en la instituci\u00f3n. Son el engranaje principal para el funcionamiento, pero \u00bfconocen los riesgos en materia de seguridad? Puede haber riesgos por desconocimiento y desinformaci\u00f3n que coloquen a la instituci\u00f3n en una situaci\u00f3n cr\u00edtica. Se puede formar a los empleados&hellip;","_links":{"self":[{"href":"https:\/\/anuies-tic.anuies.mx\/web\/wp-json\/wp\/v2\/pages\/4035","targetHints":{"allow":["GET"]}}],"collection":[{"href":"https:\/\/anuies-tic.anuies.mx\/web\/wp-json\/wp\/v2\/pages"}],"about":[{"href":"https:\/\/anuies-tic.anuies.mx\/web\/wp-json\/wp\/v2\/types\/page"}],"author":[{"embeddable":true,"href":"https:\/\/anuies-tic.anuies.mx\/web\/wp-json\/wp\/v2\/users\/1"}],"replies":[{"embeddable":true,"href":"https:\/\/anuies-tic.anuies.mx\/web\/wp-json\/wp\/v2\/comments?post=4035"}],"version-history":[{"count":77,"href":"https:\/\/anuies-tic.anuies.mx\/web\/wp-json\/wp\/v2\/pages\/4035\/revisions"}],"predecessor-version":[{"id":6718,"href":"https:\/\/anuies-tic.anuies.mx\/web\/wp-json\/wp\/v2\/pages\/4035\/revisions\/6718"}],"wp:attachment":[{"href":"https:\/\/anuies-tic.anuies.mx\/web\/wp-json\/wp\/v2\/media?parent=4035"}],"curies":[{"name":"wp","href":"https:\/\/api.w.org\/{rel}","templated":true}]}}