{"id":4231,"date":"2018-07-11T10:20:36","date_gmt":"2018-07-11T16:20:36","guid":{"rendered":"http:\/\/anuies-tic.anuies.mx\/web\/?page_id=4231"},"modified":"2026-03-25T13:32:51","modified_gmt":"2026-03-25T19:32:51","slug":"reconocimientos-anuies-tic","status":"publish","type":"page","link":"https:\/\/anuies-tic.anuies.mx\/web\/reconocimientos-anuies-tic\/","title":{"rendered":"Reconocimientos ANUIES-TIC"},"content":{"rendered":"<div id=\"pl-4231\"  class=\"panel-layout\" ><div id=\"pg-4231-0\"  class=\"panel-grid panel-has-style\" ><div class=\"siteorigin-panels-stretch panel-row-style panel-row-style-for-4231-0\" data-stretch-type=\"full-width-stretch\" ><div id=\"pgc-4231-0-0\"  class=\"panel-grid-cell panel-grid-cell-empty\" ><\/div><div id=\"pgc-4231-0-1\"  class=\"panel-grid-cell\" ><div id=\"panel-4231-0-1-0\" class=\"so-panel widget widget_sow-editor panel-first-child\" data-index=\"0\" ><div class=\"panel-widget-style panel-widget-style-for-4231-0-1-0\" ><div\n\t\t\t\n\t\t\tclass=\"so-widget-sow-editor so-widget-sow-editor-base\"\n\t\t\t\n\t\t>\n<div class=\"siteorigin-widget-tinymce textwidget\">\n\t<p><a href=\"https:\/\/anuies-tic.anuies.mx\/web\/wp-content\/uploads\/2026\/03\/Logo_reconocimientos2026.png\"><img loading=\"lazy\" decoding=\"async\" class=\"aligncenter wp-image-10883 size-medium\" src=\"https:\/\/anuies-tic.anuies.mx\/web\/wp-content\/uploads\/2026\/03\/Logo_reconocimientos2026-300x300.png\" alt=\"\" width=\"300\" height=\"300\" srcset=\"https:\/\/anuies-tic.anuies.mx\/web\/wp-content\/uploads\/2026\/03\/Logo_reconocimientos2026-300x300.png 300w, https:\/\/anuies-tic.anuies.mx\/web\/wp-content\/uploads\/2026\/03\/Logo_reconocimientos2026-1024x1024.png 1024w, https:\/\/anuies-tic.anuies.mx\/web\/wp-content\/uploads\/2026\/03\/Logo_reconocimientos2026-150x150.png 150w, https:\/\/anuies-tic.anuies.mx\/web\/wp-content\/uploads\/2026\/03\/Logo_reconocimientos2026-768x768.png 768w, https:\/\/anuies-tic.anuies.mx\/web\/wp-content\/uploads\/2026\/03\/Logo_reconocimientos2026.png 1200w\" sizes=\"auto, (max-width: 300px) 100vw, 300px\" \/><\/a><\/p>\n<p><strong style=\"color: #800000; font-size: 24px;\">\u00bfQu\u00e9 son los reconocimientos ANUIES-TIC?<\/strong><\/p>\n<p>Es un reconocimiento otorgado a las Instituciones de Educaci\u00f3n Superior (IES) que se distingan por contribuir al fortalecimiento institucional (Transformaci\u00f3n de procesos, productos o servicios innovadores) a trav\u00e9s de las pr\u00e1cticas de:<\/p>\n<p><img loading=\"lazy\" decoding=\"async\" class=\"aligncenter size-full wp-image-6344\" src=\"https:\/\/anuies-tic.anuies.mx\/web\/wp-content\/uploads\/2020\/01\/reconocimientos.png\" alt=\"\" width=\"595\" height=\"199\" srcset=\"https:\/\/anuies-tic.anuies.mx\/web\/wp-content\/uploads\/2020\/01\/reconocimientos.png 595w, https:\/\/anuies-tic.anuies.mx\/web\/wp-content\/uploads\/2020\/01\/reconocimientos-300x100.png 300w, https:\/\/anuies-tic.anuies.mx\/web\/wp-content\/uploads\/2020\/01\/reconocimientos-230x77.png 230w, https:\/\/anuies-tic.anuies.mx\/web\/wp-content\/uploads\/2020\/01\/reconocimientos-350x117.png 350w, https:\/\/anuies-tic.anuies.mx\/web\/wp-content\/uploads\/2020\/01\/reconocimientos-480x161.png 480w\" sizes=\"auto, (max-width: 595px) 100vw, 595px\" \/><\/p>\n<\/div>\n<\/div><\/div><\/div><div id=\"panel-4231-0-1-1\" class=\"so-panel widget widget_sow-editor\" data-index=\"1\" ><div class=\"panel-widget-style panel-widget-style-for-4231-0-1-1\" ><div\n\t\t\t\n\t\t\tclass=\"so-widget-sow-editor so-widget-sow-editor-base\"\n\t\t\t\n\t\t><h3 class=\"widget-title\">Categor\u00edas<\/h3>\n<div class=\"siteorigin-widget-tinymce textwidget\">\n\t<p><img loading=\"lazy\" decoding=\"async\" class=\"size-full wp-image-6373 alignnone\" src=\"https:\/\/anuies-tic.anuies.mx\/web\/wp-content\/uploads\/2020\/01\/innovaci\u00f3n.png\" alt=\"\" width=\"70\" height=\"70\" \/>\u00a0 <span style=\"color: #800000;\"><strong><span style=\"font-size: 18pt;\">Innovaci\u00f3n de la Gesti\u00f3n mediante las TIC<\/span><\/strong><\/span><\/p>\n<p>Proyectos que presenten optimizaci\u00f3n y\/o mejora de los servicios con una incorporaci\u00f3n efectiva de las TIC y sus efectos en los procesos para la contribuci\u00f3n a nuevos m\u00e9todos organizativos y de trabajo, de acuerdo a los objetivos de la instituci\u00f3n.<\/p>\n<p>&nbsp;<\/p>\n<p><img loading=\"lazy\" decoding=\"async\" class=\"size-full wp-image-6371 alignnone\" src=\"https:\/\/anuies-tic.anuies.mx\/web\/wp-content\/uploads\/2020\/01\/transformacion.png\" alt=\"\" width=\"80\" height=\"80\" \/>\u00a0 <span style=\"font-size: 18pt; color: #800000;\"><strong>Transformaci\u00f3n de las pr\u00e1cticas educativas mediante las TIC<\/strong><\/span><\/p>\n<p>Proyectos que integren las TIC a los distintos procesos educativos relacionados con docencia e investigaci\u00f3n para mejorar la calidad de la educaci\u00f3n y fortalecer la cibercultura de las comunidades educativas; transformando el trabajo acad\u00e9mico y las formas de aprendizaje aprovechando los principales paradigmas tecno-educativos.<\/p>\n<p>&nbsp;<\/p>\n<p><img decoding=\"async\" class=\"size-full wp-image-6370 alignnone\" src=\"https:\/\/anuies-tic.anuies.mx\/web\/wp-content\/uploads\/2020\/01\/tics.png\" alt=\"\" width=\"80\" height=\"80 \" \/> \u00a0<span style=\"font-size: 18pt; color: #800000;\"><strong>Las TIC en la responsabilidad social<\/strong><\/span><\/p>\n<p>Proyectos que mediante las TIC fortalezcan la vinculaci\u00f3n universidad con l entorno social bajo el enfoque de responsabilidad social universitaria.<\/p>\n<p>&nbsp;<\/p>\n<p><img loading=\"lazy\" decoding=\"async\" class=\"size-full wp-image-6372 alignnone\" src=\"https:\/\/anuies-tic.anuies.mx\/web\/wp-content\/uploads\/2020\/01\/redes.png\" alt=\"\" width=\"80\" height=\"80\" \/>\u00a0\u00a0<strong style=\"color: #800000; font-size: 24px;\">Redes de colaboraci\u00f3n y vinculaci\u00f3n con la industria en TIC<\/strong><\/p>\n<p>Presentar proyectos que describan el proceso mediante el cual grupos de profesionales de TIC trabajan en vinculaci\u00f3n con el sector privado, acad\u00e9mico, gobierno o no gubernamental; desarrollando, organizando, compartiendo y difundiendo conocimientos, tecnolog\u00edas o mejores pr\u00e1cticas en tem\u00e1ticas especializadas de TIC; se\u00f1alando el impacto institucional, regional, nacional e internacional.<\/p>\n<\/div>\n<\/div><\/div><\/div><div id=\"panel-4231-0-1-2\" class=\"so-panel widget widget_sow-editor\" data-index=\"2\" ><div\n\t\t\t\n\t\t\tclass=\"so-widget-sow-editor so-widget-sow-editor-base\"\n\t\t\t\n\t\t>\n<div class=\"siteorigin-widget-tinymce textwidget\">\n\t<p><a href=\"https:\/\/anuies-tic.anuies.mx\/web\/wp-content\/uploads\/2026\/03\/Cronograma-ANUIES-TICS.jpg\"><img loading=\"lazy\" decoding=\"async\" class=\"aligncenter size-full wp-image-10891\" src=\"https:\/\/anuies-tic.anuies.mx\/web\/wp-content\/uploads\/2026\/03\/Cronograma-ANUIES-TICS.jpg\" alt=\"\" width=\"609\" height=\"809\" srcset=\"https:\/\/anuies-tic.anuies.mx\/web\/wp-content\/uploads\/2026\/03\/Cronograma-ANUIES-TICS.jpg 609w, https:\/\/anuies-tic.anuies.mx\/web\/wp-content\/uploads\/2026\/03\/Cronograma-ANUIES-TICS-226x300.jpg 226w\" sizes=\"auto, (max-width: 609px) 100vw, 609px\" \/><\/a><\/p>\n<\/div>\n<\/div><\/div><div id=\"panel-4231-0-1-3\" class=\"so-panel widget widget_sow-editor panel-last-child\" data-index=\"3\" ><div class=\"panel-widget-style panel-widget-style-for-4231-0-1-3\" ><div\n\t\t\t\n\t\t\tclass=\"so-widget-sow-editor so-widget-sow-editor-base\"\n\t\t\t\n\t\t>\n<div class=\"siteorigin-widget-tinymce textwidget\">\n\t<\/div>\n<\/div><\/div><\/div><\/div><div id=\"pgc-4231-0-2\"  class=\"panel-grid-cell panel-grid-cell-mobile-last\" ><div id=\"panel-4231-0-2-0\" class=\"so-panel widget widget_sow-editor panel-first-child\" data-index=\"4\" ><div\n\t\t\t\n\t\t\tclass=\"so-widget-sow-editor so-widget-sow-editor-base\"\n\t\t\t\n\t\t>\n<div class=\"siteorigin-widget-tinymce textwidget\">\n\t<p style=\"text-align: center;\"><a class=\"fasc-button fasc-size-medium fasc-type-flat fasc-rounded-medium fasc-ico-before dashicons-format-aside\" style=\"background-color: #76394e; color: #ffffff;\" target=\"_blank\" rel=\"noopener\" href=\"http:\/\/reconocimientos-tic.anuies.mx\/documentos\/01_Convocatoria_Reconocimientos_2026_VFinal.pdf\">Convocatoria<\/a><\/p>\n<p style=\"text-align: center;\"><a class=\"fasc-button fasc-size-medium fasc-type-flat fasc-rounded-medium fasc-ico-before dashicons-admin-site\" style=\"background-color: #76394e; color: #ffffff;\" target=\"_blank\" rel=\"noopener\" href=\"https:\/\/reconocimientos-tic.anuies.mx\/evaluacion2026\/pre-registro\/\">Pre registro<\/a><\/p>\n<p style=\"text-align: center;\"><a class=\"fasc-button fasc-size-medium fasc-type-flat fasc-rounded-medium fasc-ico-before dashicons-admin-site\" style=\"background-color: #76394e; color: #ffffff;\" target=\"_blank\" rel=\"noopener\" href=\"https:\/\/reconocimientos-tic.anuies.mx\/documentos\/02_Reglas_de_operacion_Reconocimientos_2026_VFinal.pdf\">Reglas de operaci\u00f3n<\/a><\/p>\n<p style=\"text-align: center;\"><a class=\"fasc-button fasc-size-medium fasc-type-flat fasc-rounded-medium fasc-ico-before dashicons-format-aside\" style=\"background-color: #76394e; color: #ffffff;\" target=\"_blank\" rel=\"noopener\" href=\"https:\/\/reconocimientos-tic.anuies.mx\/documentos\/03_Manual_y_Codigo_de_Etica_Evaluador_2026.pdf\">Manual y c\u00f3digo de \u00e9tica del evaluador<\/a><\/p>\n<p style=\"text-align: center;\"><a class=\"fasc-button fasc-size-medium fasc-type-flat fasc-rounded-medium fasc-ico-before dashicons-format-gallery\" style=\"background-color: #76394e; color: #ffffff;\" target=\"_blank\" href=\"https:\/\/anuies-tic.anuies.mx\/web\/wp-content\/uploads\/2026\/03\/TALLER-ResponsablesTIC2026-v1.1.pptx.pdf\">Presentaci\u00f3n Taller para responsables<\/a><\/p>\n<\/div>\n<\/div><\/div><div id=\"panel-4231-0-2-1\" class=\"so-panel widget widget_sow-editor\" data-index=\"5\" ><div\n\t\t\t\n\t\t\tclass=\"so-widget-sow-editor so-widget-sow-editor-base\"\n\t\t\t\n\t\t><h3 class=\"widget-title\">Taller para responsables TIC<\/h3>\n<div class=\"siteorigin-widget-tinymce textwidget\">\n\t<p><iframe loading=\"lazy\" title=\"YouTube video player\" src=\"https:\/\/www.youtube.com\/embed\/Kts53RCPkDc?si=55gRwYwDrFITH5qq\" width=\"560\" height=\"315\" frameborder=\"0\" allowfullscreen=\"allowfullscreen\"><\/iframe><\/p>\n<\/div>\n<\/div><\/div><div id=\"panel-4231-0-2-2\" class=\"so-panel widget widget_sow-editor panel-last-child\" data-index=\"6\" ><div class=\"panel-widget-style panel-widget-style-for-4231-0-2-2\" ><div\n\t\t\t\n\t\t\tclass=\"so-widget-sow-editor so-widget-sow-editor-base\"\n\t\t\t\n\t\t><h3 class=\"widget-title\">Tambi\u00e9n puedes consultar...<\/h3>\n<div class=\"siteorigin-widget-tinymce textwidget\">\n\t<p><img loading=\"lazy\" decoding=\"async\" class=\"size-full wp-image-6175 alignnone\" src=\"https:\/\/anuies-tic.anuies.mx\/web\/wp-content\/uploads\/2020\/01\/VI\u00d1ETA3.png\" alt=\"\" width=\"12\" height=\"20\" \/>\u00a0 <span style=\"color: #800000;\"><strong><a style=\"color: #800000;\" href=\"https:\/\/anuies-tic.anuies.mx\/web\/ganadores-reconocimientos-anuies-tic-2024\/\">Repositorio de Ganadores 2024<\/a><\/strong><\/span><\/p>\n<p><img loading=\"lazy\" decoding=\"async\" class=\"size-full wp-image-6175 alignnone\" src=\"https:\/\/anuies-tic.anuies.mx\/web\/wp-content\/uploads\/2020\/01\/VI\u00d1ETA3.png\" alt=\"\" width=\"12\" height=\"20\" \/>\u00a0 <span style=\"color: #800000;\"><strong><a style=\"color: #800000;\" href=\"https:\/\/anuies-tic.anuies.mx\/web\/ganadores-reconocimientos-anuies-tic-2023\/\">Repositorio de Ganadores 2023<\/a><\/strong><\/span><\/p>\n<p><img loading=\"lazy\" decoding=\"async\" class=\"size-full wp-image-6175 alignnone\" src=\"https:\/\/anuies-tic.anuies.mx\/web\/wp-content\/uploads\/2020\/01\/VI\u00d1ETA3.png\" alt=\"\" width=\"12\" height=\"20\" \/>\u00a0 <span style=\"color: #800000;\"><strong><a style=\"color: #800000;\" href=\"https:\/\/anuies-tic.anuies.mx\/web\/ganadores-reconocimientos-anuies-tic-2022\/\">Repositorio de Ganadores 2022<\/a><\/strong><\/span><\/p>\n<p><img loading=\"lazy\" decoding=\"async\" class=\"size-full wp-image-6175 alignnone\" src=\"https:\/\/anuies-tic.anuies.mx\/web\/wp-content\/uploads\/2020\/01\/VI\u00d1ETA3.png\" alt=\"\" width=\"12\" height=\"20\" \/>\u00a0 <span style=\"color: #800000;\"><strong><a style=\"color: #800000;\" href=\"https:\/\/anuies-tic.anuies.mx\/web\/ganadores-reconocimientos-anuies-tic-2021\/\/\">Repositorio de Ganadores 2021<\/a><\/strong><\/span><\/p>\n<p><img loading=\"lazy\" decoding=\"async\" class=\"size-full wp-image-6175 alignnone\" src=\"https:\/\/anuies-tic.anuies.mx\/web\/wp-content\/uploads\/2020\/01\/VI\u00d1ETA3.png\" alt=\"\" width=\"12\" height=\"20\" \/>\u00a0 <span style=\"color: #800000;\"><strong><a style=\"color: #800000;\" href=\"https:\/\/anuies-tic.anuies.mx\/web\/ganadores-reconocimientos-anuies-tic-2020\/\">Repositorio de Ganadores 2020<\/a><\/strong><\/span><\/p>\n<p><img loading=\"lazy\" decoding=\"async\" class=\"size-full wp-image-6175 alignnone\" src=\"https:\/\/anuies-tic.anuies.mx\/web\/wp-content\/uploads\/2020\/01\/VI\u00d1ETA3.png\" alt=\"\" width=\"12\" height=\"20\" \/>\u00a0 <span style=\"color: #800000;\"><strong><a style=\"color: #800000;\" href=\"https:\/\/anuies-tic.anuies.mx\/web\/ganadores-reconocimientos-anuies-tic-2019\/\">Repositorio de Ganadores 2019<\/a><\/strong><\/span><\/p>\n<p><img loading=\"lazy\" decoding=\"async\" class=\"size-full wp-image-6175 alignnone\" src=\"https:\/\/anuies-tic.anuies.mx\/web\/wp-content\/uploads\/2020\/01\/VI\u00d1ETA3.png\" alt=\"\" width=\"12\" height=\"20\" \/>\u00a0 <span style=\"color: #800000;\"><strong><a style=\"color: #800000;\" href=\"https:\/\/anuies-tic.anuies.mx\/web\/ganadores-reconocimientos-anuies-tic-2018_final\/\">Repositorio de Ganadores 2018<\/a><\/strong><\/span><\/p>\n<\/div>\n<\/div><\/div><\/div><\/div><div id=\"pgc-4231-0-3\"  class=\"panel-grid-cell panel-grid-cell-empty\" ><\/div><\/div><\/div><\/div>","protected":false},"excerpt":{"rendered":"<p>\u00bfQu\u00e9 son los reconocimientos ANUIES-TIC? Es un reconocimiento otorgado a las Instituciones de Educaci\u00f3n Superior (IES) que se distingan por contribuir al fortalecimiento institucional (Transformaci\u00f3n de procesos, productos o servicios innovadores) a trav\u00e9s de las pr\u00e1cticas de: \u00a0 Innovaci\u00f3n de la Gesti\u00f3n mediante las TIC Proyectos que presenten optimizaci\u00f3n y\/o mejora de los servicios con [&hellip;]<\/p>\n","protected":false},"author":1,"featured_media":0,"parent":0,"menu_order":0,"comment_status":"closed","ping_status":"closed","template":"","meta":{"_mc_calendar":[],"footnotes":""},"class_list":["post-4231","page","type-page","status-publish","hentry","post"],"rttpg_featured_image_url":null,"rttpg_author":{"display_name":"ctrlweb","author_link":"https:\/\/anuies-tic.anuies.mx\/web\/author\/ctrldcsctrlweb\/"},"rttpg_comment":0,"rttpg_category":null,"rttpg_excerpt":"\u00bfQu\u00e9 son los reconocimientos ANUIES-TIC? Es un reconocimiento otorgado a las Instituciones de Educaci\u00f3n Superior (IES) que se distingan por contribuir al fortalecimiento institucional (Transformaci\u00f3n de procesos, productos o servicios innovadores) a trav\u00e9s de las pr\u00e1cticas de: \u00a0 Innovaci\u00f3n de la Gesti\u00f3n mediante las TIC Proyectos que presenten optimizaci\u00f3n y\/o mejora de los servicios con&hellip;","_links":{"self":[{"href":"https:\/\/anuies-tic.anuies.mx\/web\/wp-json\/wp\/v2\/pages\/4231","targetHints":{"allow":["GET"]}}],"collection":[{"href":"https:\/\/anuies-tic.anuies.mx\/web\/wp-json\/wp\/v2\/pages"}],"about":[{"href":"https:\/\/anuies-tic.anuies.mx\/web\/wp-json\/wp\/v2\/types\/page"}],"author":[{"embeddable":true,"href":"https:\/\/anuies-tic.anuies.mx\/web\/wp-json\/wp\/v2\/users\/1"}],"replies":[{"embeddable":true,"href":"https:\/\/anuies-tic.anuies.mx\/web\/wp-json\/wp\/v2\/comments?post=4231"}],"version-history":[{"count":233,"href":"https:\/\/anuies-tic.anuies.mx\/web\/wp-json\/wp\/v2\/pages\/4231\/revisions"}],"predecessor-version":[{"id":10897,"href":"https:\/\/anuies-tic.anuies.mx\/web\/wp-json\/wp\/v2\/pages\/4231\/revisions\/10897"}],"wp:attachment":[{"href":"https:\/\/anuies-tic.anuies.mx\/web\/wp-json\/wp\/v2\/media?parent=4231"}],"curies":[{"name":"wp","href":"https:\/\/api.w.org\/{rel}","templated":true}]}}