{"id":4644,"date":"2019-01-29T09:59:13","date_gmt":"2019-01-29T15:59:13","guid":{"rendered":"http:\/\/anuies-tic.anuies.mx\/web\/?page_id=4644"},"modified":"2021-09-08T15:17:41","modified_gmt":"2021-09-08T21:17:41","slug":"tecnologias-educativas","status":"publish","type":"page","link":"https:\/\/anuies-tic.anuies.mx\/web\/tecnologias-educativas\/","title":{"rendered":"Grupo de trabajo de Tecnolog\u00eda Educativa"},"content":{"rendered":"<div id=\"pl-4644\"  class=\"panel-layout\" ><div id=\"pg-4644-0\"  class=\"panel-grid panel-has-style\" ><div class=\"siteorigin-panels-stretch panel-row-style panel-row-style-for-4644-0\" data-stretch-type=\"full-stretched\" ><div id=\"pgc-4644-0-0\"  class=\"panel-grid-cell panel-grid-cell-empty\" ><\/div><div id=\"pgc-4644-0-1\"  class=\"panel-grid-cell\" ><div id=\"panel-4644-0-1-0\" class=\"so-panel widget widget_sow-editor panel-first-child\" data-index=\"0\" ><div class=\"panel-widget-style panel-widget-style-for-4644-0-1-0\" ><div\n\t\t\t\n\t\t\tclass=\"so-widget-sow-editor so-widget-sow-editor-base\"\n\t\t\t\n\t\t>\n<div class=\"siteorigin-widget-tinymce textwidget\">\n\t<p><span style=\"color: #800000;\"><strong><img loading=\"lazy\" decoding=\"async\" class=\"size-full wp-image-6237 alignnone\" src=\"https:\/\/anuies-tic.anuies.mx\/web\/wp-content\/uploads\/2020\/01\/JUSTIFICACION.png\" alt=\"\" width=\"80\" height=\"80\" srcset=\"https:\/\/anuies-tic.anuies.mx\/web\/wp-content\/uploads\/2020\/01\/JUSTIFICACION.png 205w, https:\/\/anuies-tic.anuies.mx\/web\/wp-content\/uploads\/2020\/01\/JUSTIFICACION-150x150.png 150w\" sizes=\"auto, (max-width: 80px) 100vw, 80px\" \/> <span style=\"font-size: 18pt;\">Justificaci\u00f3n<\/span><\/strong><\/span><\/p>\n<p style=\"text-align: justify;\">Las instituciones de educaci\u00f3n superior enfrentan grandes retos para incorporar las tecnolog\u00edas para la informaci\u00f3n, comunicaci\u00f3n y conocimiento en sus procesos acad\u00e9micos y con ello mantenerse en un alto grado de competitividad dentro de la din\u00e1mica que les imponen los principales paradigmas tecno-educativos de este siglo, enmarcados por la Cuarta Revoluci\u00f3n Industrial y la Econom\u00eda Digital.<\/p>\n<p style=\"text-align: justify;\">Para le programa ANUIES-TIC s indispensable sumar a los talentos y mejores pr\u00e1cticas en esa l\u00ednea de trabajo, con el fin de coadyuvar en su transferencia a todas las IES y como plataforma para dar mayor impulso a proyectos de este corte con potencial de impacto nacional e internacional.<\/p>\n<\/div>\n<\/div><\/div><\/div><div id=\"panel-4644-0-1-1\" class=\"so-panel widget widget_sow-editor\" data-index=\"1\" ><div class=\"panel-widget-style panel-widget-style-for-4644-0-1-1\" ><div\n\t\t\t\n\t\t\tclass=\"so-widget-sow-editor so-widget-sow-editor-base\"\n\t\t\t\n\t\t>\n<div class=\"siteorigin-widget-tinymce textwidget\">\n\t<p style=\"text-align: justify;\"><span style=\"color: #800000;\"><strong><img loading=\"lazy\" decoding=\"async\" class=\"size-full wp-image-6238 alignnone\" src=\"https:\/\/anuies-tic.anuies.mx\/web\/wp-content\/uploads\/2020\/01\/ESENCIA.png\" alt=\"\" width=\"80\" height=\"80\" \/> <span style=\"font-size: 18pt;\">Esencia del Grupo<\/span><\/strong><\/span><\/p>\n<p style=\"text-align: justify;\">ANUIES-TIC TE es el grupo de trabajo responsable de promover la colaboraci\u00f3n entre los l\u00edderes relacionados con temas y procesos de Tecnolog\u00eda Educativa en las Instituciones de Educaci\u00f3n Superior (IES) miembros de la ANUIES, as\u00ed como las entidades con quienes se vinculan de los sectores gobierno, empresa y sociedad civil representada.<\/p>\n<\/div>\n<\/div><\/div><\/div><div id=\"panel-4644-0-1-2\" class=\"so-panel widget widget_sow-editor\" data-index=\"2\" ><div class=\"panel-widget-style panel-widget-style-for-4644-0-1-2\" ><div\n\t\t\t\n\t\t\tclass=\"so-widget-sow-editor so-widget-sow-editor-base\"\n\t\t\t\n\t\t>\n<div class=\"siteorigin-widget-tinymce textwidget\">\n\t<p style=\"text-align: justify;\"><strong><span style=\"color: #800000;\"><img loading=\"lazy\" decoding=\"async\" class=\"size-full wp-image-6165 alignnone\" src=\"https:\/\/anuies-tic.anuies.mx\/web\/wp-content\/uploads\/2020\/01\/OBJETIVO-GENRAL2.png\" alt=\"\" width=\"80\" height=\"80\" \/> <span style=\"font-size: 18pt;\">Objetivos Generales<\/span><\/span><\/strong><\/p>\n<p style=\"text-align: justify;\">Fomentar la participaci\u00f3n y colaboraci\u00f3n entre las diversas IES, firmas tecnol\u00f3gicas, organismos gubernamentales y organizaciones no gubernamentales, de los \u00e1mbitos nacional e internacional; para el desarrollo de iniciativas y proyectos relacionados con mejores pr\u00e1cticas de adopci\u00f3n, producci\u00f3n y gesti\u00f3n de tecnolog\u00eda educativa en beneficio principalmente del trabajo acad\u00e9mico asociado a la docencia, investigaci\u00f3n, innovaci\u00f3n y extensi\u00f3n.<\/p>\n<\/div>\n<\/div><\/div><\/div><div id=\"panel-4644-0-1-3\" class=\"so-panel widget widget_sow-editor\" data-index=\"3\" ><div class=\"panel-widget-style panel-widget-style-for-4644-0-1-3\" ><div\n\t\t\t\n\t\t\tclass=\"so-widget-sow-editor so-widget-sow-editor-base\"\n\t\t\t\n\t\t><h3 class=\"widget-title\">Ejes estrat\u00e9gicos<\/h3>\n<div class=\"siteorigin-widget-tinymce textwidget\">\n\t<p style=\"padding-left: 40px;\"><img loading=\"lazy\" decoding=\"async\" class=\"size-full wp-image-6170 alignnone\" src=\"https:\/\/anuies-tic.anuies.mx\/web\/wp-content\/uploads\/2020\/01\/VI\u00d1ETA2.png\" alt=\"\" width=\"30\" height=\"30\" \/>\u00a0 Cultura y adopci\u00f3n de paradigmas tecno-pedag\u00f3gicos.<\/p>\n<p style=\"padding-left: 40px;\"><img loading=\"lazy\" decoding=\"async\" class=\"size-full wp-image-6170 alignnone\" src=\"https:\/\/anuies-tic.anuies.mx\/web\/wp-content\/uploads\/2020\/01\/VI\u00d1ETA2.png\" alt=\"\" width=\"30\" height=\"30\" \/>\u00a0 Recursos y servicios tecno-educativos.<\/p>\n<p style=\"padding-left: 40px;\"><img loading=\"lazy\" decoding=\"async\" class=\"size-full wp-image-6170 alignnone\" src=\"https:\/\/anuies-tic.anuies.mx\/web\/wp-content\/uploads\/2020\/01\/VI\u00d1ETA2.png\" alt=\"\" width=\"30\" height=\"30\" \/>\u00a0 Tecnolog\u00eda Educativa para la Educaci\u00f3n Virtual y a distancia.<\/p>\n<\/div>\n<\/div><\/div><\/div><div id=\"panel-4644-0-1-4\" class=\"so-panel widget widget_sow-editor panel-last-child\" data-index=\"4\" ><div class=\"panel-widget-style panel-widget-style-for-4644-0-1-4\" ><div\n\t\t\t\n\t\t\tclass=\"so-widget-sow-editor so-widget-sow-editor-base\"\n\t\t\t\n\t\t><h3 class=\"widget-title\">Proyectos 2019<\/h3>\n<div class=\"siteorigin-widget-tinymce textwidget\">\n\t<p style=\"padding-left: 160px;\"><img loading=\"lazy\" decoding=\"async\" class=\"size-full wp-image-6175 alignnone\" src=\"https:\/\/anuies-tic.anuies.mx\/web\/wp-content\/uploads\/2020\/01\/VI\u00d1ETA3.png\" alt=\"\" width=\"12\" height=\"20\" \/>\u00a0 Encuesta Nacional de Tecnolog\u00eda Educativa en las IES.<\/p>\n<p style=\"padding-left: 160px;\"><img loading=\"lazy\" decoding=\"async\" class=\"size-full wp-image-6175 alignnone\" src=\"https:\/\/anuies-tic.anuies.mx\/web\/wp-content\/uploads\/2020\/01\/VI\u00d1ETA3.png\" alt=\"\" width=\"12\" height=\"20\" \/>\u00a0 Participaci\u00f3n del grupo en el evento ANUIES-TIC (2,3 y 4 de octubre) con mesa de trabajo.<\/p>\n<p style=\"padding-left: 160px;\"><img loading=\"lazy\" decoding=\"async\" class=\"size-full wp-image-6175 alignnone\" src=\"https:\/\/anuies-tic.anuies.mx\/web\/wp-content\/uploads\/2020\/01\/VI\u00d1ETA3.png\" alt=\"\" width=\"12\" height=\"20\" \/>\u00a0 Publicaci\u00f3n sobre la Encuesta Nacional de Tecnolog\u00eda Educativa.<\/p>\n<\/div>\n<\/div><\/div><\/div><\/div><div id=\"pgc-4644-0-2\"  class=\"panel-grid-cell panel-grid-cell-mobile-last\" ><div id=\"panel-4644-0-2-0\" class=\"so-panel widget widget_nav_menu panel-first-child\" data-index=\"5\" ><div class=\"panel-widget-style panel-widget-style-for-4644-0-2-0\" ><h3 class=\"widget-title\">En esta secci\u00f3n&#8230;<\/h3><div class=\"menu-grupos_trabajo-container\"><ul id=\"menu-grupos_trabajo\" class=\"menu\"><li id=\"menu-item-925\" class=\"menu-item menu-item-type-post_type menu-item-object-page menu-item-925\"><a href=\"https:\/\/anuies-tic.anuies.mx\/web\/gobierno-las-tecnologias-la-informacion\/\">Gobierno de las Tecnolog\u00edas de la Informaci\u00f3n<\/a><\/li>\n<li id=\"menu-item-924\" class=\"menu-item menu-item-type-post_type menu-item-object-page menu-item-924\"><a href=\"https:\/\/anuies-tic.anuies.mx\/web\/seguridad-la-informacion\/\">Seguridad de la Informaci\u00f3n<\/a><\/li>\n<li id=\"menu-item-926\" class=\"menu-item menu-item-type-post_type menu-item-object-page menu-item-926\"><a href=\"https:\/\/anuies-tic.anuies.mx\/web\/gestion-interinstitucional-proveedores-prestadores-servicios-ti\/\">Gesti\u00f3n Interinstitucional y con Proveedores y Prestadores de Servicios de TI<\/a><\/li>\n<li id=\"menu-item-2592\" class=\"menu-item menu-item-type-post_type menu-item-object-page menu-item-2592\"><a href=\"https:\/\/anuies-tic.anuies.mx\/web\/comisiones-especiales\/\">Comisiones especiales<\/a><\/li>\n<\/ul><\/div><\/div><\/div><div id=\"panel-4644-0-2-1\" class=\"so-panel widget widget_sow-editor panel-last-child\" data-index=\"6\" ><div\n\t\t\t\n\t\t\tclass=\"so-widget-sow-editor so-widget-sow-editor-base\"\n\t\t\t\n\t\t>\n<div class=\"siteorigin-widget-tinymce textwidget\">\n\t<p>&nbsp;<\/p>\n<hr \/>\n<p><a href=\"https:\/\/anuies-tic.anuies.mx\/web\/plan-de-contingencias\/\"><img loading=\"lazy\" decoding=\"async\" class=\"aligncenter size-full wp-image-6969\" src=\"https:\/\/anuies-tic.anuies.mx\/web\/wp-content\/uploads\/2020\/03\/banner_web.jpg\" alt=\"\" width=\"500\" height=\"412\" srcset=\"https:\/\/anuies-tic.anuies.mx\/web\/wp-content\/uploads\/2020\/03\/banner_web.jpg 500w, https:\/\/anuies-tic.anuies.mx\/web\/wp-content\/uploads\/2020\/03\/banner_web-300x247.jpg 300w, https:\/\/anuies-tic.anuies.mx\/web\/wp-content\/uploads\/2020\/03\/banner_web-230x190.jpg 230w, https:\/\/anuies-tic.anuies.mx\/web\/wp-content\/uploads\/2020\/03\/banner_web-350x288.jpg 350w, https:\/\/anuies-tic.anuies.mx\/web\/wp-content\/uploads\/2020\/03\/banner_web-480x396.jpg 480w\" sizes=\"auto, (max-width: 500px) 100vw, 500px\" \/><\/a><\/p>\n<\/div>\n<\/div><\/div><\/div><div id=\"pgc-4644-0-3\"  class=\"panel-grid-cell panel-grid-cell-empty\" ><\/div><\/div><\/div><\/div>","protected":false},"excerpt":{"rendered":"<p>Justificaci\u00f3n Las instituciones de educaci\u00f3n superior enfrentan grandes retos para incorporar las tecnolog\u00edas para la informaci\u00f3n, comunicaci\u00f3n y conocimiento en sus procesos acad\u00e9micos y con ello mantenerse en un alto grado de competitividad dentro de la din\u00e1mica que les imponen los principales paradigmas tecno-educativos de este siglo, enmarcados por la Cuarta Revoluci\u00f3n Industrial y la [&hellip;]<\/p>\n","protected":false},"author":1,"featured_media":0,"parent":0,"menu_order":0,"comment_status":"closed","ping_status":"closed","template":"","meta":{"_mc_calendar":[],"footnotes":""},"class_list":["post-4644","page","type-page","status-publish","hentry","post"],"rttpg_featured_image_url":null,"rttpg_author":{"display_name":"ctrlweb","author_link":"https:\/\/anuies-tic.anuies.mx\/web\/author\/ctrldcsctrlweb\/"},"rttpg_comment":0,"rttpg_category":null,"rttpg_excerpt":"Justificaci\u00f3n Las instituciones de educaci\u00f3n superior enfrentan grandes retos para incorporar las tecnolog\u00edas para la informaci\u00f3n, comunicaci\u00f3n y conocimiento en sus procesos acad\u00e9micos y con ello mantenerse en un alto grado de competitividad dentro de la din\u00e1mica que les imponen los principales paradigmas tecno-educativos de este siglo, enmarcados por la Cuarta Revoluci\u00f3n Industrial y la&hellip;","_links":{"self":[{"href":"https:\/\/anuies-tic.anuies.mx\/web\/wp-json\/wp\/v2\/pages\/4644","targetHints":{"allow":["GET"]}}],"collection":[{"href":"https:\/\/anuies-tic.anuies.mx\/web\/wp-json\/wp\/v2\/pages"}],"about":[{"href":"https:\/\/anuies-tic.anuies.mx\/web\/wp-json\/wp\/v2\/types\/page"}],"author":[{"embeddable":true,"href":"https:\/\/anuies-tic.anuies.mx\/web\/wp-json\/wp\/v2\/users\/1"}],"replies":[{"embeddable":true,"href":"https:\/\/anuies-tic.anuies.mx\/web\/wp-json\/wp\/v2\/comments?post=4644"}],"version-history":[{"count":104,"href":"https:\/\/anuies-tic.anuies.mx\/web\/wp-json\/wp\/v2\/pages\/4644\/revisions"}],"predecessor-version":[{"id":4647,"href":"https:\/\/anuies-tic.anuies.mx\/web\/wp-json\/wp\/v2\/pages\/4644\/revisions\/4647"}],"wp:attachment":[{"href":"https:\/\/anuies-tic.anuies.mx\/web\/wp-json\/wp\/v2\/media?parent=4644"}],"curies":[{"name":"wp","href":"https:\/\/api.w.org\/{rel}","templated":true}]}}