{"id":520,"date":"2018-01-25T13:54:38","date_gmt":"2018-01-25T19:54:38","guid":{"rendered":"http:\/\/anuies-tic.anuies.mx\/web\/?page_id=520"},"modified":"2020-01-21T10:03:33","modified_gmt":"2020-01-21T16:03:33","slug":"mision-y-vision","status":"publish","type":"page","link":"https:\/\/anuies-tic.anuies.mx\/web\/mision-y-vision\/","title":{"rendered":"Misi\u00f3n, visi\u00f3n y objetivo"},"content":{"rendered":"<div id=\"pl-520\"  class=\"panel-layout\" ><div id=\"pg-520-0\"  class=\"panel-grid panel-has-style\" ><div class=\"siteorigin-panels-stretch panel-row-style panel-row-style-for-520-0\" data-stretch-type=\"full-stretched\" ><div id=\"pgc-520-0-0\"  class=\"panel-grid-cell panel-grid-cell-empty\" ><\/div><div id=\"pgc-520-0-1\"  class=\"panel-grid-cell\" ><div id=\"panel-520-0-1-0\" class=\"so-panel widget widget_sow-editor panel-first-child\" data-index=\"0\" ><div class=\"panel-widget-style panel-widget-style-for-520-0-1-0\" ><div\n\t\t\t\n\t\t\tclass=\"so-widget-sow-editor so-widget-sow-editor-base\"\n\t\t\t\n\t\t>\n<div class=\"siteorigin-widget-tinymce textwidget\">\n\t<p><span style=\"color: #800000; font-size: 18pt;\"><strong><img loading=\"lazy\" decoding=\"async\" class=\"size-full wp-image-6047 alignnone\" src=\"https:\/\/anuies-tic.anuies.mx\/web\/wp-content\/uploads\/2020\/01\/Visi\u00f3n.png\" alt=\"\" width=\"70\" height=\"70\" \/> Misi\u00f3n<\/strong><\/span><\/p>\n<p style=\"text-align: justify;\">La misi\u00f3n del <span style=\"color: #800000;\">Comit\u00e9 ANUIES-TIC<\/span> es asesorar y proponer a las Instituciones de Educaci\u00f3n Superior (IES) asociadas a la <span style=\"color: #800000;\">ANUIES<\/span> los temas que se consideren oportunos en el \u00e1mbito de las tecnolog\u00edas de la informaci\u00f3n y las comunicaciones para mejorar la calidad, la eficacia y la eficiencia de los servicios acad\u00e9mico - administrativos proporcionados por las IES, as\u00ed como, fomentar, promover y liderar la cooperaci\u00f3n entre sus miembros.<\/p>\n<\/div>\n<\/div><\/div><\/div><div id=\"panel-520-0-1-1\" class=\"so-panel widget widget_sow-editor\" data-index=\"1\" ><div class=\"panel-widget-style panel-widget-style-for-520-0-1-1\" ><div\n\t\t\t\n\t\t\tclass=\"so-widget-sow-editor so-widget-sow-editor-base\"\n\t\t\t\n\t\t>\n<div class=\"siteorigin-widget-tinymce textwidget\">\n\t<p><span style=\"color: #800000; font-size: 18pt;\"><strong><img loading=\"lazy\" decoding=\"async\" class=\" wp-image-6049 alignnone\" src=\"https:\/\/anuies-tic.anuies.mx\/web\/wp-content\/uploads\/2020\/01\/VISION.png\" alt=\"\" width=\"78\" height=\"78\" \/>Visi\u00f3n<\/strong><\/span><\/p>\n<p>El <span style=\"color: #800000;\">Comit\u00e9 ANUIES-TIC<\/span> se concibe como una exposici\u00f3n de tendencias, condicionantes y expectativas que constituyen el entorno de los servicios de Tecnolog\u00edas de la Informaci\u00f3n y las Comunicaciones (TIC) de las IES asociadas a la <span style=\"color: #800000;\">ANUIES<\/span>, ofreciendo un horizonte probable hacia el que se dirigen los esfuerzos y acciones conjuntas.<\/p>\n<\/div>\n<\/div><\/div><\/div><div id=\"panel-520-0-1-2\" class=\"so-panel widget widget_sow-editor panel-last-child\" data-index=\"2\" ><div class=\"panel-widget-style panel-widget-style-for-520-0-1-2\" ><div\n\t\t\t\n\t\t\tclass=\"so-widget-sow-editor so-widget-sow-editor-base\"\n\t\t\t\n\t\t>\n<div class=\"siteorigin-widget-tinymce textwidget\">\n\t<p><img loading=\"lazy\" decoding=\"async\" class=\"wp-image-5995 alignnone\" src=\"https:\/\/anuies-tic.anuies.mx\/web\/wp-content\/uploads\/2020\/01\/objetivo_icono.png\" alt=\"\" width=\"76\" height=\"77\" \/><strong><span style=\"font-size: 18pt; color: #800000;\">Objetivo<\/span><\/strong><\/p>\n<p>Consolidar un \u00f3rgano para la participaci\u00f3n y coordinaci\u00f3n entre las IES asociadas a la\u00a0<span style=\"color: #800000;\">ANUIES<\/span>, que asesore y promueva sobre las mejores pr\u00e1cticas para el uso y aprovechamiento de las <span style=\"color: #800000;\">TIC<\/span>.<\/p>\n<\/div>\n<\/div><\/div><\/div><\/div><div id=\"pgc-520-0-2\"  class=\"panel-grid-cell panel-grid-cell-mobile-last\" ><div id=\"panel-520-0-2-0\" class=\"so-panel widget widget_nav_menu panel-first-child panel-last-child\" data-index=\"3\" ><div class=\"panel-widget-style panel-widget-style-for-520-0-2-0\" ><h3 class=\"widget-title\">En esta secci\u00f3n&#8230;.<\/h3><div class=\"menu-comite-container\"><ul id=\"menu-comite\" class=\"menu\"><li id=\"menu-item-530\" class=\"menu-item menu-item-type-post_type menu-item-object-page menu-item-530\"><a href=\"https:\/\/anuies-tic.anuies.mx\/web\/mision-y-vision\/\">Misi\u00f3n, visi\u00f3n y objetivo general<\/a><\/li>\n<li id=\"menu-item-386\" class=\"menu-item menu-item-type-post_type menu-item-object-page menu-item-386\"><a href=\"https:\/\/anuies-tic.anuies.mx\/web\/estructura-organica-2\/\">Organizaci\u00f3n y estructura<\/a><\/li>\n<li id=\"menu-item-986\" class=\"menu-item menu-item-type-post_type menu-item-object-page menu-item-986\"><a href=\"https:\/\/anuies-tic.anuies.mx\/web\/ejes-lineas-estrategicos\/\">Ejes y l\u00edneas estrat\u00e9gicos<\/a><\/li>\n<li id=\"menu-item-387\" class=\"menu-item menu-item-type-post_type menu-item-object-page menu-item-387\"><a href=\"https:\/\/anuies-tic.anuies.mx\/web\/directorio\/\">Directorio<\/a><\/li>\n<\/ul><\/div><\/div><\/div><\/div><div id=\"pgc-520-0-3\"  class=\"panel-grid-cell panel-grid-cell-empty\" ><\/div><\/div><\/div><\/div>","protected":false},"excerpt":{"rendered":"<p>Misi\u00f3n La misi\u00f3n del Comit\u00e9 ANUIES-TIC es asesorar y proponer a las Instituciones de Educaci\u00f3n Superior (IES) asociadas a la ANUIES los temas que se consideren oportunos en el \u00e1mbito de las tecnolog\u00edas de la informaci\u00f3n y las comunicaciones para mejorar la calidad, la eficacia y la eficiencia de los servicios acad\u00e9mico &#8211; administrativos proporcionados [&hellip;]<\/p>\n","protected":false},"author":1,"featured_media":0,"parent":0,"menu_order":0,"comment_status":"closed","ping_status":"closed","template":"page-templates\/page_fullwidth.php","meta":{"_mc_calendar":[],"footnotes":""},"class_list":["post-520","page","type-page","status-publish","hentry","post"],"rttpg_featured_image_url":null,"rttpg_author":{"display_name":"ctrlweb","author_link":"https:\/\/anuies-tic.anuies.mx\/web\/author\/ctrldcsctrlweb\/"},"rttpg_comment":0,"rttpg_category":null,"rttpg_excerpt":"Misi\u00f3n La misi\u00f3n del Comit\u00e9 ANUIES-TIC es asesorar y proponer a las Instituciones de Educaci\u00f3n Superior (IES) asociadas a la ANUIES los temas que se consideren oportunos en el \u00e1mbito de las tecnolog\u00edas de la informaci\u00f3n y las comunicaciones para mejorar la calidad, la eficacia y la eficiencia de los servicios acad\u00e9mico - administrativos proporcionados&hellip;","_links":{"self":[{"href":"https:\/\/anuies-tic.anuies.mx\/web\/wp-json\/wp\/v2\/pages\/520","targetHints":{"allow":["GET"]}}],"collection":[{"href":"https:\/\/anuies-tic.anuies.mx\/web\/wp-json\/wp\/v2\/pages"}],"about":[{"href":"https:\/\/anuies-tic.anuies.mx\/web\/wp-json\/wp\/v2\/types\/page"}],"author":[{"embeddable":true,"href":"https:\/\/anuies-tic.anuies.mx\/web\/wp-json\/wp\/v2\/users\/1"}],"replies":[{"embeddable":true,"href":"https:\/\/anuies-tic.anuies.mx\/web\/wp-json\/wp\/v2\/comments?post=520"}],"version-history":[{"count":337,"href":"https:\/\/anuies-tic.anuies.mx\/web\/wp-json\/wp\/v2\/pages\/520\/revisions"}],"predecessor-version":[{"id":6054,"href":"https:\/\/anuies-tic.anuies.mx\/web\/wp-json\/wp\/v2\/pages\/520\/revisions\/6054"}],"wp:attachment":[{"href":"https:\/\/anuies-tic.anuies.mx\/web\/wp-json\/wp\/v2\/media?parent=520"}],"curies":[{"name":"wp","href":"https:\/\/api.w.org\/{rel}","templated":true}]}}