{"id":5623,"date":"2019-11-06T09:01:01","date_gmt":"2019-11-06T15:01:01","guid":{"rendered":"https:\/\/anuies-tic.anuies.mx\/web\/?page_id=5623"},"modified":"2025-03-18T12:56:39","modified_gmt":"2025-03-18T18:56:39","slug":"ganadores-reconocimientos-anuies-tic-2019","status":"publish","type":"page","link":"https:\/\/anuies-tic.anuies.mx\/web\/ganadores-reconocimientos-anuies-tic-2019\/","title":{"rendered":"Ganadores Reconocimientos ANUIES-TIC 2019"},"content":{"rendered":"<div id=\"pl-5623\"  class=\"panel-layout\" ><div id=\"pg-5623-0\"  class=\"panel-grid panel-no-style\" ><div id=\"pgc-5623-0-0\"  class=\"panel-grid-cell\" ><div id=\"panel-5623-0-0-0\" class=\"so-panel widget widget_sow-editor panel-first-child panel-last-child\" data-index=\"0\" ><div\n\t\t\t\n\t\t\tclass=\"so-widget-sow-editor so-widget-sow-editor-base\"\n\t\t\t\n\t\t>\n<div class=\"siteorigin-widget-tinymce textwidget\">\n\t<p style=\"text-align: center;\"><span style=\"color: #800000; font-size: 24pt;\"><strong>Categor\u00eda: Innovaci\u00f3n de la gesti\u00f3n mediante las TIC<\/strong><\/span><\/p>\n<hr \/>\n<h3 style=\"text-align: center;\"><\/h3>\n<\/div>\n<\/div><\/div><\/div><\/div><div id=\"pg-5623-1\"  class=\"panel-grid panel-has-style\" ><div class=\"panel-row-style panel-row-style-for-5623-1\" ><div id=\"pgc-5623-1-0\"  class=\"panel-grid-cell\" ><div id=\"panel-5623-1-0-0\" class=\"so-panel widget widget_sow-editor panel-first-child panel-last-child\" data-index=\"1\" ><div\n\t\t\t\n\t\t\tclass=\"so-widget-sow-editor so-widget-sow-editor-base\"\n\t\t\t\n\t\t>\n<div class=\"siteorigin-widget-tinymce textwidget\">\n\t<div class=\"pt-cv-wrapper\">\n<div class=\"pt-cv-view pt-cv-grid pt-cv-colsys pt-cv-nolf\" id=\"pt-cv-view-e48e8aa9an\">\n<div data-id=\"pt-cv-page-1\" class=\"pt-cv-page\" data-cvc=\"3\">\n<div class=\"col-md-4 col-sm-6 col-xs-12 pt-cv-content-item pt-cv-1-col\" >\n<div class='pt-cv-ifield'><a href=\"https:\/\/anuies-tic.anuies.mx\/web\/arquitectura-de-integracion-del-ecosistema-digital-de-servicios-academicos-y-administrativos-de-la-universidad-de-guanajuato\/\" class=\"_self pt-cv-href-thumbnail pt-cv-thumb-default\" target=\"_self\" ><img loading=\"lazy\" decoding=\"async\" width=\"150\" height=\"150\" src=\"https:\/\/anuies-tic.anuies.mx\/web\/wp-content\/uploads\/2019\/11\/Py_146_31052019154010-150x150.png\" class=\"pt-cv-thumbnail\" alt=\"\" \/><\/a><\/p>\n<h4 class=\"pt-cv-title\"><a href=\"https:\/\/anuies-tic.anuies.mx\/web\/arquitectura-de-integracion-del-ecosistema-digital-de-servicios-academicos-y-administrativos-de-la-universidad-de-guanajuato\/\" class=\"_self\" target=\"_self\" >Arquitectura de integraci\u00f3n del ecosistema digital de servicios acad\u00e9micos y administrativos de la Universidad de Guanajuato<\/a><\/h4>\n<\/div>\n<\/div>\n<div class=\"col-md-4 col-sm-6 col-xs-12 pt-cv-content-item pt-cv-1-col\" >\n<div class='pt-cv-ifield'><a href=\"https:\/\/anuies-tic.anuies.mx\/web\/sistema-de-seleccion-de-cursos\/\" class=\"_self pt-cv-href-thumbnail pt-cv-thumb-default\" target=\"_self\" ><img loading=\"lazy\" decoding=\"async\" width=\"150\" height=\"150\" src=\"https:\/\/anuies-tic.anuies.mx\/web\/wp-content\/uploads\/2019\/11\/sisec-150x150.png\" class=\"pt-cv-thumbnail\" alt=\"\" srcset=\"https:\/\/anuies-tic.anuies.mx\/web\/wp-content\/uploads\/2019\/11\/sisec-150x150.png 150w, https:\/\/anuies-tic.anuies.mx\/web\/wp-content\/uploads\/2019\/11\/sisec.png 200w\" sizes=\"auto, (max-width: 150px) 100vw, 150px\" \/><\/a><\/p>\n<h4 class=\"pt-cv-title\"><a href=\"https:\/\/anuies-tic.anuies.mx\/web\/sistema-de-seleccion-de-cursos\/\" class=\"_self\" target=\"_self\" >Sistema de Selecci\u00f3n de Cursos en el proceso de reinscripci\u00f3n en la Universidad Aut\u00f3noma del Carmen<\/a><\/h4>\n<\/div>\n<\/div>\n<div class=\"col-md-4 col-sm-6 col-xs-12 pt-cv-content-item pt-cv-1-col\" >\n<div class='pt-cv-ifield'><a href=\"https:\/\/anuies-tic.anuies.mx\/web\/sistema-de-correspondencia-institucional\/\" class=\"_self pt-cv-href-thumbnail pt-cv-thumb-default\" target=\"_self\" ><img loading=\"lazy\" decoding=\"async\" width=\"150\" height=\"150\" src=\"https:\/\/anuies-tic.anuies.mx\/web\/wp-content\/uploads\/2019\/11\/Py_-1_31052019145759-150x150.png\" class=\"pt-cv-thumbnail\" alt=\"\" srcset=\"https:\/\/anuies-tic.anuies.mx\/web\/wp-content\/uploads\/2019\/11\/Py_-1_31052019145759-150x150.png 150w, https:\/\/anuies-tic.anuies.mx\/web\/wp-content\/uploads\/2019\/11\/Py_-1_31052019145759-230x230.png 230w, https:\/\/anuies-tic.anuies.mx\/web\/wp-content\/uploads\/2019\/11\/Py_-1_31052019145759.png 300w\" sizes=\"auto, (max-width: 150px) 100vw, 150px\" \/><\/a><\/p>\n<h4 class=\"pt-cv-title\"><a href=\"https:\/\/anuies-tic.anuies.mx\/web\/sistema-de-correspondencia-institucional\/\" class=\"_self\" target=\"_self\" >Sistema de Correspondencia Institucional<\/a><\/h4>\n<\/div>\n<\/div>\n<div class=\"col-md-4 col-sm-6 col-xs-12 pt-cv-content-item pt-cv-1-col\" >\n<div class='pt-cv-ifield'><a href=\"https:\/\/anuies-tic.anuies.mx\/web\/fomentando-la-cultura-de-la-transparencia-y-el-acceso-a-la-informacion-publica\/\" class=\"_self pt-cv-href-thumbnail pt-cv-thumb-default\" target=\"_self\" ><img loading=\"lazy\" decoding=\"async\" width=\"144\" height=\"144\" src=\"https:\/\/anuies-tic.anuies.mx\/web\/wp-content\/uploads\/2019\/11\/Py_130_27052019181224.jpg\" class=\"pt-cv-thumbnail\" alt=\"\" \/><\/a><\/p>\n<h4 class=\"pt-cv-title\"><a href=\"https:\/\/anuies-tic.anuies.mx\/web\/fomentando-la-cultura-de-la-transparencia-y-el-acceso-a-la-informacion-publica\/\" class=\"_self\" target=\"_self\" >Fomentando la cultura de la transparencia y el acceso a la informaci\u00f3n p\u00fablica: Portal de Transparencia Universitaria de la Universidad Nacional Aut\u00f3noma de M\u00e9xico<\/a><\/h4>\n<\/div>\n<\/div>\n<div class=\"col-md-4 col-sm-6 col-xs-12 pt-cv-content-item pt-cv-1-col\" >\n<div class='pt-cv-ifield'><a href=\"https:\/\/anuies-tic.anuies.mx\/web\/ambiente-integral-para-fortalecer-la-seguridad-de-la-informacion-en-los-sistemas-de-la-universidad-de-guadalajara\/\" class=\"_self pt-cv-href-thumbnail pt-cv-thumb-default\" target=\"_self\" ><img loading=\"lazy\" decoding=\"async\" width=\"150\" height=\"150\" src=\"https:\/\/anuies-tic.anuies.mx\/web\/wp-content\/uploads\/2019\/11\/Py_-1_11042019101224-150x150.png\" class=\"pt-cv-thumbnail\" alt=\"\" srcset=\"https:\/\/anuies-tic.anuies.mx\/web\/wp-content\/uploads\/2019\/11\/Py_-1_11042019101224-150x150.png 150w, https:\/\/anuies-tic.anuies.mx\/web\/wp-content\/uploads\/2019\/11\/Py_-1_11042019101224-230x230.png 230w, https:\/\/anuies-tic.anuies.mx\/web\/wp-content\/uploads\/2019\/11\/Py_-1_11042019101224.png 250w\" sizes=\"auto, (max-width: 150px) 100vw, 150px\" \/><\/a><\/p>\n<h4 class=\"pt-cv-title\"><a href=\"https:\/\/anuies-tic.anuies.mx\/web\/ambiente-integral-para-fortalecer-la-seguridad-de-la-informacion-en-los-sistemas-de-la-universidad-de-guadalajara\/\" class=\"_self\" target=\"_self\" >Ambiente Integral para fortalecer la seguridad de la informaci\u00f3n en los sistemas de la Universidad de Guadalajara<\/a><\/h4>\n<\/div>\n<\/div>\n<\/div>\n<\/div>\n<\/div>\n<\/div>\n<\/div><\/div><\/div><\/div><\/div><div id=\"pg-5623-2\"  class=\"panel-grid panel-no-style\" ><div id=\"pgc-5623-2-0\"  class=\"panel-grid-cell\" ><div id=\"panel-5623-2-0-0\" class=\"so-panel widget widget_sow-editor panel-first-child panel-last-child\" data-index=\"2\" ><div\n\t\t\t\n\t\t\tclass=\"so-widget-sow-editor so-widget-sow-editor-base\"\n\t\t\t\n\t\t>\n<div class=\"siteorigin-widget-tinymce textwidget\">\n\t<p style=\"text-align: center;\"><span style=\"color: #800000; font-size: 24pt;\"><strong>Categor\u00eda: Transformaci\u00f3n de las pr\u00e1cticas Educativas mediante las TIC<\/strong><\/span><\/p>\n<hr \/>\n<h3 style=\"text-align: center;\"><\/h3>\n<\/div>\n<\/div><\/div><\/div><\/div><div id=\"pg-5623-3\"  class=\"panel-grid panel-has-style\" ><div class=\"panel-row-style panel-row-style-for-5623-3\" ><div id=\"pgc-5623-3-0\"  class=\"panel-grid-cell\" ><div id=\"panel-5623-3-0-0\" class=\"so-panel widget widget_sow-editor panel-first-child panel-last-child\" data-index=\"3\" ><div\n\t\t\t\n\t\t\tclass=\"so-widget-sow-editor so-widget-sow-editor-base\"\n\t\t\t\n\t\t>\n<div class=\"siteorigin-widget-tinymce textwidget\">\n\t<div class=\"pt-cv-wrapper\">\n<div class=\"pt-cv-view pt-cv-grid pt-cv-colsys\" id=\"pt-cv-view-c5bbceairz\">\n<div data-id=\"pt-cv-page-1\" class=\"pt-cv-page\" data-cvc=\"3\">\n<div class=\"col-md-4 col-sm-6 col-xs-12 pt-cv-content-item pt-cv-1-col\" >\n<div class='pt-cv-ifield'><a href=\"https:\/\/anuies-tic.anuies.mx\/web\/evaluacion-de-la-docencia-universitaria\/\" class=\"_self pt-cv-href-thumbnail pt-cv-thumb-default\" target=\"_self\" ><img loading=\"lazy\" decoding=\"async\" width=\"150\" height=\"150\" src=\"https:\/\/anuies-tic.anuies.mx\/web\/wp-content\/uploads\/2019\/11\/Py_134_31052019132816-150x150.png\" class=\"pt-cv-thumbnail\" alt=\"\" srcset=\"https:\/\/anuies-tic.anuies.mx\/web\/wp-content\/uploads\/2019\/11\/Py_134_31052019132816-150x150.png 150w, https:\/\/anuies-tic.anuies.mx\/web\/wp-content\/uploads\/2019\/11\/Py_134_31052019132816.png 220w\" sizes=\"auto, (max-width: 150px) 100vw, 150px\" \/><\/a><\/p>\n<h4 class=\"pt-cv-title\"><a href=\"https:\/\/anuies-tic.anuies.mx\/web\/evaluacion-de-la-docencia-universitaria\/\" class=\"_self\" target=\"_self\" >Evaluaci\u00f3n de la docencia universitaria: proyecto integral de mejora acad\u00e9mica y tecnol\u00f3gica<\/a><\/h4>\n<\/div>\n<\/div>\n<div class=\"col-md-4 col-sm-6 col-xs-12 pt-cv-content-item pt-cv-1-col\" >\n<div class='pt-cv-ifield'><a href=\"https:\/\/anuies-tic.anuies.mx\/web\/programa-de-cultura-digital\/\" class=\"_self pt-cv-href-thumbnail pt-cv-thumb-default\" target=\"_self\" ><img loading=\"lazy\" decoding=\"async\" width=\"139\" height=\"145\" src=\"https:\/\/anuies-tic.anuies.mx\/web\/wp-content\/uploads\/2019\/11\/cultura.png\" class=\"pt-cv-thumbnail\" alt=\"\" \/><\/a><\/p>\n<h4 class=\"pt-cv-title\"><a href=\"https:\/\/anuies-tic.anuies.mx\/web\/programa-de-cultura-digital\/\" class=\"_self\" target=\"_self\" >Programa de Cultura Digital<\/a><\/h4>\n<\/div>\n<\/div>\n<div class=\"col-md-4 col-sm-6 col-xs-12 pt-cv-content-item pt-cv-1-col\" >\n<div class='pt-cv-ifield'><a href=\"https:\/\/anuies-tic.anuies.mx\/web\/consolidacion-de-saber-mas-revista-de-divulgacion-de-la-ciencia-de-la-umsnh\/\" class=\"_self pt-cv-href-thumbnail pt-cv-thumb-default\" target=\"_self\" ><img loading=\"lazy\" decoding=\"async\" width=\"150\" height=\"150\" src=\"https:\/\/anuies-tic.anuies.mx\/web\/wp-content\/uploads\/2019\/11\/Py_-1_30052019202352-150x150.png\" class=\"pt-cv-thumbnail\" alt=\"\" srcset=\"https:\/\/anuies-tic.anuies.mx\/web\/wp-content\/uploads\/2019\/11\/Py_-1_30052019202352-150x150.png 150w, https:\/\/anuies-tic.anuies.mx\/web\/wp-content\/uploads\/2019\/11\/Py_-1_30052019202352.png 220w\" sizes=\"auto, (max-width: 150px) 100vw, 150px\" \/><\/a><\/p>\n<h4 class=\"pt-cv-title\"><a href=\"https:\/\/anuies-tic.anuies.mx\/web\/consolidacion-de-saber-mas-revista-de-divulgacion-de-la-ciencia-de-la-umsnh\/\" class=\"_self\" target=\"_self\" >Consolidaci\u00f3n de Saber M\u00e1s, revista de divulgaci\u00f3n de la ciencia de la UMSNH<\/a><\/h4>\n<\/div>\n<\/div>\n<div class=\"col-md-4 col-sm-6 col-xs-12 pt-cv-content-item pt-cv-1-col\" >\n<div class='pt-cv-ifield'><a href=\"https:\/\/anuies-tic.anuies.mx\/web\/centro-de-analisis-de-datos-y-supercomputo-cads-para-el-desarrollo-de-la-ciencia-y-tecnologia\/\" class=\"_self pt-cv-href-thumbnail pt-cv-thumb-default\" target=\"_self\" ><img loading=\"lazy\" decoding=\"async\" width=\"150\" height=\"150\" src=\"https:\/\/anuies-tic.anuies.mx\/web\/wp-content\/uploads\/2019\/11\/Py_-1_20052019164744-150x150.png\" class=\"pt-cv-thumbnail\" alt=\"\" \/><\/a><\/p>\n<h4 class=\"pt-cv-title\"><a href=\"https:\/\/anuies-tic.anuies.mx\/web\/centro-de-analisis-de-datos-y-supercomputo-cads-para-el-desarrollo-de-la-ciencia-y-tecnologia\/\" class=\"_self\" target=\"_self\" >Centro de An\u00e1lisis de Datos y Superc\u00f3mputo (CADS ), para el desarrollo de la ciencia y tecnolog\u00eda<\/a><\/h4>\n<\/div>\n<\/div>\n<div class=\"col-md-4 col-sm-6 col-xs-12 pt-cv-content-item pt-cv-1-col\" >\n<div class='pt-cv-ifield'><a href=\"https:\/\/anuies-tic.anuies.mx\/web\/plataforma-de-analitica-y-caracterizacion-de-datos\/\" class=\"_self pt-cv-href-thumbnail pt-cv-thumb-default\" target=\"_self\" ><img loading=\"lazy\" decoding=\"async\" width=\"150\" height=\"150\" src=\"https:\/\/anuies-tic.anuies.mx\/web\/wp-content\/uploads\/2019\/11\/Py_132_30052019115720-150x150.jpg\" class=\"pt-cv-thumbnail\" alt=\"\" \/><\/a><\/p>\n<h4 class=\"pt-cv-title\"><a href=\"https:\/\/anuies-tic.anuies.mx\/web\/plataforma-de-analitica-y-caracterizacion-de-datos\/\" class=\"_self\" target=\"_self\" >Plataforma de anal\u00edtica y caracterizaci\u00f3n de datos para el acompa\u00f1amiento integral en la trayectoria del estudiante de la Universidad de Guanajuato<\/a><\/h4>\n<\/div>\n<\/div>\n<\/div>\n<\/div>\n<\/div>\n<\/div>\n<\/div><\/div><\/div><\/div><\/div><\/div>","protected":false},"excerpt":{"rendered":"<p>Categor\u00eda: Innovaci\u00f3n de la gesti\u00f3n mediante las TIC<\/p>\n","protected":false},"author":1,"featured_media":0,"parent":0,"menu_order":0,"comment_status":"closed","ping_status":"closed","template":"templates\/template-full.php","meta":{"_mc_calendar":[],"footnotes":""},"class_list":["post-5623","page","type-page","status-publish","hentry","post"],"rttpg_featured_image_url":null,"rttpg_author":{"display_name":"ctrlweb","author_link":"https:\/\/anuies-tic.anuies.mx\/web\/author\/ctrldcsctrlweb\/"},"rttpg_comment":0,"rttpg_category":null,"rttpg_excerpt":"Categor\u00eda: Innovaci\u00f3n de la gesti\u00f3n mediante las TIC","_links":{"self":[{"href":"https:\/\/anuies-tic.anuies.mx\/web\/wp-json\/wp\/v2\/pages\/5623","targetHints":{"allow":["GET"]}}],"collection":[{"href":"https:\/\/anuies-tic.anuies.mx\/web\/wp-json\/wp\/v2\/pages"}],"about":[{"href":"https:\/\/anuies-tic.anuies.mx\/web\/wp-json\/wp\/v2\/types\/page"}],"author":[{"embeddable":true,"href":"https:\/\/anuies-tic.anuies.mx\/web\/wp-json\/wp\/v2\/users\/1"}],"replies":[{"embeddable":true,"href":"https:\/\/anuies-tic.anuies.mx\/web\/wp-json\/wp\/v2\/comments?post=5623"}],"version-history":[{"count":51,"href":"https:\/\/anuies-tic.anuies.mx\/web\/wp-json\/wp\/v2\/pages\/5623\/revisions"}],"predecessor-version":[{"id":10736,"href":"https:\/\/anuies-tic.anuies.mx\/web\/wp-json\/wp\/v2\/pages\/5623\/revisions\/10736"}],"wp:attachment":[{"href":"https:\/\/anuies-tic.anuies.mx\/web\/wp-json\/wp\/v2\/media?parent=5623"}],"curies":[{"name":"wp","href":"https:\/\/api.w.org\/{rel}","templated":true}]}}