{"id":639,"date":"2018-01-26T14:57:53","date_gmt":"2018-01-26T20:57:53","guid":{"rendered":"http:\/\/anuies-tic.anuies.mx\/web\/?page_id=639"},"modified":"2022-06-27T14:29:49","modified_gmt":"2022-06-27T20:29:49","slug":"estudios","status":"publish","type":"page","link":"https:\/\/anuies-tic.anuies.mx\/web\/estudios\/","title":{"rendered":"Estudio del Estado Actual de las TI en las Instituciones de Educaci\u00f3n Superior en M\u00e9xico"},"content":{"rendered":"<div id=\"pl-639\"  class=\"panel-layout\" ><div id=\"pg-639-0\"  class=\"panel-grid panel-has-style\" ><div class=\"siteorigin-panels-stretch panel-row-style panel-row-style-for-639-0\" data-stretch-type=\"full-stretched\" ><div id=\"pgc-639-0-0\"  class=\"panel-grid-cell panel-grid-cell-empty\" ><\/div><div id=\"pgc-639-0-1\"  class=\"panel-grid-cell\" ><div id=\"panel-639-0-1-0\" class=\"so-panel widget widget_sow-editor panel-first-child\" data-index=\"0\" ><div class=\"panel-widget-style panel-widget-style-for-639-0-1-0\" ><div\n\t\t\t\n\t\t\tclass=\"so-widget-sow-editor so-widget-sow-editor-base\"\n\t\t\t\n\t\t>\n<div class=\"siteorigin-widget-tinymce textwidget\">\n\t<p style=\"text-align: justify;\"><span style=\"color: #800000;\">Las Tecnolog\u00edas de la Informaci\u00f3n y las Comunicaciones<\/span> desempe\u00f1an un papel crucial en el desarrollo de las sociedades generando grandes progresos pero tambi\u00e9n grandes retos en sus sectores productivos, tales como la Industria, la Salud, el Gobierno, y por supuesto, la Educaci\u00f3n.<\/p>\n<p style=\"text-align: justify;\">Estas publicaciones son el resultado de las Encuestas realizadas a la Instituciones de Educaci\u00f3n Superior, son un instrumento que genera una perspectiva para trascender hacia un horizonte que adhiere un gran valor estrat\u00e9gico, y que por ende pretende ser un detonador en una alineaci\u00f3n con el propio sentido de las estrategias institucionales.<\/p>\n<\/div>\n<\/div><\/div><\/div><div id=\"panel-639-0-1-1\" class=\"so-panel widget widget_siteorigin-panels-builder panel-last-child\" data-index=\"1\" ><div id=\"pl-w62ba133dcca7a\"  class=\"panel-layout\" ><div id=\"pg-w62ba133dcca7a-0\"  class=\"panel-grid panel-no-style\" ><div id=\"pgc-w62ba133dcca7a-0-0\"  class=\"panel-grid-cell\" ><div id=\"panel-w62ba133dcca7a-0-0-0\" class=\"so-panel widget widget_sow-image panel-first-child\" data-index=\"0\" ><div\n\t\t\t\n\t\t\tclass=\"so-widget-sow-image so-widget-sow-image-default-c4f6304fc136\"\n\t\t\t\n\t\t>\n<div class=\"sow-image-container\">\n\t\t\t<a href=\"https:\/\/estudio-tic.anuies.mx\/Estado_actual_TIC_sencillo_2021_media.pdf\"\n\t\t\ttarget=\"_blank\" rel=\"noopener noreferrer\" \t\t>\n\t\t\t<img \n\tsrc=\"https:\/\/anuies-tic.anuies.mx\/web\/wp-content\/uploads\/2022\/06\/banners_estado-2021.jpg\" width=\"800\" height=\"480\" srcset=\"https:\/\/anuies-tic.anuies.mx\/web\/wp-content\/uploads\/2022\/06\/banners_estado-2021.jpg 800w, https:\/\/anuies-tic.anuies.mx\/web\/wp-content\/uploads\/2022\/06\/banners_estado-2021-300x180.jpg 300w, https:\/\/anuies-tic.anuies.mx\/web\/wp-content\/uploads\/2022\/06\/banners_estado-2021-768x461.jpg 768w\" sizes=\"(max-width: 800px) 100vw, 800px\" alt=\"\" \t\tclass=\"so-widget-image\"\/>\n\t\t\t<\/a><\/div>\n\n<\/div><\/div><div id=\"panel-w62ba133dcca7a-0-0-1\" class=\"so-panel widget widget_sow-image\" data-index=\"1\" ><div\n\t\t\t\n\t\t\tclass=\"so-widget-sow-image so-widget-sow-image-default-c4f6304fc136\"\n\t\t\t\n\t\t>\n<div class=\"sow-image-container\">\n\t\t\t<a href=\"http:\/\/estudio-tic.anuies.mx\/Estudio_ANUIES_TIC_2019.pdf\"\n\t\t\ttarget=\"_blank\" rel=\"noopener noreferrer\" \t\t>\n\t\t\t<img \n\tsrc=\"https:\/\/anuies-tic.anuies.mx\/web\/wp-content\/uploads\/2019\/11\/2019_3.png\" width=\"800\" height=\"480\" srcset=\"https:\/\/anuies-tic.anuies.mx\/web\/wp-content\/uploads\/2019\/11\/2019_3.png 800w, https:\/\/anuies-tic.anuies.mx\/web\/wp-content\/uploads\/2019\/11\/2019_3-300x180.png 300w, https:\/\/anuies-tic.anuies.mx\/web\/wp-content\/uploads\/2019\/11\/2019_3-768x461.png 768w, https:\/\/anuies-tic.anuies.mx\/web\/wp-content\/uploads\/2019\/11\/2019_3-230x138.png 230w, https:\/\/anuies-tic.anuies.mx\/web\/wp-content\/uploads\/2019\/11\/2019_3-350x210.png 350w, https:\/\/anuies-tic.anuies.mx\/web\/wp-content\/uploads\/2019\/11\/2019_3-480x288.png 480w\" sizes=\"(max-width: 800px) 100vw, 800px\" alt=\"\" \t\tclass=\"so-widget-image\"\/>\n\t\t\t<\/a><\/div>\n\n<\/div><\/div><div id=\"panel-w62ba133dcca7a-0-0-2\" class=\"so-panel widget widget_sow-image\" data-index=\"2\" ><div\n\t\t\t\n\t\t\tclass=\"so-widget-sow-image so-widget-sow-image-default-c4f6304fc136\"\n\t\t\t\n\t\t>\n<div class=\"sow-image-container\">\n\t\t\t<a href=\"http:\/\/estudio-tic.anuies.mx\/Estudio_ANUIES_TIC_2017.pdf\"\n\t\t\ttarget=\"_blank\" rel=\"noopener noreferrer\" \t\t>\n\t\t\t<img \n\tsrc=\"https:\/\/anuies-tic.anuies.mx\/web\/wp-content\/uploads\/2019\/05\/banners_estado-03-compressor.jpg\" width=\"800\" height=\"480\" srcset=\"https:\/\/anuies-tic.anuies.mx\/web\/wp-content\/uploads\/2019\/05\/banners_estado-03-compressor.jpg 800w, https:\/\/anuies-tic.anuies.mx\/web\/wp-content\/uploads\/2019\/05\/banners_estado-03-compressor-300x180.jpg 300w, https:\/\/anuies-tic.anuies.mx\/web\/wp-content\/uploads\/2019\/05\/banners_estado-03-compressor-768x461.jpg 768w, https:\/\/anuies-tic.anuies.mx\/web\/wp-content\/uploads\/2019\/05\/banners_estado-03-compressor-230x138.jpg 230w, https:\/\/anuies-tic.anuies.mx\/web\/wp-content\/uploads\/2019\/05\/banners_estado-03-compressor-350x210.jpg 350w, https:\/\/anuies-tic.anuies.mx\/web\/wp-content\/uploads\/2019\/05\/banners_estado-03-compressor-480x288.jpg 480w\" sizes=\"(max-width: 800px) 100vw, 800px\" alt=\"\" \t\tclass=\"so-widget-image\"\/>\n\t\t\t<\/a><\/div>\n\n<\/div><\/div><div id=\"panel-w62ba133dcca7a-0-0-3\" class=\"so-panel widget widget_sow-image panel-last-child\" data-index=\"3\" ><div\n\t\t\t\n\t\t\tclass=\"so-widget-sow-image so-widget-sow-image-default-c4f6304fc136\"\n\t\t\t\n\t\t>\n<div class=\"sow-image-container\">\n\t\t\t<a href=\"http:\/\/estudio-tic.anuies.mx\/Estudio_ANUIES_TIC_2016_v2.pdf\"\n\t\t\ttarget=\"_blank\" rel=\"noopener noreferrer\" \t\t>\n\t\t\t<img \n\tsrc=\"https:\/\/anuies-tic.anuies.mx\/web\/wp-content\/uploads\/2019\/05\/banners_estado-02-compressor.jpg\" width=\"800\" height=\"480\" srcset=\"https:\/\/anuies-tic.anuies.mx\/web\/wp-content\/uploads\/2019\/05\/banners_estado-02-compressor.jpg 800w, https:\/\/anuies-tic.anuies.mx\/web\/wp-content\/uploads\/2019\/05\/banners_estado-02-compressor-300x180.jpg 300w, https:\/\/anuies-tic.anuies.mx\/web\/wp-content\/uploads\/2019\/05\/banners_estado-02-compressor-768x461.jpg 768w, https:\/\/anuies-tic.anuies.mx\/web\/wp-content\/uploads\/2019\/05\/banners_estado-02-compressor-230x138.jpg 230w, https:\/\/anuies-tic.anuies.mx\/web\/wp-content\/uploads\/2019\/05\/banners_estado-02-compressor-350x210.jpg 350w, https:\/\/anuies-tic.anuies.mx\/web\/wp-content\/uploads\/2019\/05\/banners_estado-02-compressor-480x288.jpg 480w\" sizes=\"(max-width: 800px) 100vw, 800px\" alt=\"\" \t\tclass=\"so-widget-image\"\/>\n\t\t\t<\/a><\/div>\n\n<\/div><\/div><\/div><div id=\"pgc-w62ba133dcca7a-0-1\"  class=\"panel-grid-cell\" ><div id=\"panel-w62ba133dcca7a-0-1-0\" class=\"so-panel widget widget_sow-image panel-first-child\" data-index=\"4\" ><div\n\t\t\t\n\t\t\tclass=\"so-widget-sow-image so-widget-sow-image-default-c4f6304fc136\"\n\t\t\t\n\t\t>\n<div class=\"sow-image-container\">\n\t\t\t<a href=\"http:\/\/estudio-tic.anuies.mx\/Estudio_ANUIES_TIC_2020.pdf\"\n\t\t\ttarget=\"_blank\" rel=\"noopener noreferrer\" \t\t>\n\t\t\t<img \n\tsrc=\"https:\/\/anuies-tic.anuies.mx\/web\/wp-content\/uploads\/2020\/12\/banners_estado-2020.jpg\" width=\"800\" height=\"480\" srcset=\"https:\/\/anuies-tic.anuies.mx\/web\/wp-content\/uploads\/2020\/12\/banners_estado-2020.jpg 800w, https:\/\/anuies-tic.anuies.mx\/web\/wp-content\/uploads\/2020\/12\/banners_estado-2020-300x180.jpg 300w, https:\/\/anuies-tic.anuies.mx\/web\/wp-content\/uploads\/2020\/12\/banners_estado-2020-768x461.jpg 768w, https:\/\/anuies-tic.anuies.mx\/web\/wp-content\/uploads\/2020\/12\/banners_estado-2020-230x138.jpg 230w, https:\/\/anuies-tic.anuies.mx\/web\/wp-content\/uploads\/2020\/12\/banners_estado-2020-350x210.jpg 350w, https:\/\/anuies-tic.anuies.mx\/web\/wp-content\/uploads\/2020\/12\/banners_estado-2020-480x288.jpg 480w\" sizes=\"(max-width: 800px) 100vw, 800px\" alt=\"\" \t\tclass=\"so-widget-image\"\/>\n\t\t\t<\/a><\/div>\n\n<\/div><\/div><div id=\"panel-w62ba133dcca7a-0-1-1\" class=\"so-panel widget widget_sow-image\" data-index=\"5\" ><div\n\t\t\t\n\t\t\tclass=\"so-widget-sow-image so-widget-sow-image-default-c4f6304fc136\"\n\t\t\t\n\t\t>\n<div class=\"sow-image-container\">\n\t\t\t<a href=\"http:\/\/estudio-tic.anuies.mx\/Estudio_ANUIES_TIC_2018.pdf\"\n\t\t\ttarget=\"_blank\" rel=\"noopener noreferrer\" \t\t>\n\t\t\t<img \n\tsrc=\"https:\/\/anuies-tic.anuies.mx\/web\/wp-content\/uploads\/2019\/05\/banners_estado-04-compressor.jpg\" width=\"800\" height=\"480\" srcset=\"https:\/\/anuies-tic.anuies.mx\/web\/wp-content\/uploads\/2019\/05\/banners_estado-04-compressor.jpg 800w, https:\/\/anuies-tic.anuies.mx\/web\/wp-content\/uploads\/2019\/05\/banners_estado-04-compressor-300x180.jpg 300w, https:\/\/anuies-tic.anuies.mx\/web\/wp-content\/uploads\/2019\/05\/banners_estado-04-compressor-768x461.jpg 768w, https:\/\/anuies-tic.anuies.mx\/web\/wp-content\/uploads\/2019\/05\/banners_estado-04-compressor-230x138.jpg 230w, https:\/\/anuies-tic.anuies.mx\/web\/wp-content\/uploads\/2019\/05\/banners_estado-04-compressor-350x210.jpg 350w, https:\/\/anuies-tic.anuies.mx\/web\/wp-content\/uploads\/2019\/05\/banners_estado-04-compressor-480x288.jpg 480w\" sizes=\"(max-width: 800px) 100vw, 800px\" alt=\"\" \t\tclass=\"so-widget-image\"\/>\n\t\t\t<\/a><\/div>\n\n<\/div><\/div><div id=\"panel-w62ba133dcca7a-0-1-2\" class=\"so-panel widget widget_sow-image panel-last-child\" data-index=\"6\" ><div\n\t\t\t\n\t\t\tclass=\"so-widget-sow-image so-widget-sow-image-default-c4f6304fc136\"\n\t\t\t\n\t\t>\n<div class=\"sow-image-container\">\n\t\t\t<a href=\"http:\/\/anuies-tic.anuies.mx\/web\/encuentro2016\/wp-content\/uploads\/pdf\/EstadoActualTIC_en_las_IES.pdf\"\n\t\t\ttarget=\"_blank\" rel=\"noopener noreferrer\" \t\t>\n\t\t\t<img \n\tsrc=\"https:\/\/anuies-tic.anuies.mx\/web\/wp-content\/uploads\/2019\/05\/banners_estado-01-compressor.jpg\" width=\"800\" height=\"480\" srcset=\"https:\/\/anuies-tic.anuies.mx\/web\/wp-content\/uploads\/2019\/05\/banners_estado-01-compressor.jpg 800w, https:\/\/anuies-tic.anuies.mx\/web\/wp-content\/uploads\/2019\/05\/banners_estado-01-compressor-300x180.jpg 300w, https:\/\/anuies-tic.anuies.mx\/web\/wp-content\/uploads\/2019\/05\/banners_estado-01-compressor-768x461.jpg 768w, https:\/\/anuies-tic.anuies.mx\/web\/wp-content\/uploads\/2019\/05\/banners_estado-01-compressor-230x138.jpg 230w, https:\/\/anuies-tic.anuies.mx\/web\/wp-content\/uploads\/2019\/05\/banners_estado-01-compressor-350x210.jpg 350w, https:\/\/anuies-tic.anuies.mx\/web\/wp-content\/uploads\/2019\/05\/banners_estado-01-compressor-480x288.jpg 480w\" sizes=\"(max-width: 800px) 100vw, 800px\" alt=\"\" \t\tclass=\"so-widget-image\"\/>\n\t\t\t<\/a><\/div>\n\n<\/div><\/div><\/div><\/div><\/div><\/div><\/div><div id=\"pgc-639-0-2\"  class=\"panel-grid-cell panel-grid-cell-mobile-last\" ><div id=\"panel-639-0-2-0\" class=\"so-panel widget widget_nav_menu panel-first-child panel-last-child\" data-index=\"2\" ><div class=\"panel-widget-style panel-widget-style-for-639-0-2-0\" ><h3 class=\"widget-title\">En esta secci\u00f3n&#8230;<\/h3><div class=\"menu-actividades-container\"><ul id=\"menu-actividades\" class=\"menu\"><li id=\"menu-item-6324\" class=\"menu-item menu-item-type-post_type menu-item-object-page menu-item-6324\"><a href=\"https:\/\/anuies-tic.anuies.mx\/web\/reconocimientos-anuies-tic\/\">Reconocimientos ANUIES-TIC<\/a><\/li>\n<li id=\"menu-item-6328\" class=\"menu-item menu-item-type-post_type menu-item-object-page menu-item-6328\"><a href=\"https:\/\/anuies-tic.anuies.mx\/web\/encuesta\/\">Encuesta Nacional de las TI en las Instituciones de Educaci\u00f3n Superior en M\u00e9xico<\/a><\/li>\n<li id=\"menu-item-1514\" class=\"menu-item menu-item-type-post_type menu-item-object-page menu-item-1514\"><a href=\"https:\/\/anuies-tic.anuies.mx\/web\/estudios\/\">Estudio del Estado actual de las TI en las IES en M\u00e9xico<\/a><\/li>\n<li id=\"menu-item-1513\" class=\"menu-item menu-item-type-post_type menu-item-object-page menu-item-1513\"><a href=\"https:\/\/anuies-tic.anuies.mx\/web\/encuentro\/\">Encuentro ANUIES-TIC<\/a><\/li>\n<li id=\"menu-item-6329\" class=\"menu-item menu-item-type-post_type menu-item-object-page menu-item-6329\"><a href=\"https:\/\/anuies-tic.anuies.mx\/web\/implementacion-de-la-estrategia-nacional-de-ciberseguridad\/\">Implementaci\u00f3n de la Estrategia Nacional de Ciberseguridad<\/a><\/li>\n<li id=\"menu-item-7190\" class=\"menu-item menu-item-type-post_type menu-item-object-page menu-item-7190\"><a href=\"https:\/\/anuies-tic.anuies.mx\/web\/encuesta-de-continuidad-academica\/\">Encuesta de continuidad acad\u00e9mica en las IES durante la contingencia por COVID-19<\/a><\/li>\n<\/ul><\/div><\/div><\/div><\/div><div id=\"pgc-639-0-3\"  class=\"panel-grid-cell panel-grid-cell-empty\" ><\/div><\/div><\/div><\/div>","protected":false},"excerpt":{"rendered":"<p>Las Tecnolog\u00edas de la Informaci\u00f3n y las Comunicaciones desempe\u00f1an un papel crucial en el desarrollo de las sociedades generando grandes progresos pero tambi\u00e9n grandes retos en sus sectores productivos, tales como la Industria, la Salud, el Gobierno, y por supuesto, la Educaci\u00f3n. Estas publicaciones son el resultado de las Encuestas realizadas a la Instituciones de [&hellip;]<\/p>\n","protected":false},"author":1,"featured_media":0,"parent":0,"menu_order":0,"comment_status":"closed","ping_status":"closed","template":"","meta":{"_mc_calendar":[],"footnotes":""},"class_list":["post-639","page","type-page","status-publish","hentry","post"],"rttpg_featured_image_url":null,"rttpg_author":{"display_name":"ctrlweb","author_link":"https:\/\/anuies-tic.anuies.mx\/web\/author\/ctrldcsctrlweb\/"},"rttpg_comment":0,"rttpg_category":null,"rttpg_excerpt":"Las Tecnolog\u00edas de la Informaci\u00f3n y las Comunicaciones desempe\u00f1an un papel crucial en el desarrollo de las sociedades generando grandes progresos pero tambi\u00e9n grandes retos en sus sectores productivos, tales como la Industria, la Salud, el Gobierno, y por supuesto, la Educaci\u00f3n. Estas publicaciones son el resultado de las Encuestas realizadas a la Instituciones de&hellip;","_links":{"self":[{"href":"https:\/\/anuies-tic.anuies.mx\/web\/wp-json\/wp\/v2\/pages\/639","targetHints":{"allow":["GET"]}}],"collection":[{"href":"https:\/\/anuies-tic.anuies.mx\/web\/wp-json\/wp\/v2\/pages"}],"about":[{"href":"https:\/\/anuies-tic.anuies.mx\/web\/wp-json\/wp\/v2\/types\/page"}],"author":[{"embeddable":true,"href":"https:\/\/anuies-tic.anuies.mx\/web\/wp-json\/wp\/v2\/users\/1"}],"replies":[{"embeddable":true,"href":"https:\/\/anuies-tic.anuies.mx\/web\/wp-json\/wp\/v2\/comments?post=639"}],"version-history":[{"count":200,"href":"https:\/\/anuies-tic.anuies.mx\/web\/wp-json\/wp\/v2\/pages\/639\/revisions"}],"predecessor-version":[{"id":9115,"href":"https:\/\/anuies-tic.anuies.mx\/web\/wp-json\/wp\/v2\/pages\/639\/revisions\/9115"}],"wp:attachment":[{"href":"https:\/\/anuies-tic.anuies.mx\/web\/wp-json\/wp\/v2\/media?parent=639"}],"curies":[{"name":"wp","href":"https:\/\/api.w.org\/{rel}","templated":true}]}}