{"id":6976,"date":"2020-03-13T15:15:08","date_gmt":"2020-03-13T21:15:08","guid":{"rendered":"https:\/\/anuies-tic.anuies.mx\/web\/?page_id=6976"},"modified":"2020-03-20T23:23:48","modified_gmt":"2020-03-21T05:23:48","slug":"plan-de-contingencias","status":"publish","type":"page","link":"https:\/\/anuies-tic.anuies.mx\/web\/plan-de-contingencias\/","title":{"rendered":"Plan de contingencias en las Instituciones educativas"},"content":{"rendered":"<div id=\"pl-6976\"  class=\"panel-layout\" ><div id=\"pg-6976-0\"  class=\"panel-grid panel-has-style\" ><div class=\"siteorigin-panels-stretch panel-row-style panel-row-style-for-6976-0\" data-stretch-type=\"full\" ><div id=\"pgc-6976-0-0\"  class=\"panel-grid-cell\" ><div id=\"panel-6976-0-0-0\" class=\"so-panel widget widget_sow-editor panel-first-child panel-last-child\" data-index=\"0\" ><div class=\"panel-widget-style panel-widget-style-for-6976-0-0-0\" ><div\n\t\t\t\n\t\t\tclass=\"so-widget-sow-editor so-widget-sow-editor-base\"\n\t\t\t\n\t\t>\n<div class=\"siteorigin-widget-tinymce textwidget\">\n\t<p><center><strong>Sesi\u00f3n 1<\/strong><\/center><center><iframe loading=\"lazy\" src=\"https:\/\/www.youtube.com\/embed\/AY0EyxlwWu0\" width=\"560\" height=\"300\" frameborder=\"0\" allowfullscreen=\"allowfullscreen\"><\/iframe><\/center><\/p>\n<hr \/>\n<\/div>\n<\/div><\/div><\/div><\/div><div id=\"pgc-6976-0-1\"  class=\"panel-grid-cell\" ><div id=\"panel-6976-0-1-0\" class=\"so-panel widget widget_sow-editor panel-first-child panel-last-child\" data-index=\"1\" ><div class=\"panel-widget-style panel-widget-style-for-6976-0-1-0\" ><div\n\t\t\t\n\t\t\tclass=\"so-widget-sow-editor so-widget-sow-editor-base\"\n\t\t\t\n\t\t>\n<div class=\"siteorigin-widget-tinymce textwidget\">\n\t<p><center><strong>Sesi\u00f3n 2<\/strong><\/center><center><iframe loading=\"lazy\" width=\"560\" height=\"315\" src=\"https:\/\/www.youtube.com\/embed\/YLE09fxNB7k\" frameborder=\"0\" allow=\"accelerometer; autoplay; encrypted-media; gyroscope; picture-in-picture\" allowfullscreen><\/iframe><\/center><\/p>\n<hr \/>\n<\/div>\n<\/div><\/div><\/div><\/div><\/div><\/div><div id=\"pg-6976-1\"  class=\"panel-grid panel-has-style\" ><div class=\"siteorigin-panels-stretch panel-row-style panel-row-style-for-6976-1\" data-stretch-type=\"full\" ><div id=\"pgc-6976-1-0\"  class=\"panel-grid-cell panel-grid-cell-empty\" ><\/div><div id=\"pgc-6976-1-1\"  class=\"panel-grid-cell panel-grid-cell-mobile-last\" ><div id=\"panel-6976-1-1-0\" class=\"so-panel widget widget_siteorigin-panels-builder panel-first-child panel-last-child\" data-index=\"2\" ><div id=\"pl-w5e75a37d709be\"  class=\"panel-layout\" ><div id=\"pg-w5e75a37d709be-0\"  class=\"panel-grid panel-no-style\" ><div id=\"pgc-w5e75a37d709be-0-0\"  class=\"panel-grid-cell\" ><div id=\"panel-w5e75a37d709be-0-0-0\" class=\"so-panel widget widget_sow-editor panel-first-child panel-last-child\" data-index=\"0\" ><div\n\t\t\t\n\t\t\tclass=\"so-widget-sow-editor so-widget-sow-editor-base\"\n\t\t\t\n\t\t><h3 class=\"widget-title\">Recursos<\/h3>\n<div class=\"siteorigin-widget-tinymce textwidget\">\n\t<ul>\n<li>Invitamos a responder Encuesta para medir los planes de Contingencia en las Instituciones educativas:<br \/>\n<a href=\"https:\/\/forms.office.com\/Pages\/ResponsePage.aspx?id=ecZXV81qeEqMQ129jiSZkj-GPWioFhFMqNteK7HhMZhUME1HSUpLVkVZUjVDTjNFTUVCMDRUVVhRTC4u\" target=\"_blank\" rel=\"noopener\">https:\/\/forms.office.com\/Pages\/ResponsePage.aspx?id=ecZXV81qeEqMQ129jiSZkj-GPWioFhFMqNteK7HhMZhUME1HSUpLVkVZUjVDTjNFTUVCMDRUVVhRTC4u<\/a><\/li>\n<li>Plan de Continuidad Acad\u00e9mica UABC<br \/>\n<a href=\"http:\/\/cead.mxl.uabc.mx\/mas\/plan-de-continuidad-academica\" target=\"_blank\" rel=\"noopener\">http:\/\/cead.mxl.uabc.mx\/mas\/plan-de-continuidad-academica<\/a><\/li>\n<li>Experiencias de Planes de contingencia en EEUU \/ Continuidad Acad\u00e9mica<br \/>\n<a href=\"https:\/\/docs.google.com\/spreadsheets\/d\/1VT9oiNYPyiEsGHBoDKlwLlWAsWP58sGV7A3oIuEUG3k\/htmlview?sle=true\" target=\"_blank\" rel=\"noopener\">https:\/\/docs.google.com\/spreadsheets\/d\/1VT9oiNYPyiEsGHBoDKlwLlWAsWP58sGV7A3oIuEUG3k\/htmlview?sle=true#<\/a><\/li>\n<li>Publicaci\u00f3n: Plan de continuidad acad\u00e9mica utilizando tecnolog\u00edas de informaci\u00f3n comunicaci\u00f3n y colaboraci\u00f3n ante una contingencia en una instituci\u00f3n de educaci\u00f3n superior.<br \/>\n<a href=\"https:\/\/recursos.portaleducoas.org\/sites\/default\/files\/1920.pdf\" target=\"_blank\" rel=\"noopener\">https:\/\/recursos.portaleducoas.org\/sites\/default\/files\/1920.pdf<\/a><\/li>\n<li>Recomendaciones internacionales<br \/>\n<a href=\"https:\/\/en.unesco.org\/themes\/education-emergencies\/coronavirus-school-closures\/solutions\" target=\"_blank\" rel=\"noopener\">https:\/\/en.unesco.org\/themes\/education-emergencies\/coronavirus-school-closures\/solutions<\/a><\/li>\n<\/ul>\n<\/div>\n<\/div><\/div><\/div><\/div><\/div><\/div><\/div><div id=\"pgc-6976-1-2\"  class=\"panel-grid-cell panel-grid-cell-empty\" ><\/div><\/div><\/div><\/div>","protected":false},"excerpt":{"rendered":"<p>Sesi\u00f3n 1 Sesi\u00f3n 2<\/p>\n","protected":false},"author":1,"featured_media":0,"parent":0,"menu_order":0,"comment_status":"closed","ping_status":"closed","template":"page-templates\/page_fullwidth.php","meta":{"_mc_calendar":[],"footnotes":""},"class_list":["post-6976","page","type-page","status-publish","hentry","post"],"rttpg_featured_image_url":null,"rttpg_author":{"display_name":"ctrlweb","author_link":"https:\/\/anuies-tic.anuies.mx\/web\/author\/ctrldcsctrlweb\/"},"rttpg_comment":0,"rttpg_category":null,"rttpg_excerpt":"Sesi\u00f3n 1 Sesi\u00f3n 2","_links":{"self":[{"href":"https:\/\/anuies-tic.anuies.mx\/web\/wp-json\/wp\/v2\/pages\/6976","targetHints":{"allow":["GET"]}}],"collection":[{"href":"https:\/\/anuies-tic.anuies.mx\/web\/wp-json\/wp\/v2\/pages"}],"about":[{"href":"https:\/\/anuies-tic.anuies.mx\/web\/wp-json\/wp\/v2\/types\/page"}],"author":[{"embeddable":true,"href":"https:\/\/anuies-tic.anuies.mx\/web\/wp-json\/wp\/v2\/users\/1"}],"replies":[{"embeddable":true,"href":"https:\/\/anuies-tic.anuies.mx\/web\/wp-json\/wp\/v2\/comments?post=6976"}],"version-history":[{"count":18,"href":"https:\/\/anuies-tic.anuies.mx\/web\/wp-json\/wp\/v2\/pages\/6976\/revisions"}],"predecessor-version":[{"id":6997,"href":"https:\/\/anuies-tic.anuies.mx\/web\/wp-json\/wp\/v2\/pages\/6976\/revisions\/6997"}],"wp:attachment":[{"href":"https:\/\/anuies-tic.anuies.mx\/web\/wp-json\/wp\/v2\/media?parent=6976"}],"curies":[{"name":"wp","href":"https:\/\/api.w.org\/{rel}","templated":true}]}}