{"id":7117,"date":"2020-12-02T22:15:07","date_gmt":"2020-12-03T04:15:07","guid":{"rendered":"https:\/\/anuies-tic.anuies.mx\/web\/?page_id=7117"},"modified":"2025-03-18T12:54:20","modified_gmt":"2025-03-18T18:54:20","slug":"ganadores-reconocimientos-anuies-tic-2020","status":"publish","type":"page","link":"https:\/\/anuies-tic.anuies.mx\/web\/ganadores-reconocimientos-anuies-tic-2020\/","title":{"rendered":"Ganadores Reconocimientos ANUIES-TIC 2020"},"content":{"rendered":"<div id=\"pl-7117\"  class=\"panel-layout\" ><div id=\"pg-7117-0\"  class=\"panel-grid panel-no-style\" ><div id=\"pgc-7117-0-0\"  class=\"panel-grid-cell\" ><div id=\"panel-7117-0-0-0\" class=\"so-panel widget widget_sow-editor panel-first-child panel-last-child\" data-index=\"0\" ><div\n\t\t\t\n\t\t\tclass=\"so-widget-sow-editor so-widget-sow-editor-base\"\n\t\t\t\n\t\t>\n<div class=\"siteorigin-widget-tinymce textwidget\">\n\t<p style=\"text-align: center;\"><span style=\"color: #800000; font-size: 24pt;\"><strong>Categor\u00eda: Innovaci\u00f3n de la gesti\u00f3n mediante las TIC<\/strong><\/span><\/p>\n<hr \/>\n<h3 style=\"text-align: center;\"><\/h3>\n<\/div>\n<\/div><\/div><\/div><\/div><div id=\"pg-7117-1\"  class=\"panel-grid panel-has-style\" ><div class=\"panel-row-style panel-row-style-for-7117-1\" ><div id=\"pgc-7117-1-0\"  class=\"panel-grid-cell\" ><div id=\"panel-7117-1-0-0\" class=\"so-panel widget widget_sow-editor panel-first-child panel-last-child\" data-index=\"1\" ><div\n\t\t\t\n\t\t\tclass=\"so-widget-sow-editor so-widget-sow-editor-base\"\n\t\t\t\n\t\t>\n<div class=\"siteorigin-widget-tinymce textwidget\">\n\t<div class=\"pt-cv-wrapper\">\n<div class=\"pt-cv-view pt-cv-grid pt-cv-colsys\" id=\"pt-cv-view-9ec7170m5x\">\n<div data-id=\"pt-cv-page-1\" class=\"pt-cv-page\" data-cvc=\"3\">\n<div class=\"col-md-4 col-sm-6 col-xs-12 pt-cv-content-item pt-cv-1-col\" >\n<div class='pt-cv-ifield'><a href=\"https:\/\/anuies-tic.anuies.mx\/web\/grid-computacional-en-el-estado-de-morelos-para-proyectos-de-investigacion-en-e-ciencia\/\" class=\"_self pt-cv-href-thumbnail pt-cv-thumb-default\" target=\"_self\" ><img loading=\"lazy\" decoding=\"async\" width=\"272\" height=\"182\" src=\"https:\/\/anuies-tic.anuies.mx\/web\/wp-content\/uploads\/2020\/12\/grid-272x182.png\" class=\"pt-cv-thumbnail\" alt=\"\" srcset=\"https:\/\/anuies-tic.anuies.mx\/web\/wp-content\/uploads\/2020\/12\/grid-272x182.png 272w, https:\/\/anuies-tic.anuies.mx\/web\/wp-content\/uploads\/2020\/12\/grid-600x400.png 600w\" sizes=\"auto, (max-width: 272px) 100vw, 272px\" \/><\/a><\/p>\n<h4 class=\"pt-cv-title\"><a href=\"https:\/\/anuies-tic.anuies.mx\/web\/grid-computacional-en-el-estado-de-morelos-para-proyectos-de-investigacion-en-e-ciencia\/\" class=\"_self\" target=\"_self\" >Grid Computacional en el Estado de Morelos para Proyectos de Investigaci\u00f3n en e-Ciencia<\/a><\/h4>\n<\/div>\n<\/div>\n<div class=\"col-md-4 col-sm-6 col-xs-12 pt-cv-content-item pt-cv-1-col\" >\n<div class='pt-cv-ifield'><a href=\"https:\/\/anuies-tic.anuies.mx\/web\/establecimiento-e-implementacion-del-sistema-de-gestion-de-seguridad\/\" class=\"_self pt-cv-href-thumbnail pt-cv-thumb-default\" target=\"_self\" ><img loading=\"lazy\" decoding=\"async\" width=\"272\" height=\"182\" src=\"https:\/\/anuies-tic.anuies.mx\/web\/wp-content\/uploads\/2020\/12\/uat-272x182.png\" class=\"pt-cv-thumbnail\" alt=\"\" \/><\/a><\/p>\n<h4 class=\"pt-cv-title\"><a href=\"https:\/\/anuies-tic.anuies.mx\/web\/establecimiento-e-implementacion-del-sistema-de-gestion-de-seguridad\/\" class=\"_self\" target=\"_self\" >Establecimiento e implementaci\u00f3n del Sistema de Gesti\u00f3n de Seguridad de la Informaci\u00f3n (SGSI) bajo la norma ISO\/IEC 27001:2013 en la UAT<\/a><\/h4>\n<\/div>\n<\/div>\n<div class=\"col-md-4 col-sm-6 col-xs-12 pt-cv-content-item pt-cv-1-col\" >\n<div class='pt-cv-ifield'><a href=\"https:\/\/anuies-tic.anuies.mx\/web\/gestion-editorial-digital-desde-la-admision-hasta-la-distribucion-de-libros-y-revistas\/\" class=\"_self pt-cv-href-thumbnail pt-cv-thumb-default\" target=\"_self\" ><img loading=\"lazy\" decoding=\"async\" width=\"272\" height=\"182\" src=\"https:\/\/anuies-tic.anuies.mx\/web\/wp-content\/uploads\/2020\/12\/gestion_editorial-272x182.jpg\" class=\"pt-cv-thumbnail\" alt=\"\" \/><\/a><\/p>\n<h4 class=\"pt-cv-title\"><a href=\"https:\/\/anuies-tic.anuies.mx\/web\/gestion-editorial-digital-desde-la-admision-hasta-la-distribucion-de-libros-y-revistas\/\" class=\"_self\" target=\"_self\" >Gesti\u00f3n editorial digital, desde la admisi\u00f3n hasta la distribuci\u00f3n de libros y revistas<\/a><\/h4>\n<\/div>\n<\/div>\n<div class=\"col-md-4 col-sm-6 col-xs-12 pt-cv-content-item pt-cv-1-col\" >\n<div class='pt-cv-ifield'><a href=\"https:\/\/anuies-tic.anuies.mx\/web\/gestion-integral-de-obra-publica-de-la-universidad-de-guanajuato\/\" class=\"_self pt-cv-href-thumbnail pt-cv-thumb-default\" target=\"_self\" ><img loading=\"lazy\" decoding=\"async\" width=\"272\" height=\"182\" src=\"https:\/\/anuies-tic.anuies.mx\/web\/wp-content\/uploads\/2020\/12\/gestion_integral-272x182.jpg\" class=\"pt-cv-thumbnail\" alt=\"\" \/><\/a><\/p>\n<h4 class=\"pt-cv-title\"><a href=\"https:\/\/anuies-tic.anuies.mx\/web\/gestion-integral-de-obra-publica-de-la-universidad-de-guanajuato\/\" class=\"_self\" target=\"_self\" >Gesti\u00f3n Integral de Obra P\u00fablica de la Universidad de Guanajuato<\/a><\/h4>\n<\/div>\n<\/div>\n<div class=\"col-md-4 col-sm-6 col-xs-12 pt-cv-content-item pt-cv-1-col\" >\n<div class='pt-cv-ifield'><a href=\"https:\/\/anuies-tic.anuies.mx\/web\/el-ecosistema-del-sistema-universitario-financiero-suf-y-su-integracion-con-la-firma-electronica-avanzada-para-una-gestion-eficiente-eficaz-y-pertinente\/\" class=\"_self pt-cv-href-thumbnail pt-cv-thumb-default\" target=\"_self\" ><img loading=\"lazy\" decoding=\"async\" width=\"272\" height=\"182\" src=\"https:\/\/anuies-tic.anuies.mx\/web\/wp-content\/uploads\/2020\/12\/ecosistema-272x182.jpg\" class=\"pt-cv-thumbnail\" alt=\"\" \/><\/a><\/p>\n<h4 class=\"pt-cv-title\"><a href=\"https:\/\/anuies-tic.anuies.mx\/web\/el-ecosistema-del-sistema-universitario-financiero-suf-y-su-integracion-con-la-firma-electronica-avanzada-para-una-gestion-eficiente-eficaz-y-pertinente\/\" class=\"_self\" target=\"_self\" >El ecosistema del Sistema Universitario Financiero (SUF) y su integraci\u00f3n con la Firma Electr\u00f3nica Avanzada para una gesti\u00f3n eficiente, eficaz y pertinente<\/a><\/h4>\n<\/div>\n<\/div>\n<\/div>\n<\/div>\n<\/div>\n<\/div>\n<\/div><\/div><\/div><\/div><\/div><div id=\"pg-7117-2\"  class=\"panel-grid panel-no-style\" ><div id=\"pgc-7117-2-0\"  class=\"panel-grid-cell\" ><div id=\"panel-7117-2-0-0\" class=\"so-panel widget widget_sow-editor panel-first-child panel-last-child\" data-index=\"2\" ><div\n\t\t\t\n\t\t\tclass=\"so-widget-sow-editor so-widget-sow-editor-base\"\n\t\t\t\n\t\t>\n<div class=\"siteorigin-widget-tinymce textwidget\">\n\t<p style=\"text-align: center;\"><span style=\"color: #800000; font-size: 24pt;\"><strong>Categor\u00eda: Las TIC en la responsabilidad social<\/strong><\/span><\/p>\n<hr \/>\n<h3 style=\"text-align: center;\"><\/h3>\n<\/div>\n<\/div><\/div><\/div><\/div><div id=\"pg-7117-3\"  class=\"panel-grid panel-has-style\" ><div class=\"panel-row-style panel-row-style-for-7117-3\" ><div id=\"pgc-7117-3-0\"  class=\"panel-grid-cell\" ><div id=\"panel-7117-3-0-0\" class=\"so-panel widget widget_sow-editor panel-first-child panel-last-child\" data-index=\"3\" ><div\n\t\t\t\n\t\t\tclass=\"so-widget-sow-editor so-widget-sow-editor-base\"\n\t\t\t\n\t\t>\n<div class=\"siteorigin-widget-tinymce textwidget\">\n\t<div class=\"pt-cv-wrapper\">\n<div class=\"pt-cv-view pt-cv-grid pt-cv-colsys\" id=\"pt-cv-view-e99585agbc\">\n<div data-id=\"pt-cv-page-1\" class=\"pt-cv-page\" data-cvc=\"3\">\n<div class=\"col-md-4 col-sm-6 col-xs-12 pt-cv-content-item pt-cv-1-col\" >\n<div class='pt-cv-ifield'><a href=\"https:\/\/anuies-tic.anuies.mx\/web\/plataforma-de-transparencia-de-la-universidad-de-guanajuato-2\/\" class=\"_self pt-cv-href-thumbnail pt-cv-thumb-default\" target=\"_self\" ><img loading=\"lazy\" decoding=\"async\" width=\"272\" height=\"182\" src=\"https:\/\/anuies-tic.anuies.mx\/web\/wp-content\/uploads\/2020\/12\/transparencia-272x182.jpg\" class=\"pt-cv-thumbnail\" alt=\"\" \/><\/a><\/p>\n<h4 class=\"pt-cv-title\"><a href=\"https:\/\/anuies-tic.anuies.mx\/web\/plataforma-de-transparencia-de-la-universidad-de-guanajuato-2\/\" class=\"_self\" target=\"_self\" >Plataforma de Transparencia de la Universidad de Guanajuato<\/a><\/h4>\n<\/div>\n<\/div>\n<\/div>\n<\/div>\n<\/div>\n<\/div>\n<\/div><\/div><\/div><\/div><\/div><div id=\"pg-7117-4\"  class=\"panel-grid panel-no-style\" ><div id=\"pgc-7117-4-0\"  class=\"panel-grid-cell\" ><div id=\"panel-7117-4-0-0\" class=\"so-panel widget widget_sow-editor panel-first-child panel-last-child\" data-index=\"4\" ><div\n\t\t\t\n\t\t\tclass=\"so-widget-sow-editor so-widget-sow-editor-base\"\n\t\t\t\n\t\t>\n<div class=\"siteorigin-widget-tinymce textwidget\">\n\t<p style=\"text-align: center;\"><span style=\"color: #800000; font-size: 24pt;\"><strong>Categor\u00eda: Redes de colaboraci\u00f3n y vinculaci\u00f3n con la industria en TIC 2020 <\/strong><\/span><\/p>\n<hr \/>\n<h3 style=\"text-align: center;\"><\/h3>\n<\/div>\n<\/div><\/div><\/div><\/div><div id=\"pg-7117-5\"  class=\"panel-grid panel-has-style\" ><div class=\"panel-row-style panel-row-style-for-7117-5\" ><div id=\"pgc-7117-5-0\"  class=\"panel-grid-cell\" ><div id=\"panel-7117-5-0-0\" class=\"so-panel widget widget_sow-editor panel-first-child panel-last-child\" data-index=\"5\" ><div\n\t\t\t\n\t\t\tclass=\"so-widget-sow-editor so-widget-sow-editor-base\"\n\t\t\t\n\t\t>\n<div class=\"siteorigin-widget-tinymce textwidget\">\n\t<div class=\"pt-cv-wrapper\">\n<div class=\"pt-cv-view pt-cv-grid pt-cv-colsys\" id=\"pt-cv-view-a68eeb5tv6\">\n<div data-id=\"pt-cv-page-1\" class=\"pt-cv-page\" data-cvc=\"3\">\n<div class=\"col-md-4 col-sm-6 col-xs-12 pt-cv-content-item pt-cv-1-col\" >\n<div class='pt-cv-ifield'><a href=\"https:\/\/anuies-tic.anuies.mx\/web\/diplomado-de-seguridad-informatica-2019\/\" class=\"_self pt-cv-href-thumbnail pt-cv-thumb-default\" target=\"_self\" ><img loading=\"lazy\" decoding=\"async\" width=\"272\" height=\"182\" src=\"https:\/\/anuies-tic.anuies.mx\/web\/wp-content\/uploads\/2020\/12\/diplomado-272x182.jpg\" class=\"pt-cv-thumbnail\" alt=\"\" \/><\/a><\/p>\n<h4 class=\"pt-cv-title\"><a href=\"https:\/\/anuies-tic.anuies.mx\/web\/diplomado-de-seguridad-informatica-2019\/\" class=\"_self\" target=\"_self\" >Diplomado de Seguridad Inform\u00e1tica 2019<\/a><\/h4>\n<\/div>\n<\/div>\n<\/div>\n<\/div>\n<\/div>\n<\/div>\n<\/div><\/div><\/div><\/div><\/div><\/div>","protected":false},"excerpt":{"rendered":"<p>Categor\u00eda: Innovaci\u00f3n de la gesti\u00f3n mediante las TIC<\/p>\n","protected":false},"author":1,"featured_media":0,"parent":0,"menu_order":0,"comment_status":"closed","ping_status":"closed","template":"templates\/template-full.php","meta":{"_mc_calendar":[],"footnotes":""},"class_list":["post-7117","page","type-page","status-publish","hentry","post"],"rttpg_featured_image_url":null,"rttpg_author":{"display_name":"ctrlweb","author_link":"https:\/\/anuies-tic.anuies.mx\/web\/author\/ctrldcsctrlweb\/"},"rttpg_comment":0,"rttpg_category":null,"rttpg_excerpt":"Categor\u00eda: Innovaci\u00f3n de la gesti\u00f3n mediante las TIC","_links":{"self":[{"href":"https:\/\/anuies-tic.anuies.mx\/web\/wp-json\/wp\/v2\/pages\/7117","targetHints":{"allow":["GET"]}}],"collection":[{"href":"https:\/\/anuies-tic.anuies.mx\/web\/wp-json\/wp\/v2\/pages"}],"about":[{"href":"https:\/\/anuies-tic.anuies.mx\/web\/wp-json\/wp\/v2\/types\/page"}],"author":[{"embeddable":true,"href":"https:\/\/anuies-tic.anuies.mx\/web\/wp-json\/wp\/v2\/users\/1"}],"replies":[{"embeddable":true,"href":"https:\/\/anuies-tic.anuies.mx\/web\/wp-json\/wp\/v2\/comments?post=7117"}],"version-history":[{"count":6,"href":"https:\/\/anuies-tic.anuies.mx\/web\/wp-json\/wp\/v2\/pages\/7117\/revisions"}],"predecessor-version":[{"id":10735,"href":"https:\/\/anuies-tic.anuies.mx\/web\/wp-json\/wp\/v2\/pages\/7117\/revisions\/10735"}],"wp:attachment":[{"href":"https:\/\/anuies-tic.anuies.mx\/web\/wp-json\/wp\/v2\/media?parent=7117"}],"curies":[{"name":"wp","href":"https:\/\/api.w.org\/{rel}","templated":true}]}}