{"id":7506,"date":"2021-04-22T11:29:55","date_gmt":"2021-04-22T17:29:55","guid":{"rendered":"https:\/\/anuies-tic.anuies.mx\/web\/?page_id=7506"},"modified":"2021-07-02T13:15:23","modified_gmt":"2021-07-02T19:15:23","slug":"red-de-mujeres-antecedentes","status":"publish","type":"page","link":"https:\/\/anuies-tic.anuies.mx\/web\/red-de-mujeres-antecedentes\/","title":{"rendered":"Antecedentes de la Red de Mujeres en TIC"},"content":{"rendered":"<div id=\"pl-7506\"  class=\"panel-layout\" ><div id=\"pg-7506-0\"  class=\"panel-grid panel-no-style\" ><div id=\"pgc-7506-0-0\"  class=\"panel-grid-cell\" ><div id=\"panel-7506-0-0-0\" class=\"so-panel widget widget_nav_menu panel-first-child panel-last-child\" data-index=\"0\" ><h3 class=\"widget-title\">Conoce m\u00e1s&#8230;<\/h3><div class=\"menu-red-de-mujeres-container\"><ul id=\"menu-red-de-mujeres\" class=\"menu\"><li id=\"menu-item-8000\" class=\"menu-item menu-item-type-custom menu-item-object-custom menu-item-8000\"><a href=\"https:\/\/anuies-tic.anuies.mx\/web\/red-de-mujeres-antecedentes\/\">Antecedentes de la Red de Mujeres en TIC<\/a><\/li>\n<li id=\"menu-item-8003\" class=\"menu-item menu-item-type-custom menu-item-object-custom menu-item-8003\"><a href=\"https:\/\/anuies-tic.anuies.mx\/web\/objetivo-de-la-red-de-mujeres-en-tic\/\">Objetivo de la Red de Mujeres en TIC<\/a><\/li>\n<li id=\"menu-item-8020\" class=\"menu-item menu-item-type-custom menu-item-object-custom menu-item-8020\"><a href=\"https:\/\/anuies-tic.anuies.mx\/web\/estrategias-de-la-red-de-mujeres-en-tic\/\">Estrategias de la Red de Mujeres en TIC<\/a><\/li>\n<li id=\"menu-item-8030\" class=\"menu-item menu-item-type-custom menu-item-object-custom menu-item-8030\"><a href=\"https:\/\/anuies-tic.anuies.mx\/web\/quienes-integran-la-red-de-mujeres-en-tic\/\">\u00bfQui\u00e9nes integran la Red de Mujeres en TIC?<\/a><\/li>\n<li id=\"menu-item-8037\" class=\"menu-item menu-item-type-custom menu-item-object-custom menu-item-8037\"><a href=\"https:\/\/anuies-tic.anuies.mx\/web\/organizaciones-aliadas-a-la-red-de-mujeres-en-tic\/\">Instituciones y organizaciones aliadas<\/a><\/li>\n<li id=\"menu-item-8047\" class=\"menu-item menu-item-type-custom menu-item-object-custom menu-item-8047\"><a href=\"https:\/\/anuies-tic.anuies.mx\/web\/quieres-ser-parte-de-la-red-de-mujeres-en-tic\/\">\u00bfQuieres ser parte de la Red de Mujeres en TIC?<\/a><\/li>\n<li id=\"menu-item-8051\" class=\"menu-item menu-item-type-custom menu-item-object-custom menu-item-8051\"><a href=\"https:\/\/anuies-tic.anuies.mx\/web\/contacto-con-la-red-de-mujeres-en-tic\/\">Contacto directo<\/a><\/li>\n<\/ul><\/div><\/div><\/div><div id=\"pgc-7506-0-1\"  class=\"panel-grid-cell\" ><div id=\"panel-7506-0-1-0\" class=\"so-panel widget widget_sow-editor panel-first-child panel-last-child\" data-index=\"1\" ><div\n\t\t\t\n\t\t\tclass=\"so-widget-sow-editor so-widget-sow-editor-base\"\n\t\t\t\n\t\t>\n<div class=\"siteorigin-widget-tinymce textwidget\">\n\t<p style=\"text-align: justify;\"><span style=\"font-size: 14pt;\">El papel de las mujeres en el desarrollo de la humanidad ha sido fundamental, sin embargo, en nuestro pa\u00eds hay cifras que muestran que a\u00fan se debe hacer mucho para vivir en una sociedad en donde exista un balance en las condiciones de convivencia entre hombres y mujeres.\u202f<\/span><\/p>\n<p style=\"text-align: justify;\"><span style=\"font-size: 14pt;\">De acuerdo a la ONU Mujeres, la discriminaci\u00f3n de g\u00e9nero est\u00e1 presente en un gran n\u00famero de<img loading=\"lazy\" decoding=\"async\" class=\" wp-image-8088 alignright\" src=\"https:\/\/anuies-tic.anuies.mx\/web\/wp-content\/uploads\/2021\/07\/Imagen1.png\" alt=\"\" width=\"354\" height=\"166\" srcset=\"https:\/\/anuies-tic.anuies.mx\/web\/wp-content\/uploads\/2021\/07\/Imagen1.png 589w, https:\/\/anuies-tic.anuies.mx\/web\/wp-content\/uploads\/2021\/07\/Imagen1-300x141.png 300w\" sizes=\"auto, (max-width: 354px) 100vw, 354px\" \/> \u00e1mbitos, el laboral, educativo, en el acceso a la salud, la participaci\u00f3n pol\u00edtica, entre otros, en detrimento de las sociedades en su conjunto. Como producto de sociedades desiguales, tanto hombres como mujeres han visto reducidas sus potencialidades, se ha relegado a las mujeres a una situaci\u00f3n de subordinaci\u00f3n y discriminaci\u00f3n, desaprovechando el inmenso potencial de quienes representan alrededor de la mitad de la poblaci\u00f3n del mundo.\u202f<\/span><\/p>\n<p style=\"text-align: justify;\"><span style=\"font-size: 14pt;\">En lo que respecta al sector tecnol\u00f3gico mexicano, la brecha de g\u00e9nero no es menos grave. En el pa\u00eds,\u00a0solo 10% de las personas dedicadas a programaci\u00f3n o desarrollo de software, 14% de profesionales en TIC y 15%\u202fde profesionales en nuevas tecnolog\u00edas,\u00a0son mujeres.\u202f\u202fEn el campo acad\u00e9mico, las mujeres est\u00e1n mejor representadas, pero constituyen \u00fanicamente\u00a0el\u00a034% del cuerpo docente involucrado en la investigaci\u00f3n tecnol\u00f3gica seg\u00fan lo se\u00f1ala INMUJERES en su Bolet\u00edn N3 \u201cDesigualdad en cifras\u201d. Desde la \u00f3ptica de liderazgo y negocios, de las 100 principales empresas tecnol\u00f3gicas emergentes en M\u00e9xico, solo 20% tiene a una mujer como fundadora y apenas 9% cuenta con una directora ejecutiva (WEF, Global\u00a0Gender\u00a0Gap\u00a0Report\u00a02018).\u202f\u00a0<\/span><\/p>\n<p style=\"text-align: justify;\"><span style=\"font-size: 14pt;\">Derivado de lo anterior,\u00a0el Comit\u00e9 ANUIES-TIC ha considerado necesario crear un grupo de trabajo\u00a0transversal\u00a0para\u00a0promover el progreso profesional de las mujeres en todas las etapas de su carrera, potenciar su liderazgo a trav\u00e9s de mentor\u00edas,\u00a0de\u00a0 la formaci\u00f3n y capacitaci\u00f3n, de\u00a0la creaci\u00f3n de redes\u00a0y la colaboraci\u00f3n con otras organizaciones afines al objetivo de la Red.\u00a0<\/span><\/p>\n<p style=\"text-align: justify;\"><span style=\"font-size: 14pt;\">Lo anterior con miras a reducir\u00a0la brecha digital de g\u00e9nero, inspirar a ni\u00f1as, adolescentes y mujeres\u00a0visibilizando el aporte\u00a0a la sociedad\u00a0de\u00a0profesionistas\u00a0exitosas, apoyar\u00a0en la construcci\u00f3n\u00a0en un futuro cercano\u00a0donde la representaci\u00f3n de las mujeres graduadas en\u00a0programas de\u00a0TIC sea paritario,\u00a0para incrementar el\u00a03%\u00a0actual\u00a0(UNESCO,\u00a02019)\u00a0y\u00a0alcanzar una representaci\u00f3n igualitaria en las disciplinas STEAM, tradicionalmente consideradas masculinas.\u202f\u00a0<\/span><\/p>\n<\/div>\n<\/div><\/div><\/div><\/div><\/div>","protected":false},"excerpt":{"rendered":"<p>El papel de las mujeres en el desarrollo de la humanidad ha sido fundamental, sin embargo, en nuestro pa\u00eds hay cifras que muestran que a\u00fan se debe hacer mucho para vivir en una sociedad en donde exista un balance en las condiciones de convivencia entre hombres y mujeres.\u202f De acuerdo a la ONU Mujeres, la [&hellip;]<\/p>\n","protected":false},"author":1,"featured_media":0,"parent":0,"menu_order":0,"comment_status":"closed","ping_status":"closed","template":"","meta":{"_mc_calendar":[],"footnotes":""},"class_list":["post-7506","page","type-page","status-publish","hentry","post"],"rttpg_featured_image_url":null,"rttpg_author":{"display_name":"ctrlweb","author_link":"https:\/\/anuies-tic.anuies.mx\/web\/author\/ctrldcsctrlweb\/"},"rttpg_comment":0,"rttpg_category":null,"rttpg_excerpt":"El papel de las mujeres en el desarrollo de la humanidad ha sido fundamental, sin embargo, en nuestro pa\u00eds hay cifras que muestran que a\u00fan se debe hacer mucho para vivir en una sociedad en donde exista un balance en las condiciones de convivencia entre hombres y mujeres.\u202f De acuerdo a la ONU Mujeres, la&hellip;","_links":{"self":[{"href":"https:\/\/anuies-tic.anuies.mx\/web\/wp-json\/wp\/v2\/pages\/7506","targetHints":{"allow":["GET"]}}],"collection":[{"href":"https:\/\/anuies-tic.anuies.mx\/web\/wp-json\/wp\/v2\/pages"}],"about":[{"href":"https:\/\/anuies-tic.anuies.mx\/web\/wp-json\/wp\/v2\/types\/page"}],"author":[{"embeddable":true,"href":"https:\/\/anuies-tic.anuies.mx\/web\/wp-json\/wp\/v2\/users\/1"}],"replies":[{"embeddable":true,"href":"https:\/\/anuies-tic.anuies.mx\/web\/wp-json\/wp\/v2\/comments?post=7506"}],"version-history":[{"count":49,"href":"https:\/\/anuies-tic.anuies.mx\/web\/wp-json\/wp\/v2\/pages\/7506\/revisions"}],"predecessor-version":[{"id":8106,"href":"https:\/\/anuies-tic.anuies.mx\/web\/wp-json\/wp\/v2\/pages\/7506\/revisions\/8106"}],"wp:attachment":[{"href":"https:\/\/anuies-tic.anuies.mx\/web\/wp-json\/wp\/v2\/media?parent=7506"}],"curies":[{"name":"wp","href":"https:\/\/api.w.org\/{rel}","templated":true}]}}