{"id":8018,"date":"2021-07-02T10:28:24","date_gmt":"2021-07-02T16:28:24","guid":{"rendered":"https:\/\/anuies-tic.anuies.mx\/web\/?page_id=8018"},"modified":"2021-07-05T19:24:06","modified_gmt":"2021-07-06T01:24:06","slug":"estrategias-de-la-red-de-mujeres-en-tic","status":"publish","type":"page","link":"https:\/\/anuies-tic.anuies.mx\/web\/estrategias-de-la-red-de-mujeres-en-tic\/","title":{"rendered":"Estrategias de la Red de Mujeres en TIC"},"content":{"rendered":"<div id=\"pl-8018\"  class=\"panel-layout\" ><div id=\"pg-8018-0\"  class=\"panel-grid panel-no-style\" ><div id=\"pgc-8018-0-0\"  class=\"panel-grid-cell\" ><div id=\"panel-8018-0-0-0\" class=\"so-panel widget widget_nav_menu panel-first-child panel-last-child\" data-index=\"0\" ><h3 class=\"widget-title\">Conoce m\u00e1s&#8230;<\/h3><div class=\"menu-red-de-mujeres-container\"><ul id=\"menu-red-de-mujeres\" class=\"menu\"><li id=\"menu-item-8000\" class=\"menu-item menu-item-type-custom menu-item-object-custom menu-item-8000\"><a href=\"https:\/\/anuies-tic.anuies.mx\/web\/red-de-mujeres-antecedentes\/\">Antecedentes de la Red de Mujeres en TIC<\/a><\/li>\n<li id=\"menu-item-8003\" class=\"menu-item menu-item-type-custom menu-item-object-custom menu-item-8003\"><a href=\"https:\/\/anuies-tic.anuies.mx\/web\/objetivo-de-la-red-de-mujeres-en-tic\/\">Objetivo de la Red de Mujeres en TIC<\/a><\/li>\n<li id=\"menu-item-8020\" class=\"menu-item menu-item-type-custom menu-item-object-custom menu-item-8020\"><a href=\"https:\/\/anuies-tic.anuies.mx\/web\/estrategias-de-la-red-de-mujeres-en-tic\/\">Estrategias de la Red de Mujeres en TIC<\/a><\/li>\n<li id=\"menu-item-8030\" class=\"menu-item menu-item-type-custom menu-item-object-custom menu-item-8030\"><a href=\"https:\/\/anuies-tic.anuies.mx\/web\/quienes-integran-la-red-de-mujeres-en-tic\/\">\u00bfQui\u00e9nes integran la Red de Mujeres en TIC?<\/a><\/li>\n<li id=\"menu-item-8037\" class=\"menu-item menu-item-type-custom menu-item-object-custom menu-item-8037\"><a href=\"https:\/\/anuies-tic.anuies.mx\/web\/organizaciones-aliadas-a-la-red-de-mujeres-en-tic\/\">Instituciones y organizaciones aliadas<\/a><\/li>\n<li id=\"menu-item-8047\" class=\"menu-item menu-item-type-custom menu-item-object-custom menu-item-8047\"><a href=\"https:\/\/anuies-tic.anuies.mx\/web\/quieres-ser-parte-de-la-red-de-mujeres-en-tic\/\">\u00bfQuieres ser parte de la Red de Mujeres en TIC?<\/a><\/li>\n<li id=\"menu-item-8051\" class=\"menu-item menu-item-type-custom menu-item-object-custom menu-item-8051\"><a href=\"https:\/\/anuies-tic.anuies.mx\/web\/contacto-con-la-red-de-mujeres-en-tic\/\">Contacto directo<\/a><\/li>\n<\/ul><\/div><\/div><\/div><div id=\"pgc-8018-0-1\"  class=\"panel-grid-cell\" ><div id=\"panel-8018-0-1-0\" class=\"so-panel widget widget_sow-editor panel-first-child panel-last-child\" data-index=\"1\" ><div\n\t\t\t\n\t\t\tclass=\"so-widget-sow-editor so-widget-sow-editor-base\"\n\t\t\t\n\t\t>\n<div class=\"siteorigin-widget-tinymce textwidget\">\n\t<p><span style=\"font-size: 14pt;\">1. Integrar un grupo multidisciplinario, que implemente propuestas que impacten en ni\u00f1as, j\u00f3venes y mujeres del pa\u00eds e Iberoam\u00e9rica.\u202f<\/span><\/p>\n<p><span style=\"font-size: 14pt;\">2. Crear lazos nacionales e internacionales, as\u00ed como\u202festablecer canales de vinculaci\u00f3n con otras asociaciones, dependencias y entidades.\u202f(Movimiento STEAM, METARED, entre otros).<\/span><\/p>\n<p><span style=\"font-size: 14pt;\">3. Implementar proyectos y programas integrales en asociaci\u00f3n con otros grupos del Comit\u00e9 ANUIES-TIC y organizaciones afines.<\/span><\/p>\n<p><span style=\"font-size: 14pt;\">4. Generar los medios que permitan promover las disciplinas STEAM a ni\u00f1as y j\u00f3venes del pa\u00eds (becas).<\/span><\/p>\n<p><span style=\"font-size: 14pt;\">5. Profesionalizaci\u00f3n de las universitarias a trav\u00e9s del desarrollo de capacitaciones especializadas.<\/span><\/p>\n<\/div>\n<\/div><\/div><\/div><\/div><\/div>","protected":false},"excerpt":{"rendered":"<p>1. Integrar un grupo multidisciplinario, que implemente propuestas que impacten en ni\u00f1as, j\u00f3venes y mujeres del pa\u00eds e Iberoam\u00e9rica.\u202f 2. Crear lazos nacionales e internacionales, as\u00ed como\u202festablecer canales de vinculaci\u00f3n con otras asociaciones, dependencias y entidades.\u202f(Movimiento STEAM, METARED, entre otros). 3. Implementar proyectos y programas integrales en asociaci\u00f3n con otros grupos del Comit\u00e9 ANUIES-TIC y [&hellip;]<\/p>\n","protected":false},"author":1,"featured_media":0,"parent":0,"menu_order":0,"comment_status":"closed","ping_status":"closed","template":"","meta":{"_mc_calendar":[],"footnotes":""},"class_list":["post-8018","page","type-page","status-publish","hentry","post"],"rttpg_featured_image_url":null,"rttpg_author":{"display_name":"ctrlweb","author_link":"https:\/\/anuies-tic.anuies.mx\/web\/author\/ctrldcsctrlweb\/"},"rttpg_comment":0,"rttpg_category":null,"rttpg_excerpt":"1. Integrar un grupo multidisciplinario, que implemente propuestas que impacten en ni\u00f1as, j\u00f3venes y mujeres del pa\u00eds e Iberoam\u00e9rica.\u202f 2. Crear lazos nacionales e internacionales, as\u00ed como\u202festablecer canales de vinculaci\u00f3n con otras asociaciones, dependencias y entidades.\u202f(Movimiento STEAM, METARED, entre otros). 3. Implementar proyectos y programas integrales en asociaci\u00f3n con otros grupos del Comit\u00e9 ANUIES-TIC y&hellip;","_links":{"self":[{"href":"https:\/\/anuies-tic.anuies.mx\/web\/wp-json\/wp\/v2\/pages\/8018","targetHints":{"allow":["GET"]}}],"collection":[{"href":"https:\/\/anuies-tic.anuies.mx\/web\/wp-json\/wp\/v2\/pages"}],"about":[{"href":"https:\/\/anuies-tic.anuies.mx\/web\/wp-json\/wp\/v2\/types\/page"}],"author":[{"embeddable":true,"href":"https:\/\/anuies-tic.anuies.mx\/web\/wp-json\/wp\/v2\/users\/1"}],"replies":[{"embeddable":true,"href":"https:\/\/anuies-tic.anuies.mx\/web\/wp-json\/wp\/v2\/comments?post=8018"}],"version-history":[{"count":10,"href":"https:\/\/anuies-tic.anuies.mx\/web\/wp-json\/wp\/v2\/pages\/8018\/revisions"}],"predecessor-version":[{"id":8131,"href":"https:\/\/anuies-tic.anuies.mx\/web\/wp-json\/wp\/v2\/pages\/8018\/revisions\/8131"}],"wp:attachment":[{"href":"https:\/\/anuies-tic.anuies.mx\/web\/wp-json\/wp\/v2\/media?parent=8018"}],"curies":[{"name":"wp","href":"https:\/\/api.w.org\/{rel}","templated":true}]}}