{"id":8639,"date":"2021-12-03T12:54:58","date_gmt":"2021-12-03T18:54:58","guid":{"rendered":"https:\/\/anuies-tic.anuies.mx\/web\/?page_id=8639"},"modified":"2025-03-18T12:54:01","modified_gmt":"2025-03-18T18:54:01","slug":"ganadores-reconocimientos-anuies-tic-2021","status":"publish","type":"page","link":"https:\/\/anuies-tic.anuies.mx\/web\/ganadores-reconocimientos-anuies-tic-2021\/","title":{"rendered":"Ganadores Reconocimientos ANUIES-TIC 2021"},"content":{"rendered":"<div id=\"pl-8639\"  class=\"panel-layout\" ><div id=\"pg-8639-0\"  class=\"panel-grid panel-no-style\" ><div id=\"pgc-8639-0-0\"  class=\"panel-grid-cell\" ><div id=\"panel-8639-0-0-0\" class=\"so-panel widget widget_sow-editor panel-first-child panel-last-child\" data-index=\"0\" ><div\n\t\t\t\n\t\t\tclass=\"so-widget-sow-editor so-widget-sow-editor-base\"\n\t\t\t\n\t\t>\n<div class=\"siteorigin-widget-tinymce textwidget\">\n\t<p style=\"text-align: center;\"><span style=\"font-size: 18pt;\"><strong>Categor\u00eda: Innovaci\u00f3n de la gesti\u00f3n mediante las TIC<\/strong><\/span><\/p>\n<hr \/>\n<h3 style=\"text-align: center;\"><\/h3>\n<\/div>\n<\/div><\/div><\/div><\/div><div id=\"pg-8639-1\"  class=\"panel-grid panel-has-style\" ><div class=\"panel-row-style panel-row-style-for-8639-1\" ><div id=\"pgc-8639-1-0\"  class=\"panel-grid-cell\" ><div id=\"panel-8639-1-0-0\" class=\"so-panel widget widget_sow-editor panel-first-child panel-last-child\" data-index=\"1\" ><div\n\t\t\t\n\t\t\tclass=\"so-widget-sow-editor so-widget-sow-editor-base\"\n\t\t\t\n\t\t>\n<div class=\"siteorigin-widget-tinymce textwidget\">\n\t<div class=\"pt-cv-wrapper\">\n<div class=\"pt-cv-view pt-cv-grid pt-cv-colsys\" id=\"pt-cv-view-b293e4ba8d\">\n<div data-id=\"pt-cv-page-1\" class=\"pt-cv-page\" data-cvc=\"3\">\n<div class=\"col-md-4 col-sm-6 col-xs-12 pt-cv-content-item pt-cv-1-col\" >\n<div class='pt-cv-ifield'><a href=\"https:\/\/anuies-tic.anuies.mx\/web\/plataforma-de-gestion-academica-y-acompanamiento\/\" class=\"_self pt-cv-href-thumbnail pt-cv-thumb-default\" target=\"_self\" ><img loading=\"lazy\" decoding=\"async\" width=\"272\" height=\"182\" src=\"https:\/\/anuies-tic.anuies.mx\/web\/wp-content\/uploads\/2021\/12\/Py_298_30052021203738-272x182.jpg\" class=\"pt-cv-thumbnail\" alt=\"\" srcset=\"https:\/\/anuies-tic.anuies.mx\/web\/wp-content\/uploads\/2021\/12\/Py_298_30052021203738-272x182.jpg 272w, https:\/\/anuies-tic.anuies.mx\/web\/wp-content\/uploads\/2021\/12\/Py_298_30052021203738-600x400.jpg 600w\" sizes=\"auto, (max-width: 272px) 100vw, 272px\" \/><\/a><\/p>\n<h4 class=\"pt-cv-title\"><a href=\"https:\/\/anuies-tic.anuies.mx\/web\/plataforma-de-gestion-academica-y-acompanamiento\/\" class=\"_self\" target=\"_self\" >Plataforma de gesti\u00f3n acad\u00e9mica y acompa\u00f1amiento de la trayectoria del profesorado en procesos de producci\u00f3n, convocatorias y resultados acad\u00e9micos &#8211; UNIVERSIDAD DE GUANAJUATO (UGto)<\/a><\/h4>\n<\/div>\n<\/div>\n<div class=\"col-md-4 col-sm-6 col-xs-12 pt-cv-content-item pt-cv-1-col\" >\n<div class='pt-cv-ifield'><a href=\"https:\/\/anuies-tic.anuies.mx\/web\/uso-de-las-tics-en-la-reingenieria-optimizacion-e-innovacion\/\" class=\"_self pt-cv-href-thumbnail pt-cv-thumb-default\" target=\"_self\" ><img loading=\"lazy\" decoding=\"async\" width=\"272\" height=\"182\" src=\"https:\/\/anuies-tic.anuies.mx\/web\/wp-content\/uploads\/2021\/12\/Py_-1_31052021192011-272x182.png\" class=\"pt-cv-thumbnail\" alt=\"\" srcset=\"https:\/\/anuies-tic.anuies.mx\/web\/wp-content\/uploads\/2021\/12\/Py_-1_31052021192011-272x182.png 272w, https:\/\/anuies-tic.anuies.mx\/web\/wp-content\/uploads\/2021\/12\/Py_-1_31052021192011-600x400.png 600w\" sizes=\"auto, (max-width: 272px) 100vw, 272px\" \/><\/a><\/p>\n<h4 class=\"pt-cv-title\"><a href=\"https:\/\/anuies-tic.anuies.mx\/web\/uso-de-las-tics-en-la-reingenieria-optimizacion-e-innovacion\/\" class=\"_self\" target=\"_self\" >Uso de las TICs en la reingenier\u00eda, optimizaci\u00f3n e innovaci\u00f3n de la gesti\u00f3n acad\u00e9mica y administrativa en la UNIVERSIDAD MICHOACANA DE SAN NICOL\u00c1S DE HIDALGO (UMICH)<\/a><\/h4>\n<\/div>\n<\/div>\n<div class=\"col-md-4 col-sm-6 col-xs-12 pt-cv-content-item pt-cv-1-col\" >\n<div class='pt-cv-ifield'><a href=\"https:\/\/anuies-tic.anuies.mx\/web\/aplicacion-movil-uaem\/\" class=\"_self pt-cv-href-thumbnail pt-cv-thumb-default\" target=\"_self\" ><img loading=\"lazy\" decoding=\"async\" width=\"272\" height=\"182\" src=\"https:\/\/anuies-tic.anuies.mx\/web\/wp-content\/uploads\/2021\/12\/Py_276_19052021124328-272x182.png\" class=\"pt-cv-thumbnail\" alt=\"\" \/><\/a><\/p>\n<h4 class=\"pt-cv-title\"><a href=\"https:\/\/anuies-tic.anuies.mx\/web\/aplicacion-movil-uaem\/\" class=\"_self\" target=\"_self\" >Aplicaci\u00f3n M\u00f3vil &#8211; UNIVERSIDAD AUT\u00d3NOMA DEL ESTADO DE M\u00c9XICO (UAEMEX)<\/a><\/h4>\n<\/div>\n<\/div>\n<div class=\"col-md-4 col-sm-6 col-xs-12 pt-cv-content-item pt-cv-1-col\" >\n<div class='pt-cv-ifield'><a href=\"https:\/\/anuies-tic.anuies.mx\/web\/tablero-de-indicadores-del-plan-de-desarrollo-institucional-upaep\/\" class=\"_self pt-cv-href-thumbnail pt-cv-thumb-default\" target=\"_self\" ><img loading=\"lazy\" decoding=\"async\" width=\"167\" height=\"167\" src=\"https:\/\/anuies-tic.anuies.mx\/web\/wp-content\/uploads\/2021\/12\/Py_-1_31052021174916.png\" class=\"pt-cv-thumbnail\" alt=\"\" srcset=\"https:\/\/anuies-tic.anuies.mx\/web\/wp-content\/uploads\/2021\/12\/Py_-1_31052021174916.png 167w, https:\/\/anuies-tic.anuies.mx\/web\/wp-content\/uploads\/2021\/12\/Py_-1_31052021174916-150x150.png 150w\" sizes=\"auto, (max-width: 167px) 100vw, 167px\" \/><\/a><\/p>\n<h4 class=\"pt-cv-title\"><a href=\"https:\/\/anuies-tic.anuies.mx\/web\/tablero-de-indicadores-del-plan-de-desarrollo-institucional-upaep\/\" class=\"_self\" target=\"_self\" >Tablero de indicadores del plan de desarrollo institucional &#8211; UNIVERSIDAD POPULAR AUT\u00d3NOMA DEL ESTADO DE PUEBLA (UPAEP)<\/a><\/h4>\n<\/div>\n<\/div>\n<div class=\"col-md-4 col-sm-6 col-xs-12 pt-cv-content-item pt-cv-1-col\" >\n<div class='pt-cv-ifield'><a href=\"https:\/\/anuies-tic.anuies.mx\/web\/modelo-de-continuidad-educativa-para-emergencias-y-crisis\/\" class=\"_self pt-cv-href-thumbnail pt-cv-thumb-default\" target=\"_self\" ><img loading=\"lazy\" decoding=\"async\" width=\"217\" height=\"182\" src=\"https:\/\/anuies-tic.anuies.mx\/web\/wp-content\/uploads\/2021\/12\/ipn-217x182.png\" class=\"pt-cv-thumbnail\" alt=\"\" \/><\/a><\/p>\n<h4 class=\"pt-cv-title\"><a href=\"https:\/\/anuies-tic.anuies.mx\/web\/modelo-de-continuidad-educativa-para-emergencias-y-crisis\/\" class=\"_self\" target=\"_self\" >Modelo de Continuidad Educativa para Emergencias y Crisis &#8211; INSTITUTO POLIT\u00c9CNICO NACIONAL (IPN)<\/a><\/h4>\n<\/div>\n<\/div>\n<\/div>\n<\/div>\n<\/div>\n<\/div>\n<\/div><\/div><\/div><\/div><\/div><div id=\"pg-8639-2\"  class=\"panel-grid panel-no-style\" ><div id=\"pgc-8639-2-0\"  class=\"panel-grid-cell\" ><div id=\"panel-8639-2-0-0\" class=\"so-panel widget widget_sow-editor panel-first-child panel-last-child\" data-index=\"2\" ><div\n\t\t\t\n\t\t\tclass=\"so-widget-sow-editor so-widget-sow-editor-base\"\n\t\t\t\n\t\t>\n<div class=\"siteorigin-widget-tinymce textwidget\">\n\t<p style=\"text-align: center;\"><span style=\"color: #000000; font-size: 18pt;\"><strong>Transformaci\u00f3n de las pr\u00e1cticas educativas mediante las TIC<\/strong><\/span><\/p>\n<hr \/>\n<h3 style=\"text-align: center;\"><\/h3>\n<\/div>\n<\/div><\/div><\/div><\/div><div id=\"pg-8639-3\"  class=\"panel-grid panel-has-style\" ><div class=\"panel-row-style panel-row-style-for-8639-3\" ><div id=\"pgc-8639-3-0\"  class=\"panel-grid-cell\" ><div id=\"panel-8639-3-0-0\" class=\"so-panel widget widget_sow-editor panel-first-child panel-last-child\" data-index=\"3\" ><div\n\t\t\t\n\t\t\tclass=\"so-widget-sow-editor so-widget-sow-editor-base\"\n\t\t\t\n\t\t>\n<div class=\"siteorigin-widget-tinymce textwidget\">\n\t<div class=\"pt-cv-wrapper\">\n<div class=\"pt-cv-view pt-cv-grid pt-cv-colsys\" id=\"pt-cv-view-666f6c8470\">\n<div data-id=\"pt-cv-page-1\" class=\"pt-cv-page\" data-cvc=\"2\">\n<div class=\"col-md-6 col-sm-6 col-xs-12 pt-cv-content-item pt-cv-1-col\" >\n<div class='pt-cv-ifield'><a href=\"https:\/\/anuies-tic.anuies.mx\/web\/examen-de-ingreso-en-linea\/\" class=\"_self pt-cv-href-thumbnail pt-cv-thumb-default\" target=\"_self\" ><img loading=\"lazy\" decoding=\"async\" width=\"272\" height=\"182\" src=\"https:\/\/anuies-tic.anuies.mx\/web\/wp-content\/uploads\/2021\/12\/Py_273_06052021202205-272x182.jpg\" class=\"pt-cv-thumbnail\" alt=\"\" srcset=\"https:\/\/anuies-tic.anuies.mx\/web\/wp-content\/uploads\/2021\/12\/Py_273_06052021202205-272x182.jpg 272w, https:\/\/anuies-tic.anuies.mx\/web\/wp-content\/uploads\/2021\/12\/Py_273_06052021202205-600x400.jpg 600w\" sizes=\"auto, (max-width: 272px) 100vw, 272px\" \/><\/a><\/p>\n<h4 class=\"pt-cv-title\"><a href=\"https:\/\/anuies-tic.anuies.mx\/web\/examen-de-ingreso-en-linea\/\" class=\"_self\" target=\"_self\" >Examen de Ingreso en L\u00ednea &#8211; UNIVERSIDAD AUT\u00d3NOMA DE NUEVO LE\u00d3N (UANL)<\/a><\/h4>\n<\/div>\n<\/div>\n<\/div>\n<\/div>\n<\/div>\n<\/div>\n<\/div><\/div><\/div><\/div><\/div><div id=\"pg-8639-4\"  class=\"panel-grid panel-no-style\" ><div id=\"pgc-8639-4-0\"  class=\"panel-grid-cell\" ><div id=\"panel-8639-4-0-0\" class=\"so-panel widget widget_sow-editor panel-first-child panel-last-child\" data-index=\"4\" ><div\n\t\t\t\n\t\t\tclass=\"so-widget-sow-editor so-widget-sow-editor-base\"\n\t\t\t\n\t\t>\n<div class=\"siteorigin-widget-tinymce textwidget\">\n\t<p style=\"text-align: center;\"><span style=\"font-size: 18pt;\"><strong>Las TIC en la responsabilidad social<\/strong><\/span><\/p>\n<hr \/>\n<h3 style=\"text-align: center;\"><\/h3>\n<\/div>\n<\/div><\/div><\/div><\/div><div id=\"pg-8639-5\"  class=\"panel-grid panel-has-style\" ><div class=\"panel-row-style panel-row-style-for-8639-5\" ><div id=\"pgc-8639-5-0\"  class=\"panel-grid-cell\" ><div id=\"panel-8639-5-0-0\" class=\"so-panel widget widget_sow-editor panel-first-child panel-last-child\" data-index=\"5\" ><div\n\t\t\t\n\t\t\tclass=\"so-widget-sow-editor so-widget-sow-editor-base\"\n\t\t\t\n\t\t>\n<div class=\"siteorigin-widget-tinymce textwidget\">\n\t<div class=\"pt-cv-wrapper\">\n<div class=\"pt-cv-view pt-cv-grid pt-cv-colsys\" id=\"pt-cv-view-4c1f82br70\">\n<div data-id=\"pt-cv-page-1\" class=\"pt-cv-page\" data-cvc=\"2\">\n<div class=\"col-md-6 col-sm-6 col-xs-12 pt-cv-content-item pt-cv-1-col\" >\n<div class='pt-cv-ifield'><a href=\"https:\/\/anuies-tic.anuies.mx\/web\/no-mas-plataforma-digital\/\" class=\"_self pt-cv-href-thumbnail pt-cv-thumb-default\" target=\"_self\" ><img loading=\"lazy\" decoding=\"async\" width=\"256\" height=\"182\" src=\"https:\/\/anuies-tic.anuies.mx\/web\/wp-content\/uploads\/2021\/12\/Py_-1_29042021182730-256x182.jpg\" class=\"pt-cv-thumbnail\" alt=\"\" \/><\/a><\/p>\n<h4 class=\"pt-cv-title\"><a href=\"https:\/\/anuies-tic.anuies.mx\/web\/no-mas-plataforma-digital\/\" class=\"_self\" target=\"_self\" >No M\u00e1s: Plataforma digital para reportar actos de violencia y discriminaci\u00f3n en espacios universitarios. UNIVERSIDAD AUT\u00d3NOMA DE BAJA CALIFORNIA (UABC)<\/a><\/h4>\n<\/div>\n<\/div>\n<\/div>\n<\/div>\n<\/div>\n<\/div>\n<\/div><\/div><\/div><\/div><\/div><\/div>","protected":false},"excerpt":{"rendered":"<p>Categor\u00eda: Innovaci\u00f3n de la gesti\u00f3n mediante las TIC<\/p>\n","protected":false},"author":1,"featured_media":0,"parent":0,"menu_order":0,"comment_status":"closed","ping_status":"closed","template":"templates\/template-full.php","meta":{"_mc_calendar":[],"footnotes":""},"class_list":["post-8639","page","type-page","status-publish","hentry","post"],"rttpg_featured_image_url":null,"rttpg_author":{"display_name":"ctrlweb","author_link":"https:\/\/anuies-tic.anuies.mx\/web\/author\/ctrldcsctrlweb\/"},"rttpg_comment":0,"rttpg_category":null,"rttpg_excerpt":"Categor\u00eda: Innovaci\u00f3n de la gesti\u00f3n mediante las TIC","_links":{"self":[{"href":"https:\/\/anuies-tic.anuies.mx\/web\/wp-json\/wp\/v2\/pages\/8639","targetHints":{"allow":["GET"]}}],"collection":[{"href":"https:\/\/anuies-tic.anuies.mx\/web\/wp-json\/wp\/v2\/pages"}],"about":[{"href":"https:\/\/anuies-tic.anuies.mx\/web\/wp-json\/wp\/v2\/types\/page"}],"author":[{"embeddable":true,"href":"https:\/\/anuies-tic.anuies.mx\/web\/wp-json\/wp\/v2\/users\/1"}],"replies":[{"embeddable":true,"href":"https:\/\/anuies-tic.anuies.mx\/web\/wp-json\/wp\/v2\/comments?post=8639"}],"version-history":[{"count":6,"href":"https:\/\/anuies-tic.anuies.mx\/web\/wp-json\/wp\/v2\/pages\/8639\/revisions"}],"predecessor-version":[{"id":10734,"href":"https:\/\/anuies-tic.anuies.mx\/web\/wp-json\/wp\/v2\/pages\/8639\/revisions\/10734"}],"wp:attachment":[{"href":"https:\/\/anuies-tic.anuies.mx\/web\/wp-json\/wp\/v2\/media?parent=8639"}],"curies":[{"name":"wp","href":"https:\/\/api.w.org\/{rel}","templated":true}]}}