{"id":889,"date":"2018-01-29T13:54:57","date_gmt":"2018-01-29T19:54:57","guid":{"rendered":"http:\/\/anuies-tic.anuies.mx\/web\/?page_id=889"},"modified":"2020-01-23T14:09:06","modified_gmt":"2020-01-23T20:09:06","slug":"gestion-interinstitucional-proveedores-prestadores-servicios-ti","status":"publish","type":"page","link":"https:\/\/anuies-tic.anuies.mx\/web\/gestion-interinstitucional-proveedores-prestadores-servicios-ti\/","title":{"rendered":"Grupo de trabajo de Gesti\u00f3n Interinstitucional y con Proveedores de TI"},"content":{"rendered":"<div id=\"pl-889\"  class=\"panel-layout\" ><div id=\"pg-889-0\"  class=\"panel-grid panel-has-style\" ><div class=\"siteorigin-panels-stretch panel-row-style panel-row-style-for-889-0\" data-stretch-type=\"full-stretched\" ><div id=\"pgc-889-0-0\"  class=\"panel-grid-cell panel-grid-cell-empty\" ><\/div><div id=\"pgc-889-0-1\"  class=\"panel-grid-cell\" ><div id=\"panel-889-0-1-0\" class=\"so-panel widget widget_sow-editor panel-first-child\" data-index=\"0\" ><div class=\"panel-widget-style panel-widget-style-for-889-0-1-0\" ><div\n\t\t\t\n\t\t\tclass=\"so-widget-sow-editor so-widget-sow-editor-base\"\n\t\t\t\n\t\t>\n<div class=\"siteorigin-widget-tinymce textwidget\">\n\t<p><span style=\"color: #800000;\"><strong><img loading=\"lazy\" decoding=\"async\" class=\"size-full wp-image-6165 alignnone\" src=\"https:\/\/anuies-tic.anuies.mx\/web\/wp-content\/uploads\/2020\/01\/OBJETIVO-GENRAL2.png\" alt=\"\" width=\"80\" height=\"80\" \/><span style=\"font-size: 18pt;\"> Objetivo General<\/span><\/strong><\/span><\/p>\n<p>Fomentar la participaci\u00f3n y colaboraci\u00f3n entre las diversas Instituciones de Educaci\u00f3n Superior (IES), firmas tecnol\u00f3gicas y organizaciones internacionales para el desarrollo de iniciativas y proyectos de TI que \u00e9stas contemplen para beneficio de programas docentes, educativos, de investigaci\u00f3n y de gesti\u00f3n de las IES asociadas a la ANUIES.<\/p>\n<\/div>\n<\/div><\/div><\/div><div id=\"panel-889-0-1-1\" class=\"so-panel widget widget_sow-editor\" data-index=\"1\" ><div class=\"panel-widget-style panel-widget-style-for-889-0-1-1\" ><div\n\t\t\t\n\t\t\tclass=\"so-widget-sow-editor so-widget-sow-editor-base\"\n\t\t\t\n\t\t><h3 class=\"widget-title\">L\u00edneas estrat\u00e9gicas<\/h3>\n<div class=\"siteorigin-widget-tinymce textwidget\">\n\t<p style=\"padding-left: 40px;\"><img loading=\"lazy\" decoding=\"async\" class=\"size-full wp-image-6170 alignnone\" src=\"https:\/\/anuies-tic.anuies.mx\/web\/wp-content\/uploads\/2020\/01\/VI\u00d1ETA2.png\" alt=\"\" width=\"30\" height=\"30\" \/>\u00a0 Crear sinergia en proyectos colaborativos.<\/p>\n<p style=\"padding-left: 40px;\"><img loading=\"lazy\" decoding=\"async\" class=\"size-full wp-image-6170 alignnone\" src=\"https:\/\/anuies-tic.anuies.mx\/web\/wp-content\/uploads\/2020\/01\/VI\u00d1ETA2.png\" alt=\"\" width=\"30\" height=\"30\" \/>\u00a0 Aprovechar ofertas tecnol\u00f3gicas privilegiadas (promociones, descuentos, etc.)<\/p>\n<p style=\"padding-left: 40px;\"><img loading=\"lazy\" decoding=\"async\" class=\"size-full wp-image-6170 alignnone\" src=\"https:\/\/anuies-tic.anuies.mx\/web\/wp-content\/uploads\/2020\/01\/VI\u00d1ETA2.png\" alt=\"\" width=\"30\" height=\"30\" \/>\u00a0 Fomentar una proyecci\u00f3n internacional.<\/p>\n<p style=\"padding-left: 40px;\"><img loading=\"lazy\" decoding=\"async\" class=\"size-full wp-image-6170 alignnone\" src=\"https:\/\/anuies-tic.anuies.mx\/web\/wp-content\/uploads\/2020\/01\/VI\u00d1ETA2.png\" alt=\"\" width=\"30\" height=\"30\" \/>\u00a0 Crear una vinculaci\u00f3n tecnol\u00f3gica para el apoyo de iniciativas, mediante la incorporaci\u00f3n de IES en proyectos interinstitucionales.<\/p>\n<\/div>\n<\/div><\/div><\/div><div id=\"panel-889-0-1-2\" class=\"so-panel widget widget_sow-editor panel-last-child\" data-index=\"2\" ><div class=\"panel-widget-style panel-widget-style-for-889-0-1-2\" ><div\n\t\t\t\n\t\t\tclass=\"so-widget-sow-editor so-widget-sow-editor-base\"\n\t\t\t\n\t\t><h3 class=\"widget-title\">Proyectos 2017<\/h3>\n<div class=\"siteorigin-widget-tinymce textwidget\">\n\t<p><strong><span style=\"color: #800000; font-size: 18pt;\"><img loading=\"lazy\" decoding=\"async\" class=\"size-full wp-image-6212 alignnone\" src=\"https:\/\/anuies-tic.anuies.mx\/web\/wp-content\/uploads\/2020\/01\/libro-1.png\" alt=\"\" width=\"66\" height=\"60\" \/>Aplicaci\u00f3n del 1er. Estudio 2017 de detecci\u00f3n de requerimientos de productos y servicios de TI<\/span><\/strong><\/p>\n<p><span style=\"color: #800000;\"><strong>Objetivo<\/strong><\/span><\/p>\n<p style=\"text-align: justify;\">Identificar las principales necesidades en materia de contrataci\u00f3n y\/o renovaci\u00f3n de servicios y productos relacionados con las plataformas de TI en las diversas Instituciones de Educaci\u00f3n Superior (IES) que conforman a la ANUIES.<\/p>\n<p style=\"text-align: justify;\"><span style=\"color: #800000;\"><strong>Objetivos espec\u00edficos\u00a0<\/strong><\/span><\/p>\n<p style=\"padding-left: 40px;\"><img loading=\"lazy\" decoding=\"async\" class=\"size-full wp-image-6175 alignnone\" src=\"https:\/\/anuies-tic.anuies.mx\/web\/wp-content\/uploads\/2020\/01\/VI\u00d1ETA3.png\" alt=\"\" width=\"12\" height=\"20\" \/>\u00a0 Contactar a representantes t\u00e9cnicos de las IES por diversos medios para explicar la finalidad del estudio.<\/p>\n<p style=\"padding-left: 40px;\"><img loading=\"lazy\" decoding=\"async\" class=\"size-full wp-image-6175 alignnone\" src=\"https:\/\/anuies-tic.anuies.mx\/web\/wp-content\/uploads\/2020\/01\/VI\u00d1ETA3.png\" alt=\"\" width=\"12\" height=\"20\" \/>\u00a0 Identificar las necesidades de las IES en materia de contrataci\u00f3n, renovaci\u00f3n o adquisici\u00f3n de servicios y productos de TI.<\/p>\n<p style=\"text-align: justify;\"><strong><span style=\"color: #800000;\">Ejes estrat\u00e9gicos<\/span><\/strong><\/p>\n<p style=\"padding-left: 40px;\"><img loading=\"lazy\" decoding=\"async\" class=\"size-full wp-image-6170 alignnone\" src=\"https:\/\/anuies-tic.anuies.mx\/web\/wp-content\/uploads\/2020\/01\/VI\u00d1ETA2.png\" alt=\"\" width=\"30\" height=\"30\" \/>\u00a0 Gesti\u00f3n de beneficios tecnol\u00f3gicos para las IES que conforman la ANUIES.<\/p>\n<p>&nbsp;<\/p>\n<p><strong><span style=\"color: #800000; font-size: 18pt;\"><img loading=\"lazy\" decoding=\"async\" class=\"size-full wp-image-6212 alignnone\" src=\"https:\/\/anuies-tic.anuies.mx\/web\/wp-content\/uploads\/2020\/01\/libro-1.png\" alt=\"\" width=\"66\" height=\"60\" \/>Gesti\u00f3n de promociones tecnol\u00f3gicas y acuerdos colaborativos de larga duraci\u00f3n<\/span><\/strong><\/p>\n<p><span style=\"color: #800000;\"><strong>Objetivo<\/strong><\/span><\/p>\n<p style=\"text-align: justify;\">Formalizar convenios colaborativos permanentes o a largo plazo con diversos fabricantes, proveedores de servicios y organismos que enriquezcan las labores de desarrollo de planes y proyectos de ANUIES-TIC y las IES que la conforman.<\/p>\n<p style=\"text-align: justify;\"><span style=\"color: #800000;\"><strong>Objetivos espec\u00edficos <\/strong><\/span><\/p>\n<p style=\"text-align: justify; padding-left: 40px;\"><img loading=\"lazy\" decoding=\"async\" class=\"size-full wp-image-6175 alignnone\" src=\"https:\/\/anuies-tic.anuies.mx\/web\/wp-content\/uploads\/2020\/01\/VI\u00d1ETA3.png\" alt=\"\" width=\"12\" height=\"20\" \/>\u00a0 Establecer convenios colaborativos y de trabajo mutuo con otros organismos nacionales e internacionales.<\/p>\n<p style=\"text-align: justify; padding-left: 40px;\"><img loading=\"lazy\" decoding=\"async\" class=\"size-full wp-image-6175 alignnone\" src=\"https:\/\/anuies-tic.anuies.mx\/web\/wp-content\/uploads\/2020\/01\/VI\u00d1ETA3.png\" alt=\"\" width=\"12\" height=\"20\" \/>\u00a0 Establecer convenios con fabricantes y prestadores de servicios de TI que aporten beneficios \u00fanicos a las IES que conforman la ANUIES.<\/p>\n<p style=\"text-align: justify;\"><strong><span style=\"color: #800000;\">Ejes estrat\u00e9gicos<\/span><\/strong><\/p>\n<p style=\"padding-left: 40px;\"><img loading=\"lazy\" decoding=\"async\" class=\"size-full wp-image-6170 alignnone\" src=\"https:\/\/anuies-tic.anuies.mx\/web\/wp-content\/uploads\/2020\/01\/VI\u00d1ETA2.png\" alt=\"\" width=\"30\" height=\"30\" \/>\u00a0 Concretar acuerdos colaborativos para el comit\u00e9 ANUIES-TIC.<\/p>\n<p style=\"padding-left: 40px;\"><img loading=\"lazy\" decoding=\"async\" class=\"size-full wp-image-6170 alignnone\" src=\"https:\/\/anuies-tic.anuies.mx\/web\/wp-content\/uploads\/2020\/01\/VI\u00d1ETA2.png\" alt=\"\" width=\"30\" height=\"30\" \/>\u00a0 Gesti\u00f3n de beneficios tecnol\u00f3gicos para las IES que conforman la ANUIES.<\/p>\n<p>&nbsp;<\/p>\n<p><strong><span style=\"color: #800000; font-size: 18pt;\"><img loading=\"lazy\" decoding=\"async\" class=\"size-full wp-image-6212 alignnone\" src=\"https:\/\/anuies-tic.anuies.mx\/web\/wp-content\/uploads\/2020\/01\/libro-1.png\" alt=\"\" width=\"66\" height=\"60\" \/>Generaci\u00f3n de agenda de reuniones bimestrales con CRUE-TIC<\/span><\/strong><\/p>\n<p><span style=\"color: #800000;\"><strong>Objetivo<\/strong><\/span><\/p>\n<p style=\"text-align: justify;\">Mejorar los procesos de generaci\u00f3n de convenios con fabricantes y prestadores de servicios de TI.<\/p>\n<p style=\"text-align: justify;\"><span style=\"color: #800000;\"><strong>Objetivos espec\u00edficos <\/strong><\/span><\/p>\n<p style=\"text-align: justify; padding-left: 40px;\"><img loading=\"lazy\" decoding=\"async\" class=\"size-full wp-image-6175 alignnone\" src=\"https:\/\/anuies-tic.anuies.mx\/web\/wp-content\/uploads\/2020\/01\/VI\u00d1ETA3.png\" alt=\"\" width=\"12\" height=\"20\" \/>\u00a0 Generar una agenda de reuniones con los titulares de CRUE-TIC.<\/p>\n<p style=\"text-align: justify; padding-left: 40px;\"><img loading=\"lazy\" decoding=\"async\" class=\"size-full wp-image-6175 alignnone\" src=\"https:\/\/anuies-tic.anuies.mx\/web\/wp-content\/uploads\/2020\/01\/VI\u00d1ETA3.png\" alt=\"\" width=\"12\" height=\"20\" \/>\u00a0 Intercambiar opiniones, experiencias y recomendaciones entre ambos organismos.<\/p>\n<p style=\"text-align: justify;\"><strong><span style=\"color: #800000;\">Ejes estrat\u00e9gicos<\/span><\/strong><\/p>\n<p style=\"padding-left: 40px;\"><img loading=\"lazy\" decoding=\"async\" class=\"size-full wp-image-6170 alignnone\" src=\"https:\/\/anuies-tic.anuies.mx\/web\/wp-content\/uploads\/2020\/01\/VI\u00d1ETA2.png\" alt=\"\" width=\"30\" height=\"30\" \/>\u00a0 Concretar acuerdos colaborativos para el comit\u00e9 ANUIES-TIC.<\/p>\n<p style=\"padding-left: 40px;\"><img loading=\"lazy\" decoding=\"async\" class=\"size-full wp-image-6170 alignnone\" src=\"https:\/\/anuies-tic.anuies.mx\/web\/wp-content\/uploads\/2020\/01\/VI\u00d1ETA2.png\" alt=\"\" width=\"30\" height=\"30\" \/>\u00a0 Gesti\u00f3n de beneficios tecnol\u00f3gicos para las IES que conforman la ANUIES.<\/p>\n<p>&nbsp;<\/p>\n<p><strong><span style=\"color: #800000; font-size: 18pt;\"><img loading=\"lazy\" decoding=\"async\" class=\"size-full wp-image-6212 alignnone\" src=\"https:\/\/anuies-tic.anuies.mx\/web\/wp-content\/uploads\/2020\/01\/libro-1.png\" alt=\"\" width=\"66\" height=\"60\" \/>Aplicaci\u00f3n del 2do. Estudio 2017 de detecci\u00f3n de requerimientos de productos y servicios de TI<\/span><\/strong><\/p>\n<p><span style=\"color: #800000;\"><strong>Objetivo<\/strong><\/span><\/p>\n<p style=\"text-align: justify;\">Identificar las principales necesidades en materia de contrataci\u00f3n y\/o renovaci\u00f3n de servicios y productos relacionados con las plataformas de TI de las diversas IES que conforman la ANUIES.<\/p>\n<p style=\"text-align: justify;\"><span style=\"color: #800000;\"><strong>Objetivos espec\u00edficos <\/strong><\/span><\/p>\n<p style=\"text-align: justify; padding-left: 40px;\"><img loading=\"lazy\" decoding=\"async\" class=\"size-full wp-image-6175 alignnone\" src=\"https:\/\/anuies-tic.anuies.mx\/web\/wp-content\/uploads\/2020\/01\/VI\u00d1ETA3.png\" alt=\"\" width=\"12\" height=\"20\" \/>\u00a0 Contactar a representantes t\u00e9cnicos de las IES por diversos medios para explicar la finalidad del estudio.<\/p>\n<p style=\"text-align: justify; padding-left: 40px;\"><img loading=\"lazy\" decoding=\"async\" class=\"size-full wp-image-6175 alignnone\" src=\"https:\/\/anuies-tic.anuies.mx\/web\/wp-content\/uploads\/2020\/01\/VI\u00d1ETA3.png\" alt=\"\" width=\"12\" height=\"20\" \/>\u00a0 Identificar las necesidades de las IES en materia de contrataci\u00f3n, renovaci\u00f3n o adquisici\u00f3n de servicios y productos de TI.<\/p>\n<p style=\"text-align: justify;\"><strong><span style=\"color: #800000;\">Ejes estrat\u00e9gicos<\/span><\/strong><\/p>\n<p style=\"padding-left: 40px;\"><img loading=\"lazy\" decoding=\"async\" class=\"size-full wp-image-6170 alignnone\" src=\"https:\/\/anuies-tic.anuies.mx\/web\/wp-content\/uploads\/2020\/01\/VI\u00d1ETA2.png\" alt=\"\" width=\"30\" height=\"30\" \/>\u00a0 Gesti\u00f3n de beneficios tecnol\u00f3gicos para las IES que conforman la ANUIES.<\/p>\n<\/div>\n<\/div><\/div><\/div><\/div><div id=\"pgc-889-0-2\"  class=\"panel-grid-cell panel-grid-cell-mobile-last\" ><div id=\"panel-889-0-2-0\" class=\"so-panel widget widget_nav_menu panel-first-child panel-last-child\" data-index=\"3\" ><div class=\"panel-widget-style panel-widget-style-for-889-0-2-0\" ><h3 class=\"widget-title\">En esta secci\u00f3n&#8230;<\/h3><div class=\"menu-grupos_trabajo-container\"><ul id=\"menu-grupos_trabajo\" class=\"menu\"><li id=\"menu-item-925\" class=\"menu-item menu-item-type-post_type menu-item-object-page menu-item-925\"><a href=\"https:\/\/anuies-tic.anuies.mx\/web\/gobierno-las-tecnologias-la-informacion\/\">Gobierno de las Tecnolog\u00edas de la Informaci\u00f3n<\/a><\/li>\n<li id=\"menu-item-924\" class=\"menu-item menu-item-type-post_type menu-item-object-page menu-item-924\"><a href=\"https:\/\/anuies-tic.anuies.mx\/web\/seguridad-la-informacion\/\">Seguridad de la Informaci\u00f3n<\/a><\/li>\n<li id=\"menu-item-926\" class=\"menu-item menu-item-type-post_type menu-item-object-page menu-item-926\"><a href=\"https:\/\/anuies-tic.anuies.mx\/web\/gestion-interinstitucional-proveedores-prestadores-servicios-ti\/\">Gesti\u00f3n Interinstitucional y con Proveedores y Prestadores de Servicios de TI<\/a><\/li>\n<li id=\"menu-item-2592\" class=\"menu-item menu-item-type-post_type menu-item-object-page menu-item-2592\"><a href=\"https:\/\/anuies-tic.anuies.mx\/web\/comisiones-especiales\/\">Comisiones especiales<\/a><\/li>\n<\/ul><\/div><\/div><\/div><\/div><div id=\"pgc-889-0-3\"  class=\"panel-grid-cell panel-grid-cell-empty\" ><\/div><\/div><\/div><div id=\"pg-889-1\"  class=\"panel-grid panel-has-style\" ><div class=\"panel-row-style panel-row-style-for-889-1\" ><div id=\"pgc-889-1-0\"  class=\"panel-grid-cell panel-grid-cell-empty\" ><\/div><\/div><\/div><\/div>","protected":false},"excerpt":{"rendered":"<p>Objetivo General Fomentar la participaci\u00f3n y colaboraci\u00f3n entre las diversas Instituciones de Educaci\u00f3n Superior (IES), firmas tecnol\u00f3gicas y organizaciones internacionales para el desarrollo de iniciativas y proyectos de TI que \u00e9stas contemplen para beneficio de programas docentes, educativos, de investigaci\u00f3n y de gesti\u00f3n de las IES asociadas a la ANUIES. \u00a0 Crear sinergia en proyectos [&hellip;]<\/p>\n","protected":false},"author":1,"featured_media":0,"parent":0,"menu_order":0,"comment_status":"closed","ping_status":"closed","template":"page-templates\/page_fullwidth.php","meta":{"_mc_calendar":[],"footnotes":""},"class_list":["post-889","page","type-page","status-publish","hentry","post"],"rttpg_featured_image_url":null,"rttpg_author":{"display_name":"ctrlweb","author_link":"https:\/\/anuies-tic.anuies.mx\/web\/author\/ctrldcsctrlweb\/"},"rttpg_comment":0,"rttpg_category":null,"rttpg_excerpt":"Objetivo General Fomentar la participaci\u00f3n y colaboraci\u00f3n entre las diversas Instituciones de Educaci\u00f3n Superior (IES), firmas tecnol\u00f3gicas y organizaciones internacionales para el desarrollo de iniciativas y proyectos de TI que \u00e9stas contemplen para beneficio de programas docentes, educativos, de investigaci\u00f3n y de gesti\u00f3n de las IES asociadas a la ANUIES. \u00a0 Crear sinergia en proyectos&hellip;","_links":{"self":[{"href":"https:\/\/anuies-tic.anuies.mx\/web\/wp-json\/wp\/v2\/pages\/889","targetHints":{"allow":["GET"]}}],"collection":[{"href":"https:\/\/anuies-tic.anuies.mx\/web\/wp-json\/wp\/v2\/pages"}],"about":[{"href":"https:\/\/anuies-tic.anuies.mx\/web\/wp-json\/wp\/v2\/types\/page"}],"author":[{"embeddable":true,"href":"https:\/\/anuies-tic.anuies.mx\/web\/wp-json\/wp\/v2\/users\/1"}],"replies":[{"embeddable":true,"href":"https:\/\/anuies-tic.anuies.mx\/web\/wp-json\/wp\/v2\/comments?post=889"}],"version-history":[{"count":150,"href":"https:\/\/anuies-tic.anuies.mx\/web\/wp-json\/wp\/v2\/pages\/889\/revisions"}],"predecessor-version":[{"id":6475,"href":"https:\/\/anuies-tic.anuies.mx\/web\/wp-json\/wp\/v2\/pages\/889\/revisions\/6475"}],"wp:attachment":[{"href":"https:\/\/anuies-tic.anuies.mx\/web\/wp-json\/wp\/v2\/media?parent=889"}],"curies":[{"name":"wp","href":"https:\/\/api.w.org\/{rel}","templated":true}]}}