{"id":8994,"date":"2022-05-19T12:36:29","date_gmt":"2022-05-19T18:36:29","guid":{"rendered":"https:\/\/anuies-tic.anuies.mx\/web\/?page_id=8994"},"modified":"2025-03-06T21:33:21","modified_gmt":"2025-03-07T03:33:21","slug":"seminario-adquisiciones-de-ti","status":"publish","type":"page","link":"https:\/\/anuies-tic.anuies.mx\/web\/seminario-adquisiciones-de-ti\/","title":{"rendered":"Seminario: Adquisiciones de TI &#8211; Temporada 1"},"content":{"rendered":"<div id=\"pl-8994\"  class=\"panel-layout\" ><div id=\"pg-8994-0\"  class=\"panel-grid panel-has-style\" ><div class=\"siteorigin-panels-stretch panel-row-style panel-row-style-for-8994-0\" data-stretch-type=\"full-width-stretch\" ><div id=\"pgc-8994-0-0\"  class=\"panel-grid-cell panel-grid-cell-empty\" ><\/div><div id=\"pgc-8994-0-1\"  class=\"panel-grid-cell\" ><div id=\"panel-8994-0-1-0\" class=\"so-panel widget widget_sow-editor panel-first-child panel-last-child\" data-index=\"0\" ><div\n\t\t\t\n\t\t\tclass=\"so-widget-sow-editor so-widget-sow-editor-base\"\n\t\t\t\n\t\t><h3 class=\"widget-title\">Sesi\u00f3n 6<\/h3>\n<div class=\"siteorigin-widget-tinymce textwidget\">\n\t<p><a href=\"https:\/\/anuies-tic.anuies.mx\/web\/wp-content\/uploads\/2022\/09\/banner_rs-3.jpg\"><img loading=\"lazy\" decoding=\"async\" class=\"alignnone wp-image-9239 size-full\" src=\"https:\/\/anuies-tic.anuies.mx\/web\/wp-content\/uploads\/2022\/09\/banner_rs-3-e1664562434875.jpg\" alt=\"\" width=\"800\" height=\"700\" srcset=\"https:\/\/anuies-tic.anuies.mx\/web\/wp-content\/uploads\/2022\/09\/banner_rs-3-e1664562434875.jpg 800w, https:\/\/anuies-tic.anuies.mx\/web\/wp-content\/uploads\/2022\/09\/banner_rs-3-e1664562434875-300x263.jpg 300w, https:\/\/anuies-tic.anuies.mx\/web\/wp-content\/uploads\/2022\/09\/banner_rs-3-e1664562434875-768x672.jpg 768w\" sizes=\"auto, (max-width: 800px) 100vw, 800px\" \/><\/a><\/p>\n<\/div>\n<\/div><\/div><\/div><div id=\"pgc-8994-0-2\"  class=\"panel-grid-cell\" ><div id=\"panel-8994-0-2-0\" class=\"so-panel widget widget_sow-editor panel-first-child panel-last-child\" data-index=\"1\" ><div\n\t\t\t\n\t\t\tclass=\"so-widget-sow-editor so-widget-sow-editor-base\"\n\t\t\t\n\t\t>\n<div class=\"siteorigin-widget-tinymce textwidget\">\n\t<h3 style=\"text-align: center;\">Acelerando el talento hacia la nueva econom\u00eda<\/h3>\n<hr \/>\n<p><span style=\"font-size: 14pt;\"><strong>Fecha<\/strong>:\u00a0 mi\u00e9rcoles 5 de octubre\u00a0<\/span><\/p>\n<p><span style=\"font-size: 14pt;\"><strong>Hora<\/strong>: 10:00 horas (Horario de la CDMX)<\/span><\/p>\n<p><span style=\"font-size: 14pt;\"><strong>Expositor:<\/strong><\/span><\/p>\n<div class=\"event-speakers-item-name\">\n<ul>\n<li>\u00a0Miguel Velarde<\/li>\n<\/ul>\n<p style=\"text-align: center;\">\n<\/div>\n<\/div>\n<\/div><\/div><\/div><div id=\"pgc-8994-0-3\"  class=\"panel-grid-cell\" ><div id=\"panel-8994-0-3-0\" class=\"so-panel widget widget_sow-button panel-first-child panel-last-child\" data-index=\"2\" ><div\n\t\t\t\n\t\t\tclass=\"so-widget-sow-button so-widget-sow-button-flat-36e22cfc6189-8994\"\n\t\t\t\n\t\t><div class=\"ow-button-base ow-button-align-center\"\n>\n\t\t\t<a\n\t\t\t\t\thref=\"https:\/\/anuies-tic.anuies.mx\/web\/seminario-adquisiciones-de-ti-2\/\"\n\t\t\t\t\tclass=\"sowb-button ow-icon-placement-left ow-button-hover\" \t>\n\t\t<span>\n\t\t\t<span class=\"sow-icon-fontawesome sow-far\" data-sow-icon=\"&#xf152;\"\n\t\tstyle=\"\" \n\t\taria-hidden=\"true\"><\/span>\n\t\t\tTemporada 2\t\t<\/span>\n\t\t\t<\/a>\n\t<\/div>\n<\/div><\/div><\/div><\/div><\/div><div id=\"pg-8994-1\"  class=\"panel-grid panel-has-style\" ><div class=\"siteorigin-panels-stretch panel-row-style panel-row-style-for-8994-1\" data-stretch-type=\"full-width-stretch\" ><div id=\"pgc-8994-1-0\"  class=\"panel-grid-cell panel-grid-cell-empty\" ><\/div><div id=\"pgc-8994-1-1\"  class=\"panel-grid-cell\" ><div id=\"panel-8994-1-1-0\" class=\"so-panel widget widget_sow-editor panel-first-child panel-last-child\" data-index=\"3\" ><div\n\t\t\t\n\t\t\tclass=\"so-widget-sow-editor so-widget-sow-editor-base\"\n\t\t\t\n\t\t><h3 class=\"widget-title\">Sesi\u00f3n 5<\/h3>\n<div class=\"siteorigin-widget-tinymce textwidget\">\n\t<p><iframe loading=\"lazy\" title=\"YouTube video player\" src=\"https:\/\/www.youtube.com\/embed\/C6KSsLZ7L7g\" width=\"560\" height=\"315\" frameborder=\"0\" allowfullscreen=\"allowfullscreen\"><\/iframe><\/p>\n<\/div>\n<\/div><\/div><\/div><div id=\"pgc-8994-1-2\"  class=\"panel-grid-cell panel-grid-cell-mobile-last\" ><div id=\"panel-8994-1-2-0\" class=\"so-panel widget widget_sow-editor panel-first-child panel-last-child\" data-index=\"4\" ><div\n\t\t\t\n\t\t\tclass=\"so-widget-sow-editor so-widget-sow-editor-base\"\n\t\t\t\n\t\t>\n<div class=\"siteorigin-widget-tinymce textwidget\">\n\t<h3 style=\"text-align: center;\">IOT, la tecnolog\u00eda como base para la innovaci\u00f3n, la sustentabilidad y el desarrollo econ\u00f3mico<\/h3>\n<hr \/>\n<p><span style=\"font-size: 14pt;\"><strong>Fecha<\/strong>:\u00a0 Jueves 23 de junio<\/span><\/p>\n<p><span style=\"font-size: 14pt;\"><strong>Hora<\/strong>: 10:30 horas (Horario de la CDMX)<\/span><\/p>\n<p><span style=\"font-size: 14pt;\"><strong>Expositoras:<\/strong><\/span><\/p>\n<div class=\"event-speakers-item-name\">\n<ul>\n<li>\u00a0Ing. Ramiro Efr\u00e9n Ch\u00e1vez Torres<br \/>\nDirector de despliegue de VASANTA COMUNICACIONES<\/li>\n<\/ul>\n<p style=\"text-align: center;\">\n<p style=\"text-align: center;\">\n<\/div>\n<\/div>\n<\/div><\/div><\/div><div id=\"pgc-8994-1-3\"  class=\"panel-grid-cell panel-grid-cell-empty\" ><\/div><\/div><\/div><div id=\"pg-8994-2\"  class=\"panel-grid panel-has-style\" ><div class=\"siteorigin-panels-stretch panel-row-style panel-row-style-for-8994-2\" data-stretch-type=\"full-width-stretch\" ><div id=\"pgc-8994-2-0\"  class=\"panel-grid-cell panel-grid-cell-empty\" ><\/div><div id=\"pgc-8994-2-1\"  class=\"panel-grid-cell\" ><div id=\"panel-8994-2-1-0\" class=\"so-panel widget widget_sow-editor panel-first-child panel-last-child\" data-index=\"5\" ><div\n\t\t\t\n\t\t\tclass=\"so-widget-sow-editor so-widget-sow-editor-base\"\n\t\t\t\n\t\t><h3 class=\"widget-title\">Sesi\u00f3n 4<\/h3>\n<div class=\"siteorigin-widget-tinymce textwidget\">\n\t<p><iframe loading=\"lazy\" title=\"YouTube video player\" src=\"https:\/\/www.youtube.com\/embed\/AIdyf9YVjf0\" width=\"560\" height=\"315\" frameborder=\"0\" allowfullscreen=\"allowfullscreen\"><\/iframe><\/p>\n<p>&nbsp;<\/p>\n<p><a href=\"https:\/\/anuies-tic.anuies.mx\/web\/wp-content\/uploads\/2022\/04\/267px-PDF_file_icon.svg_.png\"><img loading=\"lazy\" decoding=\"async\" class=\"alignnone wp-image-8920\" src=\"https:\/\/anuies-tic.anuies.mx\/web\/wp-content\/uploads\/2022\/04\/267px-PDF_file_icon.svg_-244x300.png\" alt=\"\" width=\"18\" height=\"22\" srcset=\"https:\/\/anuies-tic.anuies.mx\/web\/wp-content\/uploads\/2022\/04\/267px-PDF_file_icon.svg_-244x300.png 244w, https:\/\/anuies-tic.anuies.mx\/web\/wp-content\/uploads\/2022\/04\/267px-PDF_file_icon.svg_.png 267w\" sizes=\"auto, (max-width: 18px) 100vw, 18px\" \/><\/a><a href=\"https:\/\/anuies-tic.anuies.mx\/web\/wp-content\/uploads\/2022\/06\/Presentacion_ANUIES_Tecnologia_compressed.pdf\" target=\"_blank\" rel=\"noopener\">Presentaci\u00f3n<\/a><\/p>\n<\/div>\n<\/div><\/div><\/div><div id=\"pgc-8994-2-2\"  class=\"panel-grid-cell panel-grid-cell-mobile-last\" ><div id=\"panel-8994-2-2-0\" class=\"so-panel widget widget_sow-editor panel-first-child panel-last-child\" data-index=\"6\" ><div\n\t\t\t\n\t\t\tclass=\"so-widget-sow-editor so-widget-sow-editor-base\"\n\t\t\t\n\t\t>\n<div class=\"siteorigin-widget-tinymce textwidget\">\n\t<h3 style=\"text-align: center;\"><strong>Tecnolog\u00eda para mejorar la calidad educativa<\/strong><\/h3>\n<hr \/>\n<p><span style=\"font-size: 14pt;\"><strong>Fecha<\/strong>:\u00a0 Martes 14 de junio<\/span><\/p>\n<p><span style=\"font-size: 14pt;\"><strong>Hora<\/strong>: 10:00 horas (Horario de la CDMX)<\/span><\/p>\n<p><span style=\"font-size: 14pt;\"><strong>Expositoras:<\/strong><\/span><\/p>\n<div class=\"event-speakers-item-name\">\n<ul>\n<li><strong>Gina Paola Pulida Uriza<br \/>\n<\/strong>Director comercial, Cognos Online<\/li>\n<li><strong>Victor Anzures Camarena<br \/>\n<\/strong>Director de tecnolog\u00eda, Cognos Online<\/li>\n<\/ul>\n<p style=\"text-align: center;\">\n<p style=\"text-align: center;\">\n<\/div>\n<\/div>\n<\/div><\/div><\/div><div id=\"pgc-8994-2-3\"  class=\"panel-grid-cell panel-grid-cell-empty\" ><\/div><\/div><\/div><div id=\"pg-8994-3\"  class=\"panel-grid panel-has-style\" ><div class=\"siteorigin-panels-stretch panel-row-style panel-row-style-for-8994-3\" data-stretch-type=\"full-width-stretch\" ><div id=\"pgc-8994-3-0\"  class=\"panel-grid-cell panel-grid-cell-empty\" ><\/div><div id=\"pgc-8994-3-1\"  class=\"panel-grid-cell\" ><div id=\"panel-8994-3-1-0\" class=\"so-panel widget widget_sow-editor panel-first-child panel-last-child\" data-index=\"7\" ><div\n\t\t\t\n\t\t\tclass=\"so-widget-sow-editor so-widget-sow-editor-base\"\n\t\t\t\n\t\t><h3 class=\"widget-title\">Sesi\u00f3n 3<\/h3>\n<div class=\"siteorigin-widget-tinymce textwidget\">\n\t<p><iframe loading=\"lazy\" title=\"YouTube video player\" src=\"https:\/\/www.youtube.com\/embed\/aXBWLCCBh_c\" width=\"560\" height=\"315\" frameborder=\"0\" allowfullscreen=\"allowfullscreen\"><\/iframe><\/p>\n<\/div>\n<\/div><\/div><\/div><div id=\"pgc-8994-3-2\"  class=\"panel-grid-cell panel-grid-cell-mobile-last\" ><div id=\"panel-8994-3-2-0\" class=\"so-panel widget widget_sow-editor panel-first-child panel-last-child\" data-index=\"8\" ><div\n\t\t\t\n\t\t\tclass=\"so-widget-sow-editor so-widget-sow-editor-base\"\n\t\t\t\n\t\t>\n<div class=\"siteorigin-widget-tinymce textwidget\">\n\t<h3 style=\"text-align: center;\"><strong>Herramientas innovadoras para una educaci\u00f3n avanzada<\/strong><\/h3>\n<hr \/>\n<p><span style=\"font-size: 14pt;\"><strong>Fecha<\/strong>:\u00a0 Martes 31 de mayo<\/span><\/p>\n<p><span style=\"font-size: 14pt;\"><strong>Hora<\/strong>: 10:00 horas (Horario de la CDMX)<\/span><\/p>\n<p><span style=\"font-size: 14pt;\"><strong>Expositoras:<\/strong><\/span><\/p>\n<div class=\"event-speakers-item-name\">\n<ul>\n<li><strong>Huber Alejandro Macias Valenzuela<\/strong><br \/>\nDirector comercial de NUBA SOLUTIONS en M\u00e9xico y Latinoam\u00e9rica<\/li>\n<\/ul>\n<p style=\"text-align: center;\">\n<\/div>\n<\/div>\n<\/div><\/div><\/div><div id=\"pgc-8994-3-3\"  class=\"panel-grid-cell panel-grid-cell-empty\" ><\/div><\/div><\/div><div id=\"pg-8994-4\"  class=\"panel-grid panel-has-style\" ><div class=\"siteorigin-panels-stretch panel-row-style panel-row-style-for-8994-4\" data-stretch-type=\"full-width-stretch\" ><div id=\"pgc-8994-4-0\"  class=\"panel-grid-cell panel-grid-cell-empty\" ><\/div><div id=\"pgc-8994-4-1\"  class=\"panel-grid-cell\" ><div id=\"panel-8994-4-1-0\" class=\"so-panel widget widget_sow-editor panel-first-child panel-last-child\" data-index=\"9\" ><div\n\t\t\t\n\t\t\tclass=\"so-widget-sow-editor so-widget-sow-editor-base\"\n\t\t\t\n\t\t><h3 class=\"widget-title\">Sesi\u00f3n 2<\/h3>\n<div class=\"siteorigin-widget-tinymce textwidget\">\n\t<p><iframe loading=\"lazy\" title=\"YouTube video player\" src=\"https:\/\/www.youtube.com\/embed\/S0NEiMZ6RHE\" width=\"560\" height=\"315\" frameborder=\"0\" allowfullscreen=\"allowfullscreen\"><\/iframe><\/p>\n<\/div>\n<\/div><\/div><\/div><div id=\"pgc-8994-4-2\"  class=\"panel-grid-cell panel-grid-cell-mobile-last\" ><div id=\"panel-8994-4-2-0\" class=\"so-panel widget widget_sow-editor panel-first-child panel-last-child\" data-index=\"10\" ><div\n\t\t\t\n\t\t\tclass=\"so-widget-sow-editor so-widget-sow-editor-base\"\n\t\t\t\n\t\t>\n<div class=\"siteorigin-widget-tinymce textwidget\">\n\t<h3 style=\"text-align: center;\"><strong>T\u00edtulo: Ciberseguridad e innovaci\u00f3n como tendencia actual<\/strong><\/h3>\n<hr \/>\n<p>&nbsp;<\/p>\n<p><span style=\"font-size: 14pt;\"><strong>Fecha<\/strong>:\u00a0 Martes 24 de mayo<\/span><\/p>\n<p><span style=\"font-size: 14pt;\"><strong>Hora<\/strong>: 10:00 horas (Horario de la CDMX)<\/span><\/p>\n<p><span style=\"font-size: 14pt;\"><strong>Expositoras:<\/strong><\/span><\/p>\n<div class=\"event-speakers-item-name\">\n<ul>\n<li><strong>Alexia Estefania Ortiz M\u00e9ndez<\/strong><br \/>\nEspecialista en Ciberseguridad ALESTRA<\/li>\n<li><strong>Kenia Salazar Cruz<\/strong><br \/>\nInnovaci\u00f3n, ALESTRA<\/li>\n<\/ul>\n<p style=\"text-align: center;\">\n<\/div>\n<\/div>\n<\/div><\/div><\/div><div id=\"pgc-8994-4-3\"  class=\"panel-grid-cell panel-grid-cell-empty\" ><\/div><\/div><\/div><div id=\"pg-8994-5\"  class=\"panel-grid panel-has-style\" ><div class=\"siteorigin-panels-stretch panel-row-style panel-row-style-for-8994-5\" data-stretch-type=\"full-width-stretch\" ><div id=\"pgc-8994-5-0\"  class=\"panel-grid-cell panel-grid-cell-empty\" ><\/div><div id=\"pgc-8994-5-1\"  class=\"panel-grid-cell\" ><div id=\"panel-8994-5-1-0\" class=\"so-panel widget widget_sow-editor panel-first-child panel-last-child\" data-index=\"11\" ><div\n\t\t\t\n\t\t\tclass=\"so-widget-sow-editor so-widget-sow-editor-base\"\n\t\t\t\n\t\t><h3 class=\"widget-title\">Sesi\u00f3n 1<\/h3>\n<div class=\"siteorigin-widget-tinymce textwidget\">\n\t<p><iframe loading=\"lazy\" width=\"560\" height=\"315\" src=\"https:\/\/www.youtube.com\/embed\/mkRP_VXunUU\" title=\"YouTube video player\" frameborder=\"0\" allow=\"accelerometer; autoplay; clipboard-write; encrypted-media; gyroscope; picture-in-picture\" allowfullscreen><\/iframe><\/p>\n<\/div>\n<\/div><\/div><\/div><div id=\"pgc-8994-5-2\"  class=\"panel-grid-cell panel-grid-cell-mobile-last\" ><div id=\"panel-8994-5-2-0\" class=\"so-panel widget widget_sow-editor panel-first-child panel-last-child\" data-index=\"12\" ><div\n\t\t\t\n\t\t\tclass=\"so-widget-sow-editor so-widget-sow-editor-base\"\n\t\t\t\n\t\t>\n<div class=\"siteorigin-widget-tinymce textwidget\">\n\t<h3 style=\"text-align: center;\"><strong>Cambios en las pol\u00edticas de almacenamiento de Google Workspace y nuevas herramientas para su gesti\u00f3n<\/strong><\/h3>\n<p>&nbsp;<\/p>\n<p>Speakers invitados:<\/p>\n<p><b>Jair de la Garza<\/b><br \/>\nResponsable del sector educativo p\u00fablico en la regi\u00f3n hispano hablante de Latinoam\u00e9rica para Google Cloud<\/p>\n<p><b>Jordi Rosquillas<\/b><\/p>\n<p>Director General de Edvolution<\/p>\n<\/div>\n<\/div><\/div><\/div><div id=\"pgc-8994-5-3\"  class=\"panel-grid-cell panel-grid-cell-empty\" ><\/div><\/div><\/div><\/div>","protected":false},"excerpt":{"rendered":"<p>Acelerando el talento hacia la nueva econom\u00eda Fecha:\u00a0 mi\u00e9rcoles 5 de octubre\u00a0 Hora: 10:00 horas (Horario de la CDMX) Expositor: \u00a0Miguel Velarde IOT, la tecnolog\u00eda como base para la innovaci\u00f3n, la sustentabilidad y el desarrollo econ\u00f3mico Fecha:\u00a0 Jueves 23 de junio Hora: 10:30 horas (Horario de la CDMX) Expositoras: \u00a0Ing. Ramiro Efr\u00e9n Ch\u00e1vez Torres Director [&hellip;]<\/p>\n","protected":false},"author":1,"featured_media":0,"parent":0,"menu_order":0,"comment_status":"closed","ping_status":"closed","template":"templates\/template-full.php","meta":{"_mc_calendar":[],"footnotes":""},"class_list":["post-8994","page","type-page","status-publish","hentry","post"],"rttpg_featured_image_url":null,"rttpg_author":{"display_name":"ctrlweb","author_link":"https:\/\/anuies-tic.anuies.mx\/web\/author\/ctrldcsctrlweb\/"},"rttpg_comment":0,"rttpg_category":null,"rttpg_excerpt":"Acelerando el talento hacia la nueva econom\u00eda Fecha:\u00a0 mi\u00e9rcoles 5 de octubre\u00a0 Hora: 10:00 horas (Horario de la CDMX) Expositor: \u00a0Miguel Velarde IOT, la tecnolog\u00eda como base para la innovaci\u00f3n, la sustentabilidad y el desarrollo econ\u00f3mico Fecha:\u00a0 Jueves 23 de junio Hora: 10:30 horas (Horario de la CDMX) Expositoras: \u00a0Ing. Ramiro Efr\u00e9n Ch\u00e1vez Torres Director&hellip;","_links":{"self":[{"href":"https:\/\/anuies-tic.anuies.mx\/web\/wp-json\/wp\/v2\/pages\/8994","targetHints":{"allow":["GET"]}}],"collection":[{"href":"https:\/\/anuies-tic.anuies.mx\/web\/wp-json\/wp\/v2\/pages"}],"about":[{"href":"https:\/\/anuies-tic.anuies.mx\/web\/wp-json\/wp\/v2\/types\/page"}],"author":[{"embeddable":true,"href":"https:\/\/anuies-tic.anuies.mx\/web\/wp-json\/wp\/v2\/users\/1"}],"replies":[{"embeddable":true,"href":"https:\/\/anuies-tic.anuies.mx\/web\/wp-json\/wp\/v2\/comments?post=8994"}],"version-history":[{"count":30,"href":"https:\/\/anuies-tic.anuies.mx\/web\/wp-json\/wp\/v2\/pages\/8994\/revisions"}],"predecessor-version":[{"id":10703,"href":"https:\/\/anuies-tic.anuies.mx\/web\/wp-json\/wp\/v2\/pages\/8994\/revisions\/10703"}],"wp:attachment":[{"href":"https:\/\/anuies-tic.anuies.mx\/web\/wp-json\/wp\/v2\/media?parent=8994"}],"curies":[{"name":"wp","href":"https:\/\/api.w.org\/{rel}","templated":true}]}}