{"id":9945,"date":"2023-11-09T09:19:47","date_gmt":"2023-11-09T15:19:47","guid":{"rendered":"https:\/\/anuies-tic.anuies.mx\/web\/?page_id=9945"},"modified":"2023-11-09T10:18:35","modified_gmt":"2023-11-09T16:18:35","slug":"gri-s1","status":"publish","type":"page","link":"https:\/\/anuies-tic.anuies.mx\/web\/gri-s1\/","title":{"rendered":"Registro: Principios de dise\u00f1o de evaluaciones a distancia para mitigar riesgos tecnol\u00f3gicos"},"content":{"rendered":"<p>El Comit\u00e9\u00a0<strong>ANUIES-TIC y el Grupo de Relaciones Interinstitucionales y con Proveedores,<\/strong>\u00a0te invitan a participar en el webinar\u00a0en colaboraci\u00f3n de\u00a0<strong>The Invigilator<\/strong><\/p>\n<h1 style=\"text-align: center;\"><span style=\"color: #003366;\"><strong>\u00abPrincipios de dise\u00f1o de evaluaciones a distancia para mitigar riesgos tecnol\u00f3gicos\u00bb<\/strong><\/span><\/h1>\n<p><a href=\"https:\/\/anuies-tic.anuies.mx\/web\/wp-content\/uploads\/2023\/11\/photo1699471441-1.jpeg\"><img loading=\"lazy\" decoding=\"async\" class=\"aligncenter  wp-image-9953\" src=\"https:\/\/anuies-tic.anuies.mx\/web\/wp-content\/uploads\/2023\/11\/photo1699471441-1.jpeg\" alt=\"\" width=\"590\" height=\"256\" srcset=\"https:\/\/anuies-tic.anuies.mx\/web\/wp-content\/uploads\/2023\/11\/photo1699471441-1.jpeg 502w, https:\/\/anuies-tic.anuies.mx\/web\/wp-content\/uploads\/2023\/11\/photo1699471441-1-300x130.jpeg 300w\" sizes=\"auto, (max-width: 590px) 100vw, 590px\" \/><\/a><\/p>\n<p>Speaker\u00a0invitado:\u00a0<strong>Edward Vogel Brauer,\u00a0<\/strong>Jefe de Operaciones para LATAM.<\/p>\n<p><b>D\u00eda:<\/b>\u00a0jueves 16\u00a0de noviembre\u00a0de 2023.<\/p>\n<p><b>Hora:<\/b>\u00a011:00 &#8211; 12:00 horas (CDMX).<\/p>\n<p style=\"text-align: center;\"><strong>Realiza tu registro aqu\u00ed<\/strong><\/p>\n\n","protected":false},"excerpt":{"rendered":"<p>El Comit\u00e9\u00a0ANUIES-TIC y el Grupo de Relaciones Interinstitucionales y con Proveedores,\u00a0te invitan a participar en el webinar\u00a0en colaboraci\u00f3n de\u00a0The Invigilator \u00abPrincipios de dise\u00f1o de evaluaciones a distancia para mitigar riesgos tecnol\u00f3gicos\u00bb Speaker\u00a0invitado:\u00a0Edward Vogel Brauer,\u00a0Jefe de Operaciones para LATAM. D\u00eda:\u00a0jueves 16\u00a0de noviembre\u00a0de 2023. Hora:\u00a011:00 &#8211; 12:00 horas (CDMX). Realiza tu registro aqu\u00ed<\/p>\n","protected":false},"author":1,"featured_media":0,"parent":0,"menu_order":0,"comment_status":"closed","ping_status":"closed","template":"","meta":{"_mc_calendar":[],"footnotes":""},"class_list":["post-9945","page","type-page","status-publish","hentry","post"],"rttpg_featured_image_url":null,"rttpg_author":{"display_name":"ctrlweb","author_link":"https:\/\/anuies-tic.anuies.mx\/web\/author\/ctrldcsctrlweb\/"},"rttpg_comment":0,"rttpg_category":null,"rttpg_excerpt":"El Comit\u00e9\u00a0ANUIES-TIC y el Grupo de Relaciones Interinstitucionales y con Proveedores,\u00a0te invitan a participar en el webinar\u00a0en colaboraci\u00f3n de\u00a0The Invigilator \u00abPrincipios de dise\u00f1o de evaluaciones a distancia para mitigar riesgos tecnol\u00f3gicos\u00bb Speaker\u00a0invitado:\u00a0Edward Vogel Brauer,\u00a0Jefe de Operaciones para LATAM. D\u00eda:\u00a0jueves 16\u00a0de noviembre\u00a0de 2023. Hora:\u00a011:00 &#8211; 12:00 horas (CDMX). Realiza tu registro aqu\u00ed","_links":{"self":[{"href":"https:\/\/anuies-tic.anuies.mx\/web\/wp-json\/wp\/v2\/pages\/9945","targetHints":{"allow":["GET"]}}],"collection":[{"href":"https:\/\/anuies-tic.anuies.mx\/web\/wp-json\/wp\/v2\/pages"}],"about":[{"href":"https:\/\/anuies-tic.anuies.mx\/web\/wp-json\/wp\/v2\/types\/page"}],"author":[{"embeddable":true,"href":"https:\/\/anuies-tic.anuies.mx\/web\/wp-json\/wp\/v2\/users\/1"}],"replies":[{"embeddable":true,"href":"https:\/\/anuies-tic.anuies.mx\/web\/wp-json\/wp\/v2\/comments?post=9945"}],"version-history":[{"count":5,"href":"https:\/\/anuies-tic.anuies.mx\/web\/wp-json\/wp\/v2\/pages\/9945\/revisions"}],"predecessor-version":[{"id":9955,"href":"https:\/\/anuies-tic.anuies.mx\/web\/wp-json\/wp\/v2\/pages\/9945\/revisions\/9955"}],"wp:attachment":[{"href":"https:\/\/anuies-tic.anuies.mx\/web\/wp-json\/wp\/v2\/media?parent=9945"}],"curies":[{"name":"wp","href":"https:\/\/api.w.org\/{rel}","templated":true}]}}